{"id":4299,"date":"2021-05-19T08:13:18","date_gmt":"2021-05-19T08:13:18","guid":{"rendered":"https:\/\/restaurant-la-barque-bleue.fr\/la-mappa\/"},"modified":"2026-05-08T07:45:19","modified_gmt":"2026-05-08T07:45:19","slug":"la-mappa","status":"publish","type":"page","link":"https:\/\/restaurant-la-barque-bleue.fr\/it\/la-mappa\/","title":{"rendered":"La mappa"},"content":{"rendered":"\t\t<div data-elementor-type=\"wp-page\" data-elementor-id=\"4299\" class=\"elementor elementor-4299 elementor-1938\">\n\t\t\t\t<div class=\"elementor-element elementor-element-5f1cf10 e-flex e-con-boxed e-con e-parent\" data-id=\"5f1cf10\" data-element_type=\"container\" data-e-type=\"container\">\n\t\t\t\t\t<div class=\"e-con-inner\">\n\t\t\t\t<div class=\"elementor-element elementor-element-abfae46 elementor-widget elementor-widget-html\" data-id=\"abfae46\" data-element_type=\"widget\" data-e-type=\"widget\" data-widget_type=\"html.default\">\n\t\t\t\t\t<section class=\"lbb-menu\">\n  <div class=\"wrap\">\n\n    <h2>Il Menu<\/h2>\n\n    <div class=\"lbb-grid\">\n\n      <!-- COLONNA SINISTRA -->\n      <div>\n\n        <h3>Antipasti<\/h3>\n        <ul class=\"lbb-list\">\n\n          <li class=\"lbb-item\">\n            <div class=\"lbb-main-row\">\n              <span class=\"lbb-name\">Insalata di caprino caldo<\/span>\n              <div class=\"lbb-line\"><\/div>\n              <span class=\"lbb-price\">19\u20ac<\/span>\n            <\/div>\n          <\/li>\n\n          <li class=\"lbb-item\">\n            <div class=\"lbb-main-row\">\n              <span class=\"lbb-name\">Zuppa di cipolle<\/span>\n              <div class=\"lbb-line\"><\/div>\n              <span class=\"lbb-price\">15\u20ac<\/span>\n            <\/div>\n          <\/li>\n\n          <li class=\"lbb-item\">\n            <div class=\"lbb-main-row\">\n              <span class=\"lbb-name\">Zuppa di pesce<\/span>\n              <div class=\"lbb-line\"><\/div>\n              <span class=\"lbb-price\">15\u20ac<\/span>\n            <\/div>\n          <\/li>\n\n          <li class=\"lbb-item\">\n            <div class=\"lbb-main-row\">\n              <span class=\"lbb-name\">Avocado Toast<\/span>\n              <div class=\"lbb-line\"><\/div>\n              <span class=\"lbb-price\">16\u20ac<\/span>\n            <\/div>\n            <span class=\"lbb-desc\">Pane francese, tartare di avocado, mix di semi<\/span>\n          <\/li>\n\n          <li class=\"lbb-item\">\n            <div class=\"lbb-main-row\">\n              <span class=\"lbb-name\">Ostriche x6<\/span>\n              <div class=\"lbb-line\"><\/div>\n              <span class=\"lbb-price\">17\u20ac<\/span>\n            <\/div>\n          <\/li>\n\n          <li class=\"lbb-item\">\n            <div class=\"lbb-main-row\">\n              <span class=\"lbb-name\">Insalata Caesar<\/span>\n              <div class=\"lbb-line\"><\/div>\n              <span class=\"lbb-price\">22\u20ac<\/span>\n            <\/div>\n          <\/li>\n\n          <li class=\"lbb-item\">\n            <div class=\"lbb-main-row\">\n              <span class=\"lbb-name\">Tagliere misto<\/span>\n              <div class=\"lbb-line\"><\/div>\n              <span class=\"lbb-price\">22\u20ac<\/span>\n            <\/div>\n            <span class=\"lbb-desc\">Formaggi e salumi<\/span>\n          <\/li>\n\n        <\/ul>\n\n        <h3>Pasta<\/h3>\n        <ul class=\"lbb-list\">\n\n          <li class=\"lbb-item\">\n            <div class=\"lbb-main-row\">\n              <span class=\"lbb-name\">Linguini ai frutti di mare<\/span>\n              <div class=\"lbb-line\"><\/div>\n              <span class=\"lbb-price\">25,50\u20ac<\/span>\n            <\/div>\n          <\/li>\n\n          <li class=\"lbb-item\">\n            <div class=\"lbb-main-row\">\n              <span class=\"lbb-name\">Linguini alle vongole<\/span>\n              <div class=\"lbb-line\"><\/div>\n              <span class=\"lbb-price\">22\u20ac<\/span>\n            <\/div>\n          <\/li>\n\n          <li class=\"lbb-item\">\n            <div class=\"lbb-main-row\">\n              <span class=\"lbb-name\">Rigatoni alla Carbonara<\/span>\n              <div class=\"lbb-line\"><\/div>\n              <span class=\"lbb-price\">18\u20ac<\/span>\n            <\/div>\n          <\/li>\n\n        <\/ul>\n\n        <h3>Pizze<\/h3>\n        <ul class=\"lbb-list\">\n\n          <li class=\"lbb-item\">\n            <div class=\"lbb-main-row\">\n              <span class=\"lbb-name\">Margherita<\/span>\n              <div class=\"lbb-line\"><\/div>\n              <span class=\"lbb-price\">14,50\u20ac<\/span>\n            <\/div>\n          <\/li>\n\n          <li class=\"lbb-item\">\n            <div class=\"lbb-main-row\">\n              <span class=\"lbb-name\">Regina<\/span>\n              <div class=\"lbb-line\"><\/div>\n              <span class=\"lbb-price\">15,50\u20ac<\/span>\n            <\/div>\n          <\/li>\n\n          <li class=\"lbb-item\">\n            <div class=\"lbb-main-row\">\n              <span class=\"lbb-name\">Quattro Formaggi<\/span>\n              <div class=\"lbb-line\"><\/div>\n              <span class=\"lbb-price\">17\u20ac<\/span>\n            <\/div>\n          <\/li>\n\n          <li class=\"lbb-item\">\n            <div class=\"lbb-main-row\">\n              <span class=\"lbb-name\">Campagnola<\/span>\n              <div class=\"lbb-line\"><\/div>\n              <span class=\"lbb-price\">16\u20ac<\/span>\n            <\/div>\n          <\/li>\n\n        <\/ul>\n\n        <h3>Carne<\/h3>\n        <ul class=\"lbb-list\">\n\n          <li class=\"lbb-item\">\n            <div class=\"lbb-main-row\">\n              <span class=\"lbb-name\">Controfiletto di manzo<\/span>\n              <div class=\"lbb-line\"><\/div>\n              <span class=\"lbb-price\">25\u20ac<\/span>\n            <\/div>\n            <span class=\"lbb-desc\">Salsa al pepe o Roquefort<\/span>\n          <\/li>\n\n        <\/ul>\n\n      <\/div>\n\n      <!-- COLONNA DESTRA -->\n      <div>\n\n        <h3>Piatti Principali<\/h3>\n        <ul class=\"lbb-list\">\n\n          <li class=\"lbb-item\">\n            <div class=\"lbb-main-row\">\n              <span class=\"lbb-name\">Branzino intero arrosto al finocchio<\/span>\n              <div class=\"lbb-line\"><\/div>\n              <span class=\"lbb-price\">25,50\u20ac<\/span>\n            <\/div>\n            <span class=\"lbb-desc\">Flamb\u00e9 al Pastis<\/span>\n          <\/li>\n\n          <li class=\"lbb-item\">\n            <div class=\"lbb-main-row\">\n              <span class=\"lbb-name\">Marmitta del Pescatore<\/span>\n              <div class=\"lbb-line\"><\/div>\n              <span class=\"lbb-price\">27,50\u20ac<\/span>\n            <\/div>\n            <span class=\"lbb-desc\">Zuppa di pesce con pesce fresco e frutti di mare<\/span>\n          <\/li>\n\n          <li class=\"lbb-item\">\n            <div class=\"lbb-main-row\">\n              <span class=\"lbb-name\">Polpo arrosto con verdure<\/span>\n              <div class=\"lbb-line\"><\/div>\n              <span class=\"lbb-price\">26\u20ac<\/span>\n            <\/div>\n          <\/li>\n\n          <li class=\"lbb-item\">\n            <div class=\"lbb-main-row\">\n              <span class=\"lbb-name\">Fish Burger<\/span>\n              <div class=\"lbb-line\"><\/div>\n              <span class=\"lbb-price\">23\u20ac<\/span>\n            <\/div>\n          <\/li>\n\n          <li class=\"lbb-item\">\n            <div class=\"lbb-main-row\">\n              <span class=\"lbb-name\">Chicken Burger<\/span>\n              <div class=\"lbb-line\"><\/div>\n              <span class=\"lbb-price\">21\u20ac<\/span>\n            <\/div>\n          <\/li>\n\n          <li class=\"lbb-item\">\n            <div class=\"lbb-main-row\">\n              <span class=\"lbb-name\">Sardine al forno<\/span>\n              <div class=\"lbb-line\"><\/div>\n              <span class=\"lbb-price\">18\u20ac<\/span>\n            <\/div>\n          <\/li>\n\n          <li class=\"lbb-item\">\n            <div class=\"lbb-main-row\">\n              <span class=\"lbb-name\">Cotoletta di pollo alla milanese<\/span>\n              <div class=\"lbb-line\"><\/div>\n              <span class=\"lbb-price\">21\u20ac<\/span>\n            <\/div>\n          <\/li>\n\n          <li class=\"lbb-item\">\n            <div class=\"lbb-main-row\">\n              <span class=\"lbb-name\">Fish N' Chips<\/span>\n              <div class=\"lbb-line\"><\/div>\n              <span class=\"lbb-price\">21\u20ac<\/span>\n            <\/div>\n          <\/li>\n\n        <\/ul>\n\n        <h3>Cozze<\/h3>\n        <ul class=\"lbb-list\">\n\n          <li class=\"lbb-item\">\n            <div class=\"lbb-main-row\">\n              <span class=\"lbb-name\">Cozze alla Marinara<\/span>\n              <div class=\"lbb-line\"><\/div>\n              <span class=\"lbb-price\">18,50\u20ac<\/span>\n            <\/div>\n            <span class=\"lbb-desc\">Vino bianco, aglio e prezzemolo<\/span>\n          <\/li>\n\n          <li class=\"lbb-item\">\n            <div class=\"lbb-main-row\">\n              <span class=\"lbb-name\">Cozze Poulette<\/span>\n              <div class=\"lbb-line\"><\/div>\n              <span class=\"lbb-price\">20\u20ac<\/span>\n            <\/div>\n            <span class=\"lbb-desc\">Salsa alla panna<\/span>\n          <\/li>\n\n          <li class=\"lbb-item\">\n            <div class=\"lbb-main-row\">\n              <span class=\"lbb-name\">Cozze al Roquefort<\/span>\n              <div class=\"lbb-line\"><\/div>\n              <span class=\"lbb-price\">20\u20ac<\/span>\n            <\/div>\n            <span class=\"lbb-desc\">Salsa al Roquefort<\/span>\n          <\/li>\n\n        <\/ul>\n\n        <h3>Arrivo del Giorno<\/h3>\n        <ul class=\"lbb-list\">\n\n          <li class=\"lbb-item\">\n            <div class=\"lbb-main-row\">\n              <span class=\"lbb-name\">Filetto di San Pietro<\/span>\n              <div class=\"lbb-line\"><\/div>\n              <span class=\"lbb-price\">25\u20ac<\/span>\n            <\/div>\n            <span class=\"lbb-desc\">Salsa salsa<\/span>\n          <\/li>\n\n        <\/ul>\n\n      <\/div>\n\n    <\/div>\n\n    <div style=\"margin-top: 40px;\">\n\n      <details class=\"lbb-details\">\n        <summary>Vini & Bollicine <span>+<\/span><\/summary>\n        <div class=\"lbb-inner\">\n          <p><strong>Vini (Bianchi, Rosati, Rossi):<\/strong> Minuty, St Victorin, Esterelle, Chablis, Chardonnay, UBY n\u00b03, Moelleux, Grain d'Azur, C\u00f4te du Rh\u00f4ne, Bordeaux, Moreau.<\/p>\n          <p><strong>Bollicine:<\/strong> Prosecco (8,5\u20ac \/ 29,5\u20ac) - Champagne (13,5\u20ac \/ 66\u20ac)<\/p>\n        <\/div>\n      <\/details>\n\n      <details class=\"lbb-details\" open>\n        <summary>Aperitivi, Cocktail & Alcolici <span>+<\/span><\/summary>\n        <div class=\"lbb-inner\">\n          <div class=\"lbb-grid\">\n\n            <ul class=\"lbb-list\">\n              <li class=\"lbb-item\">Spritz (9\u20ac) \/ Spritz-Campari (12\u20ac)<\/li>\n              <li class=\"lbb-item\">Americano della casa \/ Mojito (12\u20ac)<\/li>\n              <li class=\"lbb-item\">Gin Tonic \/ Vodka Orange (12\u20ac)<\/li>\n              <li class=\"lbb-item\">Pastis \/ Ricard (Anice) (4,50\u20ac)<\/li>\n            <\/ul>\n\n            <ul class=\"lbb-list\">\n              <li class=\"lbb-item\">Whisky \/ Gin \/ Vodka (8,60\u20ac)<\/li>\n              <li class=\"lbb-item\">Jack Daniel's (8,50\u20ac) \/ Rum (8,50\u20ac)<\/li>\n              <li class=\"lbb-item\">Chivas (10,50\u20ac) \/ Diplomatico (13\u20ac)<\/li>\n              <li class=\"lbb-item\">Birre: Alla spina (4,5\u20ac \/ 7,6\u20ac) \/ Bottiglia (7\u20ac)<\/li>\n            <\/ul>\n\n          <\/div>\n        <\/div>\n      <\/details>\n\n      <details class=\"lbb-details\">\n        <summary>Soft Drink & Bevande Calde <span>+<\/span><\/summary>\n        <div class=\"lbb-inner\">\n          <div class=\"lbb-grid\">\n\n            <ul class=\"lbb-list\">\n              <li class=\"lbb-item\"><strong>Soft drink (5\u20ac):<\/strong> Coca, Perrier, Ice Tea, Orangina, Sprite<\/li>\n              <li class=\"lbb-item\"><strong>Succhi (5\u20ac):<\/strong> Arancia, Mela, Albicocca, Ananas, Pomodoro<\/li>\n              <li class=\"lbb-item\"><strong>Acqua (1L):<\/strong> Naturale o Frizzante (6\u20ac)<\/li>\n            <\/ul>\n\n            <ul class=\"lbb-list\">\n              <li class=\"lbb-item\">Caff\u00e8 \/ Decaffeinato (2,50\u20ac) \/ Macchiato (2,80\u20ac)<\/li>\n              <li class=\"lbb-item\">Americano (3,70\u20ac) \/ Caff\u00e8 Latte (4,60\u20ac)<\/li>\n              <li class=\"lbb-item\">Cappuccino \/ Cioccolata calda (5,10\u20ac)<\/li>\n              <li class=\"lbb-item\">T\u00e8 \/ Infuso (4,60\u20ac)<\/li>\n            <\/ul>\n\n          <\/div>\n        <\/div>\n      <\/details>\n\n    <\/div>\n\n    <p class=\"lbb-note\">\n      Prezzi IVA e servizio inclusi. L'abuso di alcol \u00e8 pericoloso per la salute.\n    <\/p>\n\n  <\/div>\n<\/section>\t\t\t\t<\/div>\n\t\t\t\t\t<\/div>\n\t\t\t\t<\/div>\n\t\t\t\t<\/div>\n\t\t","protected":false},"excerpt":{"rendered":"<p>Il Menu Antipasti Insalata di caprino caldo 19\u20ac Zuppa di cipolle 15\u20ac Zuppa di pesce 15\u20ac Avocado Toast 16\u20ac Pane francese, tartare di avocado, mix di semi Ostriche x6 17\u20ac Insalata Caesar 22\u20ac Tagliere misto 22\u20ac Formaggi e salumi Pasta Linguini ai frutti di mare 25,50\u20ac Linguini alle vongole 22\u20ac Rigatoni alla Carbonara 18\u20ac Pizze [&hellip;]<\/p>\n","protected":false},"author":1,"featured_media":0,"parent":0,"menu_order":0,"comment_status":"closed","ping_status":"closed","template":"page_ restaurant.php","meta":{"footnotes":""},"class_list":["post-4299","page","type-page","status-publish","hentry"],"yoast_head":"<!-- This site is optimized with the Yoast SEO Premium plugin v26.0 (Yoast SEO v27.6) - https:\/\/yoast.com\/product\/yoast-seo-premium-wordpress\/ -->\n<title>La mappa - La Barque Bleue Restaurant au Port de nice<\/title>\n<meta name=\"robots\" content=\"index, follow, max-snippet:-1, max-image-preview:large, max-video-preview:-1\" \/>\n<link rel=\"canonical\" href=\"https:\/\/restaurant-la-barque-bleue.fr\/it\/la-mappa\/\" \/>\n<meta property=\"og:locale\" content=\"it_IT\" \/>\n<meta property=\"og:type\" content=\"article\" \/>\n<meta property=\"og:title\" content=\"La mappa - La Barque Bleue Restaurant au Port de nice\" \/>\n<meta property=\"og:description\" content=\"Il Menu Antipasti Insalata di caprino caldo 19\u20ac Zuppa di cipolle 15\u20ac Zuppa di pesce 15\u20ac Avocado Toast 16\u20ac Pane francese, tartare di avocado, mix di semi Ostriche x6 17\u20ac Insalata Caesar 22\u20ac Tagliere misto 22\u20ac Formaggi e salumi Pasta Linguini ai frutti di mare 25,50\u20ac Linguini alle vongole 22\u20ac Rigatoni alla Carbonara 18\u20ac Pizze [&hellip;]\" \/>\n<meta property=\"og:url\" content=\"https:\/\/restaurant-la-barque-bleue.fr\/it\/la-mappa\/\" \/>\n<meta property=\"og:site_name\" content=\"La Barque Bleue Restaurant au Port de nice\" \/>\n<meta property=\"article:publisher\" content=\"https:\/\/www.facebook.com\/LaBarqueBleue06\" \/>\n<meta property=\"article:modified_time\" content=\"2026-05-08T07:45:19+00:00\" \/>\n<meta name=\"twitter:card\" content=\"summary_large_image\" \/>\n<meta name=\"twitter:label1\" content=\"Tempo di lettura stimato\" \/>\n\t<meta name=\"twitter:data1\" content=\"2 minuti\" \/>\n<script type=\"application\/ld+json\" class=\"yoast-schema-graph\">{\"@context\":\"https:\\\/\\\/schema.org\",\"@graph\":[{\"@type\":\"WebPage\",\"@id\":\"https:\\\/\\\/restaurant-la-barque-bleue.fr\\\/it\\\/la-mappa\\\/\",\"url\":\"https:\\\/\\\/restaurant-la-barque-bleue.fr\\\/it\\\/la-mappa\\\/\",\"name\":\"La mappa - La Barque Bleue Restaurant au Port de nice\",\"isPartOf\":{\"@id\":\"https:\\\/\\\/restaurant-la-barque-bleue.fr\\\/it\\\/#website\"},\"datePublished\":\"2021-05-19T08:13:18+00:00\",\"dateModified\":\"2026-05-08T07:45:19+00:00\",\"breadcrumb\":{\"@id\":\"https:\\\/\\\/restaurant-la-barque-bleue.fr\\\/it\\\/la-mappa\\\/#breadcrumb\"},\"inLanguage\":\"it-IT\",\"potentialAction\":[{\"@type\":\"ReadAction\",\"target\":[\"https:\\\/\\\/restaurant-la-barque-bleue.fr\\\/it\\\/la-mappa\\\/\"]}]},{\"@type\":\"BreadcrumbList\",\"@id\":\"https:\\\/\\\/restaurant-la-barque-bleue.fr\\\/it\\\/la-mappa\\\/#breadcrumb\",\"itemListElement\":[{\"@type\":\"ListItem\",\"position\":1,\"name\":\"Accueil\",\"item\":\"https:\\\/\\\/restaurant-la-barque-bleue.fr\\\/it\\\/\"},{\"@type\":\"ListItem\",\"position\":2,\"name\":\"La mappa\"}]},{\"@type\":\"WebSite\",\"@id\":\"https:\\\/\\\/restaurant-la-barque-bleue.fr\\\/it\\\/#website\",\"url\":\"https:\\\/\\\/restaurant-la-barque-bleue.fr\\\/it\\\/\",\"name\":\"La Barque Bleue Restaurant au Port de nice\",\"description\":\"Restaurant sp\u00e9cialit\u00e9s Viandes, Poissons et P\u00e2tes sur le Port de Nice\",\"publisher\":{\"@id\":\"https:\\\/\\\/restaurant-la-barque-bleue.fr\\\/it\\\/#organization\"},\"potentialAction\":[{\"@type\":\"SearchAction\",\"target\":{\"@type\":\"EntryPoint\",\"urlTemplate\":\"https:\\\/\\\/restaurant-la-barque-bleue.fr\\\/it\\\/?s={search_term_string}\"},\"query-input\":{\"@type\":\"PropertyValueSpecification\",\"valueRequired\":true,\"valueName\":\"search_term_string\"}}],\"inLanguage\":\"it-IT\"},{\"@type\":\"Organization\",\"@id\":\"https:\\\/\\\/restaurant-la-barque-bleue.fr\\\/it\\\/#organization\",\"name\":\"Restaurant la Barque Bleue\",\"url\":\"https:\\\/\\\/restaurant-la-barque-bleue.fr\\\/it\\\/\",\"logo\":{\"@type\":\"ImageObject\",\"inLanguage\":\"it-IT\",\"@id\":\"https:\\\/\\\/restaurant-la-barque-bleue.fr\\\/it\\\/#\\\/schema\\\/logo\\\/image\\\/\",\"url\":\"https:\\\/\\\/i0.wp.com\\\/restaurant-la-barque-bleue.fr\\\/wp-content\\\/uploads\\\/2020\\\/09\\\/LOGO-BARQUE-BLEUE-1.png?fit=533%2C510&ssl=1\",\"contentUrl\":\"https:\\\/\\\/i0.wp.com\\\/restaurant-la-barque-bleue.fr\\\/wp-content\\\/uploads\\\/2020\\\/09\\\/LOGO-BARQUE-BLEUE-1.png?fit=533%2C510&ssl=1\",\"width\":533,\"height\":510,\"caption\":\"Restaurant la Barque Bleue\"},\"image\":{\"@id\":\"https:\\\/\\\/restaurant-la-barque-bleue.fr\\\/it\\\/#\\\/schema\\\/logo\\\/image\\\/\"},\"sameAs\":[\"https:\\\/\\\/www.facebook.com\\\/LaBarqueBleue06\",\"https:\\\/\\\/www.instagram.com\\\/labarquebleue.nice\\\/\"]}]}<\/script>\n<!-- \/ Yoast SEO Premium plugin. -->","yoast_head_json":{"title":"La mappa - La Barque Bleue Restaurant au Port de nice","robots":{"index":"index","follow":"follow","max-snippet":"max-snippet:-1","max-image-preview":"max-image-preview:large","max-video-preview":"max-video-preview:-1"},"canonical":"https:\/\/restaurant-la-barque-bleue.fr\/it\/la-mappa\/","og_locale":"it_IT","og_type":"article","og_title":"La mappa - La Barque Bleue Restaurant au Port de nice","og_description":"Il Menu Antipasti Insalata di caprino caldo 19\u20ac Zuppa di cipolle 15\u20ac Zuppa di pesce 15\u20ac Avocado Toast 16\u20ac Pane francese, tartare di avocado, mix di semi Ostriche x6 17\u20ac Insalata Caesar 22\u20ac Tagliere misto 22\u20ac Formaggi e salumi Pasta Linguini ai frutti di mare 25,50\u20ac Linguini alle vongole 22\u20ac Rigatoni alla Carbonara 18\u20ac Pizze [&hellip;]","og_url":"https:\/\/restaurant-la-barque-bleue.fr\/it\/la-mappa\/","og_site_name":"La Barque Bleue Restaurant au Port de nice","article_publisher":"https:\/\/www.facebook.com\/LaBarqueBleue06","article_modified_time":"2026-05-08T07:45:19+00:00","twitter_card":"summary_large_image","twitter_misc":{"Tempo di lettura stimato":"2 minuti"},"schema":{"@context":"https:\/\/schema.org","@graph":[{"@type":"WebPage","@id":"https:\/\/restaurant-la-barque-bleue.fr\/it\/la-mappa\/","url":"https:\/\/restaurant-la-barque-bleue.fr\/it\/la-mappa\/","name":"La mappa - La Barque Bleue Restaurant au Port de nice","isPartOf":{"@id":"https:\/\/restaurant-la-barque-bleue.fr\/it\/#website"},"datePublished":"2021-05-19T08:13:18+00:00","dateModified":"2026-05-08T07:45:19+00:00","breadcrumb":{"@id":"https:\/\/restaurant-la-barque-bleue.fr\/it\/la-mappa\/#breadcrumb"},"inLanguage":"it-IT","potentialAction":[{"@type":"ReadAction","target":["https:\/\/restaurant-la-barque-bleue.fr\/it\/la-mappa\/"]}]},{"@type":"BreadcrumbList","@id":"https:\/\/restaurant-la-barque-bleue.fr\/it\/la-mappa\/#breadcrumb","itemListElement":[{"@type":"ListItem","position":1,"name":"Accueil","item":"https:\/\/restaurant-la-barque-bleue.fr\/it\/"},{"@type":"ListItem","position":2,"name":"La mappa"}]},{"@type":"WebSite","@id":"https:\/\/restaurant-la-barque-bleue.fr\/it\/#website","url":"https:\/\/restaurant-la-barque-bleue.fr\/it\/","name":"La Barque Bleue Restaurant au Port de nice","description":"Restaurant sp\u00e9cialit\u00e9s Viandes, Poissons et P\u00e2tes sur le Port de Nice","publisher":{"@id":"https:\/\/restaurant-la-barque-bleue.fr\/it\/#organization"},"potentialAction":[{"@type":"SearchAction","target":{"@type":"EntryPoint","urlTemplate":"https:\/\/restaurant-la-barque-bleue.fr\/it\/?s={search_term_string}"},"query-input":{"@type":"PropertyValueSpecification","valueRequired":true,"valueName":"search_term_string"}}],"inLanguage":"it-IT"},{"@type":"Organization","@id":"https:\/\/restaurant-la-barque-bleue.fr\/it\/#organization","name":"Restaurant la Barque Bleue","url":"https:\/\/restaurant-la-barque-bleue.fr\/it\/","logo":{"@type":"ImageObject","inLanguage":"it-IT","@id":"https:\/\/restaurant-la-barque-bleue.fr\/it\/#\/schema\/logo\/image\/","url":"https:\/\/i0.wp.com\/restaurant-la-barque-bleue.fr\/wp-content\/uploads\/2020\/09\/LOGO-BARQUE-BLEUE-1.png?fit=533%2C510&ssl=1","contentUrl":"https:\/\/i0.wp.com\/restaurant-la-barque-bleue.fr\/wp-content\/uploads\/2020\/09\/LOGO-BARQUE-BLEUE-1.png?fit=533%2C510&ssl=1","width":533,"height":510,"caption":"Restaurant la Barque Bleue"},"image":{"@id":"https:\/\/restaurant-la-barque-bleue.fr\/it\/#\/schema\/logo\/image\/"},"sameAs":["https:\/\/www.facebook.com\/LaBarqueBleue06","https:\/\/www.instagram.com\/labarquebleue.nice\/"]}]}},"_links":{"self":[{"href":"https:\/\/restaurant-la-barque-bleue.fr\/it\/wp-json\/wp\/v2\/pages\/4299","targetHints":{"allow":["GET"]}}],"collection":[{"href":"https:\/\/restaurant-la-barque-bleue.fr\/it\/wp-json\/wp\/v2\/pages"}],"about":[{"href":"https:\/\/restaurant-la-barque-bleue.fr\/it\/wp-json\/wp\/v2\/types\/page"}],"author":[{"embeddable":true,"href":"https:\/\/restaurant-la-barque-bleue.fr\/it\/wp-json\/wp\/v2\/users\/1"}],"replies":[{"embeddable":true,"href":"https:\/\/restaurant-la-barque-bleue.fr\/it\/wp-json\/wp\/v2\/comments?post=4299"}],"version-history":[{"count":3,"href":"https:\/\/restaurant-la-barque-bleue.fr\/it\/wp-json\/wp\/v2\/pages\/4299\/revisions"}],"predecessor-version":[{"id":5510,"href":"https:\/\/restaurant-la-barque-bleue.fr\/it\/wp-json\/wp\/v2\/pages\/4299\/revisions\/5510"}],"wp:attachment":[{"href":"https:\/\/restaurant-la-barque-bleue.fr\/it\/wp-json\/wp\/v2\/media?parent=4299"}],"curies":[{"name":"wp","href":"https:\/\/api.w.org\/{rel}","templated":true}]}}