{"id":4282,"date":"2022-06-28T13:12:04","date_gmt":"2022-06-28T13:12:04","guid":{"rendered":"https:\/\/restaurant-la-barque-bleue.fr\/molluschi\/"},"modified":"2024-06-18T07:04:26","modified_gmt":"2024-06-18T07:04:26","slug":"molluschi","status":"publish","type":"page","link":"https:\/\/restaurant-la-barque-bleue.fr\/it\/molluschi\/","title":{"rendered":"Molluschi"},"content":{"rendered":"<div class=\"wpb-content-wrapper\"><p>[vc_row][vc_column][vc_column_text]<\/p>\n<h2 style=\"text-align: left;\"><strong><span style=\"color: #333399;\">Molluschi<\/span><\/strong><\/h2>\n<p>[\/vc_column_text][vc_empty_space][\/vc_column][\/vc_row][vc_row][vc_column width=&#8221;1\/2&#8243;][vc_column_text]<\/p>\n<div>\n<p class=\"Titresecondaire\"><span style=\"color: #333399;\"><b>MENU&#8217; DI MARE<\/b><\/span><\/p>\n<\/div>\n<div>\n<p class=\"Corps\">6 ostriche claire fine n4 <span style=\"color: #333399;\"><br \/>\n  <strong> 9\u20ac<\/strong><br \/>\n<\/span><\/p>\n<\/div>\n<div>\n<p class=\"Corps\">12 ostriche claire fine n4 <strong><br \/>\n  <span style=\"color: #333399;\">16\u20ac<\/span><br \/>\n<\/strong><\/p>\n<\/div>\n<div>\n<p class=\"Corps\">6 ostriche claire fine n3 <strong><br \/>\n  <span style=\"color: #333399;\">13\u20ac<\/span><br \/>\n<\/strong><\/p>\n<\/div>\n<div>\n<p class=\"Corps\">12 ostriche fine claire n3 <strong><br \/>\n  <span style=\"color: #333399;\">23.50\u20ac <\/span><br \/>\n<\/strong> <\/p>\n<p>6 ostriche fine claire n2 <strong><br \/>\n  <span style=\"color: #333399;\">16.90\u20ac<\/span><br \/>\n<\/strong><\/p>\n<\/div>\n<div>\n<p class=\"Corps\">12 ostriche fine claire n2 <strong><br \/>\n  <span style=\"color: #333399;\"> 31\u20ac<\/span><br \/>\n<\/strong><\/p>\n<\/div>\n<div>\n<p>&nbsp;<\/p>\n<p class=\"Corps\">  6 gamberi 40\/60 <strong><br \/>\n  <span style=\"color: #333399;\">17\u20ac<\/span><br \/>\n<\/strong><\/p>\n<\/div>\n<div>\n<p class=\"Corps\">  12 gamberi 40\/60 <strong><br \/>\n  <span style=\"color: #333399;\"> 30\u20ac<\/span><br \/>\n<\/strong><\/p>\n<\/div>\n<div>\n<p class=\"Corps\">  6 cozze spagnole <strong><br \/>\n  <span style=\"color: #333399;\"> 8\u20ac<\/span><br \/>\n<\/strong><\/p>\n<\/div>\n<div>\n<p class=\"Corps\">  200 g di pervinche <strong><br \/>\n  <span style=\"color: #333399;\">9.5\u20ac<\/span><br \/>\n<\/strong><\/p>\n<\/div>\n<div>\n<p class=\"Corps\">  200 g di siero di latte <strong><br \/>\n  <span style=\"color: #333399;\">9\u20ac<\/span><br \/>\n<\/strong><\/p>\n<\/div>\n<div>\n<p class=\"Corps\">  Mezza vongola <strong><br \/>\n  <span style=\"color: #333399;\"> 11.50\u20ac<\/span><br \/>\n<\/strong><\/p>\n<\/div>\n<div>\n<p class=\"Corps\">  Il granchio <strong><br \/>\n  <span style=\"color: #333399;\"> 19.50\u20ac<\/span><br \/>\n<\/strong><\/p>\n<\/div>\n<div>\n<p class=\"Corps\">  6 scampi 16\/20 <strong><br \/>\n  <span style=\"color: #333399;\"> 24.50\u20ac<\/span><br \/>\n<\/strong><\/p>\n<\/div>\n<div>\n<p class=\"Corps\">  Aragosta canadese mezza cotta 300\/400g <strong><br \/>\n  <span style=\"color: #333399;\"> 23\u20ac<\/span><br \/>\n<\/strong><\/p>\n<p>&nbsp;<\/p>\n<\/div>\n<p>[\/vc_column_text][\/vc_column][vc_column width=&#8221;1\/2&#8243;][vc_images_carousel images=&#8221;2277,2278,2279,2280,2281,2282&#8243; img_size=&#8221;450&#215;550&#8243; onclick=&#8221;link_no&#8221; speed=&#8221;1000&#8243;][\/vc_column][\/vc_row][vc_row][vc_column][vc_column_text]<\/p>\n<div><\/div>\n<div>\n<p class=\"Corps\"><strong><span style=\"color: #333399;\">UN PIATTO DI DEGUSTAZIONE DI 4 TAPAS DI MARE IN CONCHIGLIA<\/span><\/strong><\/p>\n<\/div>\n<div>\n<p class=\"Corps\">DE NOIX DE SAINT JACQUES DU CHEF (da solo o da condividere) <strong><br \/>\n  <span style=\"color: #333399;\">15.90\u20ac<\/span><br \/>\n<\/strong><\/p>\n<\/div>\n<div>\n<p class=\"Corps\">TAPAS DAL MARE <strong><br \/>\n  <span style=\"color: #333399;\"> 4\u20ac<\/span><br \/>\n<\/strong><\/p>\n<p>&nbsp;<\/p>\n<p class=\"Corps\"><b style=\"color: #333399;\">PIATTI DI PESCE<\/b><\/p>\n<p class=\"Corps\"><strong><br \/>\n  <span style=\"color: #333399;\"><br \/>\nPIATTO DI MOUSSAILLON<\/span><br \/>\n<\/strong> da solo o da condividere <strong><br \/>\n  <span style=\"color: #333399;\">25\u20ac<\/span><br \/>\n<\/strong><\/p>\n<\/div>\n<div style=\"text-align: left;\">\n<div>\n<p class=\"Corps\">6 ostriche pregiate e 6 gamberi 40\/60<\/p>\n<p>&nbsp;<\/p>\n<p class=\"Corps\"><span style=\"color: #333399;\"><br \/>\n  <b>PIATTO DI BARCHE E TAPAS DAL MARE<\/b><br \/>\n<\/span> da solo o da condividere <strong><br \/>\n  <span style=\"color: #333399;\">27.50\u20ac<\/span><br \/>\n<\/strong><\/p>\n<\/div>\n<div>\n<p class=\"Corps\">2 claire n4 ostriche, siero di mare, gamberi, 3 tapas di pesce ispirate dallo Chef<\/p>\n<p>&nbsp;<\/p>\n<p class=\"Corps\"><span style=\"color: #333399;\"><br \/>\n  <b>PIATTO DEL CAPITANO<\/b><br \/>\n<\/span> da solo o da condividere <strong><br \/>\n  <span style=\"color: #333399;\">32\u20ac<\/span><br \/>\n<\/strong><\/p>\n<\/div>\n<div>\n<p class=\"Corps\">4 ostriche n4, 140 g di siero di latte, 100 g di pervinche, 4 gamberi,<\/p>\n<\/div>\n<div>\n<p class=\"Corps\">300 g di cozze spagnole<\/p>\n<p>&nbsp;<\/p>\n<p class=\"Corps\"><span style=\"color: #333399;\"><br \/>\n  <b>LYMPIA PLATEAU<\/b><br \/>\n<\/span> da solo o da condividere <strong><br \/>\n  <span style=\"color: #333399;\">39.50\u20ac<\/span><br \/>\n<\/strong><\/p>\n<\/div>\n<\/div>\n<div style=\"text-align: left;\">\n<div>\n<p class=\"Corps\">  Mezza vongola, 6 ostriche n3, 3 gamberi, 2 scampi,<\/p>\n<\/div>\n<div>\n<p class=\"Corps\">6 cozze spagnole<\/p>\n<p>&nbsp;<\/p>\n<p class=\"Corps\"><span style=\"color: #333399;\"><br \/>\n  <b>PIATTO DELL&#8217;AMMIRAGLIO<\/b><br \/>\n<\/span> da solo o da condividere <strong><br \/>\n  <span style=\"color: #333399;\"> 65\u20ac<\/span><br \/>\n<\/strong><\/p>\n<\/div>\n<div>\n<p class=\"Corps\">Le Demi-homard, 6 ostriche pregiate n3, 3 gamberi, 3 scampi,<\/p>\n<\/div>\n<div>\n<p class=\"Corps\">  Mezza vongola, 3 cozze spagnole, 100 g di buccini, 100 g di pervinche.<\/p>\n<\/div>\n<\/div>\n<div><\/div>\n<div><\/div>\n<div><em>Tutti i nostri piatti e vassoi sono serviti con pane di segale, maionese fatta in casa, limone e burro semi-salato e scalogni sott&#8217;aceto su richiesta.<\/em><\/div>\n<p>&nbsp;<\/p>\n<p><strong><span style=\"color: #333399;\">UNA SCELTA DI OPZIONI PER PIATTI O VASSOI, OLTRE A :<\/span><\/strong><\/p>\n<div>\n<p class=\"Corps\">  6 ostriche claire fine n4 <span style=\"color: #333399;\"><br \/>\n  <strong>8\u20ac<\/strong><br \/>\n<\/span><\/p>\n<\/div>\n<div>\n<p class=\"Corps\">  6 ostriche claire fine n3 <strong><br \/>\n  <span style=\"color: #333399;\">12.50\u20ac<\/span><br \/>\n<\/strong><\/p>\n<\/div>\n<div>\n<p class=\"Corps\">  6 ostriche pregiate N2 <strong><br \/>\n  <span style=\"color: #333399;\"> 16\u20ac<\/span><br \/>\n<\/strong><\/p>\n<p>&nbsp;<\/p>\n<\/div>\n<div>\n<p class=\"Corps\">  6 gamberoni <strong><br \/>\n  <span style=\"color: #333399;\"> 13.50\u20ac<\/span><br \/>\n<\/strong><\/p>\n<\/div>\n<div>\n<p class=\"Corps\">12 gamberi <strong><br \/>\n  <span style=\"color: #333399;\">27\u20ac<\/span><br \/>\n<\/strong><\/p>\n<p>&nbsp;<\/p>\n<\/div>\n<div>\n<p class=\"Corps\">6 cozze spagnole o Bouzigues <strong><br \/>\n  <span style=\"color: #333399;\">5.50\u20ac<\/span><br \/>\n<\/strong><\/p>\n<\/div>\n<div>\n<p class=\"Corps\">100 g di pervinche <span style=\"color: #333399;\"><br \/>\n  <strong> 5\u20ac<\/strong><br \/>\n<\/span><\/p>\n<\/div>\n<div>\n<p class=\"Corps\">200 g di siero di latte <strong><br \/>\n  <span style=\"color: #333399;\">6\u20ac<\/span><br \/>\n<\/strong><\/p>\n<\/div>\n<div>\n<p class=\"Corps\">Mezza torta <strong><br \/>\n  <span style=\"color: #333399;\">8\u20ac<\/span><br \/>\n<\/strong><\/p>\n<\/div>\n<div>\n<p class=\"Corps\">Granchio intero <strong><br \/>\n  <span style=\"color: #333399;\">16\u20ac<\/span><br \/>\n<\/strong><\/p>\n<\/div>\n<div>\n<p class=\"Corps\">6 scampi <strong><br \/>\n  <span style=\"color: #333399;\">19.50\u20ac<\/span><br \/>\n<\/strong><\/p>\n<\/div>\n<div>\n<p class=\"Corps\">Mezza aragosta canadese 250g <strong><br \/>\n  <span style=\"color: #333399;\"> 23\u20ac<\/span><br \/>\n<\/strong><\/p>\n<\/div>\n<p>&nbsp;<\/p>\n<div>\n<p class=\"Corps\"><span style=\"color: #333399;\"><strong>  TAPAS DAL MARE  <\/strong><\/span><\/p>\n<\/div>\n<div>\n<p class=\"Corps\">  Scelta di tapas in conchiglia <strong><br \/>\n  <span style=\"color: #333399;\"> 4\u20ac<\/span><br \/>\n<\/strong><\/p>\n<\/div>\n<p>[\/vc_column_text][vc_empty_space height=&#8221;80px&#8221;][\/vc_column][\/vc_row]<\/p>\n<\/div>","protected":false},"excerpt":{"rendered":"<p>[vc_row][vc_column][vc_column_text] Molluschi [\/vc_column_text][vc_empty_space][\/vc_column][\/vc_row][vc_row][vc_column width=&#8221;1\/2&#8243;][vc_column_text] MENU&#8217; DI MARE 6 ostriche claire fine n4 9\u20ac 12 ostriche claire fine n4 16\u20ac 6 ostriche claire fine n3 13\u20ac 12 ostriche fine claire n3 23.50\u20ac 6 ostriche fine claire n2 16.90\u20ac 12 ostriche fine claire n2 31\u20ac &nbsp; 6 gamberi 40\/60 17\u20ac 12 gamberi 40\/60 30\u20ac 6 cozze spagnole [&hellip;]<\/p>\n","protected":false},"author":1,"featured_media":0,"parent":0,"menu_order":0,"comment_status":"closed","ping_status":"closed","template":"","meta":{"footnotes":""},"class_list":["post-4282","page","type-page","status-publish","hentry"],"yoast_head":"<!-- This site is optimized with the Yoast SEO Premium plugin v26.0 (Yoast SEO v27.4) - https:\/\/yoast.com\/product\/yoast-seo-premium-wordpress\/ -->\n<title>Molluschi - La Barque Bleue Restaurant au Port de nice<\/title>\n<meta name=\"robots\" content=\"index, follow, max-snippet:-1, max-image-preview:large, max-video-preview:-1\" \/>\n<link rel=\"canonical\" href=\"https:\/\/restaurant-la-barque-bleue.fr\/it\/molluschi\/\" \/>\n<meta property=\"og:locale\" content=\"it_IT\" \/>\n<meta property=\"og:type\" content=\"article\" \/>\n<meta property=\"og:title\" content=\"Molluschi - La Barque Bleue Restaurant au Port de nice\" \/>\n<meta property=\"og:description\" content=\"[vc_row][vc_column][vc_column_text] Molluschi [\/vc_column_text][vc_empty_space][\/vc_column][\/vc_row][vc_row][vc_column width=&#8221;1\/2&#8243;][vc_column_text] MENU&#8217; DI MARE 6 ostriche claire fine n4 9\u20ac 12 ostriche claire fine n4 16\u20ac 6 ostriche claire fine n3 13\u20ac 12 ostriche fine claire n3 23.50\u20ac 6 ostriche fine claire n2 16.90\u20ac 12 ostriche fine claire n2 31\u20ac &nbsp; 6 gamberi 40\/60 17\u20ac 12 gamberi 40\/60 30\u20ac 6 cozze spagnole [&hellip;]\" \/>\n<meta property=\"og:url\" content=\"https:\/\/restaurant-la-barque-bleue.fr\/it\/molluschi\/\" \/>\n<meta property=\"og:site_name\" content=\"La Barque Bleue Restaurant au Port de nice\" \/>\n<meta property=\"article:publisher\" content=\"https:\/\/www.facebook.com\/LaBarqueBleue06\" \/>\n<meta property=\"article:modified_time\" content=\"2024-06-18T07:04:26+00:00\" \/>\n<meta name=\"twitter:card\" content=\"summary_large_image\" \/>\n<meta name=\"twitter:label1\" content=\"Tempo di lettura stimato\" \/>\n\t<meta name=\"twitter:data1\" content=\"2 minuti\" \/>\n<script type=\"application\/ld+json\" class=\"yoast-schema-graph\">{\"@context\":\"https:\\\/\\\/schema.org\",\"@graph\":[{\"@type\":\"WebPage\",\"@id\":\"https:\\\/\\\/restaurant-la-barque-bleue.fr\\\/it\\\/molluschi\\\/\",\"url\":\"https:\\\/\\\/restaurant-la-barque-bleue.fr\\\/it\\\/molluschi\\\/\",\"name\":\"Molluschi - La Barque Bleue Restaurant au Port de nice\",\"isPartOf\":{\"@id\":\"https:\\\/\\\/restaurant-la-barque-bleue.fr\\\/it\\\/#website\"},\"datePublished\":\"2022-06-28T13:12:04+00:00\",\"dateModified\":\"2024-06-18T07:04:26+00:00\",\"breadcrumb\":{\"@id\":\"https:\\\/\\\/restaurant-la-barque-bleue.fr\\\/it\\\/molluschi\\\/#breadcrumb\"},\"inLanguage\":\"it-IT\",\"potentialAction\":[{\"@type\":\"ReadAction\",\"target\":[\"https:\\\/\\\/restaurant-la-barque-bleue.fr\\\/it\\\/molluschi\\\/\"]}]},{\"@type\":\"BreadcrumbList\",\"@id\":\"https:\\\/\\\/restaurant-la-barque-bleue.fr\\\/it\\\/molluschi\\\/#breadcrumb\",\"itemListElement\":[{\"@type\":\"ListItem\",\"position\":1,\"name\":\"Accueil\",\"item\":\"https:\\\/\\\/restaurant-la-barque-bleue.fr\\\/it\\\/\"},{\"@type\":\"ListItem\",\"position\":2,\"name\":\"Molluschi\"}]},{\"@type\":\"WebSite\",\"@id\":\"https:\\\/\\\/restaurant-la-barque-bleue.fr\\\/it\\\/#website\",\"url\":\"https:\\\/\\\/restaurant-la-barque-bleue.fr\\\/it\\\/\",\"name\":\"La Barque Bleue Restaurant au Port de nice\",\"description\":\"Restaurant sp\u00e9cialit\u00e9s Viandes, Poissons et P\u00e2tes sur le Port de Nice\",\"publisher\":{\"@id\":\"https:\\\/\\\/restaurant-la-barque-bleue.fr\\\/it\\\/#organization\"},\"potentialAction\":[{\"@type\":\"SearchAction\",\"target\":{\"@type\":\"EntryPoint\",\"urlTemplate\":\"https:\\\/\\\/restaurant-la-barque-bleue.fr\\\/it\\\/?s={search_term_string}\"},\"query-input\":{\"@type\":\"PropertyValueSpecification\",\"valueRequired\":true,\"valueName\":\"search_term_string\"}}],\"inLanguage\":\"it-IT\"},{\"@type\":\"Organization\",\"@id\":\"https:\\\/\\\/restaurant-la-barque-bleue.fr\\\/it\\\/#organization\",\"name\":\"Restaurant la Barque Bleue\",\"url\":\"https:\\\/\\\/restaurant-la-barque-bleue.fr\\\/it\\\/\",\"logo\":{\"@type\":\"ImageObject\",\"inLanguage\":\"it-IT\",\"@id\":\"https:\\\/\\\/restaurant-la-barque-bleue.fr\\\/it\\\/#\\\/schema\\\/logo\\\/image\\\/\",\"url\":\"https:\\\/\\\/i0.wp.com\\\/restaurant-la-barque-bleue.fr\\\/wp-content\\\/uploads\\\/2020\\\/09\\\/LOGO-BARQUE-BLEUE-1.png?fit=533%2C510&ssl=1\",\"contentUrl\":\"https:\\\/\\\/i0.wp.com\\\/restaurant-la-barque-bleue.fr\\\/wp-content\\\/uploads\\\/2020\\\/09\\\/LOGO-BARQUE-BLEUE-1.png?fit=533%2C510&ssl=1\",\"width\":533,\"height\":510,\"caption\":\"Restaurant la Barque Bleue\"},\"image\":{\"@id\":\"https:\\\/\\\/restaurant-la-barque-bleue.fr\\\/it\\\/#\\\/schema\\\/logo\\\/image\\\/\"},\"sameAs\":[\"https:\\\/\\\/www.facebook.com\\\/LaBarqueBleue06\",\"https:\\\/\\\/www.instagram.com\\\/labarquebleue.nice\\\/\"]}]}<\/script>\n<!-- \/ Yoast SEO Premium plugin. -->","yoast_head_json":{"title":"Molluschi - La Barque Bleue Restaurant au Port de nice","robots":{"index":"index","follow":"follow","max-snippet":"max-snippet:-1","max-image-preview":"max-image-preview:large","max-video-preview":"max-video-preview:-1"},"canonical":"https:\/\/restaurant-la-barque-bleue.fr\/it\/molluschi\/","og_locale":"it_IT","og_type":"article","og_title":"Molluschi - La Barque Bleue Restaurant au Port de nice","og_description":"[vc_row][vc_column][vc_column_text] Molluschi [\/vc_column_text][vc_empty_space][\/vc_column][\/vc_row][vc_row][vc_column width=&#8221;1\/2&#8243;][vc_column_text] MENU&#8217; DI MARE 6 ostriche claire fine n4 9\u20ac 12 ostriche claire fine n4 16\u20ac 6 ostriche claire fine n3 13\u20ac 12 ostriche fine claire n3 23.50\u20ac 6 ostriche fine claire n2 16.90\u20ac 12 ostriche fine claire n2 31\u20ac &nbsp; 6 gamberi 40\/60 17\u20ac 12 gamberi 40\/60 30\u20ac 6 cozze spagnole [&hellip;]","og_url":"https:\/\/restaurant-la-barque-bleue.fr\/it\/molluschi\/","og_site_name":"La Barque Bleue Restaurant au Port de nice","article_publisher":"https:\/\/www.facebook.com\/LaBarqueBleue06","article_modified_time":"2024-06-18T07:04:26+00:00","twitter_card":"summary_large_image","twitter_misc":{"Tempo di lettura stimato":"2 minuti"},"schema":{"@context":"https:\/\/schema.org","@graph":[{"@type":"WebPage","@id":"https:\/\/restaurant-la-barque-bleue.fr\/it\/molluschi\/","url":"https:\/\/restaurant-la-barque-bleue.fr\/it\/molluschi\/","name":"Molluschi - La Barque Bleue Restaurant au Port de nice","isPartOf":{"@id":"https:\/\/restaurant-la-barque-bleue.fr\/it\/#website"},"datePublished":"2022-06-28T13:12:04+00:00","dateModified":"2024-06-18T07:04:26+00:00","breadcrumb":{"@id":"https:\/\/restaurant-la-barque-bleue.fr\/it\/molluschi\/#breadcrumb"},"inLanguage":"it-IT","potentialAction":[{"@type":"ReadAction","target":["https:\/\/restaurant-la-barque-bleue.fr\/it\/molluschi\/"]}]},{"@type":"BreadcrumbList","@id":"https:\/\/restaurant-la-barque-bleue.fr\/it\/molluschi\/#breadcrumb","itemListElement":[{"@type":"ListItem","position":1,"name":"Accueil","item":"https:\/\/restaurant-la-barque-bleue.fr\/it\/"},{"@type":"ListItem","position":2,"name":"Molluschi"}]},{"@type":"WebSite","@id":"https:\/\/restaurant-la-barque-bleue.fr\/it\/#website","url":"https:\/\/restaurant-la-barque-bleue.fr\/it\/","name":"La Barque Bleue Restaurant au Port de nice","description":"Restaurant sp\u00e9cialit\u00e9s Viandes, Poissons et P\u00e2tes sur le Port de Nice","publisher":{"@id":"https:\/\/restaurant-la-barque-bleue.fr\/it\/#organization"},"potentialAction":[{"@type":"SearchAction","target":{"@type":"EntryPoint","urlTemplate":"https:\/\/restaurant-la-barque-bleue.fr\/it\/?s={search_term_string}"},"query-input":{"@type":"PropertyValueSpecification","valueRequired":true,"valueName":"search_term_string"}}],"inLanguage":"it-IT"},{"@type":"Organization","@id":"https:\/\/restaurant-la-barque-bleue.fr\/it\/#organization","name":"Restaurant la Barque Bleue","url":"https:\/\/restaurant-la-barque-bleue.fr\/it\/","logo":{"@type":"ImageObject","inLanguage":"it-IT","@id":"https:\/\/restaurant-la-barque-bleue.fr\/it\/#\/schema\/logo\/image\/","url":"https:\/\/i0.wp.com\/restaurant-la-barque-bleue.fr\/wp-content\/uploads\/2020\/09\/LOGO-BARQUE-BLEUE-1.png?fit=533%2C510&ssl=1","contentUrl":"https:\/\/i0.wp.com\/restaurant-la-barque-bleue.fr\/wp-content\/uploads\/2020\/09\/LOGO-BARQUE-BLEUE-1.png?fit=533%2C510&ssl=1","width":533,"height":510,"caption":"Restaurant la Barque Bleue"},"image":{"@id":"https:\/\/restaurant-la-barque-bleue.fr\/it\/#\/schema\/logo\/image\/"},"sameAs":["https:\/\/www.facebook.com\/LaBarqueBleue06","https:\/\/www.instagram.com\/labarquebleue.nice\/"]}]}},"_links":{"self":[{"href":"https:\/\/restaurant-la-barque-bleue.fr\/it\/wp-json\/wp\/v2\/pages\/4282","targetHints":{"allow":["GET"]}}],"collection":[{"href":"https:\/\/restaurant-la-barque-bleue.fr\/it\/wp-json\/wp\/v2\/pages"}],"about":[{"href":"https:\/\/restaurant-la-barque-bleue.fr\/it\/wp-json\/wp\/v2\/types\/page"}],"author":[{"embeddable":true,"href":"https:\/\/restaurant-la-barque-bleue.fr\/it\/wp-json\/wp\/v2\/users\/1"}],"replies":[{"embeddable":true,"href":"https:\/\/restaurant-la-barque-bleue.fr\/it\/wp-json\/wp\/v2\/comments?post=4282"}],"version-history":[{"count":0,"href":"https:\/\/restaurant-la-barque-bleue.fr\/it\/wp-json\/wp\/v2\/pages\/4282\/revisions"}],"wp:attachment":[{"href":"https:\/\/restaurant-la-barque-bleue.fr\/it\/wp-json\/wp\/v2\/media?parent=4282"}],"curies":[{"name":"wp","href":"https:\/\/api.w.org\/{rel}","templated":true}]}}