{"id":4177,"date":"2022-12-21T15:04:13","date_gmt":"2022-12-21T15:04:13","guid":{"rendered":"https:\/\/restaurant-la-barque-bleue.fr\/i-festeggiamenti-alla-barque-bleue\/"},"modified":"2024-06-18T07:04:19","modified_gmt":"2024-06-18T07:04:19","slug":"i-festeggiamenti-alla-barque-bleue","status":"publish","type":"page","link":"https:\/\/restaurant-la-barque-bleue.fr\/it\/i-festeggiamenti-alla-barque-bleue\/","title":{"rendered":"i festeggiamenti alla Barque Bleue!"},"content":{"rendered":"<div class=\"wpb-content-wrapper\"><p>[vc_row css=&#8221;.vc_custom_1671637249841{background-image: url(https:\/\/restaurant-la-barque-bleue.fr\/wp-content\/uploads\/2022\/12\/noel-jdd-1.png?id=2440) !important;background-position: center !important;background-repeat: no-repeat !important;background-size: contain !important;}&#8221;][vc_column width=&#8221;1\/3&#8243; css=&#8221;.vc_custom_1467360650255{margin-top: 10px !important;margin-bottom: 10px !important;padding-top: 0px !important;padding-right: 40px !important;}&#8221;]<div style=\"background-color:;height: 10px\" class=\"nicdark_section  \"><\/div><div style=\"background-color:;height: 10px\" class=\"nicdark_section  \"><\/div><div style=\"background-color:;height: 10px\" class=\"nicdark_section  \"><\/div><div style=\"background-color:;height: 10px\" class=\"nicdark_section  \"><\/div> <h2 style=\"color:#375792;padding:px;text-align:right;font-size:26px;line-height:32px;letter-spacing: px;font-weight:normal\" class=\"  nd_options_text_align_center_responsive_important nd_options_first_font \">Venez passer les F\u00eates \u00e0 la Barque Bleue !<\/h2>  <h2 style=\"color:#375792;padding:px;text-align:right;font-size:26px;line-height:32px;letter-spacing: px;font-weight:normal\" class=\"  nd_options_text_align_center_responsive_important nd_options_first_font \">Venez-vous r\u00e9galer dans un magnifique cadre sur le port de Nice.<\/h2>  <h2 style=\"color:#375792;padding:px;text-align:right;font-size:26px;line-height:32px;letter-spacing: px;font-weight:normal\" class=\"  nd_options_text_align_center_responsive_important nd_options_first_font \">Nos tendances festives : disponibles tout le mois de d\u00e9cembre, d\u00e9but janvier et plus si affinit\u00e9s \ud83d\ude09<\/h2> [\/vc_column][vc_column width=&#8221;2\/3&#8243; css=&#8221;.vc_custom_1467207292391{margin-top: 10px !important;margin-bottom: 10px !important;padding-top: 0px !important;}&#8221;]<div style=\"background-color:;height: 20px\" class=\"nicdark_section  \"><\/div>[vc_column_text el_class=&#8221;nd_options_text_align_center_responsive&#8221;]<span style=\"color: #000000;\"><strong>Iscrizioni :<\/strong><\/span><br \/>\n<span style=\"color: #000000;\">&#8211; Duo di salmone e trota con gravlax fatto in casa, blinis, tarama e vodka granita \u20ac18<\/span><br \/>\n<span style=\"color: #000000;\">&#8211; Sfoglia di capesante e aragosta alla Normanna fatta in casa \u20ac19<\/span><br \/>\n<span style=\"color: #000000;\">&#8211; Ostriche: 6 o 12, provenienti dalla Francia e deliziosamente fresche 16\u20ac&#8230;. \/ 30\u20ac&#8230;.<\/span><br \/>\n<span style=\"color: #000000;\">&#8211; Salade Landaise (foie gras, petto d&#8217;anatra affumicato, ventrigli confit, grenailles&#8230;) 20\u20ac&#8230;..<\/span><\/p>\n<p><span style=\"color: #000000;\"><strong>Piatti principali :<\/strong><\/span><br \/>\n<span style=\"color: #000000;\">&#8211; Polpo e calamari in padella con arancia, coriandolo e zenzero, riso al sesamo \u20ac24<\/span><br \/>\n<span style=\"color: #000000;\">&#8211; Rombo al Sauternes, pur\u00e8 di patate con formaggio comt\u00e9 e tartufi e verdure invernali \u20ac30<\/span><br \/>\n<span style=\"color: #000000;\">&#8211; Suprema di faraona ripiena di funghi porcini e foie gras, jus al tartufo, pur\u00e8 di patate con formaggio comt\u00e9 e tartufi e verdure invernali \u20ac30<\/span><br \/>\n<span style=\"color: #000000;\">&#8211; Duo di tagli di macelleria (manzo e vitello) confit \u00e0 la vigneronne, funghi in padella, pur\u00e8 di patate con formaggio comt\u00e9 e tartufo e verdure invernali \u20ac30<\/span><\/p>\n<p><span style=\"color: #000000;\"><strong>Pasta e risotto :<\/strong><\/span><br \/>\n<span style=\"color: #000000;\">&#8211; Risotto ai gamberi \u20ac22<\/span><br \/>\n<span style=\"color: #000000;\">&#8211; Parpadelle de la Mer \u00e0 l&#8217;Armoricaine (polpo, capesante, calamari, gamberi, cozze, vongole) \u20ac28<\/span><br \/>\n<span style=\"color: #000000;\">&#8211; Linguine vegetariane con verdure festive e olio al tartufo \u20ac18<\/span><\/p>\n<p><span style=\"color: #000000;\"><strong>Dessert :<\/strong><\/span><br \/>\n<span style=\"color: #000000;\">&#8211; Tronchi di Natale a modo nostro<\/span>[\/vc_column_text]<div style=\"background-color:;height: 20px\" class=\"nicdark_section  \"><\/div><div style=\"background-color:;height: 20px\" class=\"nicdark_section  \"><\/div>[\/vc_column][\/vc_row][vc_row css=&#8221;.vc_custom_1600177424345{background-image: url(https:\/\/restaurant-la-barque-bleue.fr\/wp-content\/uploads\/2020\/09\/Copie-de-LOGO_bleu_BB_Plan-de-travail-1-1.png?id=1737) !important;background-position: center !important;background-repeat: no-repeat !important;background-size: contain !important;}&#8221;][vc_column width=&#8221;2\/3&#8243; css=&#8221;.vc_custom_1467207292391{margin-top: 10px !important;margin-bottom: 10px !important;padding-top: 0px !important;}&#8221;]<div style=\"background-color:;height: 20px\" class=\"nicdark_section  \"><\/div>[vc_column_text el_class=&#8221;nd_options_text_align_center_responsive&#8221;]La nostra offerta speciale:<strong> 60 euro a persona<\/strong><\/p>\n<ul>\n<li><strong>Aperitivo <\/strong>: stuzzichini festivi fatti in casa e acqua minerale in omaggio<\/li>\n<li><strong>Un bicchiere di champagne<\/strong> (solo in loco)<\/li>\n<li><strong>Ingresso<\/strong>:<br \/>\nDuo di Salmone e Trota in Gravelax, blinis, tarama, Granita alla Vodka<br \/>\nOppure<br \/>\nSfoglia di capesante e aragosta fatta in casa \u00e0 la Normande<br \/>\nOppure<br \/>\n6 ostriche<\/li>\n<li>Piatti principali :<br \/>\nRombo al Sauternes, pur\u00e8 di patate con formaggio comt\u00e9 e tartufi e verdure invernali<br \/>\nOppure<br \/>\nDuo di tagli di macelleria (manzo e vitello) confit \u00e0 la vigneronne, funghi in padella, pur\u00e8 di patate con formaggio comt\u00e9 e tartufi e verdure invernali<\/li>\n<\/ul>\n<p><strong>Infine<\/strong>:<\/p>\n<ul>\n<li>Formaggi assortiti<\/li>\n<li>E il nostro tronchetto di Yule personale<\/li>\n<\/ul>\n<p>[\/vc_column_text]<div style=\"background-color:;height: 20px\" class=\"nicdark_section  \"><\/div><div style=\"background-color:;height: 20px\" class=\"nicdark_section  \"><\/div>[\/vc_column][vc_column width=&#8221;1\/3&#8243; css=&#8221;.vc_custom_1467360650255{margin-top: 10px !important;margin-bottom: 10px !important;padding-top: 0px !important;padding-right: 40px !important;}&#8221;]<div style=\"background-color:;height: 10px\" class=\"nicdark_section  \"><\/div><div style=\"background-color:;height: 10px\" class=\"nicdark_section  \"><\/div><div style=\"background-color:;height: 10px\" class=\"nicdark_section  \"><\/div><div style=\"background-color:;height: 10px\" class=\"nicdark_section  \"><\/div> <h2 style=\"color:#375792;padding:px;text-align:right;font-size:28px;line-height:32px;letter-spacing: px;font-weight:normal\" class=\"  nd_options_text_align_center_responsive_important nd_options_first_font \">Nos menus de f\u00eates : le 24 D\u00e9cembre midi et le 25 midi sur r\u00e9servation<\/h2> <div style=\"background-color:;height: 10px\" class=\"nicdark_section  \"><\/div> <h2 style=\"color:#375792;padding:px;text-align:right;font-size:14px;line-height:25px;letter-spacing: px;font-weight:normal\" class=\"  nd_options_text_align_center_responsive_important nd_options_first_font \">par t\u00e9l\u00e9phone au 04 93 55 39 74 ou par email \u00e0 labarquebleuenice@gmail.com Attention, pensez \u00e0 r\u00e9server ou ce sera trop tard !<\/h2> <div style=\"background-color:;height: 10px\" class=\"nicdark_section  \"><\/div> <h2 style=\"color:#375792;padding:px;text-align:right;font-size:18px;line-height:25px;letter-spacing: px;font-weight:normal\" class=\"  nd_options_text_align_center_responsive_important nd_options_first_font \">Attention, pensez \u00e0 r\u00e9server ou ce sera trop tard !<\/h2> [\/vc_column][\/vc_row][vc_row css=&#8221;.vc_custom_1671636354942{margin-bottom: 30px !important;}&#8221;][vc_column][vc_column_text]<\/p>\n<p style=\"text-align: center;\"><b><i>Siamo a tua disposizione a monte se non ti piace un determinato ingrediente del menu o per richieste particolari.<span class=\"Apple-converted-space\"><br \/>\n<\/span><\/i><\/b><b><i>Inoltre, realizziamo tutti i nostri menu e i menu da asporto per le festivit\u00e0 su prenotazione! Contattaci subito!<span class=\"Apple-converted-space\"> <\/span><\/i><\/b><\/p>\n<p>[\/vc_column_text][\/vc_column][\/vc_row][vc_row][vc_column][vc_row_inner][vc_column_inner width=&#8221;1\/4&#8243;]\n    <div style=\"text-align:center\" class=\"nd_options_section\">\n      <img decoding=\"async\" alt=\"\" style=\"width:200px\" class=\" nd_options_margin_0 nd_options_padding_0 \" src=\"https:\/\/restaurant-la-barque-bleue.fr\/wp-content\/uploads\/2021\/10\/4-1024x1024.jpg\">\n    <\/div>\n   [\/vc_column_inner][vc_column_inner width=&#8221;1\/4&#8243;]\n    <div style=\"text-align:center\" class=\"nd_options_section\">\n      <img decoding=\"async\" alt=\"\" style=\"width:200px\" class=\" nd_options_margin_0 nd_options_padding_0 \" src=\"https:\/\/restaurant-la-barque-bleue.fr\/wp-content\/uploads\/2021\/10\/3-1024x1024.jpg\">\n    <\/div>\n   [\/vc_column_inner][vc_column_inner width=&#8221;1\/4&#8243;]\n    <div style=\"text-align:center\" class=\"nd_options_section\">\n      <img decoding=\"async\" alt=\"\" style=\"width:200px\" class=\" nd_options_margin_0 nd_options_padding_0 \" src=\"https:\/\/restaurant-la-barque-bleue.fr\/wp-content\/uploads\/2021\/10\/1-1024x1024.jpg\">\n    <\/div>\n   [\/vc_column_inner][vc_column_inner width=&#8221;1\/4&#8243;]\n    <div style=\"text-align:center\" class=\"nd_options_section\">\n      <img decoding=\"async\" alt=\"\" style=\"width:200px\" class=\" nd_options_margin_0 nd_options_padding_0 \" src=\"https:\/\/restaurant-la-barque-bleue.fr\/wp-content\/uploads\/2021\/10\/2-1024x1024.jpg\">\n    <\/div>\n   [\/vc_column_inner][\/vc_row_inner][vc_empty_space height=&#8221;52px&#8221;][vc_empty_space height=&#8221;52px&#8221;][\/vc_column][\/vc_row][vc_row full_width=&#8221;stretch_row&#8221; parallax=&#8221;content-moving&#8221; parallax_image=&#8221;510&#8243; css=&#8221;.vc_custom_1549269790782{margin-top: 60px !important;padding-top: 100px !important;padding-bottom: 100px !important;}&#8221; el_class=&#8221;nd_options_vc_parallax_filter_2_4&#8243;][vc_column]\n\t<div class=\"nd_options_section nd_options_text_align_center\">\n\t<a style=\"border: px solid;border-radius:3px;letter-spacing:2px;line-height:16px;font-size:16px;background-color:#2d5698;padding:15px 35px;margin:;color:#ffffff\" rel=\"\" href=\"https:\/\/restaurant-la-barque-bleue.fr\/index.php\/contact-restaurant-la-barque-bleue-au-port-de-nice\/\" class=\"nicdark_display_inline_block  nd_options_font_weight_normal nd_options_first_font  \">R\u00c9SERVER VOTRE TABLE<\/a>\n\t<\/div>\n[\/vc_column][\/vc_row]<\/p>\n<\/div>","protected":false},"excerpt":{"rendered":"<p>[vc_row css=&#8221;.vc_custom_1671637249841{background-image: url(https:\/\/restaurant-la-barque-bleue.fr\/wp-content\/uploads\/2022\/12\/noel-jdd-1.png?id=2440) !important;background-position: center !important;background-repeat: no-repeat !important;background-size: contain !important;}&#8221;][vc_column width=&#8221;1\/3&#8243; css=&#8221;.vc_custom_1467360650255{margin-top: 10px !important;margin-bottom: 10px !important;padding-top: 0px !important;padding-right: 40px !important;}&#8221;][\/vc_column][vc_column width=&#8221;2\/3&#8243; css=&#8221;.vc_custom_1467207292391{margin-top: 10px !important;margin-bottom: 10px !important;padding-top: 0px !important;}&#8221;][vc_column_text el_class=&#8221;nd_options_text_align_center_responsive&#8221;]Iscrizioni : &#8211; Duo di salmone e trota con gravlax fatto in casa, blinis, tarama e vodka granita \u20ac18 &#8211; Sfoglia di capesante e aragosta alla Normanna [&hellip;]<\/p>\n","protected":false},"author":1,"featured_media":0,"parent":0,"menu_order":0,"comment_status":"closed","ping_status":"closed","template":"","meta":{"footnotes":""},"class_list":["post-4177","page","type-page","status-publish","hentry"],"yoast_head":"<!-- This site is optimized with the Yoast SEO Premium plugin v26.0 (Yoast SEO v27.3) - https:\/\/yoast.com\/product\/yoast-seo-premium-wordpress\/ -->\n<title>Happy Hour dalle 17:00 alle 19:00 sul Porto di Nizza - La Barque Bleue<\/title>\n<meta name=\"description\" content=\"Ristorante Port de Nice: Happy Hour dalle 17:00 alle 19:00. Vieni a goderti la nostra terrazza soleggiata di fronte alle barche del Porto di Nizza ...\" \/>\n<meta name=\"robots\" content=\"index, follow, max-snippet:-1, max-image-preview:large, max-video-preview:-1\" \/>\n<link rel=\"canonical\" href=\"https:\/\/restaurant-la-barque-bleue.fr\/it\/i-festeggiamenti-alla-barque-bleue\/\" \/>\n<meta property=\"og:locale\" content=\"it_IT\" \/>\n<meta property=\"og:type\" content=\"article\" \/>\n<meta property=\"og:title\" content=\"i festeggiamenti alla Barque Bleue! - La Barque Bleue Restaurant au Port de nice\" \/>\n<meta property=\"og:description\" content=\"Ristorante Port de Nice: Happy Hour dalle 17:00 alle 19:00. Vieni a goderti la nostra terrazza soleggiata di fronte alle barche del Porto di Nizza ...\" \/>\n<meta property=\"og:url\" content=\"https:\/\/restaurant-la-barque-bleue.fr\/it\/i-festeggiamenti-alla-barque-bleue\/\" \/>\n<meta property=\"og:site_name\" content=\"La Barque Bleue Restaurant au Port de nice\" \/>\n<meta property=\"article:publisher\" content=\"https:\/\/www.facebook.com\/LaBarqueBleue06\" \/>\n<meta property=\"article:modified_time\" content=\"2024-06-18T07:04:19+00:00\" \/>\n<meta name=\"twitter:card\" content=\"summary_large_image\" \/>\n<meta name=\"twitter:label1\" content=\"Tempo di lettura stimato\" \/>\n\t<meta name=\"twitter:data1\" content=\"6 minuti\" \/>\n<script type=\"application\/ld+json\" class=\"yoast-schema-graph\">{\"@context\":\"https:\\\/\\\/schema.org\",\"@graph\":[{\"@type\":\"WebPage\",\"@id\":\"https:\\\/\\\/restaurant-la-barque-bleue.fr\\\/it\\\/i-festeggiamenti-alla-barque-bleue\\\/\",\"url\":\"https:\\\/\\\/restaurant-la-barque-bleue.fr\\\/it\\\/i-festeggiamenti-alla-barque-bleue\\\/\",\"name\":\"Happy Hour dalle 17:00 alle 19:00 sul Porto di Nizza - La Barque Bleue\",\"isPartOf\":{\"@id\":\"https:\\\/\\\/restaurant-la-barque-bleue.fr\\\/it\\\/#website\"},\"datePublished\":\"2022-12-21T15:04:13+00:00\",\"dateModified\":\"2024-06-18T07:04:19+00:00\",\"description\":\"Ristorante Port de Nice: Happy Hour dalle 17:00 alle 19:00. Vieni a goderti la nostra terrazza soleggiata di fronte alle barche del Porto di Nizza ...\",\"breadcrumb\":{\"@id\":\"https:\\\/\\\/restaurant-la-barque-bleue.fr\\\/it\\\/i-festeggiamenti-alla-barque-bleue\\\/#breadcrumb\"},\"inLanguage\":\"it-IT\",\"potentialAction\":[{\"@type\":\"ReadAction\",\"target\":[\"https:\\\/\\\/restaurant-la-barque-bleue.fr\\\/it\\\/i-festeggiamenti-alla-barque-bleue\\\/\"]}]},{\"@type\":\"BreadcrumbList\",\"@id\":\"https:\\\/\\\/restaurant-la-barque-bleue.fr\\\/it\\\/i-festeggiamenti-alla-barque-bleue\\\/#breadcrumb\",\"itemListElement\":[{\"@type\":\"ListItem\",\"position\":1,\"name\":\"Accueil\",\"item\":\"https:\\\/\\\/restaurant-la-barque-bleue.fr\\\/it\\\/\"},{\"@type\":\"ListItem\",\"position\":2,\"name\":\"i festeggiamenti alla Barque Bleue!\"}]},{\"@type\":\"WebSite\",\"@id\":\"https:\\\/\\\/restaurant-la-barque-bleue.fr\\\/it\\\/#website\",\"url\":\"https:\\\/\\\/restaurant-la-barque-bleue.fr\\\/it\\\/\",\"name\":\"La Barque Bleue Restaurant au Port de nice\",\"description\":\"Restaurant sp\u00e9cialit\u00e9s Viandes, Poissons et P\u00e2tes sur le Port de Nice\",\"publisher\":{\"@id\":\"https:\\\/\\\/restaurant-la-barque-bleue.fr\\\/it\\\/#organization\"},\"potentialAction\":[{\"@type\":\"SearchAction\",\"target\":{\"@type\":\"EntryPoint\",\"urlTemplate\":\"https:\\\/\\\/restaurant-la-barque-bleue.fr\\\/it\\\/?s={search_term_string}\"},\"query-input\":{\"@type\":\"PropertyValueSpecification\",\"valueRequired\":true,\"valueName\":\"search_term_string\"}}],\"inLanguage\":\"it-IT\"},{\"@type\":\"Organization\",\"@id\":\"https:\\\/\\\/restaurant-la-barque-bleue.fr\\\/it\\\/#organization\",\"name\":\"Restaurant la Barque Bleue\",\"url\":\"https:\\\/\\\/restaurant-la-barque-bleue.fr\\\/it\\\/\",\"logo\":{\"@type\":\"ImageObject\",\"inLanguage\":\"it-IT\",\"@id\":\"https:\\\/\\\/restaurant-la-barque-bleue.fr\\\/it\\\/#\\\/schema\\\/logo\\\/image\\\/\",\"url\":\"https:\\\/\\\/i0.wp.com\\\/restaurant-la-barque-bleue.fr\\\/wp-content\\\/uploads\\\/2020\\\/09\\\/LOGO-BARQUE-BLEUE-1.png?fit=533%2C510&ssl=1\",\"contentUrl\":\"https:\\\/\\\/i0.wp.com\\\/restaurant-la-barque-bleue.fr\\\/wp-content\\\/uploads\\\/2020\\\/09\\\/LOGO-BARQUE-BLEUE-1.png?fit=533%2C510&ssl=1\",\"width\":533,\"height\":510,\"caption\":\"Restaurant la Barque Bleue\"},\"image\":{\"@id\":\"https:\\\/\\\/restaurant-la-barque-bleue.fr\\\/it\\\/#\\\/schema\\\/logo\\\/image\\\/\"},\"sameAs\":[\"https:\\\/\\\/www.facebook.com\\\/LaBarqueBleue06\",\"https:\\\/\\\/www.instagram.com\\\/labarquebleue.nice\\\/\"]}]}<\/script>\n<!-- \/ Yoast SEO Premium plugin. -->","yoast_head_json":{"title":"Happy Hour dalle 17:00 alle 19:00 sul Porto di Nizza - La Barque Bleue","description":"Ristorante Port de Nice: Happy Hour dalle 17:00 alle 19:00. Vieni a goderti la nostra terrazza soleggiata di fronte alle barche del Porto di Nizza ...","robots":{"index":"index","follow":"follow","max-snippet":"max-snippet:-1","max-image-preview":"max-image-preview:large","max-video-preview":"max-video-preview:-1"},"canonical":"https:\/\/restaurant-la-barque-bleue.fr\/it\/i-festeggiamenti-alla-barque-bleue\/","og_locale":"it_IT","og_type":"article","og_title":"i festeggiamenti alla Barque Bleue! - La Barque Bleue Restaurant au Port de nice","og_description":"Ristorante Port de Nice: Happy Hour dalle 17:00 alle 19:00. Vieni a goderti la nostra terrazza soleggiata di fronte alle barche del Porto di Nizza ...","og_url":"https:\/\/restaurant-la-barque-bleue.fr\/it\/i-festeggiamenti-alla-barque-bleue\/","og_site_name":"La Barque Bleue Restaurant au Port de nice","article_publisher":"https:\/\/www.facebook.com\/LaBarqueBleue06","article_modified_time":"2024-06-18T07:04:19+00:00","twitter_card":"summary_large_image","twitter_misc":{"Tempo di lettura stimato":"6 minuti"},"schema":{"@context":"https:\/\/schema.org","@graph":[{"@type":"WebPage","@id":"https:\/\/restaurant-la-barque-bleue.fr\/it\/i-festeggiamenti-alla-barque-bleue\/","url":"https:\/\/restaurant-la-barque-bleue.fr\/it\/i-festeggiamenti-alla-barque-bleue\/","name":"Happy Hour dalle 17:00 alle 19:00 sul Porto di Nizza - La Barque Bleue","isPartOf":{"@id":"https:\/\/restaurant-la-barque-bleue.fr\/it\/#website"},"datePublished":"2022-12-21T15:04:13+00:00","dateModified":"2024-06-18T07:04:19+00:00","description":"Ristorante Port de Nice: Happy Hour dalle 17:00 alle 19:00. Vieni a goderti la nostra terrazza soleggiata di fronte alle barche del Porto di Nizza ...","breadcrumb":{"@id":"https:\/\/restaurant-la-barque-bleue.fr\/it\/i-festeggiamenti-alla-barque-bleue\/#breadcrumb"},"inLanguage":"it-IT","potentialAction":[{"@type":"ReadAction","target":["https:\/\/restaurant-la-barque-bleue.fr\/it\/i-festeggiamenti-alla-barque-bleue\/"]}]},{"@type":"BreadcrumbList","@id":"https:\/\/restaurant-la-barque-bleue.fr\/it\/i-festeggiamenti-alla-barque-bleue\/#breadcrumb","itemListElement":[{"@type":"ListItem","position":1,"name":"Accueil","item":"https:\/\/restaurant-la-barque-bleue.fr\/it\/"},{"@type":"ListItem","position":2,"name":"i festeggiamenti alla Barque Bleue!"}]},{"@type":"WebSite","@id":"https:\/\/restaurant-la-barque-bleue.fr\/it\/#website","url":"https:\/\/restaurant-la-barque-bleue.fr\/it\/","name":"La Barque Bleue Restaurant au Port de nice","description":"Restaurant sp\u00e9cialit\u00e9s Viandes, Poissons et P\u00e2tes sur le Port de Nice","publisher":{"@id":"https:\/\/restaurant-la-barque-bleue.fr\/it\/#organization"},"potentialAction":[{"@type":"SearchAction","target":{"@type":"EntryPoint","urlTemplate":"https:\/\/restaurant-la-barque-bleue.fr\/it\/?s={search_term_string}"},"query-input":{"@type":"PropertyValueSpecification","valueRequired":true,"valueName":"search_term_string"}}],"inLanguage":"it-IT"},{"@type":"Organization","@id":"https:\/\/restaurant-la-barque-bleue.fr\/it\/#organization","name":"Restaurant la Barque Bleue","url":"https:\/\/restaurant-la-barque-bleue.fr\/it\/","logo":{"@type":"ImageObject","inLanguage":"it-IT","@id":"https:\/\/restaurant-la-barque-bleue.fr\/it\/#\/schema\/logo\/image\/","url":"https:\/\/i0.wp.com\/restaurant-la-barque-bleue.fr\/wp-content\/uploads\/2020\/09\/LOGO-BARQUE-BLEUE-1.png?fit=533%2C510&ssl=1","contentUrl":"https:\/\/i0.wp.com\/restaurant-la-barque-bleue.fr\/wp-content\/uploads\/2020\/09\/LOGO-BARQUE-BLEUE-1.png?fit=533%2C510&ssl=1","width":533,"height":510,"caption":"Restaurant la Barque Bleue"},"image":{"@id":"https:\/\/restaurant-la-barque-bleue.fr\/it\/#\/schema\/logo\/image\/"},"sameAs":["https:\/\/www.facebook.com\/LaBarqueBleue06","https:\/\/www.instagram.com\/labarquebleue.nice\/"]}]}},"_links":{"self":[{"href":"https:\/\/restaurant-la-barque-bleue.fr\/it\/wp-json\/wp\/v2\/pages\/4177","targetHints":{"allow":["GET"]}}],"collection":[{"href":"https:\/\/restaurant-la-barque-bleue.fr\/it\/wp-json\/wp\/v2\/pages"}],"about":[{"href":"https:\/\/restaurant-la-barque-bleue.fr\/it\/wp-json\/wp\/v2\/types\/page"}],"author":[{"embeddable":true,"href":"https:\/\/restaurant-la-barque-bleue.fr\/it\/wp-json\/wp\/v2\/users\/1"}],"replies":[{"embeddable":true,"href":"https:\/\/restaurant-la-barque-bleue.fr\/it\/wp-json\/wp\/v2\/comments?post=4177"}],"version-history":[{"count":0,"href":"https:\/\/restaurant-la-barque-bleue.fr\/it\/wp-json\/wp\/v2\/pages\/4177\/revisions"}],"wp:attachment":[{"href":"https:\/\/restaurant-la-barque-bleue.fr\/it\/wp-json\/wp\/v2\/media?parent=4177"}],"curies":[{"name":"wp","href":"https:\/\/api.w.org\/{rel}","templated":true}]}}