{"id":4091,"date":"2024-01-30T17:43:00","date_gmt":"2024-01-30T17:43:00","guid":{"rendered":"https:\/\/restaurant-la-barque-bleue.fr\/notizie-2\/"},"modified":"2024-11-22T16:47:22","modified_gmt":"2024-11-22T16:47:22","slug":"notizie-2","status":"publish","type":"page","link":"https:\/\/restaurant-la-barque-bleue.fr\/it\/notizie-2\/","title":{"rendered":"Notizie"},"content":{"rendered":"<div class=\"wpb-content-wrapper\"><p>[vc_row][vc_column][vc_empty_space][vc_column_text]<\/p>\n<h3 style=\"text-align: center;\"><span style=\"color: #000080;\"><strong>Notizie la Barque Bleue<\/strong><\/span><\/h3>\n<p>[\/vc_column_text][vc_empty_space][\/vc_column][\/vc_row][vc_row][vc_column][vc_basic_grid post_type=&#8221;post&#8221; max_items=&#8221;10&#8243; css=&#8221;&#8221; grid_id=&#8221;vc_gid:1732294027509-1e175bd9-c8de-4&#8243;][\/vc_column][\/vc_row]<\/p>\n<\/div>","protected":false},"excerpt":{"rendered":"<p>[vc_row][vc_column][vc_empty_space][vc_column_text] Notizie la Barque Bleue [\/vc_column_text][vc_empty_space][\/vc_column][\/vc_row][vc_row][vc_column][vc_basic_grid post_type=&#8221;post&#8221; max_items=&#8221;10&#8243; css=&#8221;&#8221; grid_id=&#8221;vc_gid:1732294027509-1e175bd9-c8de-4&#8243;][\/vc_column][\/vc_row]<\/p>\n","protected":false},"author":1,"featured_media":0,"parent":0,"menu_order":0,"comment_status":"closed","ping_status":"closed","template":"page_ restaurant.php","meta":{"footnotes":""},"class_list":["post-4091","page","type-page","status-publish","hentry"],"yoast_head":"<!-- This site is optimized with the Yoast SEO Premium plugin v26.0 (Yoast SEO v27.4) - https:\/\/yoast.com\/product\/yoast-seo-premium-wordpress\/ -->\n<title>Notizie - La Barque Bleue Restaurant au Port de nice<\/title>\n<meta name=\"robots\" content=\"index, follow, max-snippet:-1, max-image-preview:large, max-video-preview:-1\" \/>\n<link rel=\"canonical\" href=\"https:\/\/restaurant-la-barque-bleue.fr\/it\/notizie-2\/\" \/>\n<meta property=\"og:locale\" content=\"it_IT\" \/>\n<meta property=\"og:type\" content=\"article\" \/>\n<meta property=\"og:title\" content=\"Notizie - La Barque Bleue Restaurant au Port de nice\" \/>\n<meta property=\"og:description\" content=\"[vc_row][vc_column][vc_empty_space][vc_column_text] Notizie la Barque Bleue [\/vc_column_text][vc_empty_space][\/vc_column][\/vc_row][vc_row][vc_column][vc_basic_grid post_type=&#8221;post&#8221; max_items=&#8221;10&#8243; css=&#8221;&#8221; grid_id=&#8221;vc_gid:1732294027509-1e175bd9-c8de-4&#8243;][\/vc_column][\/vc_row]\" \/>\n<meta property=\"og:url\" content=\"https:\/\/restaurant-la-barque-bleue.fr\/it\/notizie-2\/\" \/>\n<meta property=\"og:site_name\" content=\"La Barque Bleue Restaurant au Port de nice\" \/>\n<meta property=\"article:publisher\" content=\"https:\/\/www.facebook.com\/LaBarqueBleue06\" \/>\n<meta property=\"article:modified_time\" content=\"2024-11-22T16:47:22+00:00\" \/>\n<meta name=\"twitter:card\" content=\"summary_large_image\" \/>\n<script type=\"application\/ld+json\" class=\"yoast-schema-graph\">{\"@context\":\"https:\\\/\\\/schema.org\",\"@graph\":[{\"@type\":\"WebPage\",\"@id\":\"https:\\\/\\\/restaurant-la-barque-bleue.fr\\\/it\\\/notizie-2\\\/\",\"url\":\"https:\\\/\\\/restaurant-la-barque-bleue.fr\\\/it\\\/notizie-2\\\/\",\"name\":\"Notizie - La Barque Bleue Restaurant au Port de nice\",\"isPartOf\":{\"@id\":\"https:\\\/\\\/restaurant-la-barque-bleue.fr\\\/it\\\/#website\"},\"datePublished\":\"2024-01-30T17:43:00+00:00\",\"dateModified\":\"2024-11-22T16:47:22+00:00\",\"breadcrumb\":{\"@id\":\"https:\\\/\\\/restaurant-la-barque-bleue.fr\\\/it\\\/notizie-2\\\/#breadcrumb\"},\"inLanguage\":\"it-IT\",\"potentialAction\":[{\"@type\":\"ReadAction\",\"target\":[\"https:\\\/\\\/restaurant-la-barque-bleue.fr\\\/it\\\/notizie-2\\\/\"]}]},{\"@type\":\"BreadcrumbList\",\"@id\":\"https:\\\/\\\/restaurant-la-barque-bleue.fr\\\/it\\\/notizie-2\\\/#breadcrumb\",\"itemListElement\":[{\"@type\":\"ListItem\",\"position\":1,\"name\":\"Accueil\",\"item\":\"https:\\\/\\\/restaurant-la-barque-bleue.fr\\\/it\\\/\"},{\"@type\":\"ListItem\",\"position\":2,\"name\":\"Notizie\"}]},{\"@type\":\"WebSite\",\"@id\":\"https:\\\/\\\/restaurant-la-barque-bleue.fr\\\/it\\\/#website\",\"url\":\"https:\\\/\\\/restaurant-la-barque-bleue.fr\\\/it\\\/\",\"name\":\"La Barque Bleue Restaurant au Port de nice\",\"description\":\"Restaurant sp\u00e9cialit\u00e9s Viandes, Poissons et P\u00e2tes sur le Port de Nice\",\"publisher\":{\"@id\":\"https:\\\/\\\/restaurant-la-barque-bleue.fr\\\/it\\\/#organization\"},\"potentialAction\":[{\"@type\":\"SearchAction\",\"target\":{\"@type\":\"EntryPoint\",\"urlTemplate\":\"https:\\\/\\\/restaurant-la-barque-bleue.fr\\\/it\\\/?s={search_term_string}\"},\"query-input\":{\"@type\":\"PropertyValueSpecification\",\"valueRequired\":true,\"valueName\":\"search_term_string\"}}],\"inLanguage\":\"it-IT\"},{\"@type\":\"Organization\",\"@id\":\"https:\\\/\\\/restaurant-la-barque-bleue.fr\\\/it\\\/#organization\",\"name\":\"Restaurant la Barque Bleue\",\"url\":\"https:\\\/\\\/restaurant-la-barque-bleue.fr\\\/it\\\/\",\"logo\":{\"@type\":\"ImageObject\",\"inLanguage\":\"it-IT\",\"@id\":\"https:\\\/\\\/restaurant-la-barque-bleue.fr\\\/it\\\/#\\\/schema\\\/logo\\\/image\\\/\",\"url\":\"https:\\\/\\\/i0.wp.com\\\/restaurant-la-barque-bleue.fr\\\/wp-content\\\/uploads\\\/2020\\\/09\\\/LOGO-BARQUE-BLEUE-1.png?fit=533%2C510&ssl=1\",\"contentUrl\":\"https:\\\/\\\/i0.wp.com\\\/restaurant-la-barque-bleue.fr\\\/wp-content\\\/uploads\\\/2020\\\/09\\\/LOGO-BARQUE-BLEUE-1.png?fit=533%2C510&ssl=1\",\"width\":533,\"height\":510,\"caption\":\"Restaurant la Barque Bleue\"},\"image\":{\"@id\":\"https:\\\/\\\/restaurant-la-barque-bleue.fr\\\/it\\\/#\\\/schema\\\/logo\\\/image\\\/\"},\"sameAs\":[\"https:\\\/\\\/www.facebook.com\\\/LaBarqueBleue06\",\"https:\\\/\\\/www.instagram.com\\\/labarquebleue.nice\\\/\"]}]}<\/script>\n<!-- \/ Yoast SEO Premium plugin. -->","yoast_head_json":{"title":"Notizie - La Barque Bleue Restaurant au Port de nice","robots":{"index":"index","follow":"follow","max-snippet":"max-snippet:-1","max-image-preview":"max-image-preview:large","max-video-preview":"max-video-preview:-1"},"canonical":"https:\/\/restaurant-la-barque-bleue.fr\/it\/notizie-2\/","og_locale":"it_IT","og_type":"article","og_title":"Notizie - La Barque Bleue Restaurant au Port de nice","og_description":"[vc_row][vc_column][vc_empty_space][vc_column_text] Notizie la Barque Bleue [\/vc_column_text][vc_empty_space][\/vc_column][\/vc_row][vc_row][vc_column][vc_basic_grid post_type=&#8221;post&#8221; max_items=&#8221;10&#8243; css=&#8221;&#8221; grid_id=&#8221;vc_gid:1732294027509-1e175bd9-c8de-4&#8243;][\/vc_column][\/vc_row]","og_url":"https:\/\/restaurant-la-barque-bleue.fr\/it\/notizie-2\/","og_site_name":"La Barque Bleue Restaurant au Port de nice","article_publisher":"https:\/\/www.facebook.com\/LaBarqueBleue06","article_modified_time":"2024-11-22T16:47:22+00:00","twitter_card":"summary_large_image","schema":{"@context":"https:\/\/schema.org","@graph":[{"@type":"WebPage","@id":"https:\/\/restaurant-la-barque-bleue.fr\/it\/notizie-2\/","url":"https:\/\/restaurant-la-barque-bleue.fr\/it\/notizie-2\/","name":"Notizie - La Barque Bleue Restaurant au Port de nice","isPartOf":{"@id":"https:\/\/restaurant-la-barque-bleue.fr\/it\/#website"},"datePublished":"2024-01-30T17:43:00+00:00","dateModified":"2024-11-22T16:47:22+00:00","breadcrumb":{"@id":"https:\/\/restaurant-la-barque-bleue.fr\/it\/notizie-2\/#breadcrumb"},"inLanguage":"it-IT","potentialAction":[{"@type":"ReadAction","target":["https:\/\/restaurant-la-barque-bleue.fr\/it\/notizie-2\/"]}]},{"@type":"BreadcrumbList","@id":"https:\/\/restaurant-la-barque-bleue.fr\/it\/notizie-2\/#breadcrumb","itemListElement":[{"@type":"ListItem","position":1,"name":"Accueil","item":"https:\/\/restaurant-la-barque-bleue.fr\/it\/"},{"@type":"ListItem","position":2,"name":"Notizie"}]},{"@type":"WebSite","@id":"https:\/\/restaurant-la-barque-bleue.fr\/it\/#website","url":"https:\/\/restaurant-la-barque-bleue.fr\/it\/","name":"La Barque Bleue Restaurant au Port de nice","description":"Restaurant sp\u00e9cialit\u00e9s Viandes, Poissons et P\u00e2tes sur le Port de Nice","publisher":{"@id":"https:\/\/restaurant-la-barque-bleue.fr\/it\/#organization"},"potentialAction":[{"@type":"SearchAction","target":{"@type":"EntryPoint","urlTemplate":"https:\/\/restaurant-la-barque-bleue.fr\/it\/?s={search_term_string}"},"query-input":{"@type":"PropertyValueSpecification","valueRequired":true,"valueName":"search_term_string"}}],"inLanguage":"it-IT"},{"@type":"Organization","@id":"https:\/\/restaurant-la-barque-bleue.fr\/it\/#organization","name":"Restaurant la Barque Bleue","url":"https:\/\/restaurant-la-barque-bleue.fr\/it\/","logo":{"@type":"ImageObject","inLanguage":"it-IT","@id":"https:\/\/restaurant-la-barque-bleue.fr\/it\/#\/schema\/logo\/image\/","url":"https:\/\/i0.wp.com\/restaurant-la-barque-bleue.fr\/wp-content\/uploads\/2020\/09\/LOGO-BARQUE-BLEUE-1.png?fit=533%2C510&ssl=1","contentUrl":"https:\/\/i0.wp.com\/restaurant-la-barque-bleue.fr\/wp-content\/uploads\/2020\/09\/LOGO-BARQUE-BLEUE-1.png?fit=533%2C510&ssl=1","width":533,"height":510,"caption":"Restaurant la Barque Bleue"},"image":{"@id":"https:\/\/restaurant-la-barque-bleue.fr\/it\/#\/schema\/logo\/image\/"},"sameAs":["https:\/\/www.facebook.com\/LaBarqueBleue06","https:\/\/www.instagram.com\/labarquebleue.nice\/"]}]}},"_links":{"self":[{"href":"https:\/\/restaurant-la-barque-bleue.fr\/it\/wp-json\/wp\/v2\/pages\/4091","targetHints":{"allow":["GET"]}}],"collection":[{"href":"https:\/\/restaurant-la-barque-bleue.fr\/it\/wp-json\/wp\/v2\/pages"}],"about":[{"href":"https:\/\/restaurant-la-barque-bleue.fr\/it\/wp-json\/wp\/v2\/types\/page"}],"author":[{"embeddable":true,"href":"https:\/\/restaurant-la-barque-bleue.fr\/it\/wp-json\/wp\/v2\/users\/1"}],"replies":[{"embeddable":true,"href":"https:\/\/restaurant-la-barque-bleue.fr\/it\/wp-json\/wp\/v2\/comments?post=4091"}],"version-history":[{"count":0,"href":"https:\/\/restaurant-la-barque-bleue.fr\/it\/wp-json\/wp\/v2\/pages\/4091\/revisions"}],"wp:attachment":[{"href":"https:\/\/restaurant-la-barque-bleue.fr\/it\/wp-json\/wp\/v2\/media?parent=4091"}],"curies":[{"name":"wp","href":"https:\/\/api.w.org\/{rel}","templated":true}]}}