{"id":4294,"date":"2019-01-29T15:17:42","date_gmt":"2019-01-29T15:17:42","guid":{"rendered":"https:\/\/restaurant-la-barque-bleue.fr\/restaurante-en-el-puerto-de-niza-la-barque-bleue\/"},"modified":"2024-07-12T11:26:02","modified_gmt":"2024-07-12T11:26:02","slug":"restaurante-en-el-puerto-de-niza-la-barque-bleue","status":"publish","type":"page","link":"https:\/\/restaurant-la-barque-bleue.fr\/es\/restaurante-en-el-puerto-de-niza-la-barque-bleue\/","title":{"rendered":"Restaurante en el puerto de Niza: la barque bleue"},"content":{"rendered":"<div class=\"wpb-content-wrapper\"><p>[vc_row css=\u00bb.vc_custom_1600177424345{background-image: url(https:\/\/restaurant-la-barque-bleue.fr\/wp-content\/uploads\/2020\/09\/Copie-de-LOGO_bleu_BB_Plan-de-travail-1-1.png?id=1737) !important;background-position: center !important;background-repeat: no-repeat !important;background-size: contain !important;}\u00bb][vc_column width=\u00bb6\/12&#8243; css=\u00bb.vc_custom_1467360650255{margin-top: 10px !important;margin-bottom: 10px !important;padding-top: 0px !important;padding-right: 40px !important;}\u00bb]<div style=\"background-color:;height: 10px\" class=\"nicdark_section  \"><\/div><div style=\"background-color:;height: 10px\" class=\"nicdark_section  \"><\/div><div style=\"background-color:;height: 10px\" class=\"nicdark_section  \"><\/div><div style=\"background-color:;height: 10px\" class=\"nicdark_section  \"><\/div> <h2 style=\"color:#375792;padding:px;text-align:right;font-size:40px;line-height:50px;letter-spacing: px;font-weight:normal\" class=\"  nd_options_text_align_center_responsive_important nd_options_first_font \">Cr\u00e9\u00e9 en 1982, La Barque Bleue Restaurant au port de Nice en est un lieu embl\u00e9matique.<\/h2> [\/vc_column][vc_column width=\u00bb3\/12&#8243; css=\u00bb.vc_custom_1467207292391{margin-top: 10px !important;margin-bottom: 10px !important;padding-top: 0px !important;}\u00bb]<div style=\"background-color:;height: 20px\" class=\"nicdark_section  \"><\/div>[vc_column_text el_class=\u00bbnd_options_text_align_center_responsive\u00bb]<\/p>\n<div class=\"module text\"><strong>la Barque Bleue<\/strong>:<br \/>\n<strong>Restaurante en el Puerto de Niza.<\/strong><br \/>\nConocido tanto por los lugare\u00f1os como por los visitantes por su cocina refinada y su entorno privilegiado, a tiro de piedra del Mediterr\u00e1neo, el alma de La Barque Bleue permanecer\u00e1 inalterada cuando pase a manos de un nuevo propietario en 2019. Nuestro objetivo es servirte platos gourmet, preparados con pasi\u00f3n utilizando productos frescos de temporada. La promesa de nuestra cocina es llevarte de viaje por Italia y descubrir todos sus sabores.<\/div>\n<p>[\/vc_column_text]<div style=\"background-color:;height: 20px\" class=\"nicdark_section  \"><\/div><div style=\"background-color:;height: 20px\" class=\"nicdark_section  \"><\/div>[\/vc_column][vc_column width=\u00bb3\/12&#8243; css=\u00bb.vc_custom_1467207298589{margin-top: 10px !important;margin-bottom: 10px !important;padding-top: 0px !important;}\u00bb]<div style=\"background-color:;height: 20px\" class=\"nicdark_section  \"><\/div>[vc_column_text el_class=\u00bbnd_options_text_align_center_responsive\u00bb]<\/p>\n<div class=\"module text\">\n<p class=\"bodytext\">Tambi\u00e9n ofrecemos especialidades mediterr\u00e1neas, incluido pescado fresco.<\/p>\n<\/div>\n<div class=\"module text\">\n<p class=\"bodytext\">Ven a relajarte al sol en nuestra gran terraza, con sus impresionantes vistas sobre el puerto de la ciudad. \u00bfPrefieres estar dentro? Nuestra espaciosa habitaci\u00f3n, con su decoraci\u00f3n rococ\u00f3 y toques de azul, te proporcionar\u00e1 un ambiente alegre y un gran confort.<\/p>\n<p>Cita en el puerto de Niza para un momento excepcional.<\/p>\n<\/div>\n<p>[\/vc_column_text][\/vc_column][\/vc_row][vc_row][vc_column][vc_row_inner][vc_column_inner width=\u00bb1\/4&#8243;]\n    <div style=\"text-align:center\" class=\"nd_options_section\">\n      <img decoding=\"async\" alt=\"\" style=\"width:200px\" class=\" nd_options_margin_0 nd_options_padding_0 \" src=\"https:\/\/restaurant-la-barque-bleue.fr\/wp-content\/uploads\/2021\/10\/4-1024x1024.jpg\">\n    <\/div>\n   [\/vc_column_inner][vc_column_inner width=\u00bb1\/4&#8243;]\n    <div style=\"text-align:center\" class=\"nd_options_section\">\n      <img decoding=\"async\" alt=\"\" style=\"width:200px\" class=\" nd_options_margin_0 nd_options_padding_0 \" src=\"https:\/\/restaurant-la-barque-bleue.fr\/wp-content\/uploads\/2021\/10\/3-1024x1024.jpg\">\n    <\/div>\n   [\/vc_column_inner][vc_column_inner width=\u00bb1\/4&#8243;]\n    <div style=\"text-align:center\" class=\"nd_options_section\">\n      <img decoding=\"async\" alt=\"\" style=\"width:200px\" class=\" nd_options_margin_0 nd_options_padding_0 \" src=\"https:\/\/restaurant-la-barque-bleue.fr\/wp-content\/uploads\/2021\/10\/1-1024x1024.jpg\">\n    <\/div>\n   [\/vc_column_inner][vc_column_inner width=\u00bb1\/4&#8243;]\n    <div style=\"text-align:center\" class=\"nd_options_section\">\n      <img decoding=\"async\" alt=\"\" style=\"width:200px\" class=\" nd_options_margin_0 nd_options_padding_0 \" src=\"https:\/\/restaurant-la-barque-bleue.fr\/wp-content\/uploads\/2021\/10\/2-1024x1024.jpg\">\n    <\/div>\n   [\/vc_column_inner][\/vc_row_inner][vc_empty_space height=\u00bb52px\u00bb][vc_row_inner][vc_column_inner width=\u00bb1\/6&#8243;]\n    <div style=\"text-align:center\" class=\"nd_options_section\">\n      <img decoding=\"async\" alt=\"\" style=\"width:70px\" class=\" nd_options_margin_0 nd_options_padding_0 \" src=\"https:\/\/restaurant-la-barque-bleue.fr\/wp-content\/uploads\/2020\/09\/icon-17.png\">\n    <\/div>\n   [\/vc_column_inner][vc_column_inner width=\u00bb5\/6&#8243;][vc_column_text]<\/p>\n<p style=\"text-align: left;\"><span style=\"font-size: 14pt;\"><strong>\u00bfQuieres organizar una comida de grupo en un restaurante del puerto de Niza?<\/strong> <\/span><br \/>\nNo dudes en <a href=\"https:\/\/restaurant-la-barque-bleue.fr\/es\/reserva-tu-restaurante-en-el-puerto-de-niza\/\"><br \/>\n  <strong>contactar con La Barque Bleue<\/strong><br \/>\n<\/a> \u00a1!<br \/>\nPodemos acoger a grupos de hasta 100 personas.<\/p>\n<p>[\/vc_column_text][\/vc_column_inner][\/vc_row_inner][vc_empty_space height=\u00bb52px\u00bb][\/vc_column][\/vc_row][vc_row full_width=\u00bbstretch_row\u00bb parallax=\u00bbcontent-moving\u00bb parallax_image=\u00bb510&#8243; css=\u00bb.vc_custom_1549269790782{margin-top: 60px !important;padding-top: 100px !important;padding-bottom: 100px !important;}\u00bb el_class=\u00bbnd_options_vc_parallax_filter_2_4&#8243;][vc_column][vc_row_inner][vc_column_inner width=\u00bb1\/3&#8243; css=\u00bb.vc_custom_1469630289168{padding-top: 10px !important;padding-bottom: 10px !important;}\u00bb][vc_column_text]<\/p>\n<p style=\"text-align: center;\"><span style=\"font-size: 24pt; color: #ffffff;\"><strong>de 9.30 a 22 h.<\/strong><\/span><\/p>\n<p>[\/vc_column_text]<div style=\"background-color:;height: 20px\" class=\"nicdark_section  \"><\/div> <p style=\"color:#ffffff;padding:px;text-align:center;font-size:14px;line-height:30px;letter-spacing: 2px;font-weight:lighter\" class=\"   nd_options_second_font \">SERVICE NON STOP<\/p> [\/vc_column_inner][vc_column_inner width=\u00bb1\/3&#8243; css=\u00bb.vc_custom_1469630269458{padding-top: 10px !important;padding-bottom: 10px !important;}\u00bb][vc_column_text]<\/p>\n<p style=\"text-align: center;\"><span style=\"font-size: 24pt; color: #ffffff;\"><strong>7J\/7<\/strong><\/span><\/p>\n<p>[\/vc_column_text]<div style=\"background-color:;height: 20px\" class=\"nicdark_section  \"><\/div> <p style=\"color:#ffffff;padding:px;text-align:center;font-size:14px;line-height:30px;letter-spacing: 2px;font-weight:lighter\" class=\"   nd_options_second_font \">OUVERTURE<\/p> [\/vc_column_inner][vc_column_inner width=\u00bb1\/3&#8243; css=\u00bb.vc_custom_1469630276028{padding-top: 10px !important;padding-bottom: 10px !important;}\u00bb]<h1 style=\"text-align:center;color:#ffffff;font-size:50px\" class=\" nd_options_counter_component_l1 nd_options_font_weight_bolder nd_options_counter counter-text \" data-to=\"100\" data-speed=\"1000\">100<\/h1><div style=\"background-color:;height: 20px\" class=\"nicdark_section  \"><\/div> <p style=\"color:#ffffff;padding:px;text-align:center;font-size:14px;line-height:30px;letter-spacing: 2px;font-weight:lighter\" class=\"   nd_options_second_font \">SOURIRES \/ JOUR<\/p> [\/vc_column_inner][\/vc_row_inner][\/vc_column][\/vc_row][vc_row full_width=\u00bbstretch_row\u00bb equal_height=\u00bbyes\u00bb content_placement=\u00bbmiddle\u00bb css=\u00bb.vc_custom_1634740404965{margin-top: 30px !important;}\u00bb][vc_column width=\u00bb1\/4&#8243;]<div style=\"background-color:;height: 30px\" class=\"nicdark_section  \"><\/div>\n    <div style=\"text-align:left\" class=\"nd_options_section\">\n      <img decoding=\"async\" alt=\"\" style=\"width:60px\" class=\" nd_options_margin_0 nd_options_padding_0 \" src=\"https:\/\/restaurant-la-barque-bleue.fr\/wp-content\/uploads\/2021\/10\/icon-.jpg\">\n    <\/div>\n   <div style=\"background-color:;height: 15px\" class=\"nicdark_section  \"><\/div> <h3 style=\"color:#375792;padding:px;text-align:;font-size:18px;line-height:50px;letter-spacing: 2px;font-weight:normal\" class=\"  nd_options_font_size_40_important_all_iphone nd_options_first_font \">PRODUCTOS DE TEMPORADA<\/h3>  <p style=\"color:;padding:px;text-align:;font-size:px;line-height:px;letter-spacing: px;font-weight:normal\" class=\"    \">L\u2019un des engagements de La Barque Bleue est de travailler principalement avec des partenaires locaux. Nous adaptons donc notre carte selon la p\u00e9riode afin d\u2019utiliser un maximum de produits de saison.<\/p> <div style=\"background-color:;height: 30px\" class=\"nicdark_section  \"><\/div>[\/vc_column][vc_column width=\u00bb1\/4&#8243;]<div style=\"background-color:;height: 30px\" class=\"nicdark_section  \"><\/div>\n    <div style=\"text-align:left\" class=\"nd_options_section\">\n      <img decoding=\"async\" alt=\"\" style=\"width:50px\" class=\" nd_options_margin_0 nd_options_padding_0 \" src=\"https:\/\/restaurant-la-barque-bleue.fr\/wp-content\/uploads\/2021\/10\/icon.jpg\">\n    <\/div>\n   <div style=\"background-color:;height: 15px\" class=\"nicdark_section  \"><\/div> <h3 style=\"color:#375792;padding:px;text-align:;font-size:18px;line-height:50px;letter-spacing: 2px;font-weight:normal\" class=\"  nd_options_font_size_40_important_all_iphone nd_options_first_font \">PRODUCTOS FRESCOS<\/h3>  <p style=\"color:;padding:px;text-align:;font-size:px;line-height:px;letter-spacing: px;font-weight:\" class=\"    \">Nuestro chef compone y prepara cada plato de la carta utilizando \u00fanicamente productos frescos. Piensa y crea con mucho mimo todos los platos de su carta, y selecciona cuidadosamente cada producto.<\/p> <div style=\"background-color:;height: 30px\" class=\"nicdark_section  \"><\/div>[\/vc_column][vc_column width=\u00bb1\/4&#8243;]<div style=\"background-color:;height: 30px\" class=\"nicdark_section  \"><\/div>\n    <div style=\"text-align:left\" class=\"nd_options_section\">\n      <img decoding=\"async\" alt=\"\" style=\"width:50px\" class=\" nd_options_margin_0 nd_options_padding_0 \" src=\"https:\/\/restaurant-la-barque-bleue.fr\/wp-content\/uploads\/2020\/09\/ico-01.png\">\n    <\/div>\n   <div style=\"background-color:;height: 15px\" class=\"nicdark_section  \"><\/div> <h3 style=\"color:#375792;padding:px;text-align:;font-size:18px;line-height:50px;letter-spacing: 2px;font-weight:normal\" class=\"  nd_options_font_size_40_important_all_iphone nd_options_first_font \">CASERO<\/h3>  <p style=\"color:;padding:px;text-align:;font-size:px;line-height:px;letter-spacing: px;font-weight:\" class=\"    \">Desde el entrante hasta el postre, cada plato de la carta es \u00edntegramente casero. Especializados en pescados de mar y de agua dulce, todos nuestros platos son cocinados, condimentados y elaborados en nuestras cocinas.<\/p> <div style=\"background-color:;height: 30px\" class=\"nicdark_section  \"><\/div>[\/vc_column][vc_column width=\u00bb1\/4&#8243;]<div style=\"background-color:;height: 30px\" class=\"nicdark_section  \"><\/div>\n    <div style=\"text-align:left\" class=\"nd_options_section\">\n      <img decoding=\"async\" alt=\"\" style=\"width:50px\" class=\" nd_options_margin_0 nd_options_padding_0 \" src=\"https:\/\/restaurant-la-barque-bleue.fr\/wp-content\/uploads\/2021\/10\/icon-17-1.png\">\n    <\/div>\n   <div style=\"background-color:;height: 15px\" class=\"nicdark_section  \"><\/div> <h3 style=\"color:#375792;padding:px;text-align:;font-size:18px;line-height:50px;letter-spacing: 2px;font-weight:normal\" class=\"  nd_options_font_size_40_important_all_iphone nd_options_first_font \">ENTORNO EXCEPCIONAL<\/h3>  <p style=\"color:;padding:px;text-align:;font-size:px;line-height:px;letter-spacing: px;font-weight:\" class=\"    \">Con su amplia terraza, La Barque Bleue le ofrece una magn\u00edfica vista del puerto de Niza. Aproveche este entorno excepcional, de d\u00eda o de noche, para disfrutar de un momento incomparable de relajaci\u00f3n y de compartir, en pareja, con amigos o en familia.<\/p> <div style=\"background-color:;height: 30px\" class=\"nicdark_section  \"><\/div>[\/vc_column][\/vc_row][vc_row css=\u00bb.vc_custom_1504098160799{margin-top: 15px !important;}\u00bb][vc_column el_class=\u00bbnd_options_text_align_center\u00bb]\n\t<div class=\"nd_options_section nd_options_text_align_center\">\n\t<a style=\"border: px solid;border-radius:3px;letter-spacing:2px;line-height:16px;font-size:16px;background-color:#2d5698;padding:15px 25px;margin:;color:#ffffff\" rel=\"\" href=\"https:\/\/restaurant-la-barque-bleue.fr\/index.php\/contact-restaurant-la-barque-bleue-au-port-de-nice\/\" class=\"nicdark_display_inline_block  nd_options_font_weight_normal nd_options_first_font  \">R\u00c9SERVER VOTRE TABLE<\/a>\n\t<\/div>\n[\/vc_column][\/vc_row]<\/p>\n<\/div>","protected":false},"excerpt":{"rendered":"<p>[vc_row css=\u00bb.vc_custom_1600177424345{background-image: url(https:\/\/restaurant-la-barque-bleue.fr\/wp-content\/uploads\/2020\/09\/Copie-de-LOGO_bleu_BB_Plan-de-travail-1-1.png?id=1737) !important;background-position: center !important;background-repeat: no-repeat !important;background-size: contain !important;}\u00bb][vc_column width=\u00bb6\/12&#8243; css=\u00bb.vc_custom_1467360650255{margin-top: 10px !important;margin-bottom: 10px !important;padding-top: 0px !important;padding-right: 40px !important;}\u00bb][\/vc_column][vc_column width=\u00bb3\/12&#8243; css=\u00bb.vc_custom_1467207292391{margin-top: 10px !important;margin-bottom: 10px !important;padding-top: 0px !important;}\u00bb][vc_column_text el_class=\u00bbnd_options_text_align_center_responsive\u00bb] la Barque Bleue: Restaurante en el Puerto de Niza. Conocido tanto por los lugare\u00f1os como por los visitantes por su cocina refinada y su entorno privilegiado, [&hellip;]<\/p>\n","protected":false},"author":1,"featured_media":0,"parent":0,"menu_order":0,"comment_status":"closed","ping_status":"closed","template":"page_ restaurant.php","meta":{"footnotes":""},"class_list":["post-4294","page","type-page","status-publish","hentry"],"yoast_head":"<!-- This site is optimized with the Yoast SEO Premium plugin v26.0 (Yoast SEO v27.3) - https:\/\/yoast.com\/product\/yoast-seo-premium-wordpress\/ -->\n<title>Restaurante la barque bleue en el puerto de Niza - Productos frescos y de temporada.<\/title>\n<meta name=\"description\" content=\"Restaurante en el puerto de Niza: La barque bleue. Creado en 1982, el restaurante es un punto de referencia en el puerto de Niza. Cocina mediterr\u00e1nea.\" \/>\n<meta name=\"robots\" content=\"index, follow, max-snippet:-1, max-image-preview:large, max-video-preview:-1\" \/>\n<link rel=\"canonical\" href=\"https:\/\/restaurant-la-barque-bleue.fr\/es\/restaurante-en-el-puerto-de-niza-la-barque-bleue\/\" \/>\n<meta property=\"og:locale\" content=\"es_ES\" \/>\n<meta property=\"og:type\" content=\"article\" \/>\n<meta property=\"og:title\" content=\"Restaurante en el puerto de Niza: la barque bleue - La Barque Bleue Restaurant au Port de nice\" \/>\n<meta property=\"og:description\" content=\"Restaurante en el puerto de Niza: La barque bleue. Creado en 1982, el restaurante es un punto de referencia en el puerto de Niza. Cocina mediterr\u00e1nea.\" \/>\n<meta property=\"og:url\" content=\"https:\/\/restaurant-la-barque-bleue.fr\/es\/restaurante-en-el-puerto-de-niza-la-barque-bleue\/\" \/>\n<meta property=\"og:site_name\" content=\"La Barque Bleue Restaurant au Port de nice\" \/>\n<meta property=\"article:publisher\" content=\"https:\/\/www.facebook.com\/LaBarqueBleue06\" \/>\n<meta property=\"article:modified_time\" content=\"2024-07-12T11:26:02+00:00\" \/>\n<meta name=\"twitter:card\" content=\"summary_large_image\" \/>\n<meta name=\"twitter:label1\" content=\"Tiempo de lectura\" \/>\n\t<meta name=\"twitter:data1\" content=\"8 minutos\" \/>\n<script type=\"application\/ld+json\" class=\"yoast-schema-graph\">{\"@context\":\"https:\\\/\\\/schema.org\",\"@graph\":[{\"@type\":\"WebPage\",\"@id\":\"https:\\\/\\\/restaurant-la-barque-bleue.fr\\\/es\\\/restaurante-en-el-puerto-de-niza-la-barque-bleue\\\/\",\"url\":\"https:\\\/\\\/restaurant-la-barque-bleue.fr\\\/es\\\/restaurante-en-el-puerto-de-niza-la-barque-bleue\\\/\",\"name\":\"Restaurante la barque bleue en el puerto de Niza - Productos frescos y de temporada.\",\"isPartOf\":{\"@id\":\"https:\\\/\\\/restaurant-la-barque-bleue.fr\\\/es\\\/#website\"},\"datePublished\":\"2019-01-29T15:17:42+00:00\",\"dateModified\":\"2024-07-12T11:26:02+00:00\",\"description\":\"Restaurante en el puerto de Niza: La barque bleue. Creado en 1982, el restaurante es un punto de referencia en el puerto de Niza. Cocina mediterr\u00e1nea.\",\"breadcrumb\":{\"@id\":\"https:\\\/\\\/restaurant-la-barque-bleue.fr\\\/es\\\/restaurante-en-el-puerto-de-niza-la-barque-bleue\\\/#breadcrumb\"},\"inLanguage\":\"es\",\"potentialAction\":[{\"@type\":\"ReadAction\",\"target\":[\"https:\\\/\\\/restaurant-la-barque-bleue.fr\\\/es\\\/restaurante-en-el-puerto-de-niza-la-barque-bleue\\\/\"]}]},{\"@type\":\"BreadcrumbList\",\"@id\":\"https:\\\/\\\/restaurant-la-barque-bleue.fr\\\/es\\\/restaurante-en-el-puerto-de-niza-la-barque-bleue\\\/#breadcrumb\",\"itemListElement\":[{\"@type\":\"ListItem\",\"position\":1,\"name\":\"Accueil\",\"item\":\"https:\\\/\\\/restaurant-la-barque-bleue.fr\\\/es\\\/\"},{\"@type\":\"ListItem\",\"position\":2,\"name\":\"Restaurante en el puerto de Niza: la barque bleue\"}]},{\"@type\":\"WebSite\",\"@id\":\"https:\\\/\\\/restaurant-la-barque-bleue.fr\\\/es\\\/#website\",\"url\":\"https:\\\/\\\/restaurant-la-barque-bleue.fr\\\/es\\\/\",\"name\":\"La Barque Bleue Restaurant au Port de nice\",\"description\":\"Restaurant sp\u00e9cialit\u00e9s Viandes, Poissons et P\u00e2tes sur le Port de Nice\",\"publisher\":{\"@id\":\"https:\\\/\\\/restaurant-la-barque-bleue.fr\\\/es\\\/#organization\"},\"potentialAction\":[{\"@type\":\"SearchAction\",\"target\":{\"@type\":\"EntryPoint\",\"urlTemplate\":\"https:\\\/\\\/restaurant-la-barque-bleue.fr\\\/es\\\/?s={search_term_string}\"},\"query-input\":{\"@type\":\"PropertyValueSpecification\",\"valueRequired\":true,\"valueName\":\"search_term_string\"}}],\"inLanguage\":\"es\"},{\"@type\":\"Organization\",\"@id\":\"https:\\\/\\\/restaurant-la-barque-bleue.fr\\\/es\\\/#organization\",\"name\":\"Restaurant la Barque Bleue\",\"url\":\"https:\\\/\\\/restaurant-la-barque-bleue.fr\\\/es\\\/\",\"logo\":{\"@type\":\"ImageObject\",\"inLanguage\":\"es\",\"@id\":\"https:\\\/\\\/restaurant-la-barque-bleue.fr\\\/es\\\/#\\\/schema\\\/logo\\\/image\\\/\",\"url\":\"https:\\\/\\\/i0.wp.com\\\/restaurant-la-barque-bleue.fr\\\/wp-content\\\/uploads\\\/2020\\\/09\\\/LOGO-BARQUE-BLEUE-1.png?fit=533%2C510&ssl=1\",\"contentUrl\":\"https:\\\/\\\/i0.wp.com\\\/restaurant-la-barque-bleue.fr\\\/wp-content\\\/uploads\\\/2020\\\/09\\\/LOGO-BARQUE-BLEUE-1.png?fit=533%2C510&ssl=1\",\"width\":533,\"height\":510,\"caption\":\"Restaurant la Barque Bleue\"},\"image\":{\"@id\":\"https:\\\/\\\/restaurant-la-barque-bleue.fr\\\/es\\\/#\\\/schema\\\/logo\\\/image\\\/\"},\"sameAs\":[\"https:\\\/\\\/www.facebook.com\\\/LaBarqueBleue06\",\"https:\\\/\\\/www.instagram.com\\\/labarquebleue.nice\\\/\"]}]}<\/script>\n<!-- \/ Yoast SEO Premium plugin. -->","yoast_head_json":{"title":"Restaurante la barque bleue en el puerto de Niza - Productos frescos y de temporada.","description":"Restaurante en el puerto de Niza: La barque bleue. Creado en 1982, el restaurante es un punto de referencia en el puerto de Niza. Cocina mediterr\u00e1nea.","robots":{"index":"index","follow":"follow","max-snippet":"max-snippet:-1","max-image-preview":"max-image-preview:large","max-video-preview":"max-video-preview:-1"},"canonical":"https:\/\/restaurant-la-barque-bleue.fr\/es\/restaurante-en-el-puerto-de-niza-la-barque-bleue\/","og_locale":"es_ES","og_type":"article","og_title":"Restaurante en el puerto de Niza: la barque bleue - La Barque Bleue Restaurant au Port de nice","og_description":"Restaurante en el puerto de Niza: La barque bleue. Creado en 1982, el restaurante es un punto de referencia en el puerto de Niza. Cocina mediterr\u00e1nea.","og_url":"https:\/\/restaurant-la-barque-bleue.fr\/es\/restaurante-en-el-puerto-de-niza-la-barque-bleue\/","og_site_name":"La Barque Bleue Restaurant au Port de nice","article_publisher":"https:\/\/www.facebook.com\/LaBarqueBleue06","article_modified_time":"2024-07-12T11:26:02+00:00","twitter_card":"summary_large_image","twitter_misc":{"Tiempo de lectura":"8 minutos"},"schema":{"@context":"https:\/\/schema.org","@graph":[{"@type":"WebPage","@id":"https:\/\/restaurant-la-barque-bleue.fr\/es\/restaurante-en-el-puerto-de-niza-la-barque-bleue\/","url":"https:\/\/restaurant-la-barque-bleue.fr\/es\/restaurante-en-el-puerto-de-niza-la-barque-bleue\/","name":"Restaurante la barque bleue en el puerto de Niza - Productos frescos y de temporada.","isPartOf":{"@id":"https:\/\/restaurant-la-barque-bleue.fr\/es\/#website"},"datePublished":"2019-01-29T15:17:42+00:00","dateModified":"2024-07-12T11:26:02+00:00","description":"Restaurante en el puerto de Niza: La barque bleue. Creado en 1982, el restaurante es un punto de referencia en el puerto de Niza. Cocina mediterr\u00e1nea.","breadcrumb":{"@id":"https:\/\/restaurant-la-barque-bleue.fr\/es\/restaurante-en-el-puerto-de-niza-la-barque-bleue\/#breadcrumb"},"inLanguage":"es","potentialAction":[{"@type":"ReadAction","target":["https:\/\/restaurant-la-barque-bleue.fr\/es\/restaurante-en-el-puerto-de-niza-la-barque-bleue\/"]}]},{"@type":"BreadcrumbList","@id":"https:\/\/restaurant-la-barque-bleue.fr\/es\/restaurante-en-el-puerto-de-niza-la-barque-bleue\/#breadcrumb","itemListElement":[{"@type":"ListItem","position":1,"name":"Accueil","item":"https:\/\/restaurant-la-barque-bleue.fr\/es\/"},{"@type":"ListItem","position":2,"name":"Restaurante en el puerto de Niza: la barque bleue"}]},{"@type":"WebSite","@id":"https:\/\/restaurant-la-barque-bleue.fr\/es\/#website","url":"https:\/\/restaurant-la-barque-bleue.fr\/es\/","name":"La Barque Bleue Restaurant au Port de nice","description":"Restaurant sp\u00e9cialit\u00e9s Viandes, Poissons et P\u00e2tes sur le Port de Nice","publisher":{"@id":"https:\/\/restaurant-la-barque-bleue.fr\/es\/#organization"},"potentialAction":[{"@type":"SearchAction","target":{"@type":"EntryPoint","urlTemplate":"https:\/\/restaurant-la-barque-bleue.fr\/es\/?s={search_term_string}"},"query-input":{"@type":"PropertyValueSpecification","valueRequired":true,"valueName":"search_term_string"}}],"inLanguage":"es"},{"@type":"Organization","@id":"https:\/\/restaurant-la-barque-bleue.fr\/es\/#organization","name":"Restaurant la Barque Bleue","url":"https:\/\/restaurant-la-barque-bleue.fr\/es\/","logo":{"@type":"ImageObject","inLanguage":"es","@id":"https:\/\/restaurant-la-barque-bleue.fr\/es\/#\/schema\/logo\/image\/","url":"https:\/\/i0.wp.com\/restaurant-la-barque-bleue.fr\/wp-content\/uploads\/2020\/09\/LOGO-BARQUE-BLEUE-1.png?fit=533%2C510&ssl=1","contentUrl":"https:\/\/i0.wp.com\/restaurant-la-barque-bleue.fr\/wp-content\/uploads\/2020\/09\/LOGO-BARQUE-BLEUE-1.png?fit=533%2C510&ssl=1","width":533,"height":510,"caption":"Restaurant la Barque Bleue"},"image":{"@id":"https:\/\/restaurant-la-barque-bleue.fr\/es\/#\/schema\/logo\/image\/"},"sameAs":["https:\/\/www.facebook.com\/LaBarqueBleue06","https:\/\/www.instagram.com\/labarquebleue.nice\/"]}]}},"_links":{"self":[{"href":"https:\/\/restaurant-la-barque-bleue.fr\/es\/wp-json\/wp\/v2\/pages\/4294","targetHints":{"allow":["GET"]}}],"collection":[{"href":"https:\/\/restaurant-la-barque-bleue.fr\/es\/wp-json\/wp\/v2\/pages"}],"about":[{"href":"https:\/\/restaurant-la-barque-bleue.fr\/es\/wp-json\/wp\/v2\/types\/page"}],"author":[{"embeddable":true,"href":"https:\/\/restaurant-la-barque-bleue.fr\/es\/wp-json\/wp\/v2\/users\/1"}],"replies":[{"embeddable":true,"href":"https:\/\/restaurant-la-barque-bleue.fr\/es\/wp-json\/wp\/v2\/comments?post=4294"}],"version-history":[{"count":0,"href":"https:\/\/restaurant-la-barque-bleue.fr\/es\/wp-json\/wp\/v2\/pages\/4294\/revisions"}],"wp:attachment":[{"href":"https:\/\/restaurant-la-barque-bleue.fr\/es\/wp-json\/wp\/v2\/media?parent=4294"}],"curies":[{"name":"wp","href":"https:\/\/api.w.org\/{rel}","templated":true}]}}