{"id":4271,"date":"2022-12-15T14:41:22","date_gmt":"2022-12-15T14:41:22","guid":{"rendered":"https:\/\/restaurant-la-barque-bleue.fr\/happy-hour-de-1700-a-1900\/"},"modified":"2024-07-12T11:26:28","modified_gmt":"2024-07-12T11:26:28","slug":"happy-hour-de-1700-a-1900","status":"publish","type":"page","link":"https:\/\/restaurant-la-barque-bleue.fr\/es\/happy-hour-de-1700-a-1900\/","title":{"rendered":"Happy Hour de 17:00 a 19:00"},"content":{"rendered":"<div class=\"wpb-content-wrapper\"><p>[vc_row css=\u00bb.vc_custom_1600177424345{background-image: url(https:\/\/restaurant-la-barque-bleue.fr\/wp-content\/uploads\/2020\/09\/Copie-de-LOGO_bleu_BB_Plan-de-travail-1-1.png?id=1737) !important;background-position: center !important;background-repeat: no-repeat !important;background-size: contain !important;}\u00bb][vc_column width=\u00bb1\/2&#8243; css=\u00bb.vc_custom_1467207292391{margin-top: 10px !important;margin-bottom: 10px !important;padding-top: 0px !important;}\u00bb]<div style=\"background-color:;height: 20px\" class=\"nicdark_section  \"><\/div>[vc_column_text el_class=\u00bbnd_options_text_align_center_responsive\u00bb]<\/p>\n<p style=\"text-align: center;\"><em><strong>\u00bfBuscas un momento de relajaci\u00f3n?<br \/>\ny convivencia en un entorno id\u00edlico?  <\/strong><\/em><br \/>\n<em><strong>\u00a1No busques m\u00e1s!  <\/strong><\/em><\/p>\n<p>Nuestro restaurante, situado en el pintoresco puerto de Niza, te invita a disfrutar de una memorable Happy Hour en un ambiente encantador, con una magn\u00edfica vista del puerto deportivo y las colinas de Niza.<\/p>\n<p>Imag\u00ednate sentado en nuestra soleada terraza, con vistas al bullicioso puerto y al centelleante mar. Entre la brisa marina y las impresionantes vistas del<br \/>\nEl paisaje costero de Niza y la decoraci\u00f3n de nuestra terraza prometen una velada inolvidable.<\/p>\n<p>Spritz Aperol, cerveza italiana, vino de peque\u00f1os productores y charcuter\u00eda local, nuestro equipo de cocineros y baristas utiliza productos frescos y locales para crear una experiencia \u00fanica.<br \/>\ncalidad para satisfacer las papilas gustativas m\u00e1s exigentes.<\/p>\n<p>Nuestro amable y atento equipo te har\u00e1 sentir como en casa, tanto si est\u00e1s disfrutando de una copa con los amigos, de un rom\u00e1ntico aperitivo al atardecer o simplemente relaj\u00e1ndote tras un ajetreado d\u00eda de trabajo.<\/p>\n<p>Como ves, nuestra Happy Hour es la oportunidad perfecta para evadirte y disfrutar de un ambiente tranquilo en el puerto de Niza.[\/vc_column_text]<div style=\"background-color:;height: 20px\" class=\"nicdark_section  \"><\/div><div style=\"background-color:;height: 20px\" class=\"nicdark_section  \"><\/div>[\/vc_column][vc_column width=\u00bb1\/2&#8243; css=\u00bb.vc_custom_1467360650255{margin-top: 10px !important;margin-bottom: 10px !important;padding-top: 0px !important;padding-right: 40px !important;}\u00bb]<div style=\"background-color:;height: 10px\" class=\"nicdark_section  \"><\/div><div style=\"background-color:;height: 10px\" class=\"nicdark_section  \"><\/div> <h2 style=\"color:#375792;padding:px;text-align:right;font-size:30px;line-height:40px;letter-spacing: px;font-weight:normal\" class=\"  nd_options_text_align_center_responsive_important nd_options_first_font \">Venez-vous d\u00e9lecter sur notre terrasse ensoleill\u00e9e devant les bateaux au Port de Nice<\/h2> [vc_single_image image=\u00bb2847&#8243; img_size=\u00bbfull\u00bb alignment=\u00bbcenter\u00bb][\/vc_column][\/vc_row][vc_row][vc_column][vc_row_inner][vc_column_inner width=\u00bb1\/4&#8243;]\n    <div style=\"text-align:center\" class=\"nd_options_section\">\n      <img decoding=\"async\" alt=\"\" style=\"width:200px\" class=\" nd_options_margin_0 nd_options_padding_0 \" src=\"https:\/\/restaurant-la-barque-bleue.fr\/wp-content\/uploads\/2021\/10\/4-1024x1024.jpg\">\n    <\/div>\n   [\/vc_column_inner][vc_column_inner width=\u00bb1\/4&#8243;]\n    <div style=\"text-align:center\" class=\"nd_options_section\">\n      <img decoding=\"async\" alt=\"\" style=\"width:200px\" class=\" nd_options_margin_0 nd_options_padding_0 \" src=\"https:\/\/restaurant-la-barque-bleue.fr\/wp-content\/uploads\/2021\/10\/3-1024x1024.jpg\">\n    <\/div>\n   [\/vc_column_inner][vc_column_inner width=\u00bb1\/4&#8243;]\n    <div style=\"text-align:center\" class=\"nd_options_section\">\n      <img decoding=\"async\" alt=\"\" style=\"width:200px\" class=\" nd_options_margin_0 nd_options_padding_0 \" src=\"https:\/\/restaurant-la-barque-bleue.fr\/wp-content\/uploads\/2021\/10\/1-1024x1024.jpg\">\n    <\/div>\n   [\/vc_column_inner][vc_column_inner width=\u00bb1\/4&#8243;]\n    <div style=\"text-align:center\" class=\"nd_options_section\">\n      <img decoding=\"async\" alt=\"\" style=\"width:200px\" class=\" nd_options_margin_0 nd_options_padding_0 \" src=\"https:\/\/restaurant-la-barque-bleue.fr\/wp-content\/uploads\/2021\/10\/2-1024x1024.jpg\">\n    <\/div>\n   [\/vc_column_inner][\/vc_row_inner][vc_empty_space height=\u00bb52px\u00bb][vc_row_inner][vc_column_inner width=\u00bb1\/6&#8243;]\n    <div style=\"text-align:center\" class=\"nd_options_section\">\n      <img decoding=\"async\" alt=\"\" style=\"width:70px\" class=\" nd_options_margin_0 nd_options_padding_0 \" src=\"https:\/\/restaurant-la-barque-bleue.fr\/wp-content\/uploads\/2020\/09\/icon-17.png\">\n    <\/div>\n   [\/vc_column_inner][vc_column_inner width=\u00bb5\/6&#8243;][vc_column_text]<\/p>\n<div class=\"vc_row wpb_row vc_inner vc_row-fluid\">\n<div class=\"wpb_column vc_column_container vc_col-sm-10\">\n<div class=\"vc_column-inner\">\n<div class=\"wpb_wrapper\">\n<div class=\"wpb_text_column wpb_content_element \">\n<div class=\"wpb_wrapper\">\n<p><strong>\u00bfQuieres organizar una comida de grupo en un restaurante del puerto de Niza?<\/strong><br \/>\nNo dudes en <a href=\"https:\/\/restaurant-la-barque-bleue.fr\/es\/reserva-tu-restaurante-en-el-puerto-de-niza\/\"><br \/>\n  <strong>contactar con La Barque Bleue<\/strong><br \/>\n<\/a> \u00a1!<br \/>\nPodemos acoger a grupos de hasta 100 personas.<\/p>\n<\/div>\n<\/div>\n<\/div>\n<\/div>\n<\/div>\n<\/div>\n<p>[\/vc_column_text][\/vc_column_inner][\/vc_row_inner][vc_empty_space height=\u00bb52px\u00bb][\/vc_column][\/vc_row][vc_row full_width=\u00bbstretch_row\u00bb parallax=\u00bbcontent-moving\u00bb parallax_image=\u00bb510&#8243; css=\u00bb.vc_custom_1549269790782{margin-top: 60px !important;padding-top: 100px !important;padding-bottom: 100px !important;}\u00bb el_class=\u00bbnd_options_vc_parallax_filter_2_4&#8243;][vc_column][vc_row_inner][vc_column_inner width=\u00bb1\/3&#8243; css=\u00bb.vc_custom_1469630289168{padding-top: 10px !important;padding-bottom: 10px !important;}\u00bb][vc_column_text]<\/p>\n<div class=\"page\" title=\"P\u00e1gina 11\">\n<div class=\"section\">\n<div class=\"layoutArea\">\n<div class=\"column\">\n<p style=\"text-align: center;\"><span style=\"font-size: 24pt;\"><strong><span style=\"color: #ffffff;\">de 9.30 a 22 h.  <\/span><\/strong><\/span><\/p>\n<\/div>\n<\/div>\n<\/div>\n<\/div>\n<p>[\/vc_column_text]<div style=\"background-color:;height: 20px\" class=\"nicdark_section  \"><\/div> <p style=\"color:#ffffff;padding:px;text-align:center;font-size:14px;line-height:30px;letter-spacing: 2px;font-weight:lighter\" class=\"   nd_options_second_font \">SERVICES NON STOP<\/p> [\/vc_column_inner][vc_column_inner width=\u00bb1\/3&#8243; css=\u00bb.vc_custom_1469630269458{padding-top: 10px !important;padding-bottom: 10px !important;}\u00bb][vc_column_text]<\/p>\n<div class=\"page\" title=\"P\u00e1gina 11\">\n<div class=\"section\">\n<div class=\"layoutArea\">\n<div class=\"column\">\n<p style=\"text-align: center;\"><span style=\"font-size: 24pt;\"><strong><span style=\"color: #ffffff;\">7J\/7<\/span><\/strong><\/span><\/p>\n<\/div>\n<\/div>\n<\/div>\n<\/div>\n<p>[\/vc_column_text]<div style=\"background-color:;height: 20px\" class=\"nicdark_section  \"><\/div> <p style=\"color:#ffffff;padding:px;text-align:center;font-size:14px;line-height:30px;letter-spacing: 2px;font-weight:lighter\" class=\"   nd_options_second_font \">OUVERTURE<\/p> [\/vc_column_inner][vc_column_inner width=\u00bb1\/3&#8243; css=\u00bb.vc_custom_1469630276028{padding-top: 10px !important;padding-bottom: 10px !important;}\u00bb]<h1 style=\"text-align:center;color:#ffffff;font-size:50px\" class=\" nd_options_counter_component_l1 nd_options_font_weight_bolder nd_options_counter counter-text \" data-to=\"100\" data-speed=\"1000\">100<\/h1><div style=\"background-color:;height: 20px\" class=\"nicdark_section  \"><\/div> <p style=\"color:#ffffff;padding:px;text-align:center;font-size:14px;line-height:30px;letter-spacing: 2px;font-weight:lighter\" class=\"   nd_options_second_font \">SOURIRES \/ JOUR<\/p> [\/vc_column_inner][\/vc_row_inner][\/vc_column][\/vc_row][vc_row full_width=\u00bbstretch_row\u00bb equal_height=\u00bbyes\u00bb content_placement=\u00bbmiddle\u00bb css=\u00bb.vc_custom_1634740404965{margin-top: 30px !important;}\u00bb][vc_column width=\u00bb1\/4&#8243;]<div style=\"background-color:;height: 30px\" class=\"nicdark_section  \"><\/div>\n    <div style=\"text-align:left\" class=\"nd_options_section\">\n      <img decoding=\"async\" alt=\"\" style=\"width:60px\" class=\" nd_options_margin_0 nd_options_padding_0 \" src=\"https:\/\/restaurant-la-barque-bleue.fr\/wp-content\/uploads\/2021\/10\/icon-.jpg\">\n    <\/div>\n   <div style=\"background-color:;height: 15px\" class=\"nicdark_section  \"><\/div> <h3 style=\"color:#375792;padding:px;text-align:;font-size:18px;line-height:50px;letter-spacing: 2px;font-weight:normal\" class=\"  nd_options_font_size_40_important_all_iphone nd_options_first_font \">PRODUCTOS DE TEMPORADA<\/h3>  <p style=\"color:;padding:px;text-align:;font-size:px;line-height:px;letter-spacing: px;font-weight:normal\" class=\"    \">L\u2019un des engagements de La Barque Bleue est de travailler principalement avec des partenaires locaux. Nous adaptons donc notre carte selon la p\u00e9riode afin d\u2019utiliser un maximum de produits de saison.<\/p> <div style=\"background-color:;height: 30px\" class=\"nicdark_section  \"><\/div>[\/vc_column][vc_column width=\u00bb1\/4&#8243;]<div style=\"background-color:;height: 30px\" class=\"nicdark_section  \"><\/div>\n    <div style=\"text-align:left\" class=\"nd_options_section\">\n      <img decoding=\"async\" alt=\"\" style=\"width:50px\" class=\" nd_options_margin_0 nd_options_padding_0 \" src=\"https:\/\/restaurant-la-barque-bleue.fr\/wp-content\/uploads\/2021\/10\/icon.jpg\">\n    <\/div>\n   <div style=\"background-color:;height: 15px\" class=\"nicdark_section  \"><\/div> <h3 style=\"color:#375792;padding:px;text-align:;font-size:18px;line-height:50px;letter-spacing: 2px;font-weight:normal\" class=\"  nd_options_font_size_40_important_all_iphone nd_options_first_font \">PRODUCTOS FRESCOS<\/h3>  <p style=\"color:;padding:px;text-align:;font-size:px;line-height:px;letter-spacing: px;font-weight:\" class=\"    \">Notre chef compose et pr\u00e9pare chaque plat du menu avec uniquement des produits frais. Il pense et cr\u00e9e tous les plats de sa carte avec un grand soin, et s\u00e9lectionne minutieusement chaque produit.<\/p> <div style=\"background-color:;height: 30px\" class=\"nicdark_section  \"><\/div>[\/vc_column][vc_column width=\u00bb1\/4&#8243;]<div style=\"background-color:;height: 30px\" class=\"nicdark_section  \"><\/div>\n    <div style=\"text-align:left\" class=\"nd_options_section\">\n      <img decoding=\"async\" alt=\"\" style=\"width:50px\" class=\" nd_options_margin_0 nd_options_padding_0 \" src=\"https:\/\/restaurant-la-barque-bleue.fr\/wp-content\/uploads\/2020\/09\/ico-01.png\">\n    <\/div>\n   <div style=\"background-color:;height: 15px\" class=\"nicdark_section  \"><\/div> <h3 style=\"color:#375792;padding:px;text-align:;font-size:18px;line-height:50px;letter-spacing: 2px;font-weight:normal\" class=\"  nd_options_font_size_40_important_all_iphone nd_options_first_font \">CASERO<\/h3>  <p style=\"color:;padding:px;text-align:;font-size:px;line-height:px;letter-spacing: px;font-weight:\" class=\"    \">Desde el entrante hasta el postre, cada plato de la carta es \u00edntegramente casero. Especializados en pescados de mar y de agua dulce, todos nuestros platos son cocinados, condimentados y elaborados en nuestras cocinas.<\/p> <div style=\"background-color:;height: 30px\" class=\"nicdark_section  \"><\/div>[\/vc_column][vc_column width=\u00bb1\/4&#8243;]<div style=\"background-color:;height: 30px\" class=\"nicdark_section  \"><\/div>\n    <div style=\"text-align:left\" class=\"nd_options_section\">\n      <img decoding=\"async\" alt=\"\" style=\"width:50px\" class=\" nd_options_margin_0 nd_options_padding_0 \" src=\"https:\/\/restaurant-la-barque-bleue.fr\/wp-content\/uploads\/2021\/10\/icon-17-1.png\">\n    <\/div>\n   <div style=\"background-color:;height: 15px\" class=\"nicdark_section  \"><\/div> <h3 style=\"color:#375792;padding:px;text-align:;font-size:18px;line-height:50px;letter-spacing: 2px;font-weight:normal\" class=\"  nd_options_font_size_40_important_all_iphone nd_options_first_font \">ENTORNO EXCEPCIONAL<\/h3>  <p style=\"color:;padding:px;text-align:;font-size:px;line-height:px;letter-spacing: px;font-weight:\" class=\"    \">Con su amplia terraza, La Barque Bleue le ofrece una magn\u00edfica vista del puerto de Niza. Aproveche este entorno excepcional, de d\u00eda o de noche, para disfrutar de un momento incomparable de relajaci\u00f3n y de compartir, en pareja, con amigos o en familia.<\/p> <div style=\"background-color:;height: 30px\" class=\"nicdark_section  \"><\/div>[\/vc_column][\/vc_row][vc_row css=\u00bb.vc_custom_1504098160799{margin-top: 15px !important;}\u00bb][vc_column el_class=\u00bbnd_options_text_align_center\u00bb]\n\t<div class=\"nd_options_section nd_options_text_align_center\">\n\t<a style=\"border: px solid;border-radius:3px;letter-spacing:2px;line-height:16px;font-size:16px;background-color:#2d5698;padding:15px 35px;margin:;color:#ffffff\" rel=\"\" href=\"https:\/\/restaurant-la-barque-bleue.fr\/index.php\/contact-restaurant-la-barque-bleue-au-port-de-nice\/\" class=\"nicdark_display_inline_block  nd_options_font_weight_normal nd_options_first_font  \">R\u00c9SERVER VOTRE TABLE<\/a>\n\t<\/div>\n[\/vc_column][\/vc_row]<\/p>\n<\/div>","protected":false},"excerpt":{"rendered":"<p>[vc_row css=\u00bb.vc_custom_1600177424345{background-image: url(https:\/\/restaurant-la-barque-bleue.fr\/wp-content\/uploads\/2020\/09\/Copie-de-LOGO_bleu_BB_Plan-de-travail-1-1.png?id=1737) !important;background-position: center !important;background-repeat: no-repeat !important;background-size: contain !important;}\u00bb][vc_column width=\u00bb1\/2&#8243; css=\u00bb.vc_custom_1467207292391{margin-top: 10px !important;margin-bottom: 10px !important;padding-top: 0px !important;}\u00bb][vc_column_text el_class=\u00bbnd_options_text_align_center_responsive\u00bb] \u00bfBuscas un momento de relajaci\u00f3n? y convivencia en un entorno id\u00edlico? \u00a1No busques m\u00e1s! Nuestro restaurante, situado en el pintoresco puerto de Niza, te invita a disfrutar de una memorable Happy Hour en un ambiente encantador, [&hellip;]<\/p>\n","protected":false},"author":1,"featured_media":0,"parent":0,"menu_order":0,"comment_status":"closed","ping_status":"closed","template":"","meta":{"footnotes":""},"class_list":["post-4271","page","type-page","status-publish","hentry"],"yoast_head":"<!-- This site is optimized with the Yoast SEO Premium plugin v26.0 (Yoast SEO v27.4) - https:\/\/yoast.com\/product\/yoast-seo-premium-wordpress\/ -->\n<title>Happy Hour de 17:00 a 19:00 en el Puerto de Niza - La Barque Bleue<\/title>\n<meta name=\"description\" content=\"Restaurante Port de Nice: Happy Hour de 17.00 a 19.00 h. Ven a disfrutar de nuestra soleada terraza frente a los barcos del Puerto de Niza ...\" \/>\n<meta name=\"robots\" content=\"index, follow, max-snippet:-1, max-image-preview:large, max-video-preview:-1\" \/>\n<link rel=\"canonical\" href=\"https:\/\/restaurant-la-barque-bleue.fr\/es\/happy-hour-de-1700-a-1900\/\" \/>\n<meta property=\"og:locale\" content=\"es_ES\" \/>\n<meta property=\"og:type\" content=\"article\" \/>\n<meta property=\"og:title\" content=\"Happy Hour de 17:00 a 19:00 - La Barque Bleue Restaurant au Port de nice\" \/>\n<meta property=\"og:description\" content=\"Restaurante Port de Nice: Happy Hour de 17.00 a 19.00 h. Ven a disfrutar de nuestra soleada terraza frente a los barcos del Puerto de Niza ...\" \/>\n<meta property=\"og:url\" content=\"https:\/\/restaurant-la-barque-bleue.fr\/es\/happy-hour-de-1700-a-1900\/\" \/>\n<meta property=\"og:site_name\" content=\"La Barque Bleue Restaurant au Port de nice\" \/>\n<meta property=\"article:publisher\" content=\"https:\/\/www.facebook.com\/LaBarqueBleue06\" \/>\n<meta property=\"article:modified_time\" content=\"2024-07-12T11:26:28+00:00\" \/>\n<meta name=\"twitter:card\" content=\"summary_large_image\" \/>\n<meta name=\"twitter:label1\" content=\"Tiempo de lectura\" \/>\n\t<meta name=\"twitter:data1\" content=\"8 minutos\" \/>\n<script type=\"application\/ld+json\" class=\"yoast-schema-graph\">{\"@context\":\"https:\\\/\\\/schema.org\",\"@graph\":[{\"@type\":\"WebPage\",\"@id\":\"https:\\\/\\\/restaurant-la-barque-bleue.fr\\\/es\\\/happy-hour-de-1700-a-1900\\\/\",\"url\":\"https:\\\/\\\/restaurant-la-barque-bleue.fr\\\/es\\\/happy-hour-de-1700-a-1900\\\/\",\"name\":\"Happy Hour de 17:00 a 19:00 en el Puerto de Niza - La Barque Bleue\",\"isPartOf\":{\"@id\":\"https:\\\/\\\/restaurant-la-barque-bleue.fr\\\/es\\\/#website\"},\"datePublished\":\"2022-12-15T14:41:22+00:00\",\"dateModified\":\"2024-07-12T11:26:28+00:00\",\"description\":\"Restaurante Port de Nice: Happy Hour de 17.00 a 19.00 h. Ven a disfrutar de nuestra soleada terraza frente a los barcos del Puerto de Niza ...\",\"breadcrumb\":{\"@id\":\"https:\\\/\\\/restaurant-la-barque-bleue.fr\\\/es\\\/happy-hour-de-1700-a-1900\\\/#breadcrumb\"},\"inLanguage\":\"es\",\"potentialAction\":[{\"@type\":\"ReadAction\",\"target\":[\"https:\\\/\\\/restaurant-la-barque-bleue.fr\\\/es\\\/happy-hour-de-1700-a-1900\\\/\"]}]},{\"@type\":\"BreadcrumbList\",\"@id\":\"https:\\\/\\\/restaurant-la-barque-bleue.fr\\\/es\\\/happy-hour-de-1700-a-1900\\\/#breadcrumb\",\"itemListElement\":[{\"@type\":\"ListItem\",\"position\":1,\"name\":\"Accueil\",\"item\":\"https:\\\/\\\/restaurant-la-barque-bleue.fr\\\/es\\\/\"},{\"@type\":\"ListItem\",\"position\":2,\"name\":\"Happy Hour de 17:00 a 19:00\"}]},{\"@type\":\"WebSite\",\"@id\":\"https:\\\/\\\/restaurant-la-barque-bleue.fr\\\/es\\\/#website\",\"url\":\"https:\\\/\\\/restaurant-la-barque-bleue.fr\\\/es\\\/\",\"name\":\"La Barque Bleue Restaurant au Port de nice\",\"description\":\"Restaurant sp\u00e9cialit\u00e9s Viandes, Poissons et P\u00e2tes sur le Port de Nice\",\"publisher\":{\"@id\":\"https:\\\/\\\/restaurant-la-barque-bleue.fr\\\/es\\\/#organization\"},\"potentialAction\":[{\"@type\":\"SearchAction\",\"target\":{\"@type\":\"EntryPoint\",\"urlTemplate\":\"https:\\\/\\\/restaurant-la-barque-bleue.fr\\\/es\\\/?s={search_term_string}\"},\"query-input\":{\"@type\":\"PropertyValueSpecification\",\"valueRequired\":true,\"valueName\":\"search_term_string\"}}],\"inLanguage\":\"es\"},{\"@type\":\"Organization\",\"@id\":\"https:\\\/\\\/restaurant-la-barque-bleue.fr\\\/es\\\/#organization\",\"name\":\"Restaurant la Barque Bleue\",\"url\":\"https:\\\/\\\/restaurant-la-barque-bleue.fr\\\/es\\\/\",\"logo\":{\"@type\":\"ImageObject\",\"inLanguage\":\"es\",\"@id\":\"https:\\\/\\\/restaurant-la-barque-bleue.fr\\\/es\\\/#\\\/schema\\\/logo\\\/image\\\/\",\"url\":\"https:\\\/\\\/i0.wp.com\\\/restaurant-la-barque-bleue.fr\\\/wp-content\\\/uploads\\\/2020\\\/09\\\/LOGO-BARQUE-BLEUE-1.png?fit=533%2C510&ssl=1\",\"contentUrl\":\"https:\\\/\\\/i0.wp.com\\\/restaurant-la-barque-bleue.fr\\\/wp-content\\\/uploads\\\/2020\\\/09\\\/LOGO-BARQUE-BLEUE-1.png?fit=533%2C510&ssl=1\",\"width\":533,\"height\":510,\"caption\":\"Restaurant la Barque Bleue\"},\"image\":{\"@id\":\"https:\\\/\\\/restaurant-la-barque-bleue.fr\\\/es\\\/#\\\/schema\\\/logo\\\/image\\\/\"},\"sameAs\":[\"https:\\\/\\\/www.facebook.com\\\/LaBarqueBleue06\",\"https:\\\/\\\/www.instagram.com\\\/labarquebleue.nice\\\/\"]}]}<\/script>\n<!-- \/ Yoast SEO Premium plugin. -->","yoast_head_json":{"title":"Happy Hour de 17:00 a 19:00 en el Puerto de Niza - La Barque Bleue","description":"Restaurante Port de Nice: Happy Hour de 17.00 a 19.00 h. Ven a disfrutar de nuestra soleada terraza frente a los barcos del Puerto de Niza ...","robots":{"index":"index","follow":"follow","max-snippet":"max-snippet:-1","max-image-preview":"max-image-preview:large","max-video-preview":"max-video-preview:-1"},"canonical":"https:\/\/restaurant-la-barque-bleue.fr\/es\/happy-hour-de-1700-a-1900\/","og_locale":"es_ES","og_type":"article","og_title":"Happy Hour de 17:00 a 19:00 - La Barque Bleue Restaurant au Port de nice","og_description":"Restaurante Port de Nice: Happy Hour de 17.00 a 19.00 h. Ven a disfrutar de nuestra soleada terraza frente a los barcos del Puerto de Niza ...","og_url":"https:\/\/restaurant-la-barque-bleue.fr\/es\/happy-hour-de-1700-a-1900\/","og_site_name":"La Barque Bleue Restaurant au Port de nice","article_publisher":"https:\/\/www.facebook.com\/LaBarqueBleue06","article_modified_time":"2024-07-12T11:26:28+00:00","twitter_card":"summary_large_image","twitter_misc":{"Tiempo de lectura":"8 minutos"},"schema":{"@context":"https:\/\/schema.org","@graph":[{"@type":"WebPage","@id":"https:\/\/restaurant-la-barque-bleue.fr\/es\/happy-hour-de-1700-a-1900\/","url":"https:\/\/restaurant-la-barque-bleue.fr\/es\/happy-hour-de-1700-a-1900\/","name":"Happy Hour de 17:00 a 19:00 en el Puerto de Niza - La Barque Bleue","isPartOf":{"@id":"https:\/\/restaurant-la-barque-bleue.fr\/es\/#website"},"datePublished":"2022-12-15T14:41:22+00:00","dateModified":"2024-07-12T11:26:28+00:00","description":"Restaurante Port de Nice: Happy Hour de 17.00 a 19.00 h. Ven a disfrutar de nuestra soleada terraza frente a los barcos del Puerto de Niza ...","breadcrumb":{"@id":"https:\/\/restaurant-la-barque-bleue.fr\/es\/happy-hour-de-1700-a-1900\/#breadcrumb"},"inLanguage":"es","potentialAction":[{"@type":"ReadAction","target":["https:\/\/restaurant-la-barque-bleue.fr\/es\/happy-hour-de-1700-a-1900\/"]}]},{"@type":"BreadcrumbList","@id":"https:\/\/restaurant-la-barque-bleue.fr\/es\/happy-hour-de-1700-a-1900\/#breadcrumb","itemListElement":[{"@type":"ListItem","position":1,"name":"Accueil","item":"https:\/\/restaurant-la-barque-bleue.fr\/es\/"},{"@type":"ListItem","position":2,"name":"Happy Hour de 17:00 a 19:00"}]},{"@type":"WebSite","@id":"https:\/\/restaurant-la-barque-bleue.fr\/es\/#website","url":"https:\/\/restaurant-la-barque-bleue.fr\/es\/","name":"La Barque Bleue Restaurant au Port de nice","description":"Restaurant sp\u00e9cialit\u00e9s Viandes, Poissons et P\u00e2tes sur le Port de Nice","publisher":{"@id":"https:\/\/restaurant-la-barque-bleue.fr\/es\/#organization"},"potentialAction":[{"@type":"SearchAction","target":{"@type":"EntryPoint","urlTemplate":"https:\/\/restaurant-la-barque-bleue.fr\/es\/?s={search_term_string}"},"query-input":{"@type":"PropertyValueSpecification","valueRequired":true,"valueName":"search_term_string"}}],"inLanguage":"es"},{"@type":"Organization","@id":"https:\/\/restaurant-la-barque-bleue.fr\/es\/#organization","name":"Restaurant la Barque Bleue","url":"https:\/\/restaurant-la-barque-bleue.fr\/es\/","logo":{"@type":"ImageObject","inLanguage":"es","@id":"https:\/\/restaurant-la-barque-bleue.fr\/es\/#\/schema\/logo\/image\/","url":"https:\/\/i0.wp.com\/restaurant-la-barque-bleue.fr\/wp-content\/uploads\/2020\/09\/LOGO-BARQUE-BLEUE-1.png?fit=533%2C510&ssl=1","contentUrl":"https:\/\/i0.wp.com\/restaurant-la-barque-bleue.fr\/wp-content\/uploads\/2020\/09\/LOGO-BARQUE-BLEUE-1.png?fit=533%2C510&ssl=1","width":533,"height":510,"caption":"Restaurant la Barque Bleue"},"image":{"@id":"https:\/\/restaurant-la-barque-bleue.fr\/es\/#\/schema\/logo\/image\/"},"sameAs":["https:\/\/www.facebook.com\/LaBarqueBleue06","https:\/\/www.instagram.com\/labarquebleue.nice\/"]}]}},"_links":{"self":[{"href":"https:\/\/restaurant-la-barque-bleue.fr\/es\/wp-json\/wp\/v2\/pages\/4271","targetHints":{"allow":["GET"]}}],"collection":[{"href":"https:\/\/restaurant-la-barque-bleue.fr\/es\/wp-json\/wp\/v2\/pages"}],"about":[{"href":"https:\/\/restaurant-la-barque-bleue.fr\/es\/wp-json\/wp\/v2\/types\/page"}],"author":[{"embeddable":true,"href":"https:\/\/restaurant-la-barque-bleue.fr\/es\/wp-json\/wp\/v2\/users\/1"}],"replies":[{"embeddable":true,"href":"https:\/\/restaurant-la-barque-bleue.fr\/es\/wp-json\/wp\/v2\/comments?post=4271"}],"version-history":[{"count":0,"href":"https:\/\/restaurant-la-barque-bleue.fr\/es\/wp-json\/wp\/v2\/pages\/4271\/revisions"}],"wp:attachment":[{"href":"https:\/\/restaurant-la-barque-bleue.fr\/es\/wp-json\/wp\/v2\/media?parent=4271"}],"curies":[{"name":"wp","href":"https:\/\/api.w.org\/{rel}","templated":true}]}}