{"id":4249,"date":"2021-12-21T14:56:16","date_gmt":"2021-12-21T14:56:16","guid":{"rendered":"https:\/\/restaurant-la-barque-bleue.fr\/menu-festivo\/"},"modified":"2024-06-18T07:04:25","modified_gmt":"2024-06-18T07:04:25","slug":"menu-festivo","status":"publish","type":"page","link":"https:\/\/restaurant-la-barque-bleue.fr\/es\/menu-festivo\/","title":{"rendered":"Men\u00fa festivo"},"content":{"rendered":"<div class=\"wpb-content-wrapper\"><p>[vc_row][vc_column][vc_column_text]<\/p>\n<h1 style=\"text-align: center;\"><span style=\"color: #000080;\"><b>MEN\u00da DE NAVIDAD Y FIN DE A\u00d1O<\/b><\/span><\/h1>\n<p>[\/vc_column_text][\/vc_column][\/vc_row][vc_row][vc_column width=\u00bb1\/2&#8243;][vc_empty_space height=\u00bb52px\u00bb][vc_column_text]<\/p>\n<p><span style=\"color: #000080; font-size: 14pt;\"><strong>Entradas<span class=\"Apple-converted-space\"> <\/span><\/strong><\/span><\/p>\n<p><strong>Vieiras crujientes, misticante de verduras tempranas y c\u00edtricos &#8211; <span style=\"color: #000080;\">18<\/span><\/strong><\/p>\n<p><strong>Salm\u00f3n ahumado con emulsi\u00f3n fina &#8211; <span style=\"color: #000080;\">18<\/span><\/strong><\/p>\n<p><strong><span class=\"Apple-converted-space\">  <\/span>Foie gras casero semicocido &#8211;<span style=\"color: #000080;\"> 18 euros<\/span><\/strong><\/p>\n<p><strong><span class=\"Apple-converted-space\">  <\/span>D\u00fao de salm\u00f3n ahumado casero y foie gras &#8211;<span style=\"color: #000080;\">20<\/span><\/strong><\/p>\n<p>&nbsp;<\/p>\n<p><span style=\"font-size: 14pt;\"><strong><span style=\"color: #000080;\">Platos<\/span><\/strong><\/span><span class=\"Apple-converted-space\"> <\/span><\/p>\n<p><strong>Estofado de pescador con 3 pescados, mejillones y almejas &#8211; <span style=\"color: #000080;\">27 \u20ac<\/span> (Men\u00fa + 2 \u20ac)<\/strong><\/p>\n<p><strong>Lubina asada con hinojo, verduras, hierbas frescas y pastis flambeado &#8211;<span style=\"color: #000080;\"> 25<\/span><\/strong><\/p>\n<p><strong>Filete de ternera rossini &#8211; <span style=\"color: #000080;\">32 \u20ac <span style=\"color: #333333;\">(Men\u00fa + 4 \u20ac)<\/span><\/span><\/strong><\/p>\n<p><strong>Magret de pato con frutos del sol &#8211; <span style=\"color: #000080;\">24<\/span><\/strong><\/p>\n<p><strong>Fettucine con trufas &#8211;<span style=\"color: #000080;\"> 23<\/span><\/strong><\/p>\n<p>&nbsp;<\/p>\n<p><span style=\"color: #000080;\"><strong><span style=\"font-size: 14pt;\">Postre<span class=\"Apple-converted-space\"> <\/span><\/span><\/strong><\/span><\/p>\n<p><strong>Plato gourmet y caf\u00e9<\/strong> &#8211; <strong><br \/>\n  <span style=\"color: #000080;\">9,50\u20ac<\/span><br \/>\n<\/strong><\/p>\n<p>&nbsp;<\/p>\n<p><span style=\"color: #000080;\"><strong><span style=\"font-size: 14pt;\">Men\u00fa<span class=\"Apple-converted-space\"> <\/span><\/span><\/strong><\/span><\/p>\n<p><strong>Entrante + Plato principal + Postre<\/strong> &#8211;<span style=\"color: #000080;\"><br \/>\n  <strong> 45\u20ac<span class=\"Apple-converted-space\"> <\/span><\/strong><br \/>\n<\/span><\/p>\n<p>[\/vc_column_text][\/vc_column][vc_column width=\u00bb1\/2&#8243;][vc_empty_space height=\u00bb52px\u00bb][vc_empty_space height=\u00bb52px\u00bb][vc_single_image image=\u00bb2195&#8243; img_size=\u00bbfull\u00bb alignment=\u00bbright\u00bb][\/vc_column][\/vc_row][vc_row][vc_column][vc_empty_space height=\u00bb52px\u00bb][vc_btn title=\u00bbRESERVA AHORA\u00bb style=\u00bbcustom\u00bb custom_background=\u00bb#0c1e7a\u00bb custom_text=\u00bb#ffffff\u00bb i_icon_fontawesome=\u00bbfar fa-calendar-alt\u00bb add_icon=\u00bbtrue\u00bb link=\u00bburl:https%3A%2F%2Frestaurant-la-barque-bleue.fr%2Fes%2Freserva-tu-restaurante-en-el-puerto-de-niza%2F|\u00bb][\/vc_column][\/vc_row]<\/p>\n<\/div>","protected":false},"excerpt":{"rendered":"<p>[vc_row][vc_column][vc_column_text] MEN\u00da DE NAVIDAD Y FIN DE A\u00d1O [\/vc_column_text][\/vc_column][\/vc_row][vc_row][vc_column width=\u00bb1\/2&#8243;][vc_empty_space height=\u00bb52px\u00bb][vc_column_text] Entradas Vieiras crujientes, misticante de verduras tempranas y c\u00edtricos &#8211; 18 Salm\u00f3n ahumado con emulsi\u00f3n fina &#8211; 18 Foie gras casero semicocido &#8211; 18 euros D\u00fao de salm\u00f3n ahumado casero y foie gras &#8211;20 &nbsp; Platos Estofado de pescador con 3 pescados, mejillones y [&hellip;]<\/p>\n","protected":false},"author":1,"featured_media":0,"parent":0,"menu_order":0,"comment_status":"closed","ping_status":"closed","template":"","meta":{"footnotes":""},"class_list":["post-4249","page","type-page","status-publish","hentry"],"yoast_head":"<!-- This site is optimized with the Yoast SEO Premium plugin v26.0 (Yoast SEO v27.4) - https:\/\/yoast.com\/product\/yoast-seo-premium-wordpress\/ -->\n<title>Men\u00fa festivo - La Barque Bleue Restaurant au Port de nice<\/title>\n<meta name=\"robots\" content=\"index, follow, max-snippet:-1, max-image-preview:large, max-video-preview:-1\" \/>\n<link rel=\"canonical\" href=\"https:\/\/restaurant-la-barque-bleue.fr\/es\/menu-festivo\/\" \/>\n<meta property=\"og:locale\" content=\"es_ES\" \/>\n<meta property=\"og:type\" content=\"article\" \/>\n<meta property=\"og:title\" content=\"Men\u00fa festivo - La Barque Bleue Restaurant au Port de nice\" \/>\n<meta property=\"og:description\" content=\"[vc_row][vc_column][vc_column_text] MEN\u00da DE NAVIDAD Y FIN DE A\u00d1O [\/vc_column_text][\/vc_column][\/vc_row][vc_row][vc_column width=\u00bb1\/2&#8243;][vc_empty_space height=\u00bb52px\u00bb][vc_column_text] Entradas Vieiras crujientes, misticante de verduras tempranas y c\u00edtricos &#8211; 18 Salm\u00f3n ahumado con emulsi\u00f3n fina &#8211; 18 Foie gras casero semicocido &#8211; 18 euros D\u00fao de salm\u00f3n ahumado casero y foie gras &#8211;20 &nbsp; Platos Estofado de pescador con 3 pescados, mejillones y [&hellip;]\" \/>\n<meta property=\"og:url\" content=\"https:\/\/restaurant-la-barque-bleue.fr\/es\/menu-festivo\/\" \/>\n<meta property=\"og:site_name\" content=\"La Barque Bleue Restaurant au Port de nice\" \/>\n<meta property=\"article:publisher\" content=\"https:\/\/www.facebook.com\/LaBarqueBleue06\" \/>\n<meta property=\"article:modified_time\" content=\"2024-06-18T07:04:25+00:00\" \/>\n<meta name=\"twitter:card\" content=\"summary_large_image\" \/>\n<meta name=\"twitter:label1\" content=\"Tiempo de lectura\" \/>\n\t<meta name=\"twitter:data1\" content=\"1 minuto\" \/>\n<script type=\"application\/ld+json\" class=\"yoast-schema-graph\">{\"@context\":\"https:\\\/\\\/schema.org\",\"@graph\":[{\"@type\":\"WebPage\",\"@id\":\"https:\\\/\\\/restaurant-la-barque-bleue.fr\\\/es\\\/menu-festivo\\\/\",\"url\":\"https:\\\/\\\/restaurant-la-barque-bleue.fr\\\/es\\\/menu-festivo\\\/\",\"name\":\"Men\u00fa festivo - La Barque Bleue Restaurant au Port de nice\",\"isPartOf\":{\"@id\":\"https:\\\/\\\/restaurant-la-barque-bleue.fr\\\/es\\\/#website\"},\"datePublished\":\"2021-12-21T14:56:16+00:00\",\"dateModified\":\"2024-06-18T07:04:25+00:00\",\"breadcrumb\":{\"@id\":\"https:\\\/\\\/restaurant-la-barque-bleue.fr\\\/es\\\/menu-festivo\\\/#breadcrumb\"},\"inLanguage\":\"es\",\"potentialAction\":[{\"@type\":\"ReadAction\",\"target\":[\"https:\\\/\\\/restaurant-la-barque-bleue.fr\\\/es\\\/menu-festivo\\\/\"]}]},{\"@type\":\"BreadcrumbList\",\"@id\":\"https:\\\/\\\/restaurant-la-barque-bleue.fr\\\/es\\\/menu-festivo\\\/#breadcrumb\",\"itemListElement\":[{\"@type\":\"ListItem\",\"position\":1,\"name\":\"Accueil\",\"item\":\"https:\\\/\\\/restaurant-la-barque-bleue.fr\\\/es\\\/\"},{\"@type\":\"ListItem\",\"position\":2,\"name\":\"Men\u00fa festivo\"}]},{\"@type\":\"WebSite\",\"@id\":\"https:\\\/\\\/restaurant-la-barque-bleue.fr\\\/es\\\/#website\",\"url\":\"https:\\\/\\\/restaurant-la-barque-bleue.fr\\\/es\\\/\",\"name\":\"La Barque Bleue Restaurant au Port de nice\",\"description\":\"Restaurant sp\u00e9cialit\u00e9s Viandes, Poissons et P\u00e2tes sur le Port de Nice\",\"publisher\":{\"@id\":\"https:\\\/\\\/restaurant-la-barque-bleue.fr\\\/es\\\/#organization\"},\"potentialAction\":[{\"@type\":\"SearchAction\",\"target\":{\"@type\":\"EntryPoint\",\"urlTemplate\":\"https:\\\/\\\/restaurant-la-barque-bleue.fr\\\/es\\\/?s={search_term_string}\"},\"query-input\":{\"@type\":\"PropertyValueSpecification\",\"valueRequired\":true,\"valueName\":\"search_term_string\"}}],\"inLanguage\":\"es\"},{\"@type\":\"Organization\",\"@id\":\"https:\\\/\\\/restaurant-la-barque-bleue.fr\\\/es\\\/#organization\",\"name\":\"Restaurant la Barque Bleue\",\"url\":\"https:\\\/\\\/restaurant-la-barque-bleue.fr\\\/es\\\/\",\"logo\":{\"@type\":\"ImageObject\",\"inLanguage\":\"es\",\"@id\":\"https:\\\/\\\/restaurant-la-barque-bleue.fr\\\/es\\\/#\\\/schema\\\/logo\\\/image\\\/\",\"url\":\"https:\\\/\\\/i0.wp.com\\\/restaurant-la-barque-bleue.fr\\\/wp-content\\\/uploads\\\/2020\\\/09\\\/LOGO-BARQUE-BLEUE-1.png?fit=533%2C510&ssl=1\",\"contentUrl\":\"https:\\\/\\\/i0.wp.com\\\/restaurant-la-barque-bleue.fr\\\/wp-content\\\/uploads\\\/2020\\\/09\\\/LOGO-BARQUE-BLEUE-1.png?fit=533%2C510&ssl=1\",\"width\":533,\"height\":510,\"caption\":\"Restaurant la Barque Bleue\"},\"image\":{\"@id\":\"https:\\\/\\\/restaurant-la-barque-bleue.fr\\\/es\\\/#\\\/schema\\\/logo\\\/image\\\/\"},\"sameAs\":[\"https:\\\/\\\/www.facebook.com\\\/LaBarqueBleue06\",\"https:\\\/\\\/www.instagram.com\\\/labarquebleue.nice\\\/\"]}]}<\/script>\n<!-- \/ Yoast SEO Premium plugin. -->","yoast_head_json":{"title":"Men\u00fa festivo - La Barque Bleue Restaurant au Port de nice","robots":{"index":"index","follow":"follow","max-snippet":"max-snippet:-1","max-image-preview":"max-image-preview:large","max-video-preview":"max-video-preview:-1"},"canonical":"https:\/\/restaurant-la-barque-bleue.fr\/es\/menu-festivo\/","og_locale":"es_ES","og_type":"article","og_title":"Men\u00fa festivo - La Barque Bleue Restaurant au Port de nice","og_description":"[vc_row][vc_column][vc_column_text] MEN\u00da DE NAVIDAD Y FIN DE A\u00d1O [\/vc_column_text][\/vc_column][\/vc_row][vc_row][vc_column width=\u00bb1\/2&#8243;][vc_empty_space height=\u00bb52px\u00bb][vc_column_text] Entradas Vieiras crujientes, misticante de verduras tempranas y c\u00edtricos &#8211; 18 Salm\u00f3n ahumado con emulsi\u00f3n fina &#8211; 18 Foie gras casero semicocido &#8211; 18 euros D\u00fao de salm\u00f3n ahumado casero y foie gras &#8211;20 &nbsp; Platos Estofado de pescador con 3 pescados, mejillones y [&hellip;]","og_url":"https:\/\/restaurant-la-barque-bleue.fr\/es\/menu-festivo\/","og_site_name":"La Barque Bleue Restaurant au Port de nice","article_publisher":"https:\/\/www.facebook.com\/LaBarqueBleue06","article_modified_time":"2024-06-18T07:04:25+00:00","twitter_card":"summary_large_image","twitter_misc":{"Tiempo de lectura":"1 minuto"},"schema":{"@context":"https:\/\/schema.org","@graph":[{"@type":"WebPage","@id":"https:\/\/restaurant-la-barque-bleue.fr\/es\/menu-festivo\/","url":"https:\/\/restaurant-la-barque-bleue.fr\/es\/menu-festivo\/","name":"Men\u00fa festivo - La Barque Bleue Restaurant au Port de nice","isPartOf":{"@id":"https:\/\/restaurant-la-barque-bleue.fr\/es\/#website"},"datePublished":"2021-12-21T14:56:16+00:00","dateModified":"2024-06-18T07:04:25+00:00","breadcrumb":{"@id":"https:\/\/restaurant-la-barque-bleue.fr\/es\/menu-festivo\/#breadcrumb"},"inLanguage":"es","potentialAction":[{"@type":"ReadAction","target":["https:\/\/restaurant-la-barque-bleue.fr\/es\/menu-festivo\/"]}]},{"@type":"BreadcrumbList","@id":"https:\/\/restaurant-la-barque-bleue.fr\/es\/menu-festivo\/#breadcrumb","itemListElement":[{"@type":"ListItem","position":1,"name":"Accueil","item":"https:\/\/restaurant-la-barque-bleue.fr\/es\/"},{"@type":"ListItem","position":2,"name":"Men\u00fa festivo"}]},{"@type":"WebSite","@id":"https:\/\/restaurant-la-barque-bleue.fr\/es\/#website","url":"https:\/\/restaurant-la-barque-bleue.fr\/es\/","name":"La Barque Bleue Restaurant au Port de nice","description":"Restaurant sp\u00e9cialit\u00e9s Viandes, Poissons et P\u00e2tes sur le Port de Nice","publisher":{"@id":"https:\/\/restaurant-la-barque-bleue.fr\/es\/#organization"},"potentialAction":[{"@type":"SearchAction","target":{"@type":"EntryPoint","urlTemplate":"https:\/\/restaurant-la-barque-bleue.fr\/es\/?s={search_term_string}"},"query-input":{"@type":"PropertyValueSpecification","valueRequired":true,"valueName":"search_term_string"}}],"inLanguage":"es"},{"@type":"Organization","@id":"https:\/\/restaurant-la-barque-bleue.fr\/es\/#organization","name":"Restaurant la Barque Bleue","url":"https:\/\/restaurant-la-barque-bleue.fr\/es\/","logo":{"@type":"ImageObject","inLanguage":"es","@id":"https:\/\/restaurant-la-barque-bleue.fr\/es\/#\/schema\/logo\/image\/","url":"https:\/\/i0.wp.com\/restaurant-la-barque-bleue.fr\/wp-content\/uploads\/2020\/09\/LOGO-BARQUE-BLEUE-1.png?fit=533%2C510&ssl=1","contentUrl":"https:\/\/i0.wp.com\/restaurant-la-barque-bleue.fr\/wp-content\/uploads\/2020\/09\/LOGO-BARQUE-BLEUE-1.png?fit=533%2C510&ssl=1","width":533,"height":510,"caption":"Restaurant la Barque Bleue"},"image":{"@id":"https:\/\/restaurant-la-barque-bleue.fr\/es\/#\/schema\/logo\/image\/"},"sameAs":["https:\/\/www.facebook.com\/LaBarqueBleue06","https:\/\/www.instagram.com\/labarquebleue.nice\/"]}]}},"_links":{"self":[{"href":"https:\/\/restaurant-la-barque-bleue.fr\/es\/wp-json\/wp\/v2\/pages\/4249","targetHints":{"allow":["GET"]}}],"collection":[{"href":"https:\/\/restaurant-la-barque-bleue.fr\/es\/wp-json\/wp\/v2\/pages"}],"about":[{"href":"https:\/\/restaurant-la-barque-bleue.fr\/es\/wp-json\/wp\/v2\/types\/page"}],"author":[{"embeddable":true,"href":"https:\/\/restaurant-la-barque-bleue.fr\/es\/wp-json\/wp\/v2\/users\/1"}],"replies":[{"embeddable":true,"href":"https:\/\/restaurant-la-barque-bleue.fr\/es\/wp-json\/wp\/v2\/comments?post=4249"}],"version-history":[{"count":0,"href":"https:\/\/restaurant-la-barque-bleue.fr\/es\/wp-json\/wp\/v2\/pages\/4249\/revisions"}],"wp:attachment":[{"href":"https:\/\/restaurant-la-barque-bleue.fr\/es\/wp-json\/wp\/v2\/media?parent=4249"}],"curies":[{"name":"wp","href":"https:\/\/api.w.org\/{rel}","templated":true}]}}