{"id":4233,"date":"2022-12-15T15:37:46","date_gmt":"2022-12-15T15:37:46","guid":{"rendered":"https:\/\/restaurant-la-barque-bleue.fr\/desayunos-en-la-barque-bleue\/"},"modified":"2024-07-12T11:26:34","modified_gmt":"2024-07-12T11:26:34","slug":"desayunos-en-la-barque-bleue","status":"publish","type":"page","link":"https:\/\/restaurant-la-barque-bleue.fr\/es\/desayunos-en-la-barque-bleue\/","title":{"rendered":"Desayunos en La Barque Bleue"},"content":{"rendered":"<div class=\"wpb-content-wrapper\"><p>[vc_row][vc_column width=\u00bb1\/2&#8243;]<div style=\"background-color:;height: 20px\" class=\"nicdark_section  \"><\/div> <h2 style=\"color:#375792;padding:px;text-align:right;font-size:35px;line-height:50px;letter-spacing: px;font-weight:normal\" class=\"  nd_options_text_align_center_responsive_important nd_options_first_font \">Les Petits d\u00e9jeuners<\/h2>  <h2 style=\"color:#375792;padding:px;text-align:right;font-size:35px;line-height:50px;letter-spacing: px;font-weight:normal\" class=\"  nd_options_text_align_center_responsive_important nd_options_first_font \">\u00e0 la Barque Bleue<\/h2>  <h2 style=\"color:#375792;padding:px;text-align:right;font-size:35px;line-height:50px;letter-spacing: px;font-weight:normal\" class=\"  nd_options_text_align_center_responsive_important nd_options_first_font \">\u00e0 partir de 9h30<\/h2> [vc_single_image image=\u00bb2841&#8243; img_size=\u00bbfull\u00bb alignment=\u00bbcenter\u00bb css=\u00bb.vc_custom_1694011435875{margin-left: 20px !important;}\u00bb][\/vc_column][vc_column width=\u00bb1\/2&#8243; css=\u00bb.vc_custom_1671119146365{background-image: url(https:\/\/restaurant-la-barque-bleue.fr\/wp-content\/uploads\/2020\/09\/Copie-de-LOGO_bleu_BB_Plan-de-travail-1-1.png?id=1737) !important;background-position: center !important;background-repeat: no-repeat !important;background-size: contain !important;}\u00bb]<div style=\"background-color:;height: 20px\" class=\"nicdark_section  \"><\/div>[vc_column_text el_class=\u00bbnd_options_text_align_center_responsive\u00bb]La Barque Bleue te invita a disfrutar de tu primera comida del d\u00eda en un entorno id\u00edlico.<br \/>\nEn el coraz\u00f3n de nuestra soleada terraza del Puerto de Niza, te damos la bienvenida a un entorno tranquilo y acogedor para un desayuno relajante y rejuvenecedor.<\/p>\n<p>Disfruta de tu desayuno a lo largo de la ma\u00f1ana mientras te empapas del aut\u00e9ntico ambiente mar\u00edtimo del puerto deportivo de Niza.<\/p>\n<p>Las tradicionales lanchas neum\u00e1ticas, los coloridos veleros y los barcos de pesca te arrullar\u00e1n para que aproveches al m\u00e1ximo nuestras numerosas opciones de desayuno.<br \/>\nNuestro servicio ininterrumpido te permite disfrutar del desayuno hasta las 11.30 h y de un men\u00fa salado durante todo el d\u00eda, con nuestro equipo de chefs a tu disposici\u00f3n para satisfacer todas tus necesidades.<br \/>\nDesayuno tradicional o brunch picante, descubre nuestras ofertas que se adaptan a dietas espec\u00edficas para satisfacer tus h\u00e1bitos diet\u00e9ticos y culturales.<\/p>\n<p>De 9.30 a 11.30 h :<\/p>\n<ul>\n<li><strong>F\u00f3rmula cl\u00e1sica<\/strong>: Expresso y boller\u00eda 4<\/li>\n<li><strong>Men\u00fa<\/strong>: Bebida caliente, boller\u00eda y zumo de fruta 7,50<\/li>\n<li><strong>Men\u00fa brunch<\/strong>: bebida caliente, boller\u00eda, baguette fresca, mantequilla, mermelada, miel, huevo frito o huevo<br \/>\nrevuelto, embutidos y queso 17<\/li>\n<\/ul>\n<p>[\/vc_column_text]<div style=\"background-color:;height: 20px\" class=\"nicdark_section  \"><\/div><div style=\"background-color:;height: 20px\" class=\"nicdark_section  \"><\/div>[\/vc_column][\/vc_row][vc_row css=\u00bb.vc_custom_1600177424345{background-image: url(https:\/\/restaurant-la-barque-bleue.fr\/wp-content\/uploads\/2020\/09\/Copie-de-LOGO_bleu_BB_Plan-de-travail-1-1.png?id=1737) !important;background-position: center !important;background-repeat: no-repeat !important;background-size: contain !important;}\u00bb][vc_column width=\u00bb6\/12&#8243; css=\u00bb.vc_custom_1467360650255{margin-top: 10px !important;margin-bottom: 10px !important;padding-top: 0px !important;padding-right: 40px !important;}\u00bb][\/vc_column][vc_column width=\u00bb3\/12&#8243; css=\u00bb.vc_custom_1467207292391{margin-top: 10px !important;margin-bottom: 10px !important;padding-top: 0px !important;}\u00bb][\/vc_column][\/vc_row][vc_row][vc_column][vc_row_inner][vc_column_inner width=\u00bb1\/4&#8243;]\n    <div style=\"text-align:center\" class=\"nd_options_section\">\n      <img decoding=\"async\" alt=\"\" style=\"width:200px\" class=\" nd_options_margin_0 nd_options_padding_0 \" src=\"https:\/\/restaurant-la-barque-bleue.fr\/wp-content\/uploads\/2021\/10\/4-1024x1024.jpg\">\n    <\/div>\n   [\/vc_column_inner][vc_column_inner width=\u00bb1\/4&#8243;]\n    <div style=\"text-align:center\" class=\"nd_options_section\">\n      <img decoding=\"async\" alt=\"\" style=\"width:200px\" class=\" nd_options_margin_0 nd_options_padding_0 \" src=\"https:\/\/restaurant-la-barque-bleue.fr\/wp-content\/uploads\/2021\/10\/3-1024x1024.jpg\">\n    <\/div>\n   [\/vc_column_inner][vc_column_inner width=\u00bb1\/4&#8243;]\n    <div style=\"text-align:center\" class=\"nd_options_section\">\n      <img decoding=\"async\" alt=\"\" style=\"width:200px\" class=\" nd_options_margin_0 nd_options_padding_0 \" src=\"https:\/\/restaurant-la-barque-bleue.fr\/wp-content\/uploads\/2021\/10\/1-1024x1024.jpg\">\n    <\/div>\n   [\/vc_column_inner][vc_column_inner width=\u00bb1\/4&#8243;]\n    <div style=\"text-align:center\" class=\"nd_options_section\">\n      <img decoding=\"async\" alt=\"\" style=\"width:200px\" class=\" nd_options_margin_0 nd_options_padding_0 \" src=\"https:\/\/restaurant-la-barque-bleue.fr\/wp-content\/uploads\/2021\/10\/2-1024x1024.jpg\">\n    <\/div>\n   [\/vc_column_inner][\/vc_row_inner][vc_empty_space height=\u00bb52px\u00bb][vc_row_inner][vc_column_inner width=\u00bb1\/6&#8243;]\n    <div style=\"text-align:center\" class=\"nd_options_section\">\n      <img decoding=\"async\" alt=\"\" style=\"width:70px\" class=\" nd_options_margin_0 nd_options_padding_0 \" src=\"https:\/\/restaurant-la-barque-bleue.fr\/wp-content\/uploads\/2020\/09\/icon-17.png\">\n    <\/div>\n   [\/vc_column_inner][vc_column_inner width=\u00bb5\/6&#8243;][vc_column_text]<\/p>\n<p style=\"text-align: left;\"><span style=\"font-size: 14pt;\"><strong>\u00bfQuieres organizar una comida de grupo en un restaurante tradicional a dos pasos del puerto de Niza?<\/strong> <\/span><br \/>\nNo dudes en <strong><br \/>\n  <a href=\"https:\/\/restaurant-la-barque-bleue.fr\/es\/reserva-tu-restaurante-en-el-puerto-de-niza\/\">contactar con La Barque Bleue<\/a><br \/>\n<\/strong> \u00a1!<br \/>\nPodemos alojar en nuestra sala a grupos de entre 25 y 40 personas.<\/p>\n<p>[\/vc_column_text][\/vc_column_inner][\/vc_row_inner][vc_empty_space height=\u00bb52px\u00bb][\/vc_column][\/vc_row][vc_row full_width=\u00bbstretch_row\u00bb parallax=\u00bbcontent-moving\u00bb parallax_image=\u00bb510&#8243; css=\u00bb.vc_custom_1549269790782{margin-top: 60px !important;padding-top: 100px !important;padding-bottom: 100px !important;}\u00bb el_class=\u00bbnd_options_vc_parallax_filter_2_4&#8243;][vc_column][vc_row_inner][vc_column_inner width=\u00bb1\/3&#8243; css=\u00bb.vc_custom_1469630289168{padding-top: 10px !important;padding-bottom: 10px !important;}\u00bb][vc_column_text]<\/p>\n<p style=\"text-align: center;\"><span style=\"color: #ffffff;\"><strong><span style=\"font-size: 24pt;\">de 9.30 a 22 h.<\/span><\/strong><\/span><\/p>\n<p>[\/vc_column_text]<div style=\"background-color:;height: 20px\" class=\"nicdark_section  \"><\/div> <p style=\"color:#ffffff;padding:px;text-align:center;font-size:14px;line-height:30px;letter-spacing: 2px;font-weight:lighter\" class=\"   nd_options_second_font \">SERVICE NON STOP<\/p> [\/vc_column_inner][vc_column_inner width=\u00bb1\/3&#8243; css=\u00bb.vc_custom_1469630269458{padding-top: 10px !important;padding-bottom: 10px !important;}\u00bb][vc_column_text]<\/p>\n<p style=\"text-align: center;\"><span style=\"color: #ffffff;\"><strong><span style=\"font-size: 24pt;\">7J\/7<\/span><\/strong><\/span><\/p>\n<p>[\/vc_column_text]<div style=\"background-color:;height: 20px\" class=\"nicdark_section  \"><\/div> <p style=\"color:#ffffff;padding:px;text-align:center;font-size:14px;line-height:30px;letter-spacing: 2px;font-weight:lighter\" class=\"   nd_options_second_font \">OUVERTURE<\/p> [\/vc_column_inner][vc_column_inner width=\u00bb1\/3&#8243; css=\u00bb.vc_custom_1469630276028{padding-top: 10px !important;padding-bottom: 10px !important;}\u00bb]<h1 style=\"text-align:center;color:#ffffff;font-size:50px\" class=\" nd_options_counter_component_l1 nd_options_font_weight_bolder nd_options_counter counter-text \" data-to=\"100\" data-speed=\"1000\">100<\/h1><div style=\"background-color:;height: 20px\" class=\"nicdark_section  \"><\/div> <p style=\"color:#ffffff;padding:px;text-align:center;font-size:14px;line-height:30px;letter-spacing: 2px;font-weight:lighter\" class=\"   nd_options_second_font \">SOURIRES \/ JOUR<\/p> [\/vc_column_inner][\/vc_row_inner][\/vc_column][\/vc_row][vc_row full_width=\u00bbstretch_row\u00bb equal_height=\u00bbyes\u00bb content_placement=\u00bbmiddle\u00bb css=\u00bb.vc_custom_1634740404965{margin-top: 30px !important;}\u00bb][vc_column width=\u00bb1\/4&#8243;]<div style=\"background-color:;height: 30px\" class=\"nicdark_section  \"><\/div>\n    <div style=\"text-align:left\" class=\"nd_options_section\">\n      <img decoding=\"async\" alt=\"\" style=\"width:60px\" class=\" nd_options_margin_0 nd_options_padding_0 \" src=\"https:\/\/restaurant-la-barque-bleue.fr\/wp-content\/uploads\/2021\/10\/icon-.jpg\">\n    <\/div>\n   <div style=\"background-color:;height: 15px\" class=\"nicdark_section  \"><\/div> <h3 style=\"color:#375792;padding:px;text-align:;font-size:18px;line-height:50px;letter-spacing: 2px;font-weight:normal\" class=\"  nd_options_font_size_40_important_all_iphone nd_options_first_font \">PRODUCTOS DE TEMPORADA<\/h3>  <p style=\"color:;padding:px;text-align:;font-size:px;line-height:px;letter-spacing: px;font-weight:normal\" class=\"    \">L\u2019un des engagements de La Barque Bleue est de travailler principalement avec des partenaires locaux. Nous adaptons donc notre carte selon la p\u00e9riode afin d\u2019utiliser un maximum de produits de saison.<\/p> <div style=\"background-color:;height: 30px\" class=\"nicdark_section  \"><\/div>[\/vc_column][vc_column width=\u00bb1\/4&#8243;]<div style=\"background-color:;height: 30px\" class=\"nicdark_section  \"><\/div>\n    <div style=\"text-align:left\" class=\"nd_options_section\">\n      <img decoding=\"async\" alt=\"\" style=\"width:50px\" class=\" nd_options_margin_0 nd_options_padding_0 \" src=\"https:\/\/restaurant-la-barque-bleue.fr\/wp-content\/uploads\/2021\/10\/icon.jpg\">\n    <\/div>\n   <div style=\"background-color:;height: 15px\" class=\"nicdark_section  \"><\/div> <h3 style=\"color:#375792;padding:px;text-align:;font-size:18px;line-height:50px;letter-spacing: 2px;font-weight:normal\" class=\"  nd_options_font_size_40_important_all_iphone nd_options_first_font \">PRODUCTOS FRESCOS<\/h3>  <p style=\"color:;padding:px;text-align:;font-size:px;line-height:px;letter-spacing: px;font-weight:\" class=\"    \">Nuestro chef compone y prepara cada plato de la carta utilizando \u00fanicamente productos frescos. Piensa y crea con mucho mimo todos los platos de su carta, y selecciona cuidadosamente cada producto.<\/p> <div style=\"background-color:;height: 30px\" class=\"nicdark_section  \"><\/div>[\/vc_column][vc_column width=\u00bb1\/4&#8243;]<div style=\"background-color:;height: 30px\" class=\"nicdark_section  \"><\/div>\n    <div style=\"text-align:left\" class=\"nd_options_section\">\n      <img decoding=\"async\" alt=\"\" style=\"width:50px\" class=\" nd_options_margin_0 nd_options_padding_0 \" src=\"https:\/\/restaurant-la-barque-bleue.fr\/wp-content\/uploads\/2020\/09\/ico-01.png\">\n    <\/div>\n   <div style=\"background-color:;height: 15px\" class=\"nicdark_section  \"><\/div> <h3 style=\"color:#375792;padding:px;text-align:;font-size:18px;line-height:50px;letter-spacing: 2px;font-weight:normal\" class=\"  nd_options_font_size_40_important_all_iphone nd_options_first_font \">CASERO<\/h3>  <p style=\"color:;padding:px;text-align:;font-size:px;line-height:px;letter-spacing: px;font-weight:\" class=\"    \">Desde el entrante hasta el postre, cada plato de la carta es \u00edntegramente casero. Especializados en pescados de mar y de agua dulce, todos nuestros platos son cocinados, condimentados y elaborados en nuestras cocinas.<\/p> <div style=\"background-color:;height: 30px\" class=\"nicdark_section  \"><\/div>[\/vc_column][vc_column width=\u00bb1\/4&#8243;]<div style=\"background-color:;height: 30px\" class=\"nicdark_section  \"><\/div>\n    <div style=\"text-align:left\" class=\"nd_options_section\">\n      <img decoding=\"async\" alt=\"\" style=\"width:50px\" class=\" nd_options_margin_0 nd_options_padding_0 \" src=\"https:\/\/restaurant-la-barque-bleue.fr\/wp-content\/uploads\/2021\/10\/icon-17-1.png\">\n    <\/div>\n   <div style=\"background-color:;height: 15px\" class=\"nicdark_section  \"><\/div> <h3 style=\"color:#375792;padding:px;text-align:;font-size:18px;line-height:50px;letter-spacing: 2px;font-weight:normal\" class=\"  nd_options_font_size_40_important_all_iphone nd_options_first_font \">ENTORNO EXCEPCIONAL<\/h3>  <p style=\"color:;padding:px;text-align:;font-size:px;line-height:px;letter-spacing: px;font-weight:\" class=\"    \">Con su amplia terraza, La Barque Bleue le ofrece una magn\u00edfica vista del puerto de Niza. Aproveche este entorno excepcional, de d\u00eda o de noche, para disfrutar de un momento incomparable de relajaci\u00f3n y de compartir, en pareja, con amigos o en familia.<\/p> <div style=\"background-color:;height: 30px\" class=\"nicdark_section  \"><\/div>[\/vc_column][\/vc_row][vc_row css=\u00bb.vc_custom_1504098160799{margin-top: 15px !important;}\u00bb][vc_column el_class=\u00bbnd_options_text_align_center\u00bb]\n\t<div class=\"nd_options_section nd_options_text_align_center\">\n\t<a style=\"border: px solid;border-radius:3px;letter-spacing:2px;line-height:16px;font-size:16px;background-color:#2d5698;padding:15px 35px;margin:;color:#ffffff\" rel=\"\" href=\"https:\/\/restaurant-la-barque-bleue.fr\/index.php\/contact-restaurant-la-barque-bleue-au-port-de-nice\/\" class=\"nicdark_display_inline_block  nd_options_font_weight_normal nd_options_first_font  \">R\u00c9SERVER VOTRE TABLE<\/a>\n\t<\/div>\n[\/vc_column][\/vc_row]<\/p>\n<\/div>","protected":false},"excerpt":{"rendered":"<p>[vc_row][vc_column width=\u00bb1\/2&#8243;][vc_single_image image=\u00bb2841&#8243; img_size=\u00bbfull\u00bb alignment=\u00bbcenter\u00bb css=\u00bb.vc_custom_1694011435875{margin-left: 20px !important;}\u00bb][\/vc_column][vc_column width=\u00bb1\/2&#8243; css=\u00bb.vc_custom_1671119146365{background-image: url(https:\/\/restaurant-la-barque-bleue.fr\/wp-content\/uploads\/2020\/09\/Copie-de-LOGO_bleu_BB_Plan-de-travail-1-1.png?id=1737) !important;background-position: center !important;background-repeat: no-repeat !important;background-size: contain !important;}\u00bb][vc_column_text el_class=\u00bbnd_options_text_align_center_responsive\u00bb]La Barque Bleue te invita a disfrutar de tu primera comida del d\u00eda en un entorno id\u00edlico. En el coraz\u00f3n de nuestra soleada terraza del Puerto de Niza, te damos la bienvenida a un entorno tranquilo y [&hellip;]<\/p>\n","protected":false},"author":1,"featured_media":0,"parent":0,"menu_order":0,"comment_status":"closed","ping_status":"closed","template":"","meta":{"footnotes":""},"class_list":["post-4233","page","type-page","status-publish","hentry"],"yoast_head":"<!-- This site is optimized with the Yoast SEO Premium plugin v26.0 (Yoast SEO v27.4) - https:\/\/yoast.com\/product\/yoast-seo-premium-wordpress\/ -->\n<title>Desayunos en el Barque Bleue del Puerto de Niza<\/title>\n<meta name=\"description\" content=\"Desayunos en el Barque Bleue: a partir de las 10 h en nuestra soleada terraza frente a los barcos del puerto de Niza ...\" \/>\n<meta name=\"robots\" content=\"index, follow, max-snippet:-1, max-image-preview:large, max-video-preview:-1\" \/>\n<link rel=\"canonical\" href=\"https:\/\/restaurant-la-barque-bleue.fr\/es\/desayunos-en-la-barque-bleue\/\" \/>\n<meta property=\"og:locale\" content=\"es_ES\" \/>\n<meta property=\"og:type\" content=\"article\" \/>\n<meta property=\"og:title\" content=\"Desayunos en La Barque Bleue - La Barque Bleue Restaurant au Port de nice\" \/>\n<meta property=\"og:description\" content=\"Desayunos en el Barque Bleue: a partir de las 10 h en nuestra soleada terraza frente a los barcos del puerto de Niza ...\" \/>\n<meta property=\"og:url\" content=\"https:\/\/restaurant-la-barque-bleue.fr\/es\/desayunos-en-la-barque-bleue\/\" \/>\n<meta property=\"og:site_name\" content=\"La Barque Bleue Restaurant au Port de nice\" \/>\n<meta property=\"article:publisher\" content=\"https:\/\/www.facebook.com\/LaBarqueBleue06\" \/>\n<meta property=\"article:modified_time\" content=\"2024-07-12T11:26:34+00:00\" \/>\n<meta name=\"twitter:card\" content=\"summary_large_image\" \/>\n<meta name=\"twitter:label1\" content=\"Tiempo de lectura\" \/>\n\t<meta name=\"twitter:data1\" content=\"8 minutos\" \/>\n<script type=\"application\/ld+json\" class=\"yoast-schema-graph\">{\"@context\":\"https:\\\/\\\/schema.org\",\"@graph\":[{\"@type\":\"WebPage\",\"@id\":\"https:\\\/\\\/restaurant-la-barque-bleue.fr\\\/es\\\/desayunos-en-la-barque-bleue\\\/\",\"url\":\"https:\\\/\\\/restaurant-la-barque-bleue.fr\\\/es\\\/desayunos-en-la-barque-bleue\\\/\",\"name\":\"Desayunos en el Barque Bleue del Puerto de Niza\",\"isPartOf\":{\"@id\":\"https:\\\/\\\/restaurant-la-barque-bleue.fr\\\/es\\\/#website\"},\"datePublished\":\"2022-12-15T15:37:46+00:00\",\"dateModified\":\"2024-07-12T11:26:34+00:00\",\"description\":\"Desayunos en el Barque Bleue: a partir de las 10 h en nuestra soleada terraza frente a los barcos del puerto de Niza ...\",\"breadcrumb\":{\"@id\":\"https:\\\/\\\/restaurant-la-barque-bleue.fr\\\/es\\\/desayunos-en-la-barque-bleue\\\/#breadcrumb\"},\"inLanguage\":\"es\",\"potentialAction\":[{\"@type\":\"ReadAction\",\"target\":[\"https:\\\/\\\/restaurant-la-barque-bleue.fr\\\/es\\\/desayunos-en-la-barque-bleue\\\/\"]}]},{\"@type\":\"BreadcrumbList\",\"@id\":\"https:\\\/\\\/restaurant-la-barque-bleue.fr\\\/es\\\/desayunos-en-la-barque-bleue\\\/#breadcrumb\",\"itemListElement\":[{\"@type\":\"ListItem\",\"position\":1,\"name\":\"Accueil\",\"item\":\"https:\\\/\\\/restaurant-la-barque-bleue.fr\\\/es\\\/\"},{\"@type\":\"ListItem\",\"position\":2,\"name\":\"Desayunos en La Barque Bleue\"}]},{\"@type\":\"WebSite\",\"@id\":\"https:\\\/\\\/restaurant-la-barque-bleue.fr\\\/es\\\/#website\",\"url\":\"https:\\\/\\\/restaurant-la-barque-bleue.fr\\\/es\\\/\",\"name\":\"La Barque Bleue Restaurant au Port de nice\",\"description\":\"Restaurant sp\u00e9cialit\u00e9s Viandes, Poissons et P\u00e2tes sur le Port de Nice\",\"publisher\":{\"@id\":\"https:\\\/\\\/restaurant-la-barque-bleue.fr\\\/es\\\/#organization\"},\"potentialAction\":[{\"@type\":\"SearchAction\",\"target\":{\"@type\":\"EntryPoint\",\"urlTemplate\":\"https:\\\/\\\/restaurant-la-barque-bleue.fr\\\/es\\\/?s={search_term_string}\"},\"query-input\":{\"@type\":\"PropertyValueSpecification\",\"valueRequired\":true,\"valueName\":\"search_term_string\"}}],\"inLanguage\":\"es\"},{\"@type\":\"Organization\",\"@id\":\"https:\\\/\\\/restaurant-la-barque-bleue.fr\\\/es\\\/#organization\",\"name\":\"Restaurant la Barque Bleue\",\"url\":\"https:\\\/\\\/restaurant-la-barque-bleue.fr\\\/es\\\/\",\"logo\":{\"@type\":\"ImageObject\",\"inLanguage\":\"es\",\"@id\":\"https:\\\/\\\/restaurant-la-barque-bleue.fr\\\/es\\\/#\\\/schema\\\/logo\\\/image\\\/\",\"url\":\"https:\\\/\\\/i0.wp.com\\\/restaurant-la-barque-bleue.fr\\\/wp-content\\\/uploads\\\/2020\\\/09\\\/LOGO-BARQUE-BLEUE-1.png?fit=533%2C510&ssl=1\",\"contentUrl\":\"https:\\\/\\\/i0.wp.com\\\/restaurant-la-barque-bleue.fr\\\/wp-content\\\/uploads\\\/2020\\\/09\\\/LOGO-BARQUE-BLEUE-1.png?fit=533%2C510&ssl=1\",\"width\":533,\"height\":510,\"caption\":\"Restaurant la Barque Bleue\"},\"image\":{\"@id\":\"https:\\\/\\\/restaurant-la-barque-bleue.fr\\\/es\\\/#\\\/schema\\\/logo\\\/image\\\/\"},\"sameAs\":[\"https:\\\/\\\/www.facebook.com\\\/LaBarqueBleue06\",\"https:\\\/\\\/www.instagram.com\\\/labarquebleue.nice\\\/\"]}]}<\/script>\n<!-- \/ Yoast SEO Premium plugin. -->","yoast_head_json":{"title":"Desayunos en el Barque Bleue del Puerto de Niza","description":"Desayunos en el Barque Bleue: a partir de las 10 h en nuestra soleada terraza frente a los barcos del puerto de Niza ...","robots":{"index":"index","follow":"follow","max-snippet":"max-snippet:-1","max-image-preview":"max-image-preview:large","max-video-preview":"max-video-preview:-1"},"canonical":"https:\/\/restaurant-la-barque-bleue.fr\/es\/desayunos-en-la-barque-bleue\/","og_locale":"es_ES","og_type":"article","og_title":"Desayunos en La Barque Bleue - La Barque Bleue Restaurant au Port de nice","og_description":"Desayunos en el Barque Bleue: a partir de las 10 h en nuestra soleada terraza frente a los barcos del puerto de Niza ...","og_url":"https:\/\/restaurant-la-barque-bleue.fr\/es\/desayunos-en-la-barque-bleue\/","og_site_name":"La Barque Bleue Restaurant au Port de nice","article_publisher":"https:\/\/www.facebook.com\/LaBarqueBleue06","article_modified_time":"2024-07-12T11:26:34+00:00","twitter_card":"summary_large_image","twitter_misc":{"Tiempo de lectura":"8 minutos"},"schema":{"@context":"https:\/\/schema.org","@graph":[{"@type":"WebPage","@id":"https:\/\/restaurant-la-barque-bleue.fr\/es\/desayunos-en-la-barque-bleue\/","url":"https:\/\/restaurant-la-barque-bleue.fr\/es\/desayunos-en-la-barque-bleue\/","name":"Desayunos en el Barque Bleue del Puerto de Niza","isPartOf":{"@id":"https:\/\/restaurant-la-barque-bleue.fr\/es\/#website"},"datePublished":"2022-12-15T15:37:46+00:00","dateModified":"2024-07-12T11:26:34+00:00","description":"Desayunos en el Barque Bleue: a partir de las 10 h en nuestra soleada terraza frente a los barcos del puerto de Niza ...","breadcrumb":{"@id":"https:\/\/restaurant-la-barque-bleue.fr\/es\/desayunos-en-la-barque-bleue\/#breadcrumb"},"inLanguage":"es","potentialAction":[{"@type":"ReadAction","target":["https:\/\/restaurant-la-barque-bleue.fr\/es\/desayunos-en-la-barque-bleue\/"]}]},{"@type":"BreadcrumbList","@id":"https:\/\/restaurant-la-barque-bleue.fr\/es\/desayunos-en-la-barque-bleue\/#breadcrumb","itemListElement":[{"@type":"ListItem","position":1,"name":"Accueil","item":"https:\/\/restaurant-la-barque-bleue.fr\/es\/"},{"@type":"ListItem","position":2,"name":"Desayunos en La Barque Bleue"}]},{"@type":"WebSite","@id":"https:\/\/restaurant-la-barque-bleue.fr\/es\/#website","url":"https:\/\/restaurant-la-barque-bleue.fr\/es\/","name":"La Barque Bleue Restaurant au Port de nice","description":"Restaurant sp\u00e9cialit\u00e9s Viandes, Poissons et P\u00e2tes sur le Port de Nice","publisher":{"@id":"https:\/\/restaurant-la-barque-bleue.fr\/es\/#organization"},"potentialAction":[{"@type":"SearchAction","target":{"@type":"EntryPoint","urlTemplate":"https:\/\/restaurant-la-barque-bleue.fr\/es\/?s={search_term_string}"},"query-input":{"@type":"PropertyValueSpecification","valueRequired":true,"valueName":"search_term_string"}}],"inLanguage":"es"},{"@type":"Organization","@id":"https:\/\/restaurant-la-barque-bleue.fr\/es\/#organization","name":"Restaurant la Barque Bleue","url":"https:\/\/restaurant-la-barque-bleue.fr\/es\/","logo":{"@type":"ImageObject","inLanguage":"es","@id":"https:\/\/restaurant-la-barque-bleue.fr\/es\/#\/schema\/logo\/image\/","url":"https:\/\/i0.wp.com\/restaurant-la-barque-bleue.fr\/wp-content\/uploads\/2020\/09\/LOGO-BARQUE-BLEUE-1.png?fit=533%2C510&ssl=1","contentUrl":"https:\/\/i0.wp.com\/restaurant-la-barque-bleue.fr\/wp-content\/uploads\/2020\/09\/LOGO-BARQUE-BLEUE-1.png?fit=533%2C510&ssl=1","width":533,"height":510,"caption":"Restaurant la Barque Bleue"},"image":{"@id":"https:\/\/restaurant-la-barque-bleue.fr\/es\/#\/schema\/logo\/image\/"},"sameAs":["https:\/\/www.facebook.com\/LaBarqueBleue06","https:\/\/www.instagram.com\/labarquebleue.nice\/"]}]}},"_links":{"self":[{"href":"https:\/\/restaurant-la-barque-bleue.fr\/es\/wp-json\/wp\/v2\/pages\/4233","targetHints":{"allow":["GET"]}}],"collection":[{"href":"https:\/\/restaurant-la-barque-bleue.fr\/es\/wp-json\/wp\/v2\/pages"}],"about":[{"href":"https:\/\/restaurant-la-barque-bleue.fr\/es\/wp-json\/wp\/v2\/types\/page"}],"author":[{"embeddable":true,"href":"https:\/\/restaurant-la-barque-bleue.fr\/es\/wp-json\/wp\/v2\/users\/1"}],"replies":[{"embeddable":true,"href":"https:\/\/restaurant-la-barque-bleue.fr\/es\/wp-json\/wp\/v2\/comments?post=4233"}],"version-history":[{"count":0,"href":"https:\/\/restaurant-la-barque-bleue.fr\/es\/wp-json\/wp\/v2\/pages\/4233\/revisions"}],"wp:attachment":[{"href":"https:\/\/restaurant-la-barque-bleue.fr\/es\/wp-json\/wp\/v2\/media?parent=4233"}],"curies":[{"name":"wp","href":"https:\/\/api.w.org\/{rel}","templated":true}]}}