{"id":4200,"date":"2022-06-28T13:12:04","date_gmt":"2022-06-28T13:12:04","guid":{"rendered":"https:\/\/restaurant-la-barque-bleue.fr\/marisco\/"},"modified":"2024-06-18T07:04:25","modified_gmt":"2024-06-18T07:04:25","slug":"marisco","status":"publish","type":"page","link":"https:\/\/restaurant-la-barque-bleue.fr\/es\/marisco\/","title":{"rendered":"Marisco"},"content":{"rendered":"<div class=\"wpb-content-wrapper\"><p>[vc_row][vc_column][vc_column_text]<\/p>\n<h2 style=\"text-align: left;\"><strong><span style=\"color: #333399;\">Marisco<\/span><\/strong><\/h2>\n<p>[\/vc_column_text][vc_empty_space][\/vc_column][\/vc_row][vc_row][vc_column width=\u00bb1\/2&#8243;][vc_column_text]<\/p>\n<div>\n<p class=\"Titresecondaire\"><span style=\"color: #333399;\"><b>MEN\u00da MARISCO<\/b><\/span><\/p>\n<\/div>\n<div>\n<p class=\"Corps\">6 claire ostras finas n4 <span style=\"color: #333399;\"><br \/>\n  <strong> 9\u20ac<\/strong><br \/>\n<\/span><\/p>\n<\/div>\n<div>\n<p class=\"Corps\">12 ostras finas claire n4 <strong><br \/>\n  <span style=\"color: #333399;\">16\u20ac<\/span><br \/>\n<\/strong><\/p>\n<\/div>\n<div>\n<p class=\"Corps\">6 ostras finas claire n3 <strong><br \/>\n  <span style=\"color: #333399;\">13\u20ac<\/span><br \/>\n<\/strong><\/p>\n<\/div>\n<div>\n<p class=\"Corps\">12 ostras finas claire n3 <strong><br \/>\n  <span style=\"color: #333399;\">23.50\u20ac <\/span><br \/>\n<\/strong> <\/p>\n<p>6 ostras finas claire n2 <strong><br \/>\n  <span style=\"color: #333399;\">16.90\u20ac<\/span><br \/>\n<\/strong><\/p>\n<\/div>\n<div>\n<p class=\"Corps\">12 ostras finas claire n2 <strong><br \/>\n  <span style=\"color: #333399;\"> 31\u20ac<\/span><br \/>\n<\/strong><\/p>\n<\/div>\n<div>\n<p>&nbsp;<\/p>\n<p class=\"Corps\">  6 gambas 40\/60 <strong><br \/>\n  <span style=\"color: #333399;\">17\u20ac<\/span><br \/>\n<\/strong><\/p>\n<\/div>\n<div>\n<p class=\"Corps\">  12 gambas 40\/60 <strong><br \/>\n  <span style=\"color: #333399;\"> 30\u20ac<\/span><br \/>\n<\/strong><\/p>\n<\/div>\n<div>\n<p class=\"Corps\">  6 mejillones espa\u00f1oles <strong><br \/>\n  <span style=\"color: #333399;\"> 8\u20ac<\/span><br \/>\n<\/strong><\/p>\n<\/div>\n<div>\n<p class=\"Corps\">  200 g de b\u00edgaros <strong><br \/>\n  <span style=\"color: #333399;\">9.5\u20ac<\/span><br \/>\n<\/strong><\/p>\n<\/div>\n<div>\n<p class=\"Corps\">  200g de whelks <strong><br \/>\n  <span style=\"color: #333399;\">9\u20ac<\/span><br \/>\n<\/strong><\/p>\n<\/div>\n<div>\n<p class=\"Corps\">  Media almeja <strong><br \/>\n  <span style=\"color: #333399;\"> 11.50\u20ac<\/span><br \/>\n<\/strong><\/p>\n<\/div>\n<div>\n<p class=\"Corps\">  El cangrejo <strong><br \/>\n  <span style=\"color: #333399;\"> 19.50\u20ac<\/span><br \/>\n<\/strong><\/p>\n<\/div>\n<div>\n<p class=\"Corps\">  6 cigalas 16\/20 <strong><br \/>\n  <span style=\"color: #333399;\"> 24.50\u20ac<\/span><br \/>\n<\/strong><\/p>\n<\/div>\n<div>\n<p class=\"Corps\">  Langosta canadiense semicocida 300\/400g <strong><br \/>\n  <span style=\"color: #333399;\"> 23\u20ac<\/span><br \/>\n<\/strong><\/p>\n<p>&nbsp;<\/p>\n<\/div>\n<p>[\/vc_column_text][\/vc_column][vc_column width=\u00bb1\/2&#8243;][vc_images_carousel images=\u00bb2277,2278,2279,2280,2281,2282&#8243; img_size=\u00bb450&#215;550&#8243; onclick=\u00bblink_no\u00bb speed=\u00bb1000&#8243;][\/vc_column][\/vc_row][vc_row][vc_column][vc_column_text]<\/p>\n<div><\/div>\n<div>\n<p class=\"Corps\"><strong><span style=\"color: #333399;\">PLATO DEGUSTACI\u00d3N DE 4 TAPAS DE MARISCO EN CONCHA<\/span><\/strong><\/p>\n<\/div>\n<div>\n<p class=\"Corps\">DE NOIX DE SAINT JACQUES DU CHEF (solo o para compartir) <strong><br \/>\n  <span style=\"color: #333399;\">15.90\u20ac<\/span><br \/>\n<\/strong><\/p>\n<\/div>\n<div>\n<p class=\"Corps\">TAPAS DEL MAR <strong><br \/>\n  <span style=\"color: #333399;\"> 4\u20ac<\/span><br \/>\n<\/strong><\/p>\n<p>&nbsp;<\/p>\n<p class=\"Corps\"><b style=\"color: #333399;\">PLATOS DE MARISCO<\/b><\/p>\n<p class=\"Corps\"><strong><br \/>\n  <span style=\"color: #333399;\"><br \/>\nPLATO DE MOUSSAILLON<\/span><br \/>\n<\/strong> solo o para compartir <strong><br \/>\n  <span style=\"color: #333399;\">25\u20ac<\/span><br \/>\n<\/strong><\/p>\n<\/div>\n<div style=\"text-align: left;\">\n<div>\n<p class=\"Corps\">6 ostras finas y 6 gambas 40\/60<\/p>\n<p>&nbsp;<\/p>\n<p class=\"Corps\"><span style=\"color: #333399;\"><br \/>\n  <b>PLATEAU DE LA BARQUE Y TAPAS DEL MAR<\/b><br \/>\n<\/span> solo o para compartir <strong><br \/>\n  <span style=\"color: #333399;\">27.50\u20ac<\/span><br \/>\n<\/strong><\/p>\n<\/div>\n<div>\n<p class=\"Corps\">2 n4 ostras, buccinos, gambas, 3 tapas de marisco inspiradas por el Chef<\/p>\n<p>&nbsp;<\/p>\n<p class=\"Corps\"><span style=\"color: #333399;\"><br \/>\n  <b>FUENTE DEL CAPIT\u00c1N<\/b><br \/>\n<\/span> solo o para compartir <strong><br \/>\n  <span style=\"color: #333399;\">32\u20ac<\/span><br \/>\n<\/strong><\/p>\n<\/div>\n<div>\n<p class=\"Corps\">4 n4 ostras, 140 g de buccinos, 100 g de b\u00edgaros, 4 gambas,<\/p>\n<\/div>\n<div>\n<p class=\"Corps\">300 g de mejillones espa\u00f1oles<\/p>\n<p>&nbsp;<\/p>\n<p class=\"Corps\"><span style=\"color: #333399;\"><br \/>\n  <b>LYMPIA PLATEAU<\/b><br \/>\n<\/span> solo o para compartir <strong><br \/>\n  <span style=\"color: #333399;\">39.50\u20ac<\/span><br \/>\n<\/strong><\/p>\n<\/div>\n<\/div>\n<div style=\"text-align: left;\">\n<div>\n<p class=\"Corps\">  Media almeja, 6 ostras n3, 3 gambas, 2 cigalas,<\/p>\n<\/div>\n<div>\n<p class=\"Corps\">6 mejillones espa\u00f1oles<\/p>\n<p>&nbsp;<\/p>\n<p class=\"Corps\"><span style=\"color: #333399;\"><br \/>\n  <b>PLATO DEL ALMIRANTE<\/b><br \/>\n<\/span> solo o para compartir <strong><br \/>\n  <span style=\"color: #333399;\"> 65\u20ac<\/span><br \/>\n<\/strong><\/p>\n<\/div>\n<div>\n<p class=\"Corps\">Le Demi-homard, 6 ostras finas n3, 3 gambas, 3 cigalas,<\/p>\n<\/div>\n<div>\n<p class=\"Corps\">  Media almeja, 3 mejillones espa\u00f1oles, 100 g de buccinos, 100 g de b\u00edgaros.<\/p>\n<\/div>\n<\/div>\n<div><\/div>\n<div><\/div>\n<div><em>Todos nuestros platos y fuentes se sirven con pan de centeno, mayonesa casera, lim\u00f3n y mantequilla semisalada, y chalotas en vinagre si lo solicitas.<\/em><\/div>\n<p>&nbsp;<\/p>\n<p><strong><span style=\"color: #333399;\">UNA SELECCI\u00d3N DE OPCIONES DE PLATOS O FUENTES, ADEM\u00c1S DE :<\/span><\/strong><\/p>\n<div>\n<p class=\"Corps\">  6 claire ostras finas n4 <span style=\"color: #333399;\"><br \/>\n  <strong>8\u20ac<\/strong><br \/>\n<\/span><\/p>\n<\/div>\n<div>\n<p class=\"Corps\">  6 ostras finas claire n3 <strong><br \/>\n  <span style=\"color: #333399;\">12.50\u20ac<\/span><br \/>\n<\/strong><\/p>\n<\/div>\n<div>\n<p class=\"Corps\">  6 ostras finas N2 <strong><br \/>\n  <span style=\"color: #333399;\"> 16\u20ac<\/span><br \/>\n<\/strong><\/p>\n<p>&nbsp;<\/p>\n<\/div>\n<div>\n<p class=\"Corps\">  6 gambas <strong><br \/>\n  <span style=\"color: #333399;\"> 13.50\u20ac<\/span><br \/>\n<\/strong><\/p>\n<\/div>\n<div>\n<p class=\"Corps\">12 gambas <strong><br \/>\n  <span style=\"color: #333399;\">27\u20ac<\/span><br \/>\n<\/strong><\/p>\n<p>&nbsp;<\/p>\n<\/div>\n<div>\n<p class=\"Corps\">6 mejillones espa\u00f1oles o de Bouzigues <strong><br \/>\n  <span style=\"color: #333399;\">5.50\u20ac<\/span><br \/>\n<\/strong><\/p>\n<\/div>\n<div>\n<p class=\"Corps\">100g de b\u00edgaros <span style=\"color: #333399;\"><br \/>\n  <strong> 5\u20ac<\/strong><br \/>\n<\/span><\/p>\n<\/div>\n<div>\n<p class=\"Corps\">200g de whelks <strong><br \/>\n  <span style=\"color: #333399;\">6\u20ac<\/span><br \/>\n<\/strong><\/p>\n<\/div>\n<div>\n<p class=\"Corps\">Media tarta <strong><br \/>\n  <span style=\"color: #333399;\">8\u20ac<\/span><br \/>\n<\/strong><\/p>\n<\/div>\n<div>\n<p class=\"Corps\">Cangrejo entero <strong><br \/>\n  <span style=\"color: #333399;\">16\u20ac<\/span><br \/>\n<\/strong><\/p>\n<\/div>\n<div>\n<p class=\"Corps\">6 cigalas <strong><br \/>\n  <span style=\"color: #333399;\">19.50\u20ac<\/span><br \/>\n<\/strong><\/p>\n<\/div>\n<div>\n<p class=\"Corps\">Media langosta canadiense 250g <strong><br \/>\n  <span style=\"color: #333399;\"> 23\u20ac<\/span><br \/>\n<\/strong><\/p>\n<\/div>\n<p>&nbsp;<\/p>\n<div>\n<p class=\"Corps\"><span style=\"color: #333399;\"><strong>  TAPAS DEL MAR  <\/strong><\/span><\/p>\n<\/div>\n<div>\n<p class=\"Corps\">  Elecci\u00f3n de tapas en concha <strong><br \/>\n  <span style=\"color: #333399;\"> 4\u20ac<\/span><br \/>\n<\/strong><\/p>\n<\/div>\n<p>[\/vc_column_text][vc_empty_space height=\u00bb80px\u00bb][\/vc_column][\/vc_row]<\/p>\n<\/div>","protected":false},"excerpt":{"rendered":"<p>[vc_row][vc_column][vc_column_text] Marisco [\/vc_column_text][vc_empty_space][\/vc_column][\/vc_row][vc_row][vc_column width=\u00bb1\/2&#8243;][vc_column_text] MEN\u00da MARISCO 6 claire ostras finas n4 9\u20ac 12 ostras finas claire n4 16\u20ac 6 ostras finas claire n3 13\u20ac 12 ostras finas claire n3 23.50\u20ac 6 ostras finas claire n2 16.90\u20ac 12 ostras finas claire n2 31\u20ac &nbsp; 6 gambas 40\/60 17\u20ac 12 gambas 40\/60 30\u20ac 6 mejillones espa\u00f1oles 8\u20ac [&hellip;]<\/p>\n","protected":false},"author":1,"featured_media":0,"parent":0,"menu_order":0,"comment_status":"closed","ping_status":"closed","template":"","meta":{"footnotes":""},"class_list":["post-4200","page","type-page","status-publish","hentry"],"yoast_head":"<!-- This site is optimized with the Yoast SEO Premium plugin v26.0 (Yoast SEO v27.4) - https:\/\/yoast.com\/product\/yoast-seo-premium-wordpress\/ -->\n<title>Marisco - La Barque Bleue Restaurant au Port de nice<\/title>\n<meta name=\"robots\" content=\"index, follow, max-snippet:-1, max-image-preview:large, max-video-preview:-1\" \/>\n<link rel=\"canonical\" href=\"https:\/\/restaurant-la-barque-bleue.fr\/es\/marisco\/\" \/>\n<meta property=\"og:locale\" content=\"es_ES\" \/>\n<meta property=\"og:type\" content=\"article\" \/>\n<meta property=\"og:title\" content=\"Marisco - La Barque Bleue Restaurant au Port de nice\" \/>\n<meta property=\"og:description\" content=\"[vc_row][vc_column][vc_column_text] Marisco [\/vc_column_text][vc_empty_space][\/vc_column][\/vc_row][vc_row][vc_column width=\u00bb1\/2&#8243;][vc_column_text] MEN\u00da MARISCO 6 claire ostras finas n4 9\u20ac 12 ostras finas claire n4 16\u20ac 6 ostras finas claire n3 13\u20ac 12 ostras finas claire n3 23.50\u20ac 6 ostras finas claire n2 16.90\u20ac 12 ostras finas claire n2 31\u20ac &nbsp; 6 gambas 40\/60 17\u20ac 12 gambas 40\/60 30\u20ac 6 mejillones espa\u00f1oles 8\u20ac [&hellip;]\" \/>\n<meta property=\"og:url\" content=\"https:\/\/restaurant-la-barque-bleue.fr\/es\/marisco\/\" \/>\n<meta property=\"og:site_name\" content=\"La Barque Bleue Restaurant au Port de nice\" \/>\n<meta property=\"article:publisher\" content=\"https:\/\/www.facebook.com\/LaBarqueBleue06\" \/>\n<meta property=\"article:modified_time\" content=\"2024-06-18T07:04:25+00:00\" \/>\n<meta name=\"twitter:card\" content=\"summary_large_image\" \/>\n<meta name=\"twitter:label1\" content=\"Tiempo de lectura\" \/>\n\t<meta name=\"twitter:data1\" content=\"2 minutos\" \/>\n<script type=\"application\/ld+json\" class=\"yoast-schema-graph\">{\"@context\":\"https:\\\/\\\/schema.org\",\"@graph\":[{\"@type\":\"WebPage\",\"@id\":\"https:\\\/\\\/restaurant-la-barque-bleue.fr\\\/es\\\/marisco\\\/\",\"url\":\"https:\\\/\\\/restaurant-la-barque-bleue.fr\\\/es\\\/marisco\\\/\",\"name\":\"Marisco - La Barque Bleue Restaurant au Port de nice\",\"isPartOf\":{\"@id\":\"https:\\\/\\\/restaurant-la-barque-bleue.fr\\\/es\\\/#website\"},\"datePublished\":\"2022-06-28T13:12:04+00:00\",\"dateModified\":\"2024-06-18T07:04:25+00:00\",\"breadcrumb\":{\"@id\":\"https:\\\/\\\/restaurant-la-barque-bleue.fr\\\/es\\\/marisco\\\/#breadcrumb\"},\"inLanguage\":\"es\",\"potentialAction\":[{\"@type\":\"ReadAction\",\"target\":[\"https:\\\/\\\/restaurant-la-barque-bleue.fr\\\/es\\\/marisco\\\/\"]}]},{\"@type\":\"BreadcrumbList\",\"@id\":\"https:\\\/\\\/restaurant-la-barque-bleue.fr\\\/es\\\/marisco\\\/#breadcrumb\",\"itemListElement\":[{\"@type\":\"ListItem\",\"position\":1,\"name\":\"Accueil\",\"item\":\"https:\\\/\\\/restaurant-la-barque-bleue.fr\\\/es\\\/\"},{\"@type\":\"ListItem\",\"position\":2,\"name\":\"Marisco\"}]},{\"@type\":\"WebSite\",\"@id\":\"https:\\\/\\\/restaurant-la-barque-bleue.fr\\\/es\\\/#website\",\"url\":\"https:\\\/\\\/restaurant-la-barque-bleue.fr\\\/es\\\/\",\"name\":\"La Barque Bleue Restaurant au Port de nice\",\"description\":\"Restaurant sp\u00e9cialit\u00e9s Viandes, Poissons et P\u00e2tes sur le Port de Nice\",\"publisher\":{\"@id\":\"https:\\\/\\\/restaurant-la-barque-bleue.fr\\\/es\\\/#organization\"},\"potentialAction\":[{\"@type\":\"SearchAction\",\"target\":{\"@type\":\"EntryPoint\",\"urlTemplate\":\"https:\\\/\\\/restaurant-la-barque-bleue.fr\\\/es\\\/?s={search_term_string}\"},\"query-input\":{\"@type\":\"PropertyValueSpecification\",\"valueRequired\":true,\"valueName\":\"search_term_string\"}}],\"inLanguage\":\"es\"},{\"@type\":\"Organization\",\"@id\":\"https:\\\/\\\/restaurant-la-barque-bleue.fr\\\/es\\\/#organization\",\"name\":\"Restaurant la Barque Bleue\",\"url\":\"https:\\\/\\\/restaurant-la-barque-bleue.fr\\\/es\\\/\",\"logo\":{\"@type\":\"ImageObject\",\"inLanguage\":\"es\",\"@id\":\"https:\\\/\\\/restaurant-la-barque-bleue.fr\\\/es\\\/#\\\/schema\\\/logo\\\/image\\\/\",\"url\":\"https:\\\/\\\/i0.wp.com\\\/restaurant-la-barque-bleue.fr\\\/wp-content\\\/uploads\\\/2020\\\/09\\\/LOGO-BARQUE-BLEUE-1.png?fit=533%2C510&ssl=1\",\"contentUrl\":\"https:\\\/\\\/i0.wp.com\\\/restaurant-la-barque-bleue.fr\\\/wp-content\\\/uploads\\\/2020\\\/09\\\/LOGO-BARQUE-BLEUE-1.png?fit=533%2C510&ssl=1\",\"width\":533,\"height\":510,\"caption\":\"Restaurant la Barque Bleue\"},\"image\":{\"@id\":\"https:\\\/\\\/restaurant-la-barque-bleue.fr\\\/es\\\/#\\\/schema\\\/logo\\\/image\\\/\"},\"sameAs\":[\"https:\\\/\\\/www.facebook.com\\\/LaBarqueBleue06\",\"https:\\\/\\\/www.instagram.com\\\/labarquebleue.nice\\\/\"]}]}<\/script>\n<!-- \/ Yoast SEO Premium plugin. -->","yoast_head_json":{"title":"Marisco - La Barque Bleue Restaurant au Port de nice","robots":{"index":"index","follow":"follow","max-snippet":"max-snippet:-1","max-image-preview":"max-image-preview:large","max-video-preview":"max-video-preview:-1"},"canonical":"https:\/\/restaurant-la-barque-bleue.fr\/es\/marisco\/","og_locale":"es_ES","og_type":"article","og_title":"Marisco - La Barque Bleue Restaurant au Port de nice","og_description":"[vc_row][vc_column][vc_column_text] Marisco [\/vc_column_text][vc_empty_space][\/vc_column][\/vc_row][vc_row][vc_column width=\u00bb1\/2&#8243;][vc_column_text] MEN\u00da MARISCO 6 claire ostras finas n4 9\u20ac 12 ostras finas claire n4 16\u20ac 6 ostras finas claire n3 13\u20ac 12 ostras finas claire n3 23.50\u20ac 6 ostras finas claire n2 16.90\u20ac 12 ostras finas claire n2 31\u20ac &nbsp; 6 gambas 40\/60 17\u20ac 12 gambas 40\/60 30\u20ac 6 mejillones espa\u00f1oles 8\u20ac [&hellip;]","og_url":"https:\/\/restaurant-la-barque-bleue.fr\/es\/marisco\/","og_site_name":"La Barque Bleue Restaurant au Port de nice","article_publisher":"https:\/\/www.facebook.com\/LaBarqueBleue06","article_modified_time":"2024-06-18T07:04:25+00:00","twitter_card":"summary_large_image","twitter_misc":{"Tiempo de lectura":"2 minutos"},"schema":{"@context":"https:\/\/schema.org","@graph":[{"@type":"WebPage","@id":"https:\/\/restaurant-la-barque-bleue.fr\/es\/marisco\/","url":"https:\/\/restaurant-la-barque-bleue.fr\/es\/marisco\/","name":"Marisco - La Barque Bleue Restaurant au Port de nice","isPartOf":{"@id":"https:\/\/restaurant-la-barque-bleue.fr\/es\/#website"},"datePublished":"2022-06-28T13:12:04+00:00","dateModified":"2024-06-18T07:04:25+00:00","breadcrumb":{"@id":"https:\/\/restaurant-la-barque-bleue.fr\/es\/marisco\/#breadcrumb"},"inLanguage":"es","potentialAction":[{"@type":"ReadAction","target":["https:\/\/restaurant-la-barque-bleue.fr\/es\/marisco\/"]}]},{"@type":"BreadcrumbList","@id":"https:\/\/restaurant-la-barque-bleue.fr\/es\/marisco\/#breadcrumb","itemListElement":[{"@type":"ListItem","position":1,"name":"Accueil","item":"https:\/\/restaurant-la-barque-bleue.fr\/es\/"},{"@type":"ListItem","position":2,"name":"Marisco"}]},{"@type":"WebSite","@id":"https:\/\/restaurant-la-barque-bleue.fr\/es\/#website","url":"https:\/\/restaurant-la-barque-bleue.fr\/es\/","name":"La Barque Bleue Restaurant au Port de nice","description":"Restaurant sp\u00e9cialit\u00e9s Viandes, Poissons et P\u00e2tes sur le Port de Nice","publisher":{"@id":"https:\/\/restaurant-la-barque-bleue.fr\/es\/#organization"},"potentialAction":[{"@type":"SearchAction","target":{"@type":"EntryPoint","urlTemplate":"https:\/\/restaurant-la-barque-bleue.fr\/es\/?s={search_term_string}"},"query-input":{"@type":"PropertyValueSpecification","valueRequired":true,"valueName":"search_term_string"}}],"inLanguage":"es"},{"@type":"Organization","@id":"https:\/\/restaurant-la-barque-bleue.fr\/es\/#organization","name":"Restaurant la Barque Bleue","url":"https:\/\/restaurant-la-barque-bleue.fr\/es\/","logo":{"@type":"ImageObject","inLanguage":"es","@id":"https:\/\/restaurant-la-barque-bleue.fr\/es\/#\/schema\/logo\/image\/","url":"https:\/\/i0.wp.com\/restaurant-la-barque-bleue.fr\/wp-content\/uploads\/2020\/09\/LOGO-BARQUE-BLEUE-1.png?fit=533%2C510&ssl=1","contentUrl":"https:\/\/i0.wp.com\/restaurant-la-barque-bleue.fr\/wp-content\/uploads\/2020\/09\/LOGO-BARQUE-BLEUE-1.png?fit=533%2C510&ssl=1","width":533,"height":510,"caption":"Restaurant la Barque Bleue"},"image":{"@id":"https:\/\/restaurant-la-barque-bleue.fr\/es\/#\/schema\/logo\/image\/"},"sameAs":["https:\/\/www.facebook.com\/LaBarqueBleue06","https:\/\/www.instagram.com\/labarquebleue.nice\/"]}]}},"_links":{"self":[{"href":"https:\/\/restaurant-la-barque-bleue.fr\/es\/wp-json\/wp\/v2\/pages\/4200","targetHints":{"allow":["GET"]}}],"collection":[{"href":"https:\/\/restaurant-la-barque-bleue.fr\/es\/wp-json\/wp\/v2\/pages"}],"about":[{"href":"https:\/\/restaurant-la-barque-bleue.fr\/es\/wp-json\/wp\/v2\/types\/page"}],"author":[{"embeddable":true,"href":"https:\/\/restaurant-la-barque-bleue.fr\/es\/wp-json\/wp\/v2\/users\/1"}],"replies":[{"embeddable":true,"href":"https:\/\/restaurant-la-barque-bleue.fr\/es\/wp-json\/wp\/v2\/comments?post=4200"}],"version-history":[{"count":0,"href":"https:\/\/restaurant-la-barque-bleue.fr\/es\/wp-json\/wp\/v2\/pages\/4200\/revisions"}],"wp:attachment":[{"href":"https:\/\/restaurant-la-barque-bleue.fr\/es\/wp-json\/wp\/v2\/media?parent=4200"}],"curies":[{"name":"wp","href":"https:\/\/api.w.org\/{rel}","templated":true}]}}