{"id":3736,"date":"2019-01-29T15:06:06","date_gmt":"2019-01-29T15:06:06","guid":{"rendered":"https:\/\/restaurant-la-barque-bleue.fr\/book-your-restaurant-in-the-port-of-nice\/"},"modified":"2024-05-28T09:55:26","modified_gmt":"2024-05-28T09:55:26","slug":"book-your-restaurant-in-the-port-of-nice","status":"publish","type":"page","link":"https:\/\/restaurant-la-barque-bleue.fr\/en\/book-your-restaurant-in-the-port-of-nice\/","title":{"rendered":"Book your restaurant in the port of Nice"},"content":{"rendered":"<div class=\"wpb-content-wrapper\"><p>[vc_row full_width=&#8221;stretch_row_content&#8221;][vc_column width=&#8221;1\/2&#8243;][vc_row_inner][vc_column_inner width=&#8221;1\/6&#8243;][\/vc_column_inner][vc_column_inner width=&#8221;2\/3&#8243; css=&#8221;.vc_custom_1686573387811{margin-top: 30px !important;border-top-width: 1px !important;border-right-width: 1px !important;border-bottom-width: 1px !important;border-left-width: 1px !important;border-left-color: #1e73be !important;border-left-style: dotted !important;border-right-color: #1e73be !important;border-right-style: dotted !important;border-top-color: #1e73be !important;border-top-style: dotted !important;border-bottom-color: #1e73be !important;border-bottom-style: dotted !important;border-radius: 15px !important;}&#8221;][vc_empty_space][vc_single_image image=&#8221;2617&#8243; alignment=&#8221;center&#8221; css=&#8221;.vc_custom_1686573321675{margin-right: 20px !important;margin-left: 20px !important;}&#8221;][vc_empty_space height=&#8221;15px&#8221;][vc_icon type=&#8221;typicons&#8221; icon_typicons=&#8221;typcn typcn-phone&#8221; color=&#8221;custom&#8221; align=&#8221;center&#8221; custom_color=&#8221;#2d5698&#8243;] <p style=\"color:#7a7a7a;padding:px;text-align:center;font-size:20px;line-height:px;letter-spacing: px;font-weight:normal\" class=\"   nd_options_first_font \">04 93 55 39 74<\/p> <div style=\"background-color:;height: 20px\" class=\"nicdark_section  \"><\/div>[vc_icon type=&#8221;typicons&#8221; icon_typicons=&#8221;typcn typcn-location&#8221; color=&#8221;custom&#8221; align=&#8221;center&#8221; custom_color=&#8221;#2d5698&#8243;] <h3 style=\"color:#666666;padding:px;text-align:center;font-size:20px;line-height:45px;letter-spacing: px;font-weight:lighter\" class=\"   nd_options_first_font \">7 Quai des Deux Emmanuel<\/h3>  <h3 style=\"color:#5b5b5b;padding:px;text-align:center;font-size:20px;line-height:px;letter-spacing: px;font-weight:lighter\" class=\"   nd_options_first_font \">06300 Nice<\/h3> [vc_empty_space][vc_icon type=&#8221;typicons&#8221; icon_typicons=&#8221;typcn typcn-mail&#8221; color=&#8221;custom&#8221; align=&#8221;center&#8221; custom_color=&#8221;#2d5698&#8243;] <h3 style=\"color:#565656;padding:px;text-align:center;font-size:20px;line-height:25px;letter-spacing: px;font-weight:lighter\" class=\"   nd_options_first_font \">labarquebleuenice@gmail.com<\/h3> [vc_empty_space][\/vc_column_inner][vc_column_inner width=&#8221;1\/6&#8243;][\/vc_column_inner][\/vc_row_inner][\/vc_column][vc_column width=&#8221;1\/2&#8243; css=&#8221;.vc_custom_1686572338882{padding-top: 40px !important;padding-bottom: 40px !important;background-color: #ffffff !important;}&#8221;][vc_custom_heading text=&#8221;Book online&#8221; font_container=&#8221;tag:h2|text_align:center&#8221; google_fonts=&#8221;font_family:PT%20Sans%3Aregular%2Citalic%2C700%2C700italic|font_style:700%20bold%20regular%3A700%3Anormal&#8221;][vc_column_text css=&#8221;.vc_custom_1600175792827{padding-top: 30px !important;}&#8221;]<\/p>\n<p style=\"text-align: center;\">You can also reserve your table at La barque Bleue by telephone, e-mail, or directly at the Restaurant,<br \/>\n7 Quai des Deux Emmanuels in the port of Nice.<\/p>\n<p>[\/vc_column_text][vc_empty_space height=&#8221;15px&#8221;] <p style=\"color:#7a7a7a;padding:px;text-align:center;font-size:20px;line-height:px;letter-spacing: px;font-weight:normal\" class=\"   nd_options_first_font \">Please fill out our form to reserve your table online.<\/p> [vc_empty_space][vc_row_inner][vc_column_inner width=&#8221;1\/4&#8243;][\/vc_column_inner][vc_column_inner width=&#8221;1\/2&#8243;][vc_raw_html]W2NvbnRhY3QtZm9ybS03IGlkPSI2IiB0aXRsZT0iQ29udGFjdCBmb3JtIDEiXQ==[\/vc_raw_html][\/vc_column_inner][vc_column_inner width=&#8221;1\/4&#8243;][\/vc_column_inner][\/vc_row_inner][vc_empty_space][vc_empty_space][\/vc_column][\/vc_row][vc_row][vc_column][\/vc_column][\/vc_row][vc_row full_width=&#8221;stretch_row_content_no_spaces&#8221; css=&#8221;.vc_custom_1600241976586{margin-top: 0px !important;margin-bottom: -35px !important;}&#8221;][vc_column][vc_gmaps link=&#8221;#E-8_JTNDaWZyYW1lJTIwc3JjJTNEJTIyaHR0cHMlM0ElMkYlMkZ3d3cuZ29vZ2xlLmNvbSUyRm1hcHMlMkZlbWJlZCUzRnBiJTNEJTIxMW0xOCUyMTFtMTIlMjExbTMlMjExZDI4ODQuNjI3OTU3MDgxMTQ4NSUyMTJkNy4yODQzMDUwMTYxMTgzNjYlMjEzZDQzLjY5NzQ5NzQ3OTExOTg2JTIxMm0zJTIxMWYwJTIxMmYwJTIxM2YwJTIxM20yJTIxMWkxMDI0JTIxMmk3NjglMjE0ZjEzLjElMjEzbTMlMjExbTIlMjExczB4MTJjZGRhYjhhYmVmYTc4MyUyNTNBMHhlODkxODQwYWZhMjQ0YTZiJTIxMnM3JTI1MjBRdWFpJTI1MjBkZXMlMjUyMERldXglMjUyMEVtbWFudWVscyUyNTJDJTI1MjAwNjMwMCUyNTIwTmljZSUyMTVlMCUyMTNtMiUyMTFzZnIlMjEyc2ZyJTIxNHYxNTk5MTM2MjI0NjM5JTIxNW0yJTIxMXNmciUyMTJzZnIlMjIlMjB3aWR0aCUzRCUyMjYwMCUyMiUyMGhlaWdodCUzRCUyMjQ1MCUyMiUyMGZyYW1lYm9yZGVyJTNEJTIyMCUyMiUyMHN0eWxlJTNEJTIyYm9yZGVyJTNBMCUzQiUyMiUyMGFsbG93ZnVsbHNjcmVlbiUzRCUyMiUyMiUyMGFyaWEtaGlkZGVuJTNEJTIyZmFsc2UlMjIlMjB0YWJpbmRleCUzRCUyMjAlMjIlM0UlM0MlMkZpZnJhbWUlM0UlMjI=&#8221;][\/vc_column][\/vc_row]<\/p>\n<\/div>","protected":false},"excerpt":{"rendered":"<p>[vc_row full_width=&#8221;stretch_row_content&#8221;][vc_column width=&#8221;1\/2&#8243;][vc_row_inner][vc_column_inner width=&#8221;1\/6&#8243;][\/vc_column_inner][vc_column_inner width=&#8221;2\/3&#8243; css=&#8221;.vc_custom_1686573387811{margin-top: 30px !important;border-top-width: 1px !important;border-right-width: 1px !important;border-bottom-width: 1px !important;border-left-width: 1px !important;border-left-color: #1e73be !important;border-left-style: dotted !important;border-right-color: #1e73be !important;border-right-style: dotted !important;border-top-color: #1e73be !important;border-top-style: dotted !important;border-bottom-color: #1e73be !important;border-bottom-style: dotted !important;border-radius: 15px !important;}&#8221;][vc_empty_space][vc_single_image image=&#8221;2617&#8243; alignment=&#8221;center&#8221; css=&#8221;.vc_custom_1686573321675{margin-right: 20px !important;margin-left: 20px !important;}&#8221;][vc_empty_space height=&#8221;15px&#8221;][vc_icon type=&#8221;typicons&#8221; icon_typicons=&#8221;typcn typcn-phone&#8221; color=&#8221;custom&#8221; align=&#8221;center&#8221; custom_color=&#8221;#2d5698&#8243;][vc_icon type=&#8221;typicons&#8221; icon_typicons=&#8221;typcn typcn-location&#8221; color=&#8221;custom&#8221; align=&#8221;center&#8221; custom_color=&#8221;#2d5698&#8243;][vc_empty_space][vc_icon type=&#8221;typicons&#8221; [&hellip;]<\/p>\n","protected":false},"author":1,"featured_media":0,"parent":0,"menu_order":0,"comment_status":"closed","ping_status":"closed","template":"page_ restaurant.php","meta":{"footnotes":""},"class_list":["post-3736","page","type-page","status-publish","hentry"],"yoast_head":"<!-- This site is optimized with the Yoast SEO Premium plugin v26.0 (Yoast SEO v27.3) - https:\/\/yoast.com\/product\/yoast-seo-premium-wordpress\/ -->\n<title>Contact - Restaurant La barque Bleue in the port of Nice<\/title>\n<meta name=\"description\" content=\"Contact La barque Bleue restaurant in the port of Nice for more information, or to book your reservation.\" \/>\n<meta name=\"robots\" content=\"index, follow, max-snippet:-1, max-image-preview:large, max-video-preview:-1\" \/>\n<link rel=\"canonical\" href=\"https:\/\/restaurant-la-barque-bleue.fr\/en\/book-your-restaurant-in-the-port-of-nice\/\" \/>\n<meta property=\"og:locale\" content=\"en_US\" \/>\n<meta property=\"og:type\" content=\"article\" \/>\n<meta property=\"og:title\" content=\"Book your restaurant in the port of Nice - La Barque Bleue Restaurant au Port de nice\" \/>\n<meta property=\"og:description\" content=\"Contact La barque Bleue restaurant in the port of Nice for more information, or to book your reservation.\" \/>\n<meta property=\"og:url\" content=\"https:\/\/restaurant-la-barque-bleue.fr\/en\/book-your-restaurant-in-the-port-of-nice\/\" \/>\n<meta property=\"og:site_name\" content=\"La Barque Bleue Restaurant au Port de nice\" \/>\n<meta property=\"article:publisher\" content=\"https:\/\/www.facebook.com\/LaBarqueBleue06\" \/>\n<meta property=\"article:modified_time\" content=\"2024-05-28T09:55:26+00:00\" \/>\n<meta name=\"twitter:card\" content=\"summary_large_image\" \/>\n<meta name=\"twitter:label1\" content=\"Est. reading time\" \/>\n\t<meta name=\"twitter:data1\" content=\"1 minute\" \/>\n<script type=\"application\/ld+json\" class=\"yoast-schema-graph\">{\"@context\":\"https:\\\/\\\/schema.org\",\"@graph\":[{\"@type\":\"WebPage\",\"@id\":\"https:\\\/\\\/restaurant-la-barque-bleue.fr\\\/en\\\/book-your-restaurant-in-the-port-of-nice\\\/\",\"url\":\"https:\\\/\\\/restaurant-la-barque-bleue.fr\\\/en\\\/book-your-restaurant-in-the-port-of-nice\\\/\",\"name\":\"Contact - Restaurant La barque Bleue in the port of Nice\",\"isPartOf\":{\"@id\":\"https:\\\/\\\/restaurant-la-barque-bleue.fr\\\/en\\\/#website\"},\"datePublished\":\"2019-01-29T15:06:06+00:00\",\"dateModified\":\"2024-05-28T09:55:26+00:00\",\"description\":\"Contact La barque Bleue restaurant in the port of Nice for more information, or to book your reservation.\",\"breadcrumb\":{\"@id\":\"https:\\\/\\\/restaurant-la-barque-bleue.fr\\\/en\\\/book-your-restaurant-in-the-port-of-nice\\\/#breadcrumb\"},\"inLanguage\":\"en-US\",\"potentialAction\":[{\"@type\":\"ReadAction\",\"target\":[\"https:\\\/\\\/restaurant-la-barque-bleue.fr\\\/en\\\/book-your-restaurant-in-the-port-of-nice\\\/\"]}]},{\"@type\":\"BreadcrumbList\",\"@id\":\"https:\\\/\\\/restaurant-la-barque-bleue.fr\\\/en\\\/book-your-restaurant-in-the-port-of-nice\\\/#breadcrumb\",\"itemListElement\":[{\"@type\":\"ListItem\",\"position\":1,\"name\":\"Accueil\",\"item\":\"https:\\\/\\\/restaurant-la-barque-bleue.fr\\\/en\\\/\"},{\"@type\":\"ListItem\",\"position\":2,\"name\":\"Book your restaurant in the port of Nice\"}]},{\"@type\":\"WebSite\",\"@id\":\"https:\\\/\\\/restaurant-la-barque-bleue.fr\\\/en\\\/#website\",\"url\":\"https:\\\/\\\/restaurant-la-barque-bleue.fr\\\/en\\\/\",\"name\":\"La Barque Bleue Restaurant au Port de nice\",\"description\":\"Restaurant sp\u00e9cialit\u00e9s Viandes, Poissons et P\u00e2tes sur le Port de Nice\",\"publisher\":{\"@id\":\"https:\\\/\\\/restaurant-la-barque-bleue.fr\\\/en\\\/#organization\"},\"potentialAction\":[{\"@type\":\"SearchAction\",\"target\":{\"@type\":\"EntryPoint\",\"urlTemplate\":\"https:\\\/\\\/restaurant-la-barque-bleue.fr\\\/en\\\/?s={search_term_string}\"},\"query-input\":{\"@type\":\"PropertyValueSpecification\",\"valueRequired\":true,\"valueName\":\"search_term_string\"}}],\"inLanguage\":\"en-US\"},{\"@type\":\"Organization\",\"@id\":\"https:\\\/\\\/restaurant-la-barque-bleue.fr\\\/en\\\/#organization\",\"name\":\"Restaurant la Barque Bleue\",\"url\":\"https:\\\/\\\/restaurant-la-barque-bleue.fr\\\/en\\\/\",\"logo\":{\"@type\":\"ImageObject\",\"inLanguage\":\"en-US\",\"@id\":\"https:\\\/\\\/restaurant-la-barque-bleue.fr\\\/en\\\/#\\\/schema\\\/logo\\\/image\\\/\",\"url\":\"https:\\\/\\\/i0.wp.com\\\/restaurant-la-barque-bleue.fr\\\/wp-content\\\/uploads\\\/2020\\\/09\\\/LOGO-BARQUE-BLEUE-1.png?fit=533%2C510&ssl=1\",\"contentUrl\":\"https:\\\/\\\/i0.wp.com\\\/restaurant-la-barque-bleue.fr\\\/wp-content\\\/uploads\\\/2020\\\/09\\\/LOGO-BARQUE-BLEUE-1.png?fit=533%2C510&ssl=1\",\"width\":533,\"height\":510,\"caption\":\"Restaurant la Barque Bleue\"},\"image\":{\"@id\":\"https:\\\/\\\/restaurant-la-barque-bleue.fr\\\/en\\\/#\\\/schema\\\/logo\\\/image\\\/\"},\"sameAs\":[\"https:\\\/\\\/www.facebook.com\\\/LaBarqueBleue06\",\"https:\\\/\\\/www.instagram.com\\\/labarquebleue.nice\\\/\"]}]}<\/script>\n<!-- \/ Yoast SEO Premium plugin. -->","yoast_head_json":{"title":"Contact - Restaurant La barque Bleue in the port of Nice","description":"Contact La barque Bleue restaurant in the port of Nice for more information, or to book your reservation.","robots":{"index":"index","follow":"follow","max-snippet":"max-snippet:-1","max-image-preview":"max-image-preview:large","max-video-preview":"max-video-preview:-1"},"canonical":"https:\/\/restaurant-la-barque-bleue.fr\/en\/book-your-restaurant-in-the-port-of-nice\/","og_locale":"en_US","og_type":"article","og_title":"Book your restaurant in the port of Nice - La Barque Bleue Restaurant au Port de nice","og_description":"Contact La barque Bleue restaurant in the port of Nice for more information, or to book your reservation.","og_url":"https:\/\/restaurant-la-barque-bleue.fr\/en\/book-your-restaurant-in-the-port-of-nice\/","og_site_name":"La Barque Bleue Restaurant au Port de nice","article_publisher":"https:\/\/www.facebook.com\/LaBarqueBleue06","article_modified_time":"2024-05-28T09:55:26+00:00","twitter_card":"summary_large_image","twitter_misc":{"Est. reading time":"1 minute"},"schema":{"@context":"https:\/\/schema.org","@graph":[{"@type":"WebPage","@id":"https:\/\/restaurant-la-barque-bleue.fr\/en\/book-your-restaurant-in-the-port-of-nice\/","url":"https:\/\/restaurant-la-barque-bleue.fr\/en\/book-your-restaurant-in-the-port-of-nice\/","name":"Contact - Restaurant La barque Bleue in the port of Nice","isPartOf":{"@id":"https:\/\/restaurant-la-barque-bleue.fr\/en\/#website"},"datePublished":"2019-01-29T15:06:06+00:00","dateModified":"2024-05-28T09:55:26+00:00","description":"Contact La barque Bleue restaurant in the port of Nice for more information, or to book your reservation.","breadcrumb":{"@id":"https:\/\/restaurant-la-barque-bleue.fr\/en\/book-your-restaurant-in-the-port-of-nice\/#breadcrumb"},"inLanguage":"en-US","potentialAction":[{"@type":"ReadAction","target":["https:\/\/restaurant-la-barque-bleue.fr\/en\/book-your-restaurant-in-the-port-of-nice\/"]}]},{"@type":"BreadcrumbList","@id":"https:\/\/restaurant-la-barque-bleue.fr\/en\/book-your-restaurant-in-the-port-of-nice\/#breadcrumb","itemListElement":[{"@type":"ListItem","position":1,"name":"Accueil","item":"https:\/\/restaurant-la-barque-bleue.fr\/en\/"},{"@type":"ListItem","position":2,"name":"Book your restaurant in the port of Nice"}]},{"@type":"WebSite","@id":"https:\/\/restaurant-la-barque-bleue.fr\/en\/#website","url":"https:\/\/restaurant-la-barque-bleue.fr\/en\/","name":"La Barque Bleue Restaurant au Port de nice","description":"Restaurant sp\u00e9cialit\u00e9s Viandes, Poissons et P\u00e2tes sur le Port de Nice","publisher":{"@id":"https:\/\/restaurant-la-barque-bleue.fr\/en\/#organization"},"potentialAction":[{"@type":"SearchAction","target":{"@type":"EntryPoint","urlTemplate":"https:\/\/restaurant-la-barque-bleue.fr\/en\/?s={search_term_string}"},"query-input":{"@type":"PropertyValueSpecification","valueRequired":true,"valueName":"search_term_string"}}],"inLanguage":"en-US"},{"@type":"Organization","@id":"https:\/\/restaurant-la-barque-bleue.fr\/en\/#organization","name":"Restaurant la Barque Bleue","url":"https:\/\/restaurant-la-barque-bleue.fr\/en\/","logo":{"@type":"ImageObject","inLanguage":"en-US","@id":"https:\/\/restaurant-la-barque-bleue.fr\/en\/#\/schema\/logo\/image\/","url":"https:\/\/i0.wp.com\/restaurant-la-barque-bleue.fr\/wp-content\/uploads\/2020\/09\/LOGO-BARQUE-BLEUE-1.png?fit=533%2C510&ssl=1","contentUrl":"https:\/\/i0.wp.com\/restaurant-la-barque-bleue.fr\/wp-content\/uploads\/2020\/09\/LOGO-BARQUE-BLEUE-1.png?fit=533%2C510&ssl=1","width":533,"height":510,"caption":"Restaurant la Barque Bleue"},"image":{"@id":"https:\/\/restaurant-la-barque-bleue.fr\/en\/#\/schema\/logo\/image\/"},"sameAs":["https:\/\/www.facebook.com\/LaBarqueBleue06","https:\/\/www.instagram.com\/labarquebleue.nice\/"]}]}},"_links":{"self":[{"href":"https:\/\/restaurant-la-barque-bleue.fr\/en\/wp-json\/wp\/v2\/pages\/3736","targetHints":{"allow":["GET"]}}],"collection":[{"href":"https:\/\/restaurant-la-barque-bleue.fr\/en\/wp-json\/wp\/v2\/pages"}],"about":[{"href":"https:\/\/restaurant-la-barque-bleue.fr\/en\/wp-json\/wp\/v2\/types\/page"}],"author":[{"embeddable":true,"href":"https:\/\/restaurant-la-barque-bleue.fr\/en\/wp-json\/wp\/v2\/users\/1"}],"replies":[{"embeddable":true,"href":"https:\/\/restaurant-la-barque-bleue.fr\/en\/wp-json\/wp\/v2\/comments?post=3736"}],"version-history":[{"count":0,"href":"https:\/\/restaurant-la-barque-bleue.fr\/en\/wp-json\/wp\/v2\/pages\/3736\/revisions"}],"wp:attachment":[{"href":"https:\/\/restaurant-la-barque-bleue.fr\/en\/wp-json\/wp\/v2\/media?parent=3736"}],"curies":[{"name":"wp","href":"https:\/\/api.w.org\/{rel}","templated":true}]}}