{"id":3840,"date":"2023-09-05T08:00:08","date_gmt":"2023-09-05T08:00:08","guid":{"rendered":"https:\/\/restaurant-la-barque-bleue.fr\/lieferservice-blaues-boot-7-tage-die-woche\/"},"modified":"2024-07-12T11:20:21","modified_gmt":"2024-07-12T11:20:21","slug":"lieferservice-blaues-boot-7-tage-die-woche","status":"publish","type":"page","link":"https:\/\/restaurant-la-barque-bleue.fr\/de\/lieferservice-blaues-boot-7-tage-die-woche\/","title":{"rendered":"Lieferservice Blaues Boot 7 Tage die Woche"},"content":{"rendered":"<div class=\"wpb-content-wrapper\"><p>[vc_row css=&#8220;.vc_custom_1600177424345{background-image: url(https:\/\/restaurant-la-barque-bleue.fr\/wp-content\/uploads\/2020\/09\/Copie-de-LOGO_bleu_BB_Plan-de-travail-1-1.png?id=1737) !important;background-position: center !important;background-repeat: no-repeat !important;background-size: contain !important;}&#8220;][vc_column css=&#8220;.vc_custom_1467360650255{margin-top: 10px !important;margin-bottom: 10px !important;padding-top: 0px !important;padding-right: 40px !important;}&#8220;][vc_column_text css_animation=&#8220;bounceInDown&#8220;]<\/p>\n<h2 style=\"text-align: center;\"><span style=\"color: #375792; font-size: 18pt;\">Lieferservice Blaues Boot 7 Tage die Woche<\/span><\/h2>\n<p>[\/vc_column_text]<div style=\"background-color:;height: 20px\" class=\"nicdark_section  \"><\/div>[vc_row_inner][vc_column_inner width=&#8220;1\/2&#8243;][vc_column_text css_animation=&#8220;bounceInDown&#8220;]Sparen Sie wertvolle Zeit mit unserem <strong><a href=\"https:\/\/commande.restaurant-la-barque-bleue.fr\/order\/\">Abhol-<\/a><\/strong> <strong>und Lieferservice<\/strong>.<\/p>\n<p>Option <a href=\"https:\/\/commande.restaurant-la-barque-bleue.fr\/order\/\"><br \/>\n  <strong>Click &amp; Collect<\/strong><br \/>\n<\/a> oder <a href=\"https:\/\/commande.restaurant-la-barque-bleue.fr\/order\/\"><br \/>\n  <strong>Spezielle Lieferung<\/strong><br \/>\n<\/a> Barque Bleue, finden Sie Ihre Lieblingsgerichte in allen Ecken von Nizza, indem Sie direkt auf unserer Website bestellen. <strong><a href=\"https:\/\/commande.restaurant-la-barque-bleue.fr\/order\/\">Internetseite<\/a> <\/strong>oder per Telefon!<\/p>\n<p>Sie haben zwei M\u00f6glichkeiten: eine schnelle Lieferung an den Ort Ihrer Wahl oder eine direkte Abholung Ihrer Bestellung in unserem Restaurant am Hafen von Nizza.<\/p>\n<p>Fr\u00fchst\u00fcck am Strand, Muschelgerichte in den Buchten von Nizza, hausgemachte Burger bei der Arbeit, ein Kindermen\u00fc oder ein k\u00f6stlicher Teller Spaghetti Vongole f\u00fcr einen faulen Sonntag zu Hause, unsere Vorschl\u00e4ge werden die M\u00e4gen von Gro\u00df und Klein zufrieden stellen.<\/p>\n<p>Wir sind stolz darauf, Ihnen eine raffinierte und kreative K\u00fcche mit frischen und saisonalen Zutaten anbieten zu k\u00f6nnen, die in ganz Nizza geliefert wird. Die Vielfalt unserer Speisekarte und unser Non-Stop-Service erm\u00f6glichen es Ihnen, 7 Tage in der Woche, den ganzen Tag \u00fcber, alle Arten von Gerichten zu bestellen.[\/vc_column_text][\/vc_column_inner][vc_column_inner width=&#8220;1\/2&#8243;]<div style=\"background-color:;height: 20px\" class=\"nicdark_section  \"><\/div>[vc_single_image image=&#8220;2778&#8243; img_size=&#8220;medium&#8220; alignment=&#8220;center&#8220; onclick=&#8220;link_image&#8220; css_animation=&#8220;bounceInDown&#8220; css=&#8220;.vc_custom_1693993054763{margin-right: 20px !important;margin-left: 20px !important;}&#8220;]<div style=\"background-color:;height: 20px\" class=\"nicdark_section  \"><\/div>\n\t<div class=\"nd_options_section nd_options_text_align_center\">\n\t<a style=\"border: px solid;border-radius:3px;letter-spacing:2px;line-height:16px;font-size:16px;background-color:#2d5698;padding:15px 35px;margin:;color:#ffffff\" rel=\"\" href=\"https:\/\/commande.restaurant-la-barque-bleue.fr\/order\/\" class=\"nicdark_display_inline_block  nd_options_font_weight_normal nd_options_first_font  \">JE COMMANDE EN LIGNE<\/a>\n\t<\/div>\n<div style=\"background-color:;height: 20px\" class=\"nicdark_section  \"><\/div>[vc_column_text css_animation=&#8220;bounceInDown&#8220;]<strong>Unsere gesamte Speisekarte ist<\/strong> mit geringeren Lieferkosten<strong>erh\u00e4ltlich<\/strong>, dank unserer Partnerschaft mit <a href=\"https:\/\/delicity.com\" target=\"_blank\" rel=\"noopener\">Delicity<\/a>, einem lokalen Unternehmen, das seine Partner und Zusteller transparent bezahlt.[\/vc_column_text][\/vc_column_inner][\/vc_row_inner]<div style=\"background-color:;height: 20px\" class=\"nicdark_section  \"><\/div>[\/vc_column][\/vc_row][vc_row][vc_column][vc_row_inner][vc_column_inner width=&#8220;1\/4&#8243;]\n    <div style=\"text-align:center\" class=\"nd_options_section\">\n      <img decoding=\"async\" alt=\"\" style=\"width:200px\" class=\" nd_options_margin_0 nd_options_padding_0 \" src=\"https:\/\/restaurant-la-barque-bleue.fr\/wp-content\/uploads\/2021\/10\/4-1024x1024.jpg\">\n    <\/div>\n   [\/vc_column_inner][vc_column_inner width=&#8220;1\/4&#8243;]\n    <div style=\"text-align:center\" class=\"nd_options_section\">\n      <img decoding=\"async\" alt=\"\" style=\"width:200px\" class=\" nd_options_margin_0 nd_options_padding_0 \" src=\"https:\/\/restaurant-la-barque-bleue.fr\/wp-content\/uploads\/2021\/10\/3-1024x1024.jpg\">\n    <\/div>\n   [\/vc_column_inner][vc_column_inner width=&#8220;1\/4&#8243;]\n    <div style=\"text-align:center\" class=\"nd_options_section\">\n      <img decoding=\"async\" alt=\"\" style=\"width:200px\" class=\" nd_options_margin_0 nd_options_padding_0 \" src=\"https:\/\/restaurant-la-barque-bleue.fr\/wp-content\/uploads\/2021\/10\/1-1024x1024.jpg\">\n    <\/div>\n   [\/vc_column_inner][vc_column_inner width=&#8220;1\/4&#8243;]\n    <div style=\"text-align:center\" class=\"nd_options_section\">\n      <img decoding=\"async\" alt=\"\" style=\"width:200px\" class=\" nd_options_margin_0 nd_options_padding_0 \" src=\"https:\/\/restaurant-la-barque-bleue.fr\/wp-content\/uploads\/2021\/10\/2-1024x1024.jpg\">\n    <\/div>\n   [\/vc_column_inner][\/vc_row_inner][vc_empty_space height=&#8220;52px&#8220;][vc_row_inner][vc_column_inner width=&#8220;1\/6&#8243;]\n    <div style=\"text-align:center\" class=\"nd_options_section\">\n      <img decoding=\"async\" alt=\"\" style=\"width:70px\" class=\" nd_options_margin_0 nd_options_padding_0 \" src=\"https:\/\/restaurant-la-barque-bleue.fr\/wp-content\/uploads\/2020\/09\/icon-17.png\">\n    <\/div>\n   [\/vc_column_inner][vc_column_inner width=&#8220;5\/6&#8243;][vc_column_text]<\/p>\n<p style=\"text-align: left;\"><span style=\"font-size: 14pt;\"><strong>M\u00f6chten Sie ein Gruppenessen in einem Restaurant am Hafen von Nizza organisieren?<\/strong> <\/span><br \/>\nZ\u00f6gern Sie nicht, uns zu kontaktieren. <a href=\"https:\/\/restaurant-la-barque-bleue.fr\/de\/buchen-sie-ihr-restaurant-im-hafen-von-nizza\/\"><br \/>\n  <strong>kontaktieren Sie La Barque Bleue<\/strong><br \/>\n<\/a> !<br \/>\nWir sind in der Lage, Gruppen bis zu 100 Personen zu empfangen.<\/p>\n<p>[\/vc_column_text][\/vc_column_inner][\/vc_row_inner][vc_empty_space height=&#8220;52px&#8220;][\/vc_column][\/vc_row][vc_row full_width=&#8220;stretch_row&#8220; parallax=&#8220;content-moving&#8220; parallax_image=&#8220;510&#8243; css=&#8220;.vc_custom_1549269790782{margin-top: 60px !important;padding-top: 100px !important;padding-bottom: 100px !important;}&#8220; el_class=&#8220;nd_options_vc_parallax_filter_2_4&#8243;][vc_column][vc_row_inner][vc_column_inner width=&#8220;1\/3&#8243; css=&#8220;.vc_custom_1469630289168{padding-top: 10px !important;padding-bottom: 10px !important;}&#8220;][vc_column_text css_animation=&#8220;bounceInDown&#8220;]<\/p>\n<p style=\"text-align: center;\"><span style=\"font-size: 24pt; color: #ffffff;\"><strong>von 9.30 bis 22.00 Uhr<\/strong><\/span><\/p>\n<p>[\/vc_column_text]<div style=\"background-color:;height: 20px\" class=\"nicdark_section  \"><\/div> <p style=\"color:#ffffff;padding:px;text-align:center;font-size:14px;line-height:30px;letter-spacing: 2px;font-weight:lighter\" class=\"   nd_options_second_font \">SERVICE NON STOP<\/p> [\/vc_column_inner][vc_column_inner width=&#8220;1\/3&#8243; css=&#8220;.vc_custom_1469630269458{padding-top: 10px !important;padding-bottom: 10px !important;}&#8220;][vc_column_text css_animation=&#8220;bounceInDown&#8220;]<\/p>\n<p style=\"text-align: center;\"><span style=\"font-size: 24pt; color: #ffffff;\"><strong>7J\/7<\/strong><\/span><\/p>\n<p>[\/vc_column_text]<div style=\"background-color:;height: 20px\" class=\"nicdark_section  \"><\/div> <p style=\"color:#ffffff;padding:px;text-align:center;font-size:14px;line-height:30px;letter-spacing: 2px;font-weight:lighter\" class=\"   nd_options_second_font \">OUVERTURE<\/p> [\/vc_column_inner][vc_column_inner width=&#8220;1\/3&#8243; css=&#8220;.vc_custom_1469630276028{padding-top: 10px !important;padding-bottom: 10px !important;}&#8220;]<h1 style=\"text-align:center;color:#ffffff;font-size:50px\" class=\" nd_options_counter_component_l1 nd_options_font_weight_bolder nd_options_counter counter-text \" data-to=\"100\" data-speed=\"1000\">100<\/h1><div style=\"background-color:;height: 20px\" class=\"nicdark_section  \"><\/div> <p style=\"color:#ffffff;padding:px;text-align:center;font-size:14px;line-height:30px;letter-spacing: 2px;font-weight:lighter\" class=\"   nd_options_second_font \">SOURIRES \/ JOUR<\/p> [\/vc_column_inner][\/vc_row_inner][\/vc_column][\/vc_row][vc_row full_width=&#8220;stretch_row&#8220; equal_height=&#8220;yes&#8220; content_placement=&#8220;middle&#8220; css=&#8220;.vc_custom_1634740404965{margin-top: 30px !important;}&#8220;][vc_column width=&#8220;1\/4&#8243;]<div style=\"background-color:;height: 30px\" class=\"nicdark_section  \"><\/div>\n    <div style=\"text-align:left\" class=\"nd_options_section\">\n      <img decoding=\"async\" alt=\"\" style=\"width:60px\" class=\" nd_options_margin_0 nd_options_padding_0 \" src=\"https:\/\/restaurant-la-barque-bleue.fr\/wp-content\/uploads\/2021\/10\/icon-.jpg\">\n    <\/div>\n   <div style=\"background-color:;height: 15px\" class=\"nicdark_section  \"><\/div> <h3 style=\"color:#375792;padding:px;text-align:;font-size:18px;line-height:50px;letter-spacing: 2px;font-weight:normal\" class=\"  nd_options_font_size_40_important_all_iphone nd_options_first_font \">SAISONALE PRODUKTE<\/h3>  <p style=\"color:;padding:px;text-align:;font-size:px;line-height:px;letter-spacing: px;font-weight:normal\" class=\"    \">Eines der Engagements von La Barque Bleue besteht darin, haupts\u00e4chlich mit lokalen Partnern zusammenzuarbeiten. Deshalb passen wir unsere Speisekarte dem jeweiligen Zeitraum an, um m\u00f6glichst viele saisonale Produkte zu verwenden.<\/p> <div style=\"background-color:;height: 30px\" class=\"nicdark_section  \"><\/div>[\/vc_column][vc_column width=&#8220;1\/4&#8243;]<div style=\"background-color:;height: 30px\" class=\"nicdark_section  \"><\/div>\n    <div style=\"text-align:left\" class=\"nd_options_section\">\n      <img decoding=\"async\" alt=\"\" style=\"width:50px\" class=\" nd_options_margin_0 nd_options_padding_0 \" src=\"https:\/\/restaurant-la-barque-bleue.fr\/wp-content\/uploads\/2021\/10\/icon.jpg\">\n    <\/div>\n   <div style=\"background-color:;height: 15px\" class=\"nicdark_section  \"><\/div> <h3 style=\"color:#375792;padding:px;text-align:;font-size:18px;line-height:50px;letter-spacing: 2px;font-weight:normal\" class=\"  nd_options_font_size_40_important_all_iphone nd_options_first_font \">FRISCHE PRODUKTE<\/h3>  <p style=\"color:;padding:px;text-align:;font-size:px;line-height:px;letter-spacing: px;font-weight:\" class=\"    \">Unser K\u00fcchenchef stellt jedes Gericht auf der Speisekarte zusammen und bereitet es ausschlie\u00dflich aus frischen Produkten zu. Er denkt und kreiert alle Gerichte auf seiner Speisekarte mit gro\u00dfer Sorgfalt und w\u00e4hlt jedes Produkt sorgf\u00e4ltig aus.<\/p> <div style=\"background-color:;height: 30px\" class=\"nicdark_section  \"><\/div>[\/vc_column][vc_column width=&#8220;1\/4&#8243;]<div style=\"background-color:;height: 30px\" class=\"nicdark_section  \"><\/div>\n    <div style=\"text-align:left\" class=\"nd_options_section\">\n      <img decoding=\"async\" alt=\"\" style=\"width:50px\" class=\" nd_options_margin_0 nd_options_padding_0 \" src=\"https:\/\/restaurant-la-barque-bleue.fr\/wp-content\/uploads\/2020\/09\/ico-01.png\">\n    <\/div>\n   <div style=\"background-color:;height: 15px\" class=\"nicdark_section  \"><\/div> <h3 style=\"color:#375792;padding:px;text-align:;font-size:18px;line-height:50px;letter-spacing: 2px;font-weight:normal\" class=\"  nd_options_font_size_40_important_all_iphone nd_options_first_font \">HAUSGEMACHT<\/h3>  <p style=\"color:;padding:px;text-align:;font-size:px;line-height:px;letter-spacing: px;font-weight:\" class=\"    \">Von der Vorspeise bis zum Dessert ist jedes Gericht auf der Speisekarte vollst\u00e4ndig hausgemacht. Wir sind auf Meeres- und S\u00fc\u00dfwasserfische spezialisiert und alle unsere Gerichte werden in unseren K\u00fcchen gekocht, gew\u00fcrzt und zubereitet.<\/p> <div style=\"background-color:;height: 30px\" class=\"nicdark_section  \"><\/div>[\/vc_column][vc_column width=&#8220;1\/4&#8243;]<div style=\"background-color:;height: 30px\" class=\"nicdark_section  \"><\/div>\n    <div style=\"text-align:left\" class=\"nd_options_section\">\n      <img decoding=\"async\" alt=\"\" style=\"width:50px\" class=\" nd_options_margin_0 nd_options_padding_0 \" src=\"https:\/\/restaurant-la-barque-bleue.fr\/wp-content\/uploads\/2021\/10\/icon-17-1.png\">\n    <\/div>\n   <div style=\"background-color:;height: 15px\" class=\"nicdark_section  \"><\/div> <h3 style=\"color:#375792;padding:px;text-align:;font-size:18px;line-height:50px;letter-spacing: 2px;font-weight:normal\" class=\"  nd_options_font_size_40_important_all_iphone nd_options_first_font \">AUSSERGEW\u00d6HNLICHE EINSTELLUNG<\/h3>  <p style=\"color:;padding:px;text-align:;font-size:px;line-height:px;letter-spacing: px;font-weight:\" class=\"    \">Mit seiner gro\u00dfz\u00fcgigen Terrasse bietet Ihnen La Barque Bleue einen herrlichen Blick auf den Hafen von Nizza. Nutzen Sie diesen au\u00dfergew\u00f6hnlichen Rahmen Tag und Nacht f\u00fcr einen unvergleichlichen Moment der Entspannung und des Teilens, zu zweit, mit Freunden oder der Familie.<\/p> <div style=\"background-color:;height: 30px\" class=\"nicdark_section  \"><\/div>[\/vc_column][\/vc_row][vc_row css=&#8220;.vc_custom_1504098160799{margin-top: 15px !important;}&#8220;][vc_column el_class=&#8220;nd_options_text_align_center&#8220;]\n\t<div class=\"nd_options_section nd_options_text_align_center\">\n\t<a style=\"border: px solid;border-radius:3px;letter-spacing:2px;line-height:16px;font-size:16px;background-color:#2d5698;padding:15px 35px;margin:;color:#ffffff\" rel=\"\" href=\"https:\/\/restaurant-la-barque-bleue.fr\/index.php\/contact-restaurant-la-barque-bleue-au-port-de-nice\/\" class=\"nicdark_display_inline_block  nd_options_font_weight_normal nd_options_first_font  \">R\u00c9SERVER VOTRE TABLE<\/a>\n\t<\/div>\n[\/vc_column][\/vc_row]<\/p>\n<\/div>","protected":false},"excerpt":{"rendered":"<p>[vc_row css=&#8220;.vc_custom_1600177424345{background-image: url(https:\/\/restaurant-la-barque-bleue.fr\/wp-content\/uploads\/2020\/09\/Copie-de-LOGO_bleu_BB_Plan-de-travail-1-1.png?id=1737) !important;background-position: center !important;background-repeat: no-repeat !important;background-size: contain !important;}&#8220;][vc_column css=&#8220;.vc_custom_1467360650255{margin-top: 10px !important;margin-bottom: 10px !important;padding-top: 0px !important;padding-right: 40px !important;}&#8220;][vc_column_text css_animation=&#8220;bounceInDown&#8220;] Lieferservice Blaues Boot 7 Tage die Woche [\/vc_column_text][vc_row_inner][vc_column_inner width=&#8220;1\/2&#8243;][vc_column_text css_animation=&#8220;bounceInDown&#8220;]Sparen Sie wertvolle Zeit mit unserem Abhol- und Lieferservice. Option Click &amp; Collect oder Spezielle Lieferung Barque Bleue, finden Sie Ihre Lieblingsgerichte in allen Ecken von [&hellip;]<\/p>\n","protected":false},"author":1,"featured_media":0,"parent":0,"menu_order":0,"comment_status":"closed","ping_status":"closed","template":"","meta":{"footnotes":""},"class_list":["post-3840","page","type-page","status-publish","hentry"],"yoast_head":"<!-- This site is optimized with the Yoast SEO Premium plugin v26.0 (Yoast SEO v27.5) - https:\/\/yoast.com\/product\/yoast-seo-premium-wordpress\/ -->\n<title>Non-Stop-Service am Hafen von Nizza - Restaurant La Barque Bleue<\/title>\n<meta name=\"description\" content=\"Lieferung Barque Bleue 7J7 Sparen Sie wertvolle Zeit mit unserem Mitnahme- und Lieferservice.\" \/>\n<meta name=\"robots\" content=\"index, follow, max-snippet:-1, max-image-preview:large, max-video-preview:-1\" \/>\n<link rel=\"canonical\" href=\"https:\/\/restaurant-la-barque-bleue.fr\/de\/lieferservice-blaues-boot-7-tage-die-woche\/\" \/>\n<meta property=\"og:locale\" content=\"de_DE\" \/>\n<meta property=\"og:type\" content=\"article\" \/>\n<meta property=\"og:title\" content=\"Lieferservice Blaues Boot 7 Tage die Woche - La Barque Bleue Restaurant au Port de nice\" \/>\n<meta property=\"og:description\" content=\"Lieferung Barque Bleue 7J7 Sparen Sie wertvolle Zeit mit unserem Mitnahme- und Lieferservice.\" \/>\n<meta property=\"og:url\" content=\"https:\/\/restaurant-la-barque-bleue.fr\/de\/lieferservice-blaues-boot-7-tage-die-woche\/\" \/>\n<meta property=\"og:site_name\" content=\"La Barque Bleue Restaurant au Port de nice\" \/>\n<meta property=\"article:publisher\" content=\"https:\/\/www.facebook.com\/LaBarqueBleue06\" \/>\n<meta property=\"article:modified_time\" content=\"2024-07-12T11:20:21+00:00\" \/>\n<meta name=\"twitter:card\" content=\"summary_large_image\" \/>\n<meta name=\"twitter:label1\" content=\"Gesch\u00e4tzte Lesezeit\" \/>\n\t<meta name=\"twitter:data1\" content=\"8\u00a0Minuten\" \/>\n<script type=\"application\/ld+json\" class=\"yoast-schema-graph\">{\"@context\":\"https:\\\/\\\/schema.org\",\"@graph\":[{\"@type\":\"WebPage\",\"@id\":\"https:\\\/\\\/restaurant-la-barque-bleue.fr\\\/de\\\/lieferservice-blaues-boot-7-tage-die-woche\\\/\",\"url\":\"https:\\\/\\\/restaurant-la-barque-bleue.fr\\\/de\\\/lieferservice-blaues-boot-7-tage-die-woche\\\/\",\"name\":\"Non-Stop-Service am Hafen von Nizza - Restaurant La Barque Bleue\",\"isPartOf\":{\"@id\":\"https:\\\/\\\/restaurant-la-barque-bleue.fr\\\/de\\\/#website\"},\"datePublished\":\"2023-09-05T08:00:08+00:00\",\"dateModified\":\"2024-07-12T11:20:21+00:00\",\"description\":\"Lieferung Barque Bleue 7J7 Sparen Sie wertvolle Zeit mit unserem Mitnahme- und Lieferservice.\",\"breadcrumb\":{\"@id\":\"https:\\\/\\\/restaurant-la-barque-bleue.fr\\\/de\\\/lieferservice-blaues-boot-7-tage-die-woche\\\/#breadcrumb\"},\"inLanguage\":\"de\",\"potentialAction\":[{\"@type\":\"ReadAction\",\"target\":[\"https:\\\/\\\/restaurant-la-barque-bleue.fr\\\/de\\\/lieferservice-blaues-boot-7-tage-die-woche\\\/\"]}]},{\"@type\":\"BreadcrumbList\",\"@id\":\"https:\\\/\\\/restaurant-la-barque-bleue.fr\\\/de\\\/lieferservice-blaues-boot-7-tage-die-woche\\\/#breadcrumb\",\"itemListElement\":[{\"@type\":\"ListItem\",\"position\":1,\"name\":\"Accueil\",\"item\":\"https:\\\/\\\/restaurant-la-barque-bleue.fr\\\/de\\\/\"},{\"@type\":\"ListItem\",\"position\":2,\"name\":\"Lieferservice Blaues Boot 7 Tage die Woche\"}]},{\"@type\":\"WebSite\",\"@id\":\"https:\\\/\\\/restaurant-la-barque-bleue.fr\\\/de\\\/#website\",\"url\":\"https:\\\/\\\/restaurant-la-barque-bleue.fr\\\/de\\\/\",\"name\":\"La Barque Bleue Restaurant au Port de nice\",\"description\":\"Restaurant sp\u00e9cialit\u00e9s Viandes, Poissons et P\u00e2tes sur le Port de Nice\",\"publisher\":{\"@id\":\"https:\\\/\\\/restaurant-la-barque-bleue.fr\\\/de\\\/#organization\"},\"potentialAction\":[{\"@type\":\"SearchAction\",\"target\":{\"@type\":\"EntryPoint\",\"urlTemplate\":\"https:\\\/\\\/restaurant-la-barque-bleue.fr\\\/de\\\/?s={search_term_string}\"},\"query-input\":{\"@type\":\"PropertyValueSpecification\",\"valueRequired\":true,\"valueName\":\"search_term_string\"}}],\"inLanguage\":\"de\"},{\"@type\":\"Organization\",\"@id\":\"https:\\\/\\\/restaurant-la-barque-bleue.fr\\\/de\\\/#organization\",\"name\":\"Restaurant la Barque Bleue\",\"url\":\"https:\\\/\\\/restaurant-la-barque-bleue.fr\\\/de\\\/\",\"logo\":{\"@type\":\"ImageObject\",\"inLanguage\":\"de\",\"@id\":\"https:\\\/\\\/restaurant-la-barque-bleue.fr\\\/de\\\/#\\\/schema\\\/logo\\\/image\\\/\",\"url\":\"https:\\\/\\\/i0.wp.com\\\/restaurant-la-barque-bleue.fr\\\/wp-content\\\/uploads\\\/2020\\\/09\\\/LOGO-BARQUE-BLEUE-1.png?fit=533%2C510&ssl=1\",\"contentUrl\":\"https:\\\/\\\/i0.wp.com\\\/restaurant-la-barque-bleue.fr\\\/wp-content\\\/uploads\\\/2020\\\/09\\\/LOGO-BARQUE-BLEUE-1.png?fit=533%2C510&ssl=1\",\"width\":533,\"height\":510,\"caption\":\"Restaurant la Barque Bleue\"},\"image\":{\"@id\":\"https:\\\/\\\/restaurant-la-barque-bleue.fr\\\/de\\\/#\\\/schema\\\/logo\\\/image\\\/\"},\"sameAs\":[\"https:\\\/\\\/www.facebook.com\\\/LaBarqueBleue06\",\"https:\\\/\\\/www.instagram.com\\\/labarquebleue.nice\\\/\"]}]}<\/script>\n<!-- \/ Yoast SEO Premium plugin. -->","yoast_head_json":{"title":"Non-Stop-Service am Hafen von Nizza - Restaurant La Barque Bleue","description":"Lieferung Barque Bleue 7J7 Sparen Sie wertvolle Zeit mit unserem Mitnahme- und Lieferservice.","robots":{"index":"index","follow":"follow","max-snippet":"max-snippet:-1","max-image-preview":"max-image-preview:large","max-video-preview":"max-video-preview:-1"},"canonical":"https:\/\/restaurant-la-barque-bleue.fr\/de\/lieferservice-blaues-boot-7-tage-die-woche\/","og_locale":"de_DE","og_type":"article","og_title":"Lieferservice Blaues Boot 7 Tage die Woche - La Barque Bleue Restaurant au Port de nice","og_description":"Lieferung Barque Bleue 7J7 Sparen Sie wertvolle Zeit mit unserem Mitnahme- und Lieferservice.","og_url":"https:\/\/restaurant-la-barque-bleue.fr\/de\/lieferservice-blaues-boot-7-tage-die-woche\/","og_site_name":"La Barque Bleue Restaurant au Port de nice","article_publisher":"https:\/\/www.facebook.com\/LaBarqueBleue06","article_modified_time":"2024-07-12T11:20:21+00:00","twitter_card":"summary_large_image","twitter_misc":{"Gesch\u00e4tzte Lesezeit":"8\u00a0Minuten"},"schema":{"@context":"https:\/\/schema.org","@graph":[{"@type":"WebPage","@id":"https:\/\/restaurant-la-barque-bleue.fr\/de\/lieferservice-blaues-boot-7-tage-die-woche\/","url":"https:\/\/restaurant-la-barque-bleue.fr\/de\/lieferservice-blaues-boot-7-tage-die-woche\/","name":"Non-Stop-Service am Hafen von Nizza - Restaurant La Barque Bleue","isPartOf":{"@id":"https:\/\/restaurant-la-barque-bleue.fr\/de\/#website"},"datePublished":"2023-09-05T08:00:08+00:00","dateModified":"2024-07-12T11:20:21+00:00","description":"Lieferung Barque Bleue 7J7 Sparen Sie wertvolle Zeit mit unserem Mitnahme- und Lieferservice.","breadcrumb":{"@id":"https:\/\/restaurant-la-barque-bleue.fr\/de\/lieferservice-blaues-boot-7-tage-die-woche\/#breadcrumb"},"inLanguage":"de","potentialAction":[{"@type":"ReadAction","target":["https:\/\/restaurant-la-barque-bleue.fr\/de\/lieferservice-blaues-boot-7-tage-die-woche\/"]}]},{"@type":"BreadcrumbList","@id":"https:\/\/restaurant-la-barque-bleue.fr\/de\/lieferservice-blaues-boot-7-tage-die-woche\/#breadcrumb","itemListElement":[{"@type":"ListItem","position":1,"name":"Accueil","item":"https:\/\/restaurant-la-barque-bleue.fr\/de\/"},{"@type":"ListItem","position":2,"name":"Lieferservice Blaues Boot 7 Tage die Woche"}]},{"@type":"WebSite","@id":"https:\/\/restaurant-la-barque-bleue.fr\/de\/#website","url":"https:\/\/restaurant-la-barque-bleue.fr\/de\/","name":"La Barque Bleue Restaurant au Port de nice","description":"Restaurant sp\u00e9cialit\u00e9s Viandes, Poissons et P\u00e2tes sur le Port de Nice","publisher":{"@id":"https:\/\/restaurant-la-barque-bleue.fr\/de\/#organization"},"potentialAction":[{"@type":"SearchAction","target":{"@type":"EntryPoint","urlTemplate":"https:\/\/restaurant-la-barque-bleue.fr\/de\/?s={search_term_string}"},"query-input":{"@type":"PropertyValueSpecification","valueRequired":true,"valueName":"search_term_string"}}],"inLanguage":"de"},{"@type":"Organization","@id":"https:\/\/restaurant-la-barque-bleue.fr\/de\/#organization","name":"Restaurant la Barque Bleue","url":"https:\/\/restaurant-la-barque-bleue.fr\/de\/","logo":{"@type":"ImageObject","inLanguage":"de","@id":"https:\/\/restaurant-la-barque-bleue.fr\/de\/#\/schema\/logo\/image\/","url":"https:\/\/i0.wp.com\/restaurant-la-barque-bleue.fr\/wp-content\/uploads\/2020\/09\/LOGO-BARQUE-BLEUE-1.png?fit=533%2C510&ssl=1","contentUrl":"https:\/\/i0.wp.com\/restaurant-la-barque-bleue.fr\/wp-content\/uploads\/2020\/09\/LOGO-BARQUE-BLEUE-1.png?fit=533%2C510&ssl=1","width":533,"height":510,"caption":"Restaurant la Barque Bleue"},"image":{"@id":"https:\/\/restaurant-la-barque-bleue.fr\/de\/#\/schema\/logo\/image\/"},"sameAs":["https:\/\/www.facebook.com\/LaBarqueBleue06","https:\/\/www.instagram.com\/labarquebleue.nice\/"]}]}},"_links":{"self":[{"href":"https:\/\/restaurant-la-barque-bleue.fr\/de\/wp-json\/wp\/v2\/pages\/3840","targetHints":{"allow":["GET"]}}],"collection":[{"href":"https:\/\/restaurant-la-barque-bleue.fr\/de\/wp-json\/wp\/v2\/pages"}],"about":[{"href":"https:\/\/restaurant-la-barque-bleue.fr\/de\/wp-json\/wp\/v2\/types\/page"}],"author":[{"embeddable":true,"href":"https:\/\/restaurant-la-barque-bleue.fr\/de\/wp-json\/wp\/v2\/users\/1"}],"replies":[{"embeddable":true,"href":"https:\/\/restaurant-la-barque-bleue.fr\/de\/wp-json\/wp\/v2\/comments?post=3840"}],"version-history":[{"count":0,"href":"https:\/\/restaurant-la-barque-bleue.fr\/de\/wp-json\/wp\/v2\/pages\/3840\/revisions"}],"wp:attachment":[{"href":"https:\/\/restaurant-la-barque-bleue.fr\/de\/wp-json\/wp\/v2\/media?parent=3840"}],"curies":[{"name":"wp","href":"https:\/\/api.w.org\/{rel}","templated":true}]}}