{"id":3809,"date":"2022-12-15T15:37:46","date_gmt":"2022-12-15T15:37:46","guid":{"rendered":"https:\/\/restaurant-la-barque-bleue.fr\/fruehstueck-im-la-barque-bleue\/"},"modified":"2024-07-12T11:19:48","modified_gmt":"2024-07-12T11:19:48","slug":"fruehstueck-im-la-barque-bleue","status":"publish","type":"page","link":"https:\/\/restaurant-la-barque-bleue.fr\/de\/fruehstueck-im-la-barque-bleue\/","title":{"rendered":"Fr\u00fchst\u00fcck im &#8222;La Barque Bleue&#8220;."},"content":{"rendered":"<div class=\"wpb-content-wrapper\"><p>[vc_row][vc_column width=&#8220;1\/2&#8243;]<div style=\"background-color:;height: 20px\" class=\"nicdark_section  \"><\/div> <h2 style=\"color:#375792;padding:px;text-align:right;font-size:35px;line-height:50px;letter-spacing: px;font-weight:normal\" class=\"  nd_options_text_align_center_responsive_important nd_options_first_font \">Les Petits d\u00e9jeuners<\/h2>  <h2 style=\"color:#375792;padding:px;text-align:right;font-size:35px;line-height:50px;letter-spacing: px;font-weight:normal\" class=\"  nd_options_text_align_center_responsive_important nd_options_first_font \">\u00e0 la Barque Bleue<\/h2>  <h2 style=\"color:#375792;padding:px;text-align:right;font-size:35px;line-height:50px;letter-spacing: px;font-weight:normal\" class=\"  nd_options_text_align_center_responsive_important nd_options_first_font \">\u00e0 partir de 9h30<\/h2> [vc_single_image image=&#8220;2841&#8243; img_size=&#8220;full&#8220; alignment=&#8220;center&#8220; css=&#8220;.vc_custom_1694011435875{margin-left: 20px !important;}&#8220;][\/vc_column][vc_column width=&#8220;1\/2&#8243; css=&#8220;.vc_custom_1671119146365{background-image: url(https:\/\/restaurant-la-barque-bleue.fr\/wp-content\/uploads\/2020\/09\/Copie-de-LOGO_bleu_BB_Plan-de-travail-1-1.png?id=1737) !important;background-position: center !important;background-repeat: no-repeat !important;background-size: contain !important;}&#8220;]<div style=\"background-color:;height: 20px\" class=\"nicdark_section  \"><\/div>[vc_column_text el_class=&#8220;nd_options_text_align_center_responsive&#8220;]La Barque Bleue l\u00e4dt Sie ein, Ihre erste Mahlzeit des Tages in einer idyllischen Umgebung zu genie\u00dfen.<br \/>\nIm Herzen unserer Sonnenterrasse am Hafen von Nizza begr\u00fc\u00dfen wir Sie in einer ruhigen und freundlichen Umgebung zu einem beruhigenden und erholsamen Fr\u00fchst\u00fcck.<\/p>\n<p>Genie\u00dfen Sie den ganzen Vormittag \u00fcber die authentische maritime Atmosph\u00e4re des Yachthafens von Nizza.<\/p>\n<p>Traditionelle Pointus, farbenfrohe Segelboote und Fischerboote werden Sie in den Schlaf wiegen, damit Sie unsere zahlreichen Fr\u00fchst\u00fccksangebote genie\u00dfen k\u00f6nnen.<br \/>\nUnser Non-Stop-Service bietet Ihnen ein Fr\u00fchst\u00fcck bis 11:30 Uhr und ein herzhaftes Men\u00fc den ganzen Tag \u00fcber, wobei unser K\u00fcchenteam auf Ihre W\u00fcnsche eingeht.<br \/>\nOb traditionelles Fr\u00fchst\u00fcck oder w\u00fcrziger Brunch, entdecken Sie unsere Angebote, die sich an spezielle Di\u00e4ten anpassen, um Ihren Essgewohnheiten und kulturellen Gegebenheiten gerecht zu werden.<\/p>\n<p>Von 9.30 bis 11.30 Uhr :<\/p>\n<ul>\n<li><strong>Klassische Formel<\/strong>: Espresso &amp; Geb\u00e4ck 4\u20ac.<\/li>\n<li><strong>Formel<\/strong>: Hei\u00dfes Getr\u00e4nk, Geb\u00e4ck und Fruchtsaft 7,50\u20ac.<\/li>\n<li><strong>Formule Brunch<\/strong>: Hei\u00dfes Getr\u00e4nk, Geb\u00e4ck, frisches Baguette, Butter, Konfit\u00fcre, Honig, Spiegelei oder Ei<br \/>\nR\u00fchrei, Aufschnitt &amp; K\u00e4se 17\u20ac.<\/li>\n<\/ul>\n<p>[\/vc_column_text]<div style=\"background-color:;height: 20px\" class=\"nicdark_section  \"><\/div><div style=\"background-color:;height: 20px\" class=\"nicdark_section  \"><\/div>[\/vc_column][\/vc_row][vc_row css=&#8220;.vc_custom_1600177424345{background-image: url(https:\/\/restaurant-la-barque-bleue.fr\/wp-content\/uploads\/2020\/09\/Copie-de-LOGO_bleu_BB_Plan-de-travail-1-1.png?id=1737) !important;background-position: center !important;background-repeat: no-repeat !important;background-size: contain !important;}&#8220;][vc_column width=&#8220;6\/12&#8243; css=&#8220;.vc_custom_1467360650255{margin-top: 10px !important;margin-bottom: 10px !important;padding-top: 0px !important;padding-right: 40px !important;}&#8220;][\/vc_column][vc_column width=&#8220;3\/12&#8243; css=&#8220;.vc_custom_1467207292391{margin-top: 10px !important;margin-bottom: 10px !important;padding-top: 0px !important;}&#8220;][\/vc_column][\/vc_row][vc_row][vc_column][vc_row_inner][vc_column_inner width=&#8220;1\/4&#8243;]\n    <div style=\"text-align:center\" class=\"nd_options_section\">\n      <img decoding=\"async\" alt=\"\" style=\"width:200px\" class=\" nd_options_margin_0 nd_options_padding_0 \" src=\"https:\/\/restaurant-la-barque-bleue.fr\/wp-content\/uploads\/2021\/10\/4-1024x1024.jpg\">\n    <\/div>\n   [\/vc_column_inner][vc_column_inner width=&#8220;1\/4&#8243;]\n    <div style=\"text-align:center\" class=\"nd_options_section\">\n      <img decoding=\"async\" alt=\"\" style=\"width:200px\" class=\" nd_options_margin_0 nd_options_padding_0 \" src=\"https:\/\/restaurant-la-barque-bleue.fr\/wp-content\/uploads\/2021\/10\/3-1024x1024.jpg\">\n    <\/div>\n   [\/vc_column_inner][vc_column_inner width=&#8220;1\/4&#8243;]\n    <div style=\"text-align:center\" class=\"nd_options_section\">\n      <img decoding=\"async\" alt=\"\" style=\"width:200px\" class=\" nd_options_margin_0 nd_options_padding_0 \" src=\"https:\/\/restaurant-la-barque-bleue.fr\/wp-content\/uploads\/2021\/10\/1-1024x1024.jpg\">\n    <\/div>\n   [\/vc_column_inner][vc_column_inner width=&#8220;1\/4&#8243;]\n    <div style=\"text-align:center\" class=\"nd_options_section\">\n      <img decoding=\"async\" alt=\"\" style=\"width:200px\" class=\" nd_options_margin_0 nd_options_padding_0 \" src=\"https:\/\/restaurant-la-barque-bleue.fr\/wp-content\/uploads\/2021\/10\/2-1024x1024.jpg\">\n    <\/div>\n   [\/vc_column_inner][\/vc_row_inner][vc_empty_space height=&#8220;52px&#8220;][vc_row_inner][vc_column_inner width=&#8220;1\/6&#8243;]\n    <div style=\"text-align:center\" class=\"nd_options_section\">\n      <img decoding=\"async\" alt=\"\" style=\"width:70px\" class=\" nd_options_margin_0 nd_options_padding_0 \" src=\"https:\/\/restaurant-la-barque-bleue.fr\/wp-content\/uploads\/2020\/09\/icon-17.png\">\n    <\/div>\n   [\/vc_column_inner][vc_column_inner width=&#8220;5\/6&#8243;][vc_column_text]<\/p>\n<p style=\"text-align: left;\"><span style=\"font-size: 14pt;\"><strong>M\u00f6chten Sie ein Gruppenessen in einem traditionellen Restaurant in der N\u00e4he des Hafens von Nizza organisieren?<\/strong> <\/span><br \/>\nZ\u00f6gern Sie nicht, uns zu kontaktieren. <strong><br \/>\n  <a href=\"https:\/\/restaurant-la-barque-bleue.fr\/de\/buchen-sie-ihr-restaurant-im-hafen-von-nizza\/\">kontaktieren Sie La Barque Bleue<\/a><br \/>\n<\/strong> !<br \/>\nWir k\u00f6nnen Gruppen von 25 bis 40 Personen in unserem Saal empfangen.<\/p>\n<p>[\/vc_column_text][\/vc_column_inner][\/vc_row_inner][vc_empty_space height=&#8220;52px&#8220;][\/vc_column][\/vc_row][vc_row full_width=&#8220;stretch_row&#8220; parallax=&#8220;content-moving&#8220; parallax_image=&#8220;510&#8243; css=&#8220;.vc_custom_1549269790782{margin-top: 60px !important;padding-top: 100px !important;padding-bottom: 100px !important;}&#8220; el_class=&#8220;nd_options_vc_parallax_filter_2_4&#8243;][vc_column][vc_row_inner][vc_column_inner width=&#8220;1\/3&#8243; css=&#8220;.vc_custom_1469630289168{padding-top: 10px !important;padding-bottom: 10px !important;}&#8220;][vc_column_text]<\/p>\n<p style=\"text-align: center;\"><span style=\"color: #ffffff;\"><strong><span style=\"font-size: 24pt;\">von 9.30 bis 22.00 Uhr<\/span><\/strong><\/span><\/p>\n<p>[\/vc_column_text]<div style=\"background-color:;height: 20px\" class=\"nicdark_section  \"><\/div> <p style=\"color:#ffffff;padding:px;text-align:center;font-size:14px;line-height:30px;letter-spacing: 2px;font-weight:lighter\" class=\"   nd_options_second_font \">SERVICE NON STOP<\/p> [\/vc_column_inner][vc_column_inner width=&#8220;1\/3&#8243; css=&#8220;.vc_custom_1469630269458{padding-top: 10px !important;padding-bottom: 10px !important;}&#8220;][vc_column_text]<\/p>\n<p style=\"text-align: center;\"><span style=\"color: #ffffff;\"><strong><span style=\"font-size: 24pt;\">7J\/7<\/span><\/strong><\/span><\/p>\n<p>[\/vc_column_text]<div style=\"background-color:;height: 20px\" class=\"nicdark_section  \"><\/div> <p style=\"color:#ffffff;padding:px;text-align:center;font-size:14px;line-height:30px;letter-spacing: 2px;font-weight:lighter\" class=\"   nd_options_second_font \">OUVERTURE<\/p> [\/vc_column_inner][vc_column_inner width=&#8220;1\/3&#8243; css=&#8220;.vc_custom_1469630276028{padding-top: 10px !important;padding-bottom: 10px !important;}&#8220;]<h1 style=\"text-align:center;color:#ffffff;font-size:50px\" class=\" nd_options_counter_component_l1 nd_options_font_weight_bolder nd_options_counter counter-text \" data-to=\"100\" data-speed=\"1000\">100<\/h1><div style=\"background-color:;height: 20px\" class=\"nicdark_section  \"><\/div> <p style=\"color:#ffffff;padding:px;text-align:center;font-size:14px;line-height:30px;letter-spacing: 2px;font-weight:lighter\" class=\"   nd_options_second_font \">SOURIRES \/ JOUR<\/p> [\/vc_column_inner][\/vc_row_inner][\/vc_column][\/vc_row][vc_row full_width=&#8220;stretch_row&#8220; equal_height=&#8220;yes&#8220; content_placement=&#8220;middle&#8220; css=&#8220;.vc_custom_1634740404965{margin-top: 30px !important;}&#8220;][vc_column width=&#8220;1\/4&#8243;]<div style=\"background-color:;height: 30px\" class=\"nicdark_section  \"><\/div>\n    <div style=\"text-align:left\" class=\"nd_options_section\">\n      <img decoding=\"async\" alt=\"\" style=\"width:60px\" class=\" nd_options_margin_0 nd_options_padding_0 \" src=\"https:\/\/restaurant-la-barque-bleue.fr\/wp-content\/uploads\/2021\/10\/icon-.jpg\">\n    <\/div>\n   <div style=\"background-color:;height: 15px\" class=\"nicdark_section  \"><\/div> <h3 style=\"color:#375792;padding:px;text-align:;font-size:18px;line-height:50px;letter-spacing: 2px;font-weight:normal\" class=\"  nd_options_font_size_40_important_all_iphone nd_options_first_font \">SAISONALE PRODUKTE<\/h3>  <p style=\"color:;padding:px;text-align:;font-size:px;line-height:px;letter-spacing: px;font-weight:normal\" class=\"    \">Eines der Engagements von La Barque Bleue besteht darin, haupts\u00e4chlich mit lokalen Partnern zusammenzuarbeiten. Deshalb passen wir unsere Speisekarte dem jeweiligen Zeitraum an, um m\u00f6glichst viele saisonale Produkte zu verwenden.<\/p> <div style=\"background-color:;height: 30px\" class=\"nicdark_section  \"><\/div>[\/vc_column][vc_column width=&#8220;1\/4&#8243;]<div style=\"background-color:;height: 30px\" class=\"nicdark_section  \"><\/div>\n    <div style=\"text-align:left\" class=\"nd_options_section\">\n      <img decoding=\"async\" alt=\"\" style=\"width:50px\" class=\" nd_options_margin_0 nd_options_padding_0 \" src=\"https:\/\/restaurant-la-barque-bleue.fr\/wp-content\/uploads\/2021\/10\/icon.jpg\">\n    <\/div>\n   <div style=\"background-color:;height: 15px\" class=\"nicdark_section  \"><\/div> <h3 style=\"color:#375792;padding:px;text-align:;font-size:18px;line-height:50px;letter-spacing: 2px;font-weight:normal\" class=\"  nd_options_font_size_40_important_all_iphone nd_options_first_font \">FRISCHE PRODUKTE<\/h3>  <p style=\"color:;padding:px;text-align:;font-size:px;line-height:px;letter-spacing: px;font-weight:\" class=\"    \">Unser K\u00fcchenchef stellt jedes Gericht auf der Speisekarte zusammen und bereitet es ausschlie\u00dflich aus frischen Produkten zu. Er denkt und kreiert alle Gerichte auf seiner Speisekarte mit gro\u00dfer Sorgfalt und w\u00e4hlt jedes Produkt sorgf\u00e4ltig aus.<\/p> <div style=\"background-color:;height: 30px\" class=\"nicdark_section  \"><\/div>[\/vc_column][vc_column width=&#8220;1\/4&#8243;]<div style=\"background-color:;height: 30px\" class=\"nicdark_section  \"><\/div>\n    <div style=\"text-align:left\" class=\"nd_options_section\">\n      <img decoding=\"async\" alt=\"\" style=\"width:50px\" class=\" nd_options_margin_0 nd_options_padding_0 \" src=\"https:\/\/restaurant-la-barque-bleue.fr\/wp-content\/uploads\/2020\/09\/ico-01.png\">\n    <\/div>\n   <div style=\"background-color:;height: 15px\" class=\"nicdark_section  \"><\/div> <h3 style=\"color:#375792;padding:px;text-align:;font-size:18px;line-height:50px;letter-spacing: 2px;font-weight:normal\" class=\"  nd_options_font_size_40_important_all_iphone nd_options_first_font \">HAUSGEMACHT<\/h3>  <p style=\"color:;padding:px;text-align:;font-size:px;line-height:px;letter-spacing: px;font-weight:\" class=\"    \">Von der Vorspeise bis zum Dessert ist jedes Gericht auf der Speisekarte vollst\u00e4ndig hausgemacht. Wir sind auf Meeres- und S\u00fc\u00dfwasserfische spezialisiert und alle unsere Gerichte werden in unseren K\u00fcchen gekocht, gew\u00fcrzt und zubereitet.<\/p> <div style=\"background-color:;height: 30px\" class=\"nicdark_section  \"><\/div>[\/vc_column][vc_column width=&#8220;1\/4&#8243;]<div style=\"background-color:;height: 30px\" class=\"nicdark_section  \"><\/div>\n    <div style=\"text-align:left\" class=\"nd_options_section\">\n      <img decoding=\"async\" alt=\"\" style=\"width:50px\" class=\" nd_options_margin_0 nd_options_padding_0 \" src=\"https:\/\/restaurant-la-barque-bleue.fr\/wp-content\/uploads\/2021\/10\/icon-17-1.png\">\n    <\/div>\n   <div style=\"background-color:;height: 15px\" class=\"nicdark_section  \"><\/div> <h3 style=\"color:#375792;padding:px;text-align:;font-size:18px;line-height:50px;letter-spacing: 2px;font-weight:normal\" class=\"  nd_options_font_size_40_important_all_iphone nd_options_first_font \">AUSSERGEW\u00d6HNLICHE EINSTELLUNG<\/h3>  <p style=\"color:;padding:px;text-align:;font-size:px;line-height:px;letter-spacing: px;font-weight:\" class=\"    \">Mit seiner gro\u00dfz\u00fcgigen Terrasse bietet Ihnen La Barque Bleue einen herrlichen Blick auf den Hafen von Nizza. Nutzen Sie diesen au\u00dfergew\u00f6hnlichen Rahmen Tag und Nacht f\u00fcr einen unvergleichlichen Moment der Entspannung und des Teilens, zu zweit, mit Freunden oder der Familie.<\/p> <div style=\"background-color:;height: 30px\" class=\"nicdark_section  \"><\/div>[\/vc_column][\/vc_row][vc_row css=&#8220;.vc_custom_1504098160799{margin-top: 15px !important;}&#8220;][vc_column el_class=&#8220;nd_options_text_align_center&#8220;]\n\t<div class=\"nd_options_section nd_options_text_align_center\">\n\t<a style=\"border: px solid;border-radius:3px;letter-spacing:2px;line-height:16px;font-size:16px;background-color:#2d5698;padding:15px 35px;margin:;color:#ffffff\" rel=\"\" href=\"https:\/\/restaurant-la-barque-bleue.fr\/index.php\/contact-restaurant-la-barque-bleue-au-port-de-nice\/\" class=\"nicdark_display_inline_block  nd_options_font_weight_normal nd_options_first_font  \">R\u00c9SERVER VOTRE TABLE<\/a>\n\t<\/div>\n[\/vc_column][\/vc_row]<\/p>\n<\/div>","protected":false},"excerpt":{"rendered":"<p>[vc_row][vc_column width=&#8220;1\/2&#8243;][vc_single_image image=&#8220;2841&#8243; img_size=&#8220;full&#8220; alignment=&#8220;center&#8220; css=&#8220;.vc_custom_1694011435875{margin-left: 20px !important;}&#8220;][\/vc_column][vc_column width=&#8220;1\/2&#8243; css=&#8220;.vc_custom_1671119146365{background-image: url(https:\/\/restaurant-la-barque-bleue.fr\/wp-content\/uploads\/2020\/09\/Copie-de-LOGO_bleu_BB_Plan-de-travail-1-1.png?id=1737) !important;background-position: center !important;background-repeat: no-repeat !important;background-size: contain !important;}&#8220;][vc_column_text el_class=&#8220;nd_options_text_align_center_responsive&#8220;]La Barque Bleue l\u00e4dt Sie ein, Ihre erste Mahlzeit des Tages in einer idyllischen Umgebung zu genie\u00dfen. Im Herzen unserer Sonnenterrasse am Hafen von Nizza begr\u00fc\u00dfen wir Sie in einer ruhigen und freundlichen Umgebung zu einem beruhigenden [&hellip;]<\/p>\n","protected":false},"author":1,"featured_media":0,"parent":0,"menu_order":0,"comment_status":"closed","ping_status":"closed","template":"","meta":{"footnotes":""},"class_list":["post-3809","page","type-page","status-publish","hentry"],"yoast_head":"<!-- This site is optimized with the Yoast SEO Premium plugin v26.0 (Yoast SEO v27.3) - https:\/\/yoast.com\/product\/yoast-seo-premium-wordpress\/ -->\n<title>Fr\u00fchst\u00fcck in der Barque Bleue am Hafen von Nizza<\/title>\n<meta name=\"description\" content=\"Fr\u00fchst\u00fcck in der Barque Bleue: ab 10 Uhr auf unserer Sonnenterrasse vor den Booten im Hafen von Nizza ...\" \/>\n<meta name=\"robots\" content=\"index, follow, max-snippet:-1, max-image-preview:large, max-video-preview:-1\" \/>\n<link rel=\"canonical\" href=\"https:\/\/restaurant-la-barque-bleue.fr\/de\/fruehstueck-im-la-barque-bleue\/\" \/>\n<meta property=\"og:locale\" content=\"de_DE\" \/>\n<meta property=\"og:type\" content=\"article\" \/>\n<meta property=\"og:title\" content=\"Fr\u00fchst\u00fcck im &quot;La Barque Bleue&quot;. - La Barque Bleue Restaurant au Port de nice\" \/>\n<meta property=\"og:description\" content=\"Fr\u00fchst\u00fcck in der Barque Bleue: ab 10 Uhr auf unserer Sonnenterrasse vor den Booten im Hafen von Nizza ...\" \/>\n<meta property=\"og:url\" content=\"https:\/\/restaurant-la-barque-bleue.fr\/de\/fruehstueck-im-la-barque-bleue\/\" \/>\n<meta property=\"og:site_name\" content=\"La Barque Bleue Restaurant au Port de nice\" \/>\n<meta property=\"article:publisher\" content=\"https:\/\/www.facebook.com\/LaBarqueBleue06\" \/>\n<meta property=\"article:modified_time\" content=\"2024-07-12T11:19:48+00:00\" \/>\n<meta name=\"twitter:card\" content=\"summary_large_image\" \/>\n<meta name=\"twitter:label1\" content=\"Gesch\u00e4tzte Lesezeit\" \/>\n\t<meta name=\"twitter:data1\" content=\"8\u00a0Minuten\" \/>\n<script type=\"application\/ld+json\" class=\"yoast-schema-graph\">{\"@context\":\"https:\\\/\\\/schema.org\",\"@graph\":[{\"@type\":\"WebPage\",\"@id\":\"https:\\\/\\\/restaurant-la-barque-bleue.fr\\\/de\\\/fruehstueck-im-la-barque-bleue\\\/\",\"url\":\"https:\\\/\\\/restaurant-la-barque-bleue.fr\\\/de\\\/fruehstueck-im-la-barque-bleue\\\/\",\"name\":\"Fr\u00fchst\u00fcck in der Barque Bleue am Hafen von Nizza\",\"isPartOf\":{\"@id\":\"https:\\\/\\\/restaurant-la-barque-bleue.fr\\\/de\\\/#website\"},\"datePublished\":\"2022-12-15T15:37:46+00:00\",\"dateModified\":\"2024-07-12T11:19:48+00:00\",\"description\":\"Fr\u00fchst\u00fcck in der Barque Bleue: ab 10 Uhr auf unserer Sonnenterrasse vor den Booten im Hafen von Nizza ...\",\"breadcrumb\":{\"@id\":\"https:\\\/\\\/restaurant-la-barque-bleue.fr\\\/de\\\/fruehstueck-im-la-barque-bleue\\\/#breadcrumb\"},\"inLanguage\":\"de\",\"potentialAction\":[{\"@type\":\"ReadAction\",\"target\":[\"https:\\\/\\\/restaurant-la-barque-bleue.fr\\\/de\\\/fruehstueck-im-la-barque-bleue\\\/\"]}]},{\"@type\":\"BreadcrumbList\",\"@id\":\"https:\\\/\\\/restaurant-la-barque-bleue.fr\\\/de\\\/fruehstueck-im-la-barque-bleue\\\/#breadcrumb\",\"itemListElement\":[{\"@type\":\"ListItem\",\"position\":1,\"name\":\"Accueil\",\"item\":\"https:\\\/\\\/restaurant-la-barque-bleue.fr\\\/de\\\/\"},{\"@type\":\"ListItem\",\"position\":2,\"name\":\"Fr\u00fchst\u00fcck im &#8222;La Barque Bleue&#8220;.\"}]},{\"@type\":\"WebSite\",\"@id\":\"https:\\\/\\\/restaurant-la-barque-bleue.fr\\\/de\\\/#website\",\"url\":\"https:\\\/\\\/restaurant-la-barque-bleue.fr\\\/de\\\/\",\"name\":\"La Barque Bleue Restaurant au Port de nice\",\"description\":\"Restaurant sp\u00e9cialit\u00e9s Viandes, Poissons et P\u00e2tes sur le Port de Nice\",\"publisher\":{\"@id\":\"https:\\\/\\\/restaurant-la-barque-bleue.fr\\\/de\\\/#organization\"},\"potentialAction\":[{\"@type\":\"SearchAction\",\"target\":{\"@type\":\"EntryPoint\",\"urlTemplate\":\"https:\\\/\\\/restaurant-la-barque-bleue.fr\\\/de\\\/?s={search_term_string}\"},\"query-input\":{\"@type\":\"PropertyValueSpecification\",\"valueRequired\":true,\"valueName\":\"search_term_string\"}}],\"inLanguage\":\"de\"},{\"@type\":\"Organization\",\"@id\":\"https:\\\/\\\/restaurant-la-barque-bleue.fr\\\/de\\\/#organization\",\"name\":\"Restaurant la Barque Bleue\",\"url\":\"https:\\\/\\\/restaurant-la-barque-bleue.fr\\\/de\\\/\",\"logo\":{\"@type\":\"ImageObject\",\"inLanguage\":\"de\",\"@id\":\"https:\\\/\\\/restaurant-la-barque-bleue.fr\\\/de\\\/#\\\/schema\\\/logo\\\/image\\\/\",\"url\":\"https:\\\/\\\/i0.wp.com\\\/restaurant-la-barque-bleue.fr\\\/wp-content\\\/uploads\\\/2020\\\/09\\\/LOGO-BARQUE-BLEUE-1.png?fit=533%2C510&ssl=1\",\"contentUrl\":\"https:\\\/\\\/i0.wp.com\\\/restaurant-la-barque-bleue.fr\\\/wp-content\\\/uploads\\\/2020\\\/09\\\/LOGO-BARQUE-BLEUE-1.png?fit=533%2C510&ssl=1\",\"width\":533,\"height\":510,\"caption\":\"Restaurant la Barque Bleue\"},\"image\":{\"@id\":\"https:\\\/\\\/restaurant-la-barque-bleue.fr\\\/de\\\/#\\\/schema\\\/logo\\\/image\\\/\"},\"sameAs\":[\"https:\\\/\\\/www.facebook.com\\\/LaBarqueBleue06\",\"https:\\\/\\\/www.instagram.com\\\/labarquebleue.nice\\\/\"]}]}<\/script>\n<!-- \/ Yoast SEO Premium plugin. -->","yoast_head_json":{"title":"Fr\u00fchst\u00fcck in der Barque Bleue am Hafen von Nizza","description":"Fr\u00fchst\u00fcck in der Barque Bleue: ab 10 Uhr auf unserer Sonnenterrasse vor den Booten im Hafen von Nizza ...","robots":{"index":"index","follow":"follow","max-snippet":"max-snippet:-1","max-image-preview":"max-image-preview:large","max-video-preview":"max-video-preview:-1"},"canonical":"https:\/\/restaurant-la-barque-bleue.fr\/de\/fruehstueck-im-la-barque-bleue\/","og_locale":"de_DE","og_type":"article","og_title":"Fr\u00fchst\u00fcck im \"La Barque Bleue\". - La Barque Bleue Restaurant au Port de nice","og_description":"Fr\u00fchst\u00fcck in der Barque Bleue: ab 10 Uhr auf unserer Sonnenterrasse vor den Booten im Hafen von Nizza ...","og_url":"https:\/\/restaurant-la-barque-bleue.fr\/de\/fruehstueck-im-la-barque-bleue\/","og_site_name":"La Barque Bleue Restaurant au Port de nice","article_publisher":"https:\/\/www.facebook.com\/LaBarqueBleue06","article_modified_time":"2024-07-12T11:19:48+00:00","twitter_card":"summary_large_image","twitter_misc":{"Gesch\u00e4tzte Lesezeit":"8\u00a0Minuten"},"schema":{"@context":"https:\/\/schema.org","@graph":[{"@type":"WebPage","@id":"https:\/\/restaurant-la-barque-bleue.fr\/de\/fruehstueck-im-la-barque-bleue\/","url":"https:\/\/restaurant-la-barque-bleue.fr\/de\/fruehstueck-im-la-barque-bleue\/","name":"Fr\u00fchst\u00fcck in der Barque Bleue am Hafen von Nizza","isPartOf":{"@id":"https:\/\/restaurant-la-barque-bleue.fr\/de\/#website"},"datePublished":"2022-12-15T15:37:46+00:00","dateModified":"2024-07-12T11:19:48+00:00","description":"Fr\u00fchst\u00fcck in der Barque Bleue: ab 10 Uhr auf unserer Sonnenterrasse vor den Booten im Hafen von Nizza ...","breadcrumb":{"@id":"https:\/\/restaurant-la-barque-bleue.fr\/de\/fruehstueck-im-la-barque-bleue\/#breadcrumb"},"inLanguage":"de","potentialAction":[{"@type":"ReadAction","target":["https:\/\/restaurant-la-barque-bleue.fr\/de\/fruehstueck-im-la-barque-bleue\/"]}]},{"@type":"BreadcrumbList","@id":"https:\/\/restaurant-la-barque-bleue.fr\/de\/fruehstueck-im-la-barque-bleue\/#breadcrumb","itemListElement":[{"@type":"ListItem","position":1,"name":"Accueil","item":"https:\/\/restaurant-la-barque-bleue.fr\/de\/"},{"@type":"ListItem","position":2,"name":"Fr\u00fchst\u00fcck im &#8222;La Barque Bleue&#8220;."}]},{"@type":"WebSite","@id":"https:\/\/restaurant-la-barque-bleue.fr\/de\/#website","url":"https:\/\/restaurant-la-barque-bleue.fr\/de\/","name":"La Barque Bleue Restaurant au Port de nice","description":"Restaurant sp\u00e9cialit\u00e9s Viandes, Poissons et P\u00e2tes sur le Port de Nice","publisher":{"@id":"https:\/\/restaurant-la-barque-bleue.fr\/de\/#organization"},"potentialAction":[{"@type":"SearchAction","target":{"@type":"EntryPoint","urlTemplate":"https:\/\/restaurant-la-barque-bleue.fr\/de\/?s={search_term_string}"},"query-input":{"@type":"PropertyValueSpecification","valueRequired":true,"valueName":"search_term_string"}}],"inLanguage":"de"},{"@type":"Organization","@id":"https:\/\/restaurant-la-barque-bleue.fr\/de\/#organization","name":"Restaurant la Barque Bleue","url":"https:\/\/restaurant-la-barque-bleue.fr\/de\/","logo":{"@type":"ImageObject","inLanguage":"de","@id":"https:\/\/restaurant-la-barque-bleue.fr\/de\/#\/schema\/logo\/image\/","url":"https:\/\/i0.wp.com\/restaurant-la-barque-bleue.fr\/wp-content\/uploads\/2020\/09\/LOGO-BARQUE-BLEUE-1.png?fit=533%2C510&ssl=1","contentUrl":"https:\/\/i0.wp.com\/restaurant-la-barque-bleue.fr\/wp-content\/uploads\/2020\/09\/LOGO-BARQUE-BLEUE-1.png?fit=533%2C510&ssl=1","width":533,"height":510,"caption":"Restaurant la Barque Bleue"},"image":{"@id":"https:\/\/restaurant-la-barque-bleue.fr\/de\/#\/schema\/logo\/image\/"},"sameAs":["https:\/\/www.facebook.com\/LaBarqueBleue06","https:\/\/www.instagram.com\/labarquebleue.nice\/"]}]}},"_links":{"self":[{"href":"https:\/\/restaurant-la-barque-bleue.fr\/de\/wp-json\/wp\/v2\/pages\/3809","targetHints":{"allow":["GET"]}}],"collection":[{"href":"https:\/\/restaurant-la-barque-bleue.fr\/de\/wp-json\/wp\/v2\/pages"}],"about":[{"href":"https:\/\/restaurant-la-barque-bleue.fr\/de\/wp-json\/wp\/v2\/types\/page"}],"author":[{"embeddable":true,"href":"https:\/\/restaurant-la-barque-bleue.fr\/de\/wp-json\/wp\/v2\/users\/1"}],"replies":[{"embeddable":true,"href":"https:\/\/restaurant-la-barque-bleue.fr\/de\/wp-json\/wp\/v2\/comments?post=3809"}],"version-history":[{"count":0,"href":"https:\/\/restaurant-la-barque-bleue.fr\/de\/wp-json\/wp\/v2\/pages\/3809\/revisions"}],"wp:attachment":[{"href":"https:\/\/restaurant-la-barque-bleue.fr\/de\/wp-json\/wp\/v2\/media?parent=3809"}],"curies":[{"name":"wp","href":"https:\/\/api.w.org\/{rel}","templated":true}]}}