{"id":3766,"date":"2021-05-19T08:13:18","date_gmt":"2021-05-19T08:13:18","guid":{"rendered":"https:\/\/restaurant-la-barque-bleue.fr\/die-karte\/"},"modified":"2026-05-08T07:40:08","modified_gmt":"2026-05-08T07:40:08","slug":"die-karte","status":"publish","type":"page","link":"https:\/\/restaurant-la-barque-bleue.fr\/de\/die-karte\/","title":{"rendered":"Die Karte"},"content":{"rendered":"\t\t<div data-elementor-type=\"wp-page\" data-elementor-id=\"3766\" class=\"elementor elementor-3766 elementor-1938\">\n\t\t\t\t<div class=\"elementor-element elementor-element-dd61041 e-flex e-con-boxed e-con e-parent\" data-id=\"dd61041\" data-element_type=\"container\" data-e-type=\"container\">\n\t\t\t\t\t<div class=\"e-con-inner\">\n\t\t\t\t<div class=\"elementor-element elementor-element-1294c1e elementor-widget elementor-widget-html\" data-id=\"1294c1e\" data-element_type=\"widget\" data-e-type=\"widget\" data-widget_type=\"html.default\">\n\t\t\t\t\t<section class=\"lbb-menu\">\n  <div class=\"wrap\">\n\n    <h2>Die Speisekarte<\/h2>\n\n    <div class=\"lbb-grid\">\n\n      <!-- LINKE SPALTE -->\n      <div>\n\n        <h3>Vorspeisen<\/h3>\n        <ul class=\"lbb-list\">\n\n          <li class=\"lbb-item\">\n            <div class=\"lbb-main-row\">\n              <span class=\"lbb-name\">Warmer Ziegenk\u00e4sesalat<\/span>\n              <div class=\"lbb-line\"><\/div>\n              <span class=\"lbb-price\">19\u20ac<\/span>\n            <\/div>\n          <\/li>\n\n          <li class=\"lbb-item\">\n            <div class=\"lbb-main-row\">\n              <span class=\"lbb-name\">Franz\u00f6sische Zwiebelsuppe<\/span>\n              <div class=\"lbb-line\"><\/div>\n              <span class=\"lbb-price\">15\u20ac<\/span>\n            <\/div>\n          <\/li>\n\n          <li class=\"lbb-item\">\n            <div class=\"lbb-main-row\">\n              <span class=\"lbb-name\">Fischsuppe<\/span>\n              <div class=\"lbb-line\"><\/div>\n              <span class=\"lbb-price\">15\u20ac<\/span>\n            <\/div>\n          <\/li>\n\n          <li class=\"lbb-item\">\n            <div class=\"lbb-main-row\">\n              <span class=\"lbb-name\">Avocado-Toast<\/span>\n              <div class=\"lbb-line\"><\/div>\n              <span class=\"lbb-price\">16\u20ac<\/span>\n            <\/div>\n            <span class=\"lbb-desc\">Franz\u00f6sisches Brot, Avocado-Tatar, Saatenmischung<\/span>\n          <\/li>\n\n          <li class=\"lbb-item\">\n            <div class=\"lbb-main-row\">\n              <span class=\"lbb-name\">Austern x6<\/span>\n              <div class=\"lbb-line\"><\/div>\n              <span class=\"lbb-price\">17\u20ac<\/span>\n            <\/div>\n          <\/li>\n\n          <li class=\"lbb-item\">\n            <div class=\"lbb-main-row\">\n              <span class=\"lbb-name\">Caesar Salad<\/span>\n              <div class=\"lbb-line\"><\/div>\n              <span class=\"lbb-price\">22\u20ac<\/span>\n            <\/div>\n          <\/li>\n\n          <li class=\"lbb-item\">\n            <div class=\"lbb-main-row\">\n              <span class=\"lbb-name\">Gemischte Platte<\/span>\n              <div class=\"lbb-line\"><\/div>\n              <span class=\"lbb-price\">22\u20ac<\/span>\n            <\/div>\n            <span class=\"lbb-desc\">K\u00e4se und Wurstwaren<\/span>\n          <\/li>\n\n        <\/ul>\n\n        <h3>Pasta<\/h3>\n        <ul class=\"lbb-list\">\n\n          <li class=\"lbb-item\">\n            <div class=\"lbb-main-row\">\n              <span class=\"lbb-name\">Linguini mit Meeresfr\u00fcchten<\/span>\n              <div class=\"lbb-line\"><\/div>\n              <span class=\"lbb-price\">25,50\u20ac<\/span>\n            <\/div>\n          <\/li>\n\n          <li class=\"lbb-item\">\n            <div class=\"lbb-main-row\">\n              <span class=\"lbb-name\">Linguini Vongole<\/span>\n              <div class=\"lbb-line\"><\/div>\n              <span class=\"lbb-price\">22\u20ac<\/span>\n            <\/div>\n          <\/li>\n\n          <li class=\"lbb-item\">\n            <div class=\"lbb-main-row\">\n              <span class=\"lbb-name\">Rigatoni Carbonara<\/span>\n              <div class=\"lbb-line\"><\/div>\n              <span class=\"lbb-price\">18\u20ac<\/span>\n            <\/div>\n          <\/li>\n\n        <\/ul>\n\n        <h3>Pizzen<\/h3>\n        <ul class=\"lbb-list\">\n\n          <li class=\"lbb-item\">\n            <div class=\"lbb-main-row\">\n              <span class=\"lbb-name\">Margherita<\/span>\n              <div class=\"lbb-line\"><\/div>\n              <span class=\"lbb-price\">14,50\u20ac<\/span>\n            <\/div>\n          <\/li>\n\n          <li class=\"lbb-item\">\n            <div class=\"lbb-main-row\">\n              <span class=\"lbb-name\">Pizza Regina<\/span>\n              <div class=\"lbb-line\"><\/div>\n              <span class=\"lbb-price\">15,50\u20ac<\/span>\n            <\/div>\n          <\/li>\n\n          <li class=\"lbb-item\">\n            <div class=\"lbb-main-row\">\n              <span class=\"lbb-name\">Vier-K\u00e4se-Pizza<\/span>\n              <div class=\"lbb-line\"><\/div>\n              <span class=\"lbb-price\">17\u20ac<\/span>\n            <\/div>\n          <\/li>\n\n          <li class=\"lbb-item\">\n            <div class=\"lbb-main-row\">\n              <span class=\"lbb-name\">Bauernpizza<\/span>\n              <div class=\"lbb-line\"><\/div>\n              <span class=\"lbb-price\">16\u20ac<\/span>\n            <\/div>\n          <\/li>\n\n        <\/ul>\n\n        <h3>Fleischgerichte<\/h3>\n        <ul class=\"lbb-list\">\n\n          <li class=\"lbb-item\">\n            <div class=\"lbb-main-row\">\n              <span class=\"lbb-name\">Rinder-Entrec\u00f4te<\/span>\n              <div class=\"lbb-line\"><\/div>\n              <span class=\"lbb-price\">25\u20ac<\/span>\n            <\/div>\n            <span class=\"lbb-desc\">Pfeffer- oder Roquefortso\u00dfe<\/span>\n          <\/li>\n\n        <\/ul>\n\n      <\/div>\n\n      <!-- RECHTE SPALTE -->\n      <div>\n\n        <h3>Hauptgerichte<\/h3>\n        <ul class=\"lbb-list\">\n\n          <li class=\"lbb-item\">\n            <div class=\"lbb-main-row\">\n              <span class=\"lbb-name\">Ganzer Wolfsbarsch mit Fenchel<\/span>\n              <div class=\"lbb-line\"><\/div>\n              <span class=\"lbb-price\">25,50\u20ac<\/span>\n            <\/div>\n            <span class=\"lbb-desc\">Mit Pastis flambiert<\/span>\n          <\/li>\n\n          <li class=\"lbb-item\">\n            <div class=\"lbb-main-row\">\n              <span class=\"lbb-name\">Fischertopf<\/span>\n              <div class=\"lbb-line\"><\/div>\n              <span class=\"lbb-price\">27,50\u20ac<\/span>\n            <\/div>\n            <span class=\"lbb-desc\">Fischsuppe mit frischem Fisch und Meeresfr\u00fcchten<\/span>\n          <\/li>\n\n          <li class=\"lbb-item\">\n            <div class=\"lbb-main-row\">\n              <span class=\"lbb-name\">Gebratener Oktopus mit Gem\u00fcse<\/span>\n              <div class=\"lbb-line\"><\/div>\n              <span class=\"lbb-price\">26\u20ac<\/span>\n            <\/div>\n          <\/li>\n\n          <li class=\"lbb-item\">\n            <div class=\"lbb-main-row\">\n              <span class=\"lbb-name\">Fish Burger<\/span>\n              <div class=\"lbb-line\"><\/div>\n              <span class=\"lbb-price\">23\u20ac<\/span>\n            <\/div>\n          <\/li>\n\n          <li class=\"lbb-item\">\n            <div class=\"lbb-main-row\">\n              <span class=\"lbb-name\">Chicken Burger<\/span>\n              <div class=\"lbb-line\"><\/div>\n              <span class=\"lbb-price\">21\u20ac<\/span>\n            <\/div>\n          <\/li>\n\n          <li class=\"lbb-item\">\n            <div class=\"lbb-main-row\">\n              <span class=\"lbb-name\">Sardinen aus dem Ofen<\/span>\n              <div class=\"lbb-line\"><\/div>\n              <span class=\"lbb-price\">18\u20ac<\/span>\n            <\/div>\n          <\/li>\n\n          <li class=\"lbb-item\">\n            <div class=\"lbb-main-row\">\n              <span class=\"lbb-name\">H\u00e4hnchen nach Mail\u00e4nder Art<\/span>\n              <div class=\"lbb-line\"><\/div>\n              <span class=\"lbb-price\">21\u20ac<\/span>\n            <\/div>\n          <\/li>\n\n          <li class=\"lbb-item\">\n            <div class=\"lbb-main-row\">\n              <span class=\"lbb-name\">Fish N' Chips<\/span>\n              <div class=\"lbb-line\"><\/div>\n              <span class=\"lbb-price\">21\u20ac<\/span>\n            <\/div>\n          <\/li>\n\n        <\/ul>\n\n        <h3>Miesmuscheln<\/h3>\n        <ul class=\"lbb-list\">\n\n          <li class=\"lbb-item\">\n            <div class=\"lbb-main-row\">\n              <span class=\"lbb-name\">Miesmuscheln Marini\u00e8re<\/span>\n              <div class=\"lbb-line\"><\/div>\n              <span class=\"lbb-price\">18,50\u20ac<\/span>\n            <\/div>\n            <span class=\"lbb-desc\">Wei\u00dfwein, Knoblauch und Petersilie<\/span>\n          <\/li>\n\n          <li class=\"lbb-item\">\n            <div class=\"lbb-main-row\">\n              <span class=\"lbb-name\">Miesmuscheln Poulette<\/span>\n              <div class=\"lbb-line\"><\/div>\n              <span class=\"lbb-price\">20\u20ac<\/span>\n            <\/div>\n            <span class=\"lbb-desc\">Sahneso\u00dfe<\/span>\n          <\/li>\n\n          <li class=\"lbb-item\">\n            <div class=\"lbb-main-row\">\n              <span class=\"lbb-name\">Miesmuscheln mit Roquefort<\/span>\n              <div class=\"lbb-line\"><\/div>\n              <span class=\"lbb-price\">20\u20ac<\/span>\n            <\/div>\n            <span class=\"lbb-desc\">Roquefortso\u00dfe<\/span>\n          <\/li>\n\n        <\/ul>\n\n        <h3>Tagesangebot<\/h3>\n        <ul class=\"lbb-list\">\n\n          <li class=\"lbb-item\">\n            <div class=\"lbb-main-row\">\n              <span class=\"lbb-name\">Sankt-Peterfisch-Filet<\/span>\n              <div class=\"lbb-line\"><\/div>\n              <span class=\"lbb-price\">25\u20ac<\/span>\n            <\/div>\n            <span class=\"lbb-desc\">Mit Salsa-So\u00dfe<\/span>\n          <\/li>\n\n        <\/ul>\n\n      <\/div>\n\n    <\/div>\n\n    <div style=\"margin-top: 40px;\">\n\n      <details class=\"lbb-details\">\n        <summary>Weine & Schaumweine <span>+<\/span><\/summary>\n        <div class=\"lbb-inner\">\n          <p><strong>Weine (Wei\u00df, Ros\u00e9, Rot):<\/strong> Minuty, St Victorin, Esterelle, Chablis, Chardonnay, UBY n\u00b03, Moelleux, Grain d'Azur, C\u00f4te du Rh\u00f4ne, Bordeaux, Moreau.<\/p>\n          <p><strong>Schaumweine:<\/strong> Prosecco (8,5\u20ac \/ 29,5\u20ac) - Champagner (13,5\u20ac \/ 66\u20ac)<\/p>\n        <\/div>\n      <\/details>\n\n      <details class=\"lbb-details\" open>\n        <summary>Aperitifs, Cocktails & Spirituosen <span>+<\/span><\/summary>\n        <div class=\"lbb-inner\">\n          <div class=\"lbb-grid\">\n\n            <ul class=\"lbb-list\">\n              <li class=\"lbb-item\">Spritz (9\u20ac) \/ Spritz-Campari (12\u20ac)<\/li>\n              <li class=\"lbb-item\">Hausgemachter Americano \/ Mojito (12\u20ac)<\/li>\n              <li class=\"lbb-item\">Gin Tonic \/ Vodka Orange (12\u20ac)<\/li>\n              <li class=\"lbb-item\">Pastis \/ Ricard (Anis) (4,50\u20ac)<\/li>\n            <\/ul>\n\n            <ul class=\"lbb-list\">\n              <li class=\"lbb-item\">Whisky \/ Gin \/ Vodka (8,60\u20ac)<\/li>\n              <li class=\"lbb-item\">Jack Daniel's (8,50\u20ac) \/ Rum (8,50\u20ac)<\/li>\n              <li class=\"lbb-item\">Chivas (10,50\u20ac) \/ Diplomatico (13\u20ac)<\/li>\n              <li class=\"lbb-item\">Biere: Fassbier (4,5\u20ac \/ 7,6\u20ac) \/ Flasche (7\u20ac)<\/li>\n            <\/ul>\n\n          <\/div>\n        <\/div>\n      <\/details>\n\n      <details class=\"lbb-details\">\n        <summary>Softdrinks & Hei\u00dfgetr\u00e4nke <span>+<\/span><\/summary>\n        <div class=\"lbb-inner\">\n          <div class=\"lbb-grid\">\n\n            <ul class=\"lbb-list\">\n              <li class=\"lbb-item\"><strong>Limonaden (5\u20ac):<\/strong> Coca, Perrier, Ice Tea, Orangina, Sprite<\/li>\n              <li class=\"lbb-item\"><strong>S\u00e4fte (5\u20ac):<\/strong> Orange, Apfel, Aprikose, Ananas, Tomate<\/li>\n              <li class=\"lbb-item\"><strong>Wasser (1L):<\/strong> Still oder Sprudel (6\u20ac)<\/li>\n            <\/ul>\n\n            <ul class=\"lbb-list\">\n              <li class=\"lbb-item\">Espresso \/ Entkoffeiniert (2,50\u20ac) \/ Milchkaffee (2,80\u20ac)<\/li>\n              <li class=\"lbb-item\">Americano (3,70\u20ac) \/ Caf\u00e9 Cr\u00e8me (4,60\u20ac)<\/li>\n              <li class=\"lbb-item\">Cappuccino \/ Hei\u00dfe Schokolade (5,10\u20ac)<\/li>\n              <li class=\"lbb-item\">Tee \/ Kr\u00e4utertee (4,60\u20ac)<\/li>\n            <\/ul>\n\n          <\/div>\n        <\/div>\n      <\/details>\n\n    <\/div>\n\n    <p class=\"lbb-note\">\n      Preise inklusive MwSt. und Service. Alkoholmissbrauch ist gesundheitssch\u00e4dlich.\n    <\/p>\n\n  <\/div>\n<\/section>\t\t\t\t<\/div>\n\t\t\t\t\t<\/div>\n\t\t\t\t<\/div>\n\t\t\t\t<\/div>\n\t\t","protected":false},"excerpt":{"rendered":"<p>Die Speisekarte Vorspeisen Warmer Ziegenk\u00e4sesalat 19\u20ac Franz\u00f6sische Zwiebelsuppe 15\u20ac Fischsuppe 15\u20ac Avocado-Toast 16\u20ac Franz\u00f6sisches Brot, Avocado-Tatar, Saatenmischung Austern x6 17\u20ac Caesar Salad 22\u20ac Gemischte Platte 22\u20ac K\u00e4se und Wurstwaren Pasta Linguini mit Meeresfr\u00fcchten 25,50\u20ac Linguini Vongole 22\u20ac Rigatoni Carbonara 18\u20ac Pizzen Margherita 14,50\u20ac Pizza Regina 15,50\u20ac Vier-K\u00e4se-Pizza 17\u20ac Bauernpizza 16\u20ac Fleischgerichte Rinder-Entrec\u00f4te 25\u20ac Pfeffer- oder [&hellip;]<\/p>\n","protected":false},"author":1,"featured_media":0,"parent":0,"menu_order":0,"comment_status":"closed","ping_status":"closed","template":"page_ restaurant.php","meta":{"footnotes":""},"class_list":["post-3766","page","type-page","status-publish","hentry"],"yoast_head":"<!-- This site is optimized with the Yoast SEO Premium plugin v26.0 (Yoast SEO v27.5) - https:\/\/yoast.com\/product\/yoast-seo-premium-wordpress\/ -->\n<title>Die Karte - La Barque Bleue Restaurant au Port de nice<\/title>\n<meta name=\"robots\" content=\"index, follow, max-snippet:-1, max-image-preview:large, max-video-preview:-1\" \/>\n<link rel=\"canonical\" href=\"https:\/\/restaurant-la-barque-bleue.fr\/de\/die-karte\/\" \/>\n<meta property=\"og:locale\" content=\"de_DE\" \/>\n<meta property=\"og:type\" content=\"article\" \/>\n<meta property=\"og:title\" content=\"Die Karte - La Barque Bleue Restaurant au Port de nice\" \/>\n<meta property=\"og:description\" content=\"Die Speisekarte Vorspeisen Warmer Ziegenk\u00e4sesalat 19\u20ac Franz\u00f6sische Zwiebelsuppe 15\u20ac Fischsuppe 15\u20ac Avocado-Toast 16\u20ac Franz\u00f6sisches Brot, Avocado-Tatar, Saatenmischung Austern x6 17\u20ac Caesar Salad 22\u20ac Gemischte Platte 22\u20ac K\u00e4se und Wurstwaren Pasta Linguini mit Meeresfr\u00fcchten 25,50\u20ac Linguini Vongole 22\u20ac Rigatoni Carbonara 18\u20ac Pizzen Margherita 14,50\u20ac Pizza Regina 15,50\u20ac Vier-K\u00e4se-Pizza 17\u20ac Bauernpizza 16\u20ac Fleischgerichte Rinder-Entrec\u00f4te 25\u20ac Pfeffer- oder [&hellip;]\" \/>\n<meta property=\"og:url\" content=\"https:\/\/restaurant-la-barque-bleue.fr\/de\/die-karte\/\" \/>\n<meta property=\"og:site_name\" content=\"La Barque Bleue Restaurant au Port de nice\" \/>\n<meta property=\"article:publisher\" content=\"https:\/\/www.facebook.com\/LaBarqueBleue06\" \/>\n<meta property=\"article:modified_time\" content=\"2026-05-08T07:40:08+00:00\" \/>\n<meta name=\"twitter:card\" content=\"summary_large_image\" \/>\n<meta name=\"twitter:label1\" content=\"Gesch\u00e4tzte Lesezeit\" \/>\n\t<meta name=\"twitter:data1\" content=\"2\u00a0Minuten\" \/>\n<script type=\"application\/ld+json\" class=\"yoast-schema-graph\">{\"@context\":\"https:\\\/\\\/schema.org\",\"@graph\":[{\"@type\":\"WebPage\",\"@id\":\"https:\\\/\\\/restaurant-la-barque-bleue.fr\\\/de\\\/die-karte\\\/\",\"url\":\"https:\\\/\\\/restaurant-la-barque-bleue.fr\\\/de\\\/die-karte\\\/\",\"name\":\"Die Karte - La Barque Bleue Restaurant au Port de nice\",\"isPartOf\":{\"@id\":\"https:\\\/\\\/restaurant-la-barque-bleue.fr\\\/de\\\/#website\"},\"datePublished\":\"2021-05-19T08:13:18+00:00\",\"dateModified\":\"2026-05-08T07:40:08+00:00\",\"breadcrumb\":{\"@id\":\"https:\\\/\\\/restaurant-la-barque-bleue.fr\\\/de\\\/die-karte\\\/#breadcrumb\"},\"inLanguage\":\"de\",\"potentialAction\":[{\"@type\":\"ReadAction\",\"target\":[\"https:\\\/\\\/restaurant-la-barque-bleue.fr\\\/de\\\/die-karte\\\/\"]}]},{\"@type\":\"BreadcrumbList\",\"@id\":\"https:\\\/\\\/restaurant-la-barque-bleue.fr\\\/de\\\/die-karte\\\/#breadcrumb\",\"itemListElement\":[{\"@type\":\"ListItem\",\"position\":1,\"name\":\"Accueil\",\"item\":\"https:\\\/\\\/restaurant-la-barque-bleue.fr\\\/de\\\/\"},{\"@type\":\"ListItem\",\"position\":2,\"name\":\"Die Karte\"}]},{\"@type\":\"WebSite\",\"@id\":\"https:\\\/\\\/restaurant-la-barque-bleue.fr\\\/de\\\/#website\",\"url\":\"https:\\\/\\\/restaurant-la-barque-bleue.fr\\\/de\\\/\",\"name\":\"La Barque Bleue Restaurant au Port de nice\",\"description\":\"Restaurant sp\u00e9cialit\u00e9s Viandes, Poissons et P\u00e2tes sur le Port de Nice\",\"publisher\":{\"@id\":\"https:\\\/\\\/restaurant-la-barque-bleue.fr\\\/de\\\/#organization\"},\"potentialAction\":[{\"@type\":\"SearchAction\",\"target\":{\"@type\":\"EntryPoint\",\"urlTemplate\":\"https:\\\/\\\/restaurant-la-barque-bleue.fr\\\/de\\\/?s={search_term_string}\"},\"query-input\":{\"@type\":\"PropertyValueSpecification\",\"valueRequired\":true,\"valueName\":\"search_term_string\"}}],\"inLanguage\":\"de\"},{\"@type\":\"Organization\",\"@id\":\"https:\\\/\\\/restaurant-la-barque-bleue.fr\\\/de\\\/#organization\",\"name\":\"Restaurant la Barque Bleue\",\"url\":\"https:\\\/\\\/restaurant-la-barque-bleue.fr\\\/de\\\/\",\"logo\":{\"@type\":\"ImageObject\",\"inLanguage\":\"de\",\"@id\":\"https:\\\/\\\/restaurant-la-barque-bleue.fr\\\/de\\\/#\\\/schema\\\/logo\\\/image\\\/\",\"url\":\"https:\\\/\\\/i0.wp.com\\\/restaurant-la-barque-bleue.fr\\\/wp-content\\\/uploads\\\/2020\\\/09\\\/LOGO-BARQUE-BLEUE-1.png?fit=533%2C510&ssl=1\",\"contentUrl\":\"https:\\\/\\\/i0.wp.com\\\/restaurant-la-barque-bleue.fr\\\/wp-content\\\/uploads\\\/2020\\\/09\\\/LOGO-BARQUE-BLEUE-1.png?fit=533%2C510&ssl=1\",\"width\":533,\"height\":510,\"caption\":\"Restaurant la Barque Bleue\"},\"image\":{\"@id\":\"https:\\\/\\\/restaurant-la-barque-bleue.fr\\\/de\\\/#\\\/schema\\\/logo\\\/image\\\/\"},\"sameAs\":[\"https:\\\/\\\/www.facebook.com\\\/LaBarqueBleue06\",\"https:\\\/\\\/www.instagram.com\\\/labarquebleue.nice\\\/\"]}]}<\/script>\n<!-- \/ Yoast SEO Premium plugin. -->","yoast_head_json":{"title":"Die Karte - La Barque Bleue Restaurant au Port de nice","robots":{"index":"index","follow":"follow","max-snippet":"max-snippet:-1","max-image-preview":"max-image-preview:large","max-video-preview":"max-video-preview:-1"},"canonical":"https:\/\/restaurant-la-barque-bleue.fr\/de\/die-karte\/","og_locale":"de_DE","og_type":"article","og_title":"Die Karte - La Barque Bleue Restaurant au Port de nice","og_description":"Die Speisekarte Vorspeisen Warmer Ziegenk\u00e4sesalat 19\u20ac Franz\u00f6sische Zwiebelsuppe 15\u20ac Fischsuppe 15\u20ac Avocado-Toast 16\u20ac Franz\u00f6sisches Brot, Avocado-Tatar, Saatenmischung Austern x6 17\u20ac Caesar Salad 22\u20ac Gemischte Platte 22\u20ac K\u00e4se und Wurstwaren Pasta Linguini mit Meeresfr\u00fcchten 25,50\u20ac Linguini Vongole 22\u20ac Rigatoni Carbonara 18\u20ac Pizzen Margherita 14,50\u20ac Pizza Regina 15,50\u20ac Vier-K\u00e4se-Pizza 17\u20ac Bauernpizza 16\u20ac Fleischgerichte Rinder-Entrec\u00f4te 25\u20ac Pfeffer- oder [&hellip;]","og_url":"https:\/\/restaurant-la-barque-bleue.fr\/de\/die-karte\/","og_site_name":"La Barque Bleue Restaurant au Port de nice","article_publisher":"https:\/\/www.facebook.com\/LaBarqueBleue06","article_modified_time":"2026-05-08T07:40:08+00:00","twitter_card":"summary_large_image","twitter_misc":{"Gesch\u00e4tzte Lesezeit":"2\u00a0Minuten"},"schema":{"@context":"https:\/\/schema.org","@graph":[{"@type":"WebPage","@id":"https:\/\/restaurant-la-barque-bleue.fr\/de\/die-karte\/","url":"https:\/\/restaurant-la-barque-bleue.fr\/de\/die-karte\/","name":"Die Karte - La Barque Bleue Restaurant au Port de nice","isPartOf":{"@id":"https:\/\/restaurant-la-barque-bleue.fr\/de\/#website"},"datePublished":"2021-05-19T08:13:18+00:00","dateModified":"2026-05-08T07:40:08+00:00","breadcrumb":{"@id":"https:\/\/restaurant-la-barque-bleue.fr\/de\/die-karte\/#breadcrumb"},"inLanguage":"de","potentialAction":[{"@type":"ReadAction","target":["https:\/\/restaurant-la-barque-bleue.fr\/de\/die-karte\/"]}]},{"@type":"BreadcrumbList","@id":"https:\/\/restaurant-la-barque-bleue.fr\/de\/die-karte\/#breadcrumb","itemListElement":[{"@type":"ListItem","position":1,"name":"Accueil","item":"https:\/\/restaurant-la-barque-bleue.fr\/de\/"},{"@type":"ListItem","position":2,"name":"Die Karte"}]},{"@type":"WebSite","@id":"https:\/\/restaurant-la-barque-bleue.fr\/de\/#website","url":"https:\/\/restaurant-la-barque-bleue.fr\/de\/","name":"La Barque Bleue Restaurant au Port de nice","description":"Restaurant sp\u00e9cialit\u00e9s Viandes, Poissons et P\u00e2tes sur le Port de Nice","publisher":{"@id":"https:\/\/restaurant-la-barque-bleue.fr\/de\/#organization"},"potentialAction":[{"@type":"SearchAction","target":{"@type":"EntryPoint","urlTemplate":"https:\/\/restaurant-la-barque-bleue.fr\/de\/?s={search_term_string}"},"query-input":{"@type":"PropertyValueSpecification","valueRequired":true,"valueName":"search_term_string"}}],"inLanguage":"de"},{"@type":"Organization","@id":"https:\/\/restaurant-la-barque-bleue.fr\/de\/#organization","name":"Restaurant la Barque Bleue","url":"https:\/\/restaurant-la-barque-bleue.fr\/de\/","logo":{"@type":"ImageObject","inLanguage":"de","@id":"https:\/\/restaurant-la-barque-bleue.fr\/de\/#\/schema\/logo\/image\/","url":"https:\/\/i0.wp.com\/restaurant-la-barque-bleue.fr\/wp-content\/uploads\/2020\/09\/LOGO-BARQUE-BLEUE-1.png?fit=533%2C510&ssl=1","contentUrl":"https:\/\/i0.wp.com\/restaurant-la-barque-bleue.fr\/wp-content\/uploads\/2020\/09\/LOGO-BARQUE-BLEUE-1.png?fit=533%2C510&ssl=1","width":533,"height":510,"caption":"Restaurant la Barque Bleue"},"image":{"@id":"https:\/\/restaurant-la-barque-bleue.fr\/de\/#\/schema\/logo\/image\/"},"sameAs":["https:\/\/www.facebook.com\/LaBarqueBleue06","https:\/\/www.instagram.com\/labarquebleue.nice\/"]}]}},"_links":{"self":[{"href":"https:\/\/restaurant-la-barque-bleue.fr\/de\/wp-json\/wp\/v2\/pages\/3766","targetHints":{"allow":["GET"]}}],"collection":[{"href":"https:\/\/restaurant-la-barque-bleue.fr\/de\/wp-json\/wp\/v2\/pages"}],"about":[{"href":"https:\/\/restaurant-la-barque-bleue.fr\/de\/wp-json\/wp\/v2\/types\/page"}],"author":[{"embeddable":true,"href":"https:\/\/restaurant-la-barque-bleue.fr\/de\/wp-json\/wp\/v2\/users\/1"}],"replies":[{"embeddable":true,"href":"https:\/\/restaurant-la-barque-bleue.fr\/de\/wp-json\/wp\/v2\/comments?post=3766"}],"version-history":[{"count":3,"href":"https:\/\/restaurant-la-barque-bleue.fr\/de\/wp-json\/wp\/v2\/pages\/3766\/revisions"}],"predecessor-version":[{"id":5506,"href":"https:\/\/restaurant-la-barque-bleue.fr\/de\/wp-json\/wp\/v2\/pages\/3766\/revisions\/5506"}],"wp:attachment":[{"href":"https:\/\/restaurant-la-barque-bleue.fr\/de\/wp-json\/wp\/v2\/media?parent=3766"}],"curies":[{"name":"wp","href":"https:\/\/api.w.org\/{rel}","templated":true}]}}