{"id":3744,"date":"2019-01-29T15:17:42","date_gmt":"2019-01-29T15:17:42","guid":{"rendered":"https:\/\/restaurant-la-barque-bleue.fr\/restaurant-im-hafen-von-nizza-la-barque-bleue\/"},"modified":"2024-07-12T11:19:15","modified_gmt":"2024-07-12T11:19:15","slug":"restaurant-im-hafen-von-nizza-la-barque-bleue","status":"publish","type":"page","link":"https:\/\/restaurant-la-barque-bleue.fr\/de\/restaurant-im-hafen-von-nizza-la-barque-bleue\/","title":{"rendered":"Restaurant im Hafen von Nizza: La barque bleue"},"content":{"rendered":"<div class=\"wpb-content-wrapper\"><p>[vc_row css=&#8220;.vc_custom_1600177424345{background-image: url(https:\/\/restaurant-la-barque-bleue.fr\/wp-content\/uploads\/2020\/09\/Copie-de-LOGO_bleu_BB_Plan-de-travail-1-1.png?id=1737) !important;background-position: center !important;background-repeat: no-repeat !important;background-size: contain !important;}&#8220;][vc_column width=&#8220;6\/12&#8243; css=&#8220;.vc_custom_1467360650255{margin-top: 10px !important;margin-bottom: 10px !important;padding-top: 0px !important;padding-right: 40px !important;}&#8220;]<div style=\"background-color:;height: 10px\" class=\"nicdark_section  \"><\/div><div style=\"background-color:;height: 10px\" class=\"nicdark_section  \"><\/div><div style=\"background-color:;height: 10px\" class=\"nicdark_section  \"><\/div><div style=\"background-color:;height: 10px\" class=\"nicdark_section  \"><\/div> <h2 style=\"color:#375792;padding:px;text-align:right;font-size:40px;line-height:50px;letter-spacing: px;font-weight:normal\" class=\"  nd_options_text_align_center_responsive_important nd_options_first_font \">Cr\u00e9\u00e9 en 1982, La Barque Bleue Restaurant au port de Nice en est un lieu embl\u00e9matique.<\/h2> [\/vc_column][vc_column width=&#8220;3\/12&#8243; css=&#8220;.vc_custom_1467207292391{margin-top: 10px !important;margin-bottom: 10px !important;padding-top: 0px !important;}&#8220;]<div style=\"background-color:;height: 20px\" class=\"nicdark_section  \"><\/div>[vc_column_text el_class=&#8220;nd_options_text_align_center_responsive&#8220;]<\/p>\n<div class=\"module text\"><strong>la Barque Bleue<\/strong>:<br \/>\n<strong>Restaurant am Hafen von Nizza.<\/strong><br \/>\nLa Barque Bleue ist bei Einheimischen und Besuchern gleicherma\u00dfen bekannt f\u00fcr seine raffinierte K\u00fcche und seine privilegierte Umgebung, nur wenige Schritte vom Mittelmeer entfernt. Die Seele von La Barque Bleue bleibt auch nach der \u00dcbernahme durch einen neuen Eigent\u00fcmer im Jahr 2019 unver\u00e4ndert. Es ist uns ein Anliegen, Ihnen Gourmetgerichte zu servieren, die mit Leidenschaft und unter Verwendung frischer und saisonaler Produkte zubereitet werden. Das Versprechen unserer K\u00fcche ist es, Sie auf eine Reise durch Italien mit all seinen Geschm\u00e4ckern mitzunehmen.<\/div>\n<p>[\/vc_column_text]<div style=\"background-color:;height: 20px\" class=\"nicdark_section  \"><\/div><div style=\"background-color:;height: 20px\" class=\"nicdark_section  \"><\/div>[\/vc_column][vc_column width=&#8220;3\/12&#8243; css=&#8220;.vc_custom_1467207298589{margin-top: 10px !important;margin-bottom: 10px !important;padding-top: 0px !important;}&#8220;]<div style=\"background-color:;height: 20px\" class=\"nicdark_section  \"><\/div>[vc_column_text el_class=&#8220;nd_options_text_align_center_responsive&#8220;]<\/p>\n<div class=\"module text\">\n<p class=\"bodytext\">Wir bieten Ihnen auch mediterrane Spezialit\u00e4ten, vor allem frischen Fisch.<\/p>\n<\/div>\n<div class=\"module text\">\n<p class=\"bodytext\">Entspannen Sie sich in der Sonne auf unserer gro\u00dfen Terrasse, die einen atemberaubenden Blick auf den Hafen der Stadt bietet. M\u00f6chten Sie lieber drinnen sein? Unser ger\u00e4umiger Saal mit seiner Rokoko-Dekoration und einem Hauch von Blau bietet Ihnen eine fr\u00f6hliche Atmosph\u00e4re und viel Komfort.<\/p>\n<p>Wir treffen uns im Hafen von Nizza f\u00fcr einen au\u00dfergew\u00f6hnlichen Moment.<\/p>\n<\/div>\n<p>[\/vc_column_text][\/vc_column][\/vc_row][vc_row][vc_column][vc_row_inner][vc_column_inner width=&#8220;1\/4&#8243;]\n    <div style=\"text-align:center\" class=\"nd_options_section\">\n      <img decoding=\"async\" alt=\"\" style=\"width:200px\" class=\" nd_options_margin_0 nd_options_padding_0 \" src=\"https:\/\/restaurant-la-barque-bleue.fr\/wp-content\/uploads\/2021\/10\/4-1024x1024.jpg\">\n    <\/div>\n   [\/vc_column_inner][vc_column_inner width=&#8220;1\/4&#8243;]\n    <div style=\"text-align:center\" class=\"nd_options_section\">\n      <img decoding=\"async\" alt=\"\" style=\"width:200px\" class=\" nd_options_margin_0 nd_options_padding_0 \" src=\"https:\/\/restaurant-la-barque-bleue.fr\/wp-content\/uploads\/2021\/10\/3-1024x1024.jpg\">\n    <\/div>\n   [\/vc_column_inner][vc_column_inner width=&#8220;1\/4&#8243;]\n    <div style=\"text-align:center\" class=\"nd_options_section\">\n      <img decoding=\"async\" alt=\"\" style=\"width:200px\" class=\" nd_options_margin_0 nd_options_padding_0 \" src=\"https:\/\/restaurant-la-barque-bleue.fr\/wp-content\/uploads\/2021\/10\/1-1024x1024.jpg\">\n    <\/div>\n   [\/vc_column_inner][vc_column_inner width=&#8220;1\/4&#8243;]\n    <div style=\"text-align:center\" class=\"nd_options_section\">\n      <img decoding=\"async\" alt=\"\" style=\"width:200px\" class=\" nd_options_margin_0 nd_options_padding_0 \" src=\"https:\/\/restaurant-la-barque-bleue.fr\/wp-content\/uploads\/2021\/10\/2-1024x1024.jpg\">\n    <\/div>\n   [\/vc_column_inner][\/vc_row_inner][vc_empty_space height=&#8220;52px&#8220;][vc_row_inner][vc_column_inner width=&#8220;1\/6&#8243;]\n    <div style=\"text-align:center\" class=\"nd_options_section\">\n      <img decoding=\"async\" alt=\"\" style=\"width:70px\" class=\" nd_options_margin_0 nd_options_padding_0 \" src=\"https:\/\/restaurant-la-barque-bleue.fr\/wp-content\/uploads\/2020\/09\/icon-17.png\">\n    <\/div>\n   [\/vc_column_inner][vc_column_inner width=&#8220;5\/6&#8243;][vc_column_text]<\/p>\n<p style=\"text-align: left;\"><span style=\"font-size: 14pt;\"><strong>M\u00f6chten Sie ein Gruppenessen in einem Restaurant am Hafen von Nizza organisieren?<\/strong> <\/span><br \/>\nZ\u00f6gern Sie nicht, uns zu kontaktieren. <a href=\"https:\/\/restaurant-la-barque-bleue.fr\/de\/buchen-sie-ihr-restaurant-im-hafen-von-nizza\/\"><br \/>\n  <strong>kontaktieren Sie La Barque Bleue<\/strong><br \/>\n<\/a> !<br \/>\nWir sind in der Lage, Gruppen bis zu 100 Personen zu empfangen.<\/p>\n<p>[\/vc_column_text][\/vc_column_inner][\/vc_row_inner][vc_empty_space height=&#8220;52px&#8220;][\/vc_column][\/vc_row][vc_row full_width=&#8220;stretch_row&#8220; parallax=&#8220;content-moving&#8220; parallax_image=&#8220;510&#8243; css=&#8220;.vc_custom_1549269790782{margin-top: 60px !important;padding-top: 100px !important;padding-bottom: 100px !important;}&#8220; el_class=&#8220;nd_options_vc_parallax_filter_2_4&#8243;][vc_column][vc_row_inner][vc_column_inner width=&#8220;1\/3&#8243; css=&#8220;.vc_custom_1469630289168{padding-top: 10px !important;padding-bottom: 10px !important;}&#8220;][vc_column_text]<\/p>\n<p style=\"text-align: center;\"><span style=\"font-size: 24pt; color: #ffffff;\"><strong>von 9.30 bis 22.00 Uhr<\/strong><\/span><\/p>\n<p>[\/vc_column_text]<div style=\"background-color:;height: 20px\" class=\"nicdark_section  \"><\/div> <p style=\"color:#ffffff;padding:px;text-align:center;font-size:14px;line-height:30px;letter-spacing: 2px;font-weight:lighter\" class=\"   nd_options_second_font \">SERVICE NON STOP<\/p> [\/vc_column_inner][vc_column_inner width=&#8220;1\/3&#8243; css=&#8220;.vc_custom_1469630269458{padding-top: 10px !important;padding-bottom: 10px !important;}&#8220;][vc_column_text]<\/p>\n<p style=\"text-align: center;\"><span style=\"font-size: 24pt; color: #ffffff;\"><strong>7J\/7<\/strong><\/span><\/p>\n<p>[\/vc_column_text]<div style=\"background-color:;height: 20px\" class=\"nicdark_section  \"><\/div> <p style=\"color:#ffffff;padding:px;text-align:center;font-size:14px;line-height:30px;letter-spacing: 2px;font-weight:lighter\" class=\"   nd_options_second_font \">OUVERTURE<\/p> [\/vc_column_inner][vc_column_inner width=&#8220;1\/3&#8243; css=&#8220;.vc_custom_1469630276028{padding-top: 10px !important;padding-bottom: 10px !important;}&#8220;]<h1 style=\"text-align:center;color:#ffffff;font-size:50px\" class=\" nd_options_counter_component_l1 nd_options_font_weight_bolder nd_options_counter counter-text \" data-to=\"100\" data-speed=\"1000\">100<\/h1><div style=\"background-color:;height: 20px\" class=\"nicdark_section  \"><\/div> <p style=\"color:#ffffff;padding:px;text-align:center;font-size:14px;line-height:30px;letter-spacing: 2px;font-weight:lighter\" class=\"   nd_options_second_font \">SOURIRES \/ JOUR<\/p> [\/vc_column_inner][\/vc_row_inner][\/vc_column][\/vc_row][vc_row full_width=&#8220;stretch_row&#8220; equal_height=&#8220;yes&#8220; content_placement=&#8220;middle&#8220; css=&#8220;.vc_custom_1634740404965{margin-top: 30px !important;}&#8220;][vc_column width=&#8220;1\/4&#8243;]<div style=\"background-color:;height: 30px\" class=\"nicdark_section  \"><\/div>\n    <div style=\"text-align:left\" class=\"nd_options_section\">\n      <img decoding=\"async\" alt=\"\" style=\"width:60px\" class=\" nd_options_margin_0 nd_options_padding_0 \" src=\"https:\/\/restaurant-la-barque-bleue.fr\/wp-content\/uploads\/2021\/10\/icon-.jpg\">\n    <\/div>\n   <div style=\"background-color:;height: 15px\" class=\"nicdark_section  \"><\/div> <h3 style=\"color:#375792;padding:px;text-align:;font-size:18px;line-height:50px;letter-spacing: 2px;font-weight:normal\" class=\"  nd_options_font_size_40_important_all_iphone nd_options_first_font \">SAISONALE PRODUKTE<\/h3>  <p style=\"color:;padding:px;text-align:;font-size:px;line-height:px;letter-spacing: px;font-weight:normal\" class=\"    \">Eines der Engagements von La Barque Bleue besteht darin, haupts\u00e4chlich mit lokalen Partnern zusammenzuarbeiten. Deshalb passen wir unsere Speisekarte dem jeweiligen Zeitraum an, um m\u00f6glichst viele saisonale Produkte zu verwenden.<\/p> <div style=\"background-color:;height: 30px\" class=\"nicdark_section  \"><\/div>[\/vc_column][vc_column width=&#8220;1\/4&#8243;]<div style=\"background-color:;height: 30px\" class=\"nicdark_section  \"><\/div>\n    <div style=\"text-align:left\" class=\"nd_options_section\">\n      <img decoding=\"async\" alt=\"\" style=\"width:50px\" class=\" nd_options_margin_0 nd_options_padding_0 \" src=\"https:\/\/restaurant-la-barque-bleue.fr\/wp-content\/uploads\/2021\/10\/icon.jpg\">\n    <\/div>\n   <div style=\"background-color:;height: 15px\" class=\"nicdark_section  \"><\/div> <h3 style=\"color:#375792;padding:px;text-align:;font-size:18px;line-height:50px;letter-spacing: 2px;font-weight:normal\" class=\"  nd_options_font_size_40_important_all_iphone nd_options_first_font \">FRISCHE PRODUKTE<\/h3>  <p style=\"color:;padding:px;text-align:;font-size:px;line-height:px;letter-spacing: px;font-weight:\" class=\"    \">Unser K\u00fcchenchef stellt jedes Gericht auf der Speisekarte zusammen und bereitet es ausschlie\u00dflich aus frischen Produkten zu. Er denkt und kreiert alle Gerichte auf seiner Speisekarte mit gro\u00dfer Sorgfalt und w\u00e4hlt jedes Produkt sorgf\u00e4ltig aus.<\/p> <div style=\"background-color:;height: 30px\" class=\"nicdark_section  \"><\/div>[\/vc_column][vc_column width=&#8220;1\/4&#8243;]<div style=\"background-color:;height: 30px\" class=\"nicdark_section  \"><\/div>\n    <div style=\"text-align:left\" class=\"nd_options_section\">\n      <img decoding=\"async\" alt=\"\" style=\"width:50px\" class=\" nd_options_margin_0 nd_options_padding_0 \" src=\"https:\/\/restaurant-la-barque-bleue.fr\/wp-content\/uploads\/2020\/09\/ico-01.png\">\n    <\/div>\n   <div style=\"background-color:;height: 15px\" class=\"nicdark_section  \"><\/div> <h3 style=\"color:#375792;padding:px;text-align:;font-size:18px;line-height:50px;letter-spacing: 2px;font-weight:normal\" class=\"  nd_options_font_size_40_important_all_iphone nd_options_first_font \">HAUSGEMACHT<\/h3>  <p style=\"color:;padding:px;text-align:;font-size:px;line-height:px;letter-spacing: px;font-weight:\" class=\"    \">Von der Vorspeise bis zum Dessert ist jedes Gericht auf der Speisekarte vollst\u00e4ndig hausgemacht. Wir sind auf Meeres- und S\u00fc\u00dfwasserfische spezialisiert und alle unsere Gerichte werden in unseren K\u00fcchen gekocht, gew\u00fcrzt und zubereitet.<\/p> <div style=\"background-color:;height: 30px\" class=\"nicdark_section  \"><\/div>[\/vc_column][vc_column width=&#8220;1\/4&#8243;]<div style=\"background-color:;height: 30px\" class=\"nicdark_section  \"><\/div>\n    <div style=\"text-align:left\" class=\"nd_options_section\">\n      <img decoding=\"async\" alt=\"\" style=\"width:50px\" class=\" nd_options_margin_0 nd_options_padding_0 \" src=\"https:\/\/restaurant-la-barque-bleue.fr\/wp-content\/uploads\/2021\/10\/icon-17-1.png\">\n    <\/div>\n   <div style=\"background-color:;height: 15px\" class=\"nicdark_section  \"><\/div> <h3 style=\"color:#375792;padding:px;text-align:;font-size:18px;line-height:50px;letter-spacing: 2px;font-weight:normal\" class=\"  nd_options_font_size_40_important_all_iphone nd_options_first_font \">AUSSERGEW\u00d6HNLICHE EINSTELLUNG<\/h3>  <p style=\"color:;padding:px;text-align:;font-size:px;line-height:px;letter-spacing: px;font-weight:\" class=\"    \">Mit seiner gro\u00dfz\u00fcgigen Terrasse bietet Ihnen La Barque Bleue einen herrlichen Blick auf den Hafen von Nizza. Nutzen Sie diesen au\u00dfergew\u00f6hnlichen Rahmen Tag und Nacht f\u00fcr einen unvergleichlichen Moment der Entspannung und des Teilens, zu zweit, mit Freunden oder der Familie.<\/p> <div style=\"background-color:;height: 30px\" class=\"nicdark_section  \"><\/div>[\/vc_column][\/vc_row][vc_row css=&#8220;.vc_custom_1504098160799{margin-top: 15px !important;}&#8220;][vc_column el_class=&#8220;nd_options_text_align_center&#8220;]\n\t<div class=\"nd_options_section nd_options_text_align_center\">\n\t<a style=\"border: px solid;border-radius:3px;letter-spacing:2px;line-height:16px;font-size:16px;background-color:#2d5698;padding:15px 25px;margin:;color:#ffffff\" rel=\"\" href=\"https:\/\/restaurant-la-barque-bleue.fr\/index.php\/contact-restaurant-la-barque-bleue-au-port-de-nice\/\" class=\"nicdark_display_inline_block  nd_options_font_weight_normal nd_options_first_font  \">R\u00c9SERVER VOTRE TABLE<\/a>\n\t<\/div>\n[\/vc_column][\/vc_row]<\/p>\n<\/div>","protected":false},"excerpt":{"rendered":"<p>[vc_row css=&#8220;.vc_custom_1600177424345{background-image: url(https:\/\/restaurant-la-barque-bleue.fr\/wp-content\/uploads\/2020\/09\/Copie-de-LOGO_bleu_BB_Plan-de-travail-1-1.png?id=1737) !important;background-position: center !important;background-repeat: no-repeat !important;background-size: contain !important;}&#8220;][vc_column width=&#8220;6\/12&#8243; css=&#8220;.vc_custom_1467360650255{margin-top: 10px !important;margin-bottom: 10px !important;padding-top: 0px !important;padding-right: 40px !important;}&#8220;][\/vc_column][vc_column width=&#8220;3\/12&#8243; css=&#8220;.vc_custom_1467207292391{margin-top: 10px !important;margin-bottom: 10px !important;padding-top: 0px !important;}&#8220;][vc_column_text el_class=&#8220;nd_options_text_align_center_responsive&#8220;] la Barque Bleue: Restaurant am Hafen von Nizza. La Barque Bleue ist bei Einheimischen und Besuchern gleicherma\u00dfen bekannt f\u00fcr seine raffinierte K\u00fcche und seine privilegierte Umgebung, [&hellip;]<\/p>\n","protected":false},"author":1,"featured_media":0,"parent":0,"menu_order":0,"comment_status":"closed","ping_status":"closed","template":"page_ restaurant.php","meta":{"footnotes":""},"class_list":["post-3744","page","type-page","status-publish","hentry"],"yoast_head":"<!-- This site is optimized with the Yoast SEO Premium plugin v26.0 (Yoast SEO v27.3) - https:\/\/yoast.com\/product\/yoast-seo-premium-wordpress\/ -->\n<title>la barque bleue Restaurant am Hafen von Nizza - Frische und saisonale Produkte.<\/title>\n<meta name=\"description\" content=\"Restaurant Hafen von Nizza: La barque bleue. Das Restaurant wurde 1982 gegr\u00fcndet und ist ein Symbol f\u00fcr den Hafen von Nizza. Mediterrane K\u00fcche.\" \/>\n<meta name=\"robots\" content=\"index, follow, max-snippet:-1, max-image-preview:large, max-video-preview:-1\" \/>\n<link rel=\"canonical\" href=\"https:\/\/restaurant-la-barque-bleue.fr\/de\/restaurant-im-hafen-von-nizza-la-barque-bleue\/\" \/>\n<meta property=\"og:locale\" content=\"de_DE\" \/>\n<meta property=\"og:type\" content=\"article\" \/>\n<meta property=\"og:title\" content=\"Restaurant im Hafen von Nizza: La barque bleue - La Barque Bleue Restaurant au Port de nice\" \/>\n<meta property=\"og:description\" content=\"Restaurant Hafen von Nizza: La barque bleue. Das Restaurant wurde 1982 gegr\u00fcndet und ist ein Symbol f\u00fcr den Hafen von Nizza. Mediterrane K\u00fcche.\" \/>\n<meta property=\"og:url\" content=\"https:\/\/restaurant-la-barque-bleue.fr\/de\/restaurant-im-hafen-von-nizza-la-barque-bleue\/\" \/>\n<meta property=\"og:site_name\" content=\"La Barque Bleue Restaurant au Port de nice\" \/>\n<meta property=\"article:publisher\" content=\"https:\/\/www.facebook.com\/LaBarqueBleue06\" \/>\n<meta property=\"article:modified_time\" content=\"2024-07-12T11:19:15+00:00\" \/>\n<meta name=\"twitter:card\" content=\"summary_large_image\" \/>\n<meta name=\"twitter:label1\" content=\"Gesch\u00e4tzte Lesezeit\" \/>\n\t<meta name=\"twitter:data1\" content=\"8\u00a0Minuten\" \/>\n<script type=\"application\/ld+json\" class=\"yoast-schema-graph\">{\"@context\":\"https:\\\/\\\/schema.org\",\"@graph\":[{\"@type\":\"WebPage\",\"@id\":\"https:\\\/\\\/restaurant-la-barque-bleue.fr\\\/de\\\/restaurant-im-hafen-von-nizza-la-barque-bleue\\\/\",\"url\":\"https:\\\/\\\/restaurant-la-barque-bleue.fr\\\/de\\\/restaurant-im-hafen-von-nizza-la-barque-bleue\\\/\",\"name\":\"la barque bleue Restaurant am Hafen von Nizza - Frische und saisonale Produkte.\",\"isPartOf\":{\"@id\":\"https:\\\/\\\/restaurant-la-barque-bleue.fr\\\/de\\\/#website\"},\"datePublished\":\"2019-01-29T15:17:42+00:00\",\"dateModified\":\"2024-07-12T11:19:15+00:00\",\"description\":\"Restaurant Hafen von Nizza: La barque bleue. Das Restaurant wurde 1982 gegr\u00fcndet und ist ein Symbol f\u00fcr den Hafen von Nizza. Mediterrane K\u00fcche.\",\"breadcrumb\":{\"@id\":\"https:\\\/\\\/restaurant-la-barque-bleue.fr\\\/de\\\/restaurant-im-hafen-von-nizza-la-barque-bleue\\\/#breadcrumb\"},\"inLanguage\":\"de\",\"potentialAction\":[{\"@type\":\"ReadAction\",\"target\":[\"https:\\\/\\\/restaurant-la-barque-bleue.fr\\\/de\\\/restaurant-im-hafen-von-nizza-la-barque-bleue\\\/\"]}]},{\"@type\":\"BreadcrumbList\",\"@id\":\"https:\\\/\\\/restaurant-la-barque-bleue.fr\\\/de\\\/restaurant-im-hafen-von-nizza-la-barque-bleue\\\/#breadcrumb\",\"itemListElement\":[{\"@type\":\"ListItem\",\"position\":1,\"name\":\"Accueil\",\"item\":\"https:\\\/\\\/restaurant-la-barque-bleue.fr\\\/de\\\/\"},{\"@type\":\"ListItem\",\"position\":2,\"name\":\"Restaurant im Hafen von Nizza: La barque bleue\"}]},{\"@type\":\"WebSite\",\"@id\":\"https:\\\/\\\/restaurant-la-barque-bleue.fr\\\/de\\\/#website\",\"url\":\"https:\\\/\\\/restaurant-la-barque-bleue.fr\\\/de\\\/\",\"name\":\"La Barque Bleue Restaurant au Port de nice\",\"description\":\"Restaurant sp\u00e9cialit\u00e9s Viandes, Poissons et P\u00e2tes sur le Port de Nice\",\"publisher\":{\"@id\":\"https:\\\/\\\/restaurant-la-barque-bleue.fr\\\/de\\\/#organization\"},\"potentialAction\":[{\"@type\":\"SearchAction\",\"target\":{\"@type\":\"EntryPoint\",\"urlTemplate\":\"https:\\\/\\\/restaurant-la-barque-bleue.fr\\\/de\\\/?s={search_term_string}\"},\"query-input\":{\"@type\":\"PropertyValueSpecification\",\"valueRequired\":true,\"valueName\":\"search_term_string\"}}],\"inLanguage\":\"de\"},{\"@type\":\"Organization\",\"@id\":\"https:\\\/\\\/restaurant-la-barque-bleue.fr\\\/de\\\/#organization\",\"name\":\"Restaurant la Barque Bleue\",\"url\":\"https:\\\/\\\/restaurant-la-barque-bleue.fr\\\/de\\\/\",\"logo\":{\"@type\":\"ImageObject\",\"inLanguage\":\"de\",\"@id\":\"https:\\\/\\\/restaurant-la-barque-bleue.fr\\\/de\\\/#\\\/schema\\\/logo\\\/image\\\/\",\"url\":\"https:\\\/\\\/i0.wp.com\\\/restaurant-la-barque-bleue.fr\\\/wp-content\\\/uploads\\\/2020\\\/09\\\/LOGO-BARQUE-BLEUE-1.png?fit=533%2C510&ssl=1\",\"contentUrl\":\"https:\\\/\\\/i0.wp.com\\\/restaurant-la-barque-bleue.fr\\\/wp-content\\\/uploads\\\/2020\\\/09\\\/LOGO-BARQUE-BLEUE-1.png?fit=533%2C510&ssl=1\",\"width\":533,\"height\":510,\"caption\":\"Restaurant la Barque Bleue\"},\"image\":{\"@id\":\"https:\\\/\\\/restaurant-la-barque-bleue.fr\\\/de\\\/#\\\/schema\\\/logo\\\/image\\\/\"},\"sameAs\":[\"https:\\\/\\\/www.facebook.com\\\/LaBarqueBleue06\",\"https:\\\/\\\/www.instagram.com\\\/labarquebleue.nice\\\/\"]}]}<\/script>\n<!-- \/ Yoast SEO Premium plugin. -->","yoast_head_json":{"title":"la barque bleue Restaurant am Hafen von Nizza - Frische und saisonale Produkte.","description":"Restaurant Hafen von Nizza: La barque bleue. Das Restaurant wurde 1982 gegr\u00fcndet und ist ein Symbol f\u00fcr den Hafen von Nizza. Mediterrane K\u00fcche.","robots":{"index":"index","follow":"follow","max-snippet":"max-snippet:-1","max-image-preview":"max-image-preview:large","max-video-preview":"max-video-preview:-1"},"canonical":"https:\/\/restaurant-la-barque-bleue.fr\/de\/restaurant-im-hafen-von-nizza-la-barque-bleue\/","og_locale":"de_DE","og_type":"article","og_title":"Restaurant im Hafen von Nizza: La barque bleue - La Barque Bleue Restaurant au Port de nice","og_description":"Restaurant Hafen von Nizza: La barque bleue. Das Restaurant wurde 1982 gegr\u00fcndet und ist ein Symbol f\u00fcr den Hafen von Nizza. Mediterrane K\u00fcche.","og_url":"https:\/\/restaurant-la-barque-bleue.fr\/de\/restaurant-im-hafen-von-nizza-la-barque-bleue\/","og_site_name":"La Barque Bleue Restaurant au Port de nice","article_publisher":"https:\/\/www.facebook.com\/LaBarqueBleue06","article_modified_time":"2024-07-12T11:19:15+00:00","twitter_card":"summary_large_image","twitter_misc":{"Gesch\u00e4tzte Lesezeit":"8\u00a0Minuten"},"schema":{"@context":"https:\/\/schema.org","@graph":[{"@type":"WebPage","@id":"https:\/\/restaurant-la-barque-bleue.fr\/de\/restaurant-im-hafen-von-nizza-la-barque-bleue\/","url":"https:\/\/restaurant-la-barque-bleue.fr\/de\/restaurant-im-hafen-von-nizza-la-barque-bleue\/","name":"la barque bleue Restaurant am Hafen von Nizza - Frische und saisonale Produkte.","isPartOf":{"@id":"https:\/\/restaurant-la-barque-bleue.fr\/de\/#website"},"datePublished":"2019-01-29T15:17:42+00:00","dateModified":"2024-07-12T11:19:15+00:00","description":"Restaurant Hafen von Nizza: La barque bleue. Das Restaurant wurde 1982 gegr\u00fcndet und ist ein Symbol f\u00fcr den Hafen von Nizza. Mediterrane K\u00fcche.","breadcrumb":{"@id":"https:\/\/restaurant-la-barque-bleue.fr\/de\/restaurant-im-hafen-von-nizza-la-barque-bleue\/#breadcrumb"},"inLanguage":"de","potentialAction":[{"@type":"ReadAction","target":["https:\/\/restaurant-la-barque-bleue.fr\/de\/restaurant-im-hafen-von-nizza-la-barque-bleue\/"]}]},{"@type":"BreadcrumbList","@id":"https:\/\/restaurant-la-barque-bleue.fr\/de\/restaurant-im-hafen-von-nizza-la-barque-bleue\/#breadcrumb","itemListElement":[{"@type":"ListItem","position":1,"name":"Accueil","item":"https:\/\/restaurant-la-barque-bleue.fr\/de\/"},{"@type":"ListItem","position":2,"name":"Restaurant im Hafen von Nizza: La barque bleue"}]},{"@type":"WebSite","@id":"https:\/\/restaurant-la-barque-bleue.fr\/de\/#website","url":"https:\/\/restaurant-la-barque-bleue.fr\/de\/","name":"La Barque Bleue Restaurant au Port de nice","description":"Restaurant sp\u00e9cialit\u00e9s Viandes, Poissons et P\u00e2tes sur le Port de Nice","publisher":{"@id":"https:\/\/restaurant-la-barque-bleue.fr\/de\/#organization"},"potentialAction":[{"@type":"SearchAction","target":{"@type":"EntryPoint","urlTemplate":"https:\/\/restaurant-la-barque-bleue.fr\/de\/?s={search_term_string}"},"query-input":{"@type":"PropertyValueSpecification","valueRequired":true,"valueName":"search_term_string"}}],"inLanguage":"de"},{"@type":"Organization","@id":"https:\/\/restaurant-la-barque-bleue.fr\/de\/#organization","name":"Restaurant la Barque Bleue","url":"https:\/\/restaurant-la-barque-bleue.fr\/de\/","logo":{"@type":"ImageObject","inLanguage":"de","@id":"https:\/\/restaurant-la-barque-bleue.fr\/de\/#\/schema\/logo\/image\/","url":"https:\/\/i0.wp.com\/restaurant-la-barque-bleue.fr\/wp-content\/uploads\/2020\/09\/LOGO-BARQUE-BLEUE-1.png?fit=533%2C510&ssl=1","contentUrl":"https:\/\/i0.wp.com\/restaurant-la-barque-bleue.fr\/wp-content\/uploads\/2020\/09\/LOGO-BARQUE-BLEUE-1.png?fit=533%2C510&ssl=1","width":533,"height":510,"caption":"Restaurant la Barque Bleue"},"image":{"@id":"https:\/\/restaurant-la-barque-bleue.fr\/de\/#\/schema\/logo\/image\/"},"sameAs":["https:\/\/www.facebook.com\/LaBarqueBleue06","https:\/\/www.instagram.com\/labarquebleue.nice\/"]}]}},"_links":{"self":[{"href":"https:\/\/restaurant-la-barque-bleue.fr\/de\/wp-json\/wp\/v2\/pages\/3744","targetHints":{"allow":["GET"]}}],"collection":[{"href":"https:\/\/restaurant-la-barque-bleue.fr\/de\/wp-json\/wp\/v2\/pages"}],"about":[{"href":"https:\/\/restaurant-la-barque-bleue.fr\/de\/wp-json\/wp\/v2\/types\/page"}],"author":[{"embeddable":true,"href":"https:\/\/restaurant-la-barque-bleue.fr\/de\/wp-json\/wp\/v2\/users\/1"}],"replies":[{"embeddable":true,"href":"https:\/\/restaurant-la-barque-bleue.fr\/de\/wp-json\/wp\/v2\/comments?post=3744"}],"version-history":[{"count":0,"href":"https:\/\/restaurant-la-barque-bleue.fr\/de\/wp-json\/wp\/v2\/pages\/3744\/revisions"}],"wp:attachment":[{"href":"https:\/\/restaurant-la-barque-bleue.fr\/de\/wp-json\/wp\/v2\/media?parent=3744"}],"curies":[{"name":"wp","href":"https:\/\/api.w.org\/{rel}","templated":true}]}}