{"id":3739,"date":"2021-12-21T14:56:16","date_gmt":"2021-12-21T14:56:16","guid":{"rendered":"https:\/\/restaurant-la-barque-bleue.fr\/festtagsmenue\/"},"modified":"2024-05-28T06:07:32","modified_gmt":"2024-05-28T06:07:32","slug":"festtagsmenue","status":"publish","type":"page","link":"https:\/\/restaurant-la-barque-bleue.fr\/de\/festtagsmenue\/","title":{"rendered":"Festtagsmen\u00fc"},"content":{"rendered":"<div class=\"wpb-content-wrapper\"><p>[vc_row][vc_column][vc_column_text]<\/p>\n<h1 style=\"text-align: center;\"><span style=\"color: #000080;\"><b>WEIHNACHTS- UND SILVESTERMEN\u00dc<\/b><\/span><\/h1>\n<p>[\/vc_column_text][\/vc_column][\/vc_row][vc_row][vc_column width=&#8220;1\/2&#8243;][vc_empty_space height=&#8220;52px&#8220;][vc_column_text]<\/p>\n<p><span style=\"color: #000080; font-size: 14pt;\"><strong>Eintr\u00e4ge<span class=\"Apple-converted-space\"> <\/span><\/strong><\/span><\/p>\n<p><strong>Knusprige&#8220; Jakobsmuscheln, Fr\u00fchgem\u00fcse und Zitrusfr\u00fcchte &#8211; <span style=\"color: #000080;\">18\u20ac<\/span><\/strong><\/p>\n<p><strong>R\u00e4ucherlachs und seine feine Emulsion &#8211; <span style=\"color: #000080;\">\u20ac 18<\/span><\/strong><\/p>\n<p><strong>Halbgekochte Stopfleber &#8222;Maison&#8220;<span class=\"Apple-converted-space\">  <\/span>&#8211;<span style=\"color: #000080;\"> 18\u20ac<\/span>.<\/strong><\/p>\n<p><strong>Das Duo aus R\u00e4ucherlachs und Foie Gras &#8222;Maison&#8220;<span class=\"Apple-converted-space\">  <\/span>&#8211; <span style=\"color: #000080;\">20\u20ac<\/span>.<\/strong><\/p>\n<p>&nbsp;<\/p>\n<p><span style=\"font-size: 14pt;\"><strong><span style=\"color: #000080;\">Gerichte<\/span><\/strong><\/span><span class=\"Apple-converted-space\"> <\/span><\/p>\n<p><strong>La marmite du p\u00eacheur aux 3 poissons, moules et palourdes &#8211; <span style=\"color: #000080;\">27\u20ac<\/span> (Men\u00fc + 2\u20ac)<\/strong><\/p>\n<p><strong>Gebratener Wolf mit Fenchel, Gem\u00fcse, frischen Kr\u00e4utern und flambiert mit Pastis &#8211;<span style=\"color: #000080;\"> \u20ac 25<\/span><\/strong><\/p>\n<p><strong>Rinderfilet Rossini &#8211; <span style=\"color: #000080;\">32\u20ac <span style=\"color: #333333;\">(Men\u00fc + 4\u20ac)<\/span><\/span><\/strong><\/p>\n<p><strong>Entenbrust mit Fr\u00fcchten der Sonne &#8211; <span style=\"color: #000080;\">24\u20ac<\/span>.<\/strong><\/p>\n<p><strong>Fettucine mit Tr\u00fcffeln &#8211;<span style=\"color: #000080;\"> 23\u20ac<\/span>.<\/strong><\/p>\n<p>&nbsp;<\/p>\n<p><span style=\"color: #000080;\"><strong><span style=\"font-size: 14pt;\">Nachtisch<span class=\"Apple-converted-space\"> <\/span><\/span><\/strong><\/span><\/p>\n<p><strong>Der Gourmetteller und sein Kaffee<\/strong> -. <strong><br \/>\n  <span style=\"color: #000080;\">9,50\u20ac<\/span><br \/>\n<\/strong><\/p>\n<p>&nbsp;<\/p>\n<p><span style=\"color: #000080;\"><strong><span style=\"font-size: 14pt;\">Men\u00fc<span class=\"Apple-converted-space\"> <\/span><\/span><\/strong><\/span><\/p>\n<p><strong>Vorspeise + Hauptgericht + Dessert<\/strong> &#8211;<span style=\"color: #000080;\"><br \/>\n  <strong> 45\u20ac<span class=\"Apple-converted-space\"> <\/span><\/strong><br \/>\n<\/span><\/p>\n<p>[\/vc_column_text][\/vc_column][vc_column width=&#8220;1\/2&#8243;][vc_empty_space height=&#8220;52px&#8220;][vc_empty_space height=&#8220;52px&#8220;][vc_single_image image=&#8220;2195&#8243; img_size=&#8220;full&#8220; alignment=&#8220;right&#8220;][\/vc_column][\/vc_row][vc_row][vc_column][vc_empty_space height=&#8220;52px&#8220;][vc_btn title=&#8220;BUCHEN&#8220; style=&#8220;custom&#8220; custom_background=&#8220;#0c1e7a&#8220; custom_text=&#8220;#ffffff&#8220; i_icon_fontawesome=&#8220;far fa-calendar-alt&#8220; add_icon=&#8220;true&#8220; link=&#8220;url:https%3A%2F%2Frestaurant-la-barque-bleue.fr%2Fcontact-restaurant-la-barque-bleue-au-port-de-nice%2F|&#8220;][\/vc_column][\/vc_row]<\/p>\n<\/div>","protected":false},"excerpt":{"rendered":"<p>[vc_row][vc_column][vc_column_text] WEIHNACHTS- UND SILVESTERMEN\u00dc [\/vc_column_text][\/vc_column][\/vc_row][vc_row][vc_column width=&#8220;1\/2&#8243;][vc_empty_space height=&#8220;52px&#8220;][vc_column_text] Eintr\u00e4ge Knusprige&#8220; Jakobsmuscheln, Fr\u00fchgem\u00fcse und Zitrusfr\u00fcchte &#8211; 18\u20ac R\u00e4ucherlachs und seine feine Emulsion &#8211; \u20ac 18 Halbgekochte Stopfleber &#8222;Maison&#8220; &#8211; 18\u20ac. Das Duo aus R\u00e4ucherlachs und Foie Gras &#8222;Maison&#8220; &#8211; 20\u20ac. &nbsp; Gerichte La marmite du p\u00eacheur aux 3 poissons, moules et palourdes &#8211; 27\u20ac (Men\u00fc + 2\u20ac) [&hellip;]<\/p>\n","protected":false},"author":1,"featured_media":0,"parent":0,"menu_order":0,"comment_status":"closed","ping_status":"closed","template":"","meta":{"footnotes":""},"class_list":["post-3739","page","type-page","status-publish","hentry"],"yoast_head":"<!-- This site is optimized with the Yoast SEO Premium plugin v26.0 (Yoast SEO v27.4) - https:\/\/yoast.com\/product\/yoast-seo-premium-wordpress\/ -->\n<title>Festtagsmen\u00fc - La Barque Bleue Restaurant au Port de nice<\/title>\n<meta name=\"robots\" content=\"index, follow, max-snippet:-1, max-image-preview:large, max-video-preview:-1\" \/>\n<link rel=\"canonical\" href=\"https:\/\/restaurant-la-barque-bleue.fr\/de\/festtagsmenue\/\" \/>\n<meta property=\"og:locale\" content=\"de_DE\" \/>\n<meta property=\"og:type\" content=\"article\" \/>\n<meta property=\"og:title\" content=\"Festtagsmen\u00fc - La Barque Bleue Restaurant au Port de nice\" \/>\n<meta property=\"og:description\" content=\"[vc_row][vc_column][vc_column_text] WEIHNACHTS- UND SILVESTERMEN\u00dc [\/vc_column_text][\/vc_column][\/vc_row][vc_row][vc_column width=&#8220;1\/2&#8243;][vc_empty_space height=&#8220;52px&#8220;][vc_column_text] Eintr\u00e4ge Knusprige&#8220; Jakobsmuscheln, Fr\u00fchgem\u00fcse und Zitrusfr\u00fcchte &#8211; 18\u20ac R\u00e4ucherlachs und seine feine Emulsion &#8211; \u20ac 18 Halbgekochte Stopfleber &#8222;Maison&#8220; &#8211; 18\u20ac. Das Duo aus R\u00e4ucherlachs und Foie Gras &#8222;Maison&#8220; &#8211; 20\u20ac. &nbsp; Gerichte La marmite du p\u00eacheur aux 3 poissons, moules et palourdes &#8211; 27\u20ac (Men\u00fc + 2\u20ac) [&hellip;]\" \/>\n<meta property=\"og:url\" content=\"https:\/\/restaurant-la-barque-bleue.fr\/de\/festtagsmenue\/\" \/>\n<meta property=\"og:site_name\" content=\"La Barque Bleue Restaurant au Port de nice\" \/>\n<meta property=\"article:publisher\" content=\"https:\/\/www.facebook.com\/LaBarqueBleue06\" \/>\n<meta property=\"article:modified_time\" content=\"2024-05-28T06:07:32+00:00\" \/>\n<meta name=\"twitter:card\" content=\"summary_large_image\" \/>\n<meta name=\"twitter:label1\" content=\"Gesch\u00e4tzte Lesezeit\" \/>\n\t<meta name=\"twitter:data1\" content=\"1\u00a0Minute\" \/>\n<script type=\"application\/ld+json\" class=\"yoast-schema-graph\">{\"@context\":\"https:\\\/\\\/schema.org\",\"@graph\":[{\"@type\":\"WebPage\",\"@id\":\"https:\\\/\\\/restaurant-la-barque-bleue.fr\\\/de\\\/festtagsmenue\\\/\",\"url\":\"https:\\\/\\\/restaurant-la-barque-bleue.fr\\\/de\\\/festtagsmenue\\\/\",\"name\":\"Festtagsmen\u00fc - La Barque Bleue Restaurant au Port de nice\",\"isPartOf\":{\"@id\":\"https:\\\/\\\/restaurant-la-barque-bleue.fr\\\/de\\\/#website\"},\"datePublished\":\"2021-12-21T14:56:16+00:00\",\"dateModified\":\"2024-05-28T06:07:32+00:00\",\"breadcrumb\":{\"@id\":\"https:\\\/\\\/restaurant-la-barque-bleue.fr\\\/de\\\/festtagsmenue\\\/#breadcrumb\"},\"inLanguage\":\"de\",\"potentialAction\":[{\"@type\":\"ReadAction\",\"target\":[\"https:\\\/\\\/restaurant-la-barque-bleue.fr\\\/de\\\/festtagsmenue\\\/\"]}]},{\"@type\":\"BreadcrumbList\",\"@id\":\"https:\\\/\\\/restaurant-la-barque-bleue.fr\\\/de\\\/festtagsmenue\\\/#breadcrumb\",\"itemListElement\":[{\"@type\":\"ListItem\",\"position\":1,\"name\":\"Accueil\",\"item\":\"https:\\\/\\\/restaurant-la-barque-bleue.fr\\\/de\\\/\"},{\"@type\":\"ListItem\",\"position\":2,\"name\":\"Festtagsmen\u00fc\"}]},{\"@type\":\"WebSite\",\"@id\":\"https:\\\/\\\/restaurant-la-barque-bleue.fr\\\/de\\\/#website\",\"url\":\"https:\\\/\\\/restaurant-la-barque-bleue.fr\\\/de\\\/\",\"name\":\"La Barque Bleue Restaurant au Port de nice\",\"description\":\"Restaurant sp\u00e9cialit\u00e9s Viandes, Poissons et P\u00e2tes sur le Port de Nice\",\"publisher\":{\"@id\":\"https:\\\/\\\/restaurant-la-barque-bleue.fr\\\/de\\\/#organization\"},\"potentialAction\":[{\"@type\":\"SearchAction\",\"target\":{\"@type\":\"EntryPoint\",\"urlTemplate\":\"https:\\\/\\\/restaurant-la-barque-bleue.fr\\\/de\\\/?s={search_term_string}\"},\"query-input\":{\"@type\":\"PropertyValueSpecification\",\"valueRequired\":true,\"valueName\":\"search_term_string\"}}],\"inLanguage\":\"de\"},{\"@type\":\"Organization\",\"@id\":\"https:\\\/\\\/restaurant-la-barque-bleue.fr\\\/de\\\/#organization\",\"name\":\"Restaurant la Barque Bleue\",\"url\":\"https:\\\/\\\/restaurant-la-barque-bleue.fr\\\/de\\\/\",\"logo\":{\"@type\":\"ImageObject\",\"inLanguage\":\"de\",\"@id\":\"https:\\\/\\\/restaurant-la-barque-bleue.fr\\\/de\\\/#\\\/schema\\\/logo\\\/image\\\/\",\"url\":\"https:\\\/\\\/i0.wp.com\\\/restaurant-la-barque-bleue.fr\\\/wp-content\\\/uploads\\\/2020\\\/09\\\/LOGO-BARQUE-BLEUE-1.png?fit=533%2C510&ssl=1\",\"contentUrl\":\"https:\\\/\\\/i0.wp.com\\\/restaurant-la-barque-bleue.fr\\\/wp-content\\\/uploads\\\/2020\\\/09\\\/LOGO-BARQUE-BLEUE-1.png?fit=533%2C510&ssl=1\",\"width\":533,\"height\":510,\"caption\":\"Restaurant la Barque Bleue\"},\"image\":{\"@id\":\"https:\\\/\\\/restaurant-la-barque-bleue.fr\\\/de\\\/#\\\/schema\\\/logo\\\/image\\\/\"},\"sameAs\":[\"https:\\\/\\\/www.facebook.com\\\/LaBarqueBleue06\",\"https:\\\/\\\/www.instagram.com\\\/labarquebleue.nice\\\/\"]}]}<\/script>\n<!-- \/ Yoast SEO Premium plugin. -->","yoast_head_json":{"title":"Festtagsmen\u00fc - La Barque Bleue Restaurant au Port de nice","robots":{"index":"index","follow":"follow","max-snippet":"max-snippet:-1","max-image-preview":"max-image-preview:large","max-video-preview":"max-video-preview:-1"},"canonical":"https:\/\/restaurant-la-barque-bleue.fr\/de\/festtagsmenue\/","og_locale":"de_DE","og_type":"article","og_title":"Festtagsmen\u00fc - La Barque Bleue Restaurant au Port de nice","og_description":"[vc_row][vc_column][vc_column_text] WEIHNACHTS- UND SILVESTERMEN\u00dc [\/vc_column_text][\/vc_column][\/vc_row][vc_row][vc_column width=&#8220;1\/2&#8243;][vc_empty_space height=&#8220;52px&#8220;][vc_column_text] Eintr\u00e4ge Knusprige&#8220; Jakobsmuscheln, Fr\u00fchgem\u00fcse und Zitrusfr\u00fcchte &#8211; 18\u20ac R\u00e4ucherlachs und seine feine Emulsion &#8211; \u20ac 18 Halbgekochte Stopfleber &#8222;Maison&#8220; &#8211; 18\u20ac. Das Duo aus R\u00e4ucherlachs und Foie Gras &#8222;Maison&#8220; &#8211; 20\u20ac. &nbsp; Gerichte La marmite du p\u00eacheur aux 3 poissons, moules et palourdes &#8211; 27\u20ac (Men\u00fc + 2\u20ac) [&hellip;]","og_url":"https:\/\/restaurant-la-barque-bleue.fr\/de\/festtagsmenue\/","og_site_name":"La Barque Bleue Restaurant au Port de nice","article_publisher":"https:\/\/www.facebook.com\/LaBarqueBleue06","article_modified_time":"2024-05-28T06:07:32+00:00","twitter_card":"summary_large_image","twitter_misc":{"Gesch\u00e4tzte Lesezeit":"1\u00a0Minute"},"schema":{"@context":"https:\/\/schema.org","@graph":[{"@type":"WebPage","@id":"https:\/\/restaurant-la-barque-bleue.fr\/de\/festtagsmenue\/","url":"https:\/\/restaurant-la-barque-bleue.fr\/de\/festtagsmenue\/","name":"Festtagsmen\u00fc - La Barque Bleue Restaurant au Port de nice","isPartOf":{"@id":"https:\/\/restaurant-la-barque-bleue.fr\/de\/#website"},"datePublished":"2021-12-21T14:56:16+00:00","dateModified":"2024-05-28T06:07:32+00:00","breadcrumb":{"@id":"https:\/\/restaurant-la-barque-bleue.fr\/de\/festtagsmenue\/#breadcrumb"},"inLanguage":"de","potentialAction":[{"@type":"ReadAction","target":["https:\/\/restaurant-la-barque-bleue.fr\/de\/festtagsmenue\/"]}]},{"@type":"BreadcrumbList","@id":"https:\/\/restaurant-la-barque-bleue.fr\/de\/festtagsmenue\/#breadcrumb","itemListElement":[{"@type":"ListItem","position":1,"name":"Accueil","item":"https:\/\/restaurant-la-barque-bleue.fr\/de\/"},{"@type":"ListItem","position":2,"name":"Festtagsmen\u00fc"}]},{"@type":"WebSite","@id":"https:\/\/restaurant-la-barque-bleue.fr\/de\/#website","url":"https:\/\/restaurant-la-barque-bleue.fr\/de\/","name":"La Barque Bleue Restaurant au Port de nice","description":"Restaurant sp\u00e9cialit\u00e9s Viandes, Poissons et P\u00e2tes sur le Port de Nice","publisher":{"@id":"https:\/\/restaurant-la-barque-bleue.fr\/de\/#organization"},"potentialAction":[{"@type":"SearchAction","target":{"@type":"EntryPoint","urlTemplate":"https:\/\/restaurant-la-barque-bleue.fr\/de\/?s={search_term_string}"},"query-input":{"@type":"PropertyValueSpecification","valueRequired":true,"valueName":"search_term_string"}}],"inLanguage":"de"},{"@type":"Organization","@id":"https:\/\/restaurant-la-barque-bleue.fr\/de\/#organization","name":"Restaurant la Barque Bleue","url":"https:\/\/restaurant-la-barque-bleue.fr\/de\/","logo":{"@type":"ImageObject","inLanguage":"de","@id":"https:\/\/restaurant-la-barque-bleue.fr\/de\/#\/schema\/logo\/image\/","url":"https:\/\/i0.wp.com\/restaurant-la-barque-bleue.fr\/wp-content\/uploads\/2020\/09\/LOGO-BARQUE-BLEUE-1.png?fit=533%2C510&ssl=1","contentUrl":"https:\/\/i0.wp.com\/restaurant-la-barque-bleue.fr\/wp-content\/uploads\/2020\/09\/LOGO-BARQUE-BLEUE-1.png?fit=533%2C510&ssl=1","width":533,"height":510,"caption":"Restaurant la Barque Bleue"},"image":{"@id":"https:\/\/restaurant-la-barque-bleue.fr\/de\/#\/schema\/logo\/image\/"},"sameAs":["https:\/\/www.facebook.com\/LaBarqueBleue06","https:\/\/www.instagram.com\/labarquebleue.nice\/"]}]}},"_links":{"self":[{"href":"https:\/\/restaurant-la-barque-bleue.fr\/de\/wp-json\/wp\/v2\/pages\/3739","targetHints":{"allow":["GET"]}}],"collection":[{"href":"https:\/\/restaurant-la-barque-bleue.fr\/de\/wp-json\/wp\/v2\/pages"}],"about":[{"href":"https:\/\/restaurant-la-barque-bleue.fr\/de\/wp-json\/wp\/v2\/types\/page"}],"author":[{"embeddable":true,"href":"https:\/\/restaurant-la-barque-bleue.fr\/de\/wp-json\/wp\/v2\/users\/1"}],"replies":[{"embeddable":true,"href":"https:\/\/restaurant-la-barque-bleue.fr\/de\/wp-json\/wp\/v2\/comments?post=3739"}],"version-history":[{"count":0,"href":"https:\/\/restaurant-la-barque-bleue.fr\/de\/wp-json\/wp\/v2\/pages\/3739\/revisions"}],"wp:attachment":[{"href":"https:\/\/restaurant-la-barque-bleue.fr\/de\/wp-json\/wp\/v2\/media?parent=3739"}],"curies":[{"name":"wp","href":"https:\/\/api.w.org\/{rel}","templated":true}]}}